{"id":3341,"date":"2022-04-09T14:47:26","date_gmt":"2022-04-09T12:47:26","guid":{"rendered":"https:\/\/therefore.net\/politique-de-confidentialite\/"},"modified":"2023-06-02T14:50:59","modified_gmt":"2023-06-02T12:50:59","slug":"politique-de-confidentialite","status":"publish","type":"page","link":"https:\/\/therefore.net\/fr\/politique-de-confidentialite\/","title":{"rendered":"Politique de confidentialit\u00e9"},"content":{"rendered":"<div class=\"custom-block simple-paragraph\">\n    <div class=\"container\">\n        <div class=\"blog-post__content blog-post__content--wide\">\n            <h1>Nous respectons votre droit \u00e0 la vie priv\u00e9e<\/h1>\n<p><strong>Politique de confidentialit\u00e9<\/strong><br \/>\nNous esp\u00e9rons que la d\u00e9claration suivante vous aidera \u00e0 comprendre comment Therefore Corporation recueille, utilise et prot\u00e8ge les informations personnelles que vous nous fournissez sur notre site et notre application mobile. Veuillez noter que si vous cliquez sur des liens externes, alors les politiques de confidentialit\u00e9 de ces sites s&#8217;appliquent et ne rel\u00e8vent pas de la responsabilit\u00e9 de Therefore Corporation.<\/p>\n<p><strong>Therefore\u2122 Mobile App<\/strong><br \/>\nCette application ne partage pas d&#8217;informations personnelles avec des tiers ni d&#8217;informations vous concernant.<\/p>\n<p>L&#8217;appli peut acc\u00e9der \u00e0 l&#8217;appareil photo ou au syst\u00e8me de fichiers de votre appareil lorsque vous, l&#8217;utilisateur, en \u00eates \u00e0 l&#8217;origine.<\/p>\n<p>Vos informations ne seront pas vendues, \u00e9chang\u00e9es, transf\u00e9r\u00e9es ou donn\u00e9es \u00e0 une autre soci\u00e9t\u00e9 pour quelque raison que ce soit, sans votre consentement, sauf dans le but expr\u00e8s de livrer le produit achet\u00e9 ou le service demand\u00e9.<\/p>\n<p><strong>Politique de confidentialit\u00e9 du site web<\/strong><br \/>\nNous n&#8217;utilisons aucune des informations personnelles recueillies lors de la simple navigation sur notre site web, www.therefore.net. Nous ne suivons pas les informations personnelles identifiables des visiteurs ou des utilisateurs du site web.<\/p>\n<p>Des informations personnelles sp\u00e9cifiques sont requises lors de l&#8217;utilisation de nos formulaires de contact. Ces informations ne sont utilis\u00e9es que pour r\u00e9pondre \u00e0 la demande de contact et \u00e0 aucune autre fin.<\/p>\n<p><strong>Politique de confidentialit\u00e9 du bulletin d&#8217;information<\/strong><\/p>\n<p>Nous utilisons les informations que vous fournissez lorsque vous vous inscrivez \u00e0 nos lettres d&#8217;information pour rester en contact avec vous et vous fournir des mises \u00e0 jour et du mat\u00e9riel de marketing. Vous pouvez changer d&#8217;avis \u00e0 tout moment en cliquant sur le lien de d\u00e9sinscription figurant dans le pied de page de tout courriel que vous recevez de notre part, ou en nous contactant \u00e0 l&#8217;adresse media@therefore.net. Conform\u00e9ment au r\u00e8glement g\u00e9n\u00e9ral sur la protection des donn\u00e9es, vos donn\u00e9es resteront strictement confidentielles. Nous ne vendons, n&#8217;\u00e9changeons ou ne transf\u00e9rons jamais vos donn\u00e9es \u00e0 des tiers pour quelque raison que ce soit. En vous inscrivant, vous acceptez que nous traitions vos informations conform\u00e9ment aux pr\u00e9sentes conditions.<\/p>\n<p><strong>Modifications de notre politique de confidentialit\u00e9<\/strong><br \/>\nSi vous vous abonnez \u00e0 notre lettre d&#8217;information, nous vous informerons imm\u00e9diatement de toute modification apport\u00e9e \u00e0 notre politique de confidentialit\u00e9 ou \u00e0 la mani\u00e8re dont nous utilisons vos donn\u00e9es. Veuillez vous r\u00e9f\u00e9rer \u00e0 ce document pour en conna\u00eetre la derni\u00e8re version.<\/p>\n<p>Si vous avez des questions concernant cette politique, veuillez contacter webmaster@therefore.net.<\/p>\n\n        <\/div>\n\n            <\/div>\n<\/div>\n\n","protected":false},"excerpt":{"rendered":"","protected":false},"author":1,"featured_media":0,"parent":0,"menu_order":0,"comment_status":"closed","ping_status":"open","template":"","meta":{"_acf_changed":false,"inline_featured_image":false,"footnotes":""},"class_list":["post-3341","page","type-page","status-publish","hentry"],"acf":[],"yoast_head":"<!-- This site is optimized with the Yoast SEO plugin v27.3 - https:\/\/yoast.com\/product\/yoast-seo-wordpress\/ -->\n<title>Politique de confidentialit\u00e9 - Therefore<\/title>\n<meta name=\"description\" content=\"Notre politique de confidentialit\u00e9 vous aidera \u00e0 comprendre comment Therefore Corporation recueille, utilise et prot\u00e8ge les informations personnelles que vous nous fournissez sur notre site et notre application mobile.\" \/>\n<meta name=\"robots\" content=\"index, follow, max-snippet:-1, max-image-preview:large, max-video-preview:-1\" \/>\n<link rel=\"canonical\" href=\"https:\/\/therefore.net\/fr\/politique-de-confidentialite\/\" \/>\n<script type=\"application\/ld+json\" class=\"yoast-schema-graph\">{\"@context\":\"https:\\\/\\\/schema.org\",\"@graph\":[{\"@type\":\"WebPage\",\"@id\":\"https:\\\/\\\/therefore.net\\\/fr\\\/politique-de-confidentialite\\\/\",\"url\":\"https:\\\/\\\/therefore.net\\\/fr\\\/politique-de-confidentialite\\\/\",\"name\":\"Politique de confidentialit\u00e9 - Therefore\",\"isPartOf\":{\"@id\":\"https:\\\/\\\/therefore.net\\\/fr\\\/#website\"},\"datePublished\":\"2022-04-09T12:47:26+00:00\",\"dateModified\":\"2023-06-02T12:50:59+00:00\",\"description\":\"Notre politique de confidentialit\u00e9 vous aidera \u00e0 comprendre comment Therefore Corporation recueille, utilise et prot\u00e8ge les informations personnelles que vous nous fournissez sur notre site et notre application mobile.\",\"breadcrumb\":{\"@id\":\"https:\\\/\\\/therefore.net\\\/fr\\\/politique-de-confidentialite\\\/#breadcrumb\"},\"inLanguage\":\"fr-FR\",\"potentialAction\":[{\"@type\":\"ReadAction\",\"target\":[\"https:\\\/\\\/therefore.net\\\/fr\\\/politique-de-confidentialite\\\/\"]}]},{\"@type\":\"BreadcrumbList\",\"@id\":\"https:\\\/\\\/therefore.net\\\/fr\\\/politique-de-confidentialite\\\/#breadcrumb\",\"itemListElement\":[{\"@type\":\"ListItem\",\"position\":1,\"name\":\"Home\",\"item\":\"https:\\\/\\\/therefore.net\\\/fr\\\/\"},{\"@type\":\"ListItem\",\"position\":2,\"name\":\"Politique de confidentialit\u00e9\"}]},{\"@type\":\"WebSite\",\"@id\":\"https:\\\/\\\/therefore.net\\\/fr\\\/#website\",\"url\":\"https:\\\/\\\/therefore.net\\\/fr\\\/\",\"name\":\"Therefore\",\"description\":\"\",\"publisher\":{\"@id\":\"https:\\\/\\\/therefore.net\\\/fr\\\/#organization\"},\"potentialAction\":[{\"@type\":\"SearchAction\",\"target\":{\"@type\":\"EntryPoint\",\"urlTemplate\":\"https:\\\/\\\/therefore.net\\\/fr\\\/?s={search_term_string}\"},\"query-input\":{\"@type\":\"PropertyValueSpecification\",\"valueRequired\":true,\"valueName\":\"search_term_string\"}}],\"inLanguage\":\"fr-FR\"},{\"@type\":\"Organization\",\"@id\":\"https:\\\/\\\/therefore.net\\\/fr\\\/#organization\",\"name\":\"Therefore\",\"url\":\"https:\\\/\\\/therefore.net\\\/fr\\\/\",\"logo\":{\"@type\":\"ImageObject\",\"inLanguage\":\"fr-FR\",\"@id\":\"https:\\\/\\\/therefore.net\\\/fr\\\/#\\\/schema\\\/logo\\\/image\\\/\",\"url\":\"https:\\\/\\\/therefore.net\\\/wp\\\/..\\\/app\\\/uploads\\\/2022\\\/04\\\/logo.png\",\"contentUrl\":\"https:\\\/\\\/therefore.net\\\/wp\\\/..\\\/app\\\/uploads\\\/2022\\\/04\\\/logo.png\",\"width\":176,\"height\":48,\"caption\":\"Therefore\"},\"image\":{\"@id\":\"https:\\\/\\\/therefore.net\\\/fr\\\/#\\\/schema\\\/logo\\\/image\\\/\"},\"sameAs\":[\"https:\\\/\\\/www.linkedin.com\\\/company\\\/therefore-corporation\\\/\",\"https:\\\/\\\/www.youtube.com\\\/user\\\/ThereforeTV\"]}]}<\/script>\n<!-- \/ Yoast SEO plugin. -->","yoast_head_json":{"title":"Politique de confidentialit\u00e9 - Therefore","description":"Notre politique de confidentialit\u00e9 vous aidera \u00e0 comprendre comment Therefore Corporation recueille, utilise et prot\u00e8ge les informations personnelles que vous nous fournissez sur notre site et notre application mobile.","robots":{"index":"index","follow":"follow","max-snippet":"max-snippet:-1","max-image-preview":"max-image-preview:large","max-video-preview":"max-video-preview:-1"},"canonical":"https:\/\/therefore.net\/fr\/politique-de-confidentialite\/","schema":{"@context":"https:\/\/schema.org","@graph":[{"@type":"WebPage","@id":"https:\/\/therefore.net\/fr\/politique-de-confidentialite\/","url":"https:\/\/therefore.net\/fr\/politique-de-confidentialite\/","name":"Politique de confidentialit\u00e9 - Therefore","isPartOf":{"@id":"https:\/\/therefore.net\/fr\/#website"},"datePublished":"2022-04-09T12:47:26+00:00","dateModified":"2023-06-02T12:50:59+00:00","description":"Notre politique de confidentialit\u00e9 vous aidera \u00e0 comprendre comment Therefore Corporation recueille, utilise et prot\u00e8ge les informations personnelles que vous nous fournissez sur notre site et notre application mobile.","breadcrumb":{"@id":"https:\/\/therefore.net\/fr\/politique-de-confidentialite\/#breadcrumb"},"inLanguage":"fr-FR","potentialAction":[{"@type":"ReadAction","target":["https:\/\/therefore.net\/fr\/politique-de-confidentialite\/"]}]},{"@type":"BreadcrumbList","@id":"https:\/\/therefore.net\/fr\/politique-de-confidentialite\/#breadcrumb","itemListElement":[{"@type":"ListItem","position":1,"name":"Home","item":"https:\/\/therefore.net\/fr\/"},{"@type":"ListItem","position":2,"name":"Politique de confidentialit\u00e9"}]},{"@type":"WebSite","@id":"https:\/\/therefore.net\/fr\/#website","url":"https:\/\/therefore.net\/fr\/","name":"Therefore","description":"","publisher":{"@id":"https:\/\/therefore.net\/fr\/#organization"},"potentialAction":[{"@type":"SearchAction","target":{"@type":"EntryPoint","urlTemplate":"https:\/\/therefore.net\/fr\/?s={search_term_string}"},"query-input":{"@type":"PropertyValueSpecification","valueRequired":true,"valueName":"search_term_string"}}],"inLanguage":"fr-FR"},{"@type":"Organization","@id":"https:\/\/therefore.net\/fr\/#organization","name":"Therefore","url":"https:\/\/therefore.net\/fr\/","logo":{"@type":"ImageObject","inLanguage":"fr-FR","@id":"https:\/\/therefore.net\/fr\/#\/schema\/logo\/image\/","url":"https:\/\/therefore.net\/wp\/..\/app\/uploads\/2022\/04\/logo.png","contentUrl":"https:\/\/therefore.net\/wp\/..\/app\/uploads\/2022\/04\/logo.png","width":176,"height":48,"caption":"Therefore"},"image":{"@id":"https:\/\/therefore.net\/fr\/#\/schema\/logo\/image\/"},"sameAs":["https:\/\/www.linkedin.com\/company\/therefore-corporation\/","https:\/\/www.youtube.com\/user\/ThereforeTV"]}]}},"_links":{"self":[{"href":"https:\/\/therefore.net\/fr\/wp-json\/wp\/v2\/pages\/3341","targetHints":{"allow":["GET"]}}],"collection":[{"href":"https:\/\/therefore.net\/fr\/wp-json\/wp\/v2\/pages"}],"about":[{"href":"https:\/\/therefore.net\/fr\/wp-json\/wp\/v2\/types\/page"}],"author":[{"embeddable":true,"href":"https:\/\/therefore.net\/fr\/wp-json\/wp\/v2\/users\/1"}],"replies":[{"embeddable":true,"href":"https:\/\/therefore.net\/fr\/wp-json\/wp\/v2\/comments?post=3341"}],"version-history":[{"count":1,"href":"https:\/\/therefore.net\/fr\/wp-json\/wp\/v2\/pages\/3341\/revisions"}],"predecessor-version":[{"id":3342,"href":"https:\/\/therefore.net\/fr\/wp-json\/wp\/v2\/pages\/3341\/revisions\/3342"}],"wp:attachment":[{"href":"https:\/\/therefore.net\/fr\/wp-json\/wp\/v2\/media?parent=3341"}],"curies":[{"name":"wp","href":"https:\/\/api.w.org\/{rel}","templated":true}]}}