{"id":3356,"date":"2022-07-29T23:14:05","date_gmt":"2022-07-29T21:14:05","guid":{"rendered":"https:\/\/therefore.net\/a-propos-de-nous\/produits\/"},"modified":"2023-06-05T05:55:23","modified_gmt":"2023-06-05T03:55:23","slug":"produits","status":"publish","type":"page","link":"https:\/\/therefore.net\/fr\/a-propos-de-nous\/produits\/","title":{"rendered":"Produits"},"content":{"rendered":"<div class=\"custom-block simple-paragraph\">\n    <div class=\"container\">\n        <div class=\"blog-post__content blog-post__content--wide\">\n            <h1 style=\"text-align: center;\">Therefore\u2122 &#8211; Gestion des informations<\/h1>\n\n        <\/div>\n\n            <\/div>\n<\/div>\n\n\n\n\n<section class=\"custom-block video-img-section  \">\n    <div class=\"container video-img-section__container\">\n\n        <div class=\"video-img-section__row\">\n            <div class=\"video-img-section__media video-img-section__media\">\n                                <div class=\"video-img-section__media__item video-img-section__media__item--video\">\n                                            <video src=\"https:\/\/therefore.net\/wp\/..\/app\/uploads\/2023\/06\/WhatIsTf-4min-Site-FR.mp4\" name=\"whatistf-4min-site-fr\" controls><\/video>\n                                    <\/div>\n                            <\/div>\n\n            <div class=\"video-img-section__content\">\n                                                        <h2 class=\"video-img-section__title\">Qu&#8217;est-ce que Therefore\u2122 ?<\/h2>\n                \n                                    <div class=\"video-img-section__text\"><p><strong>En d&#8217;autres termes, le logiciel Therefore\u2122 vous donne le contr\u00f4le total de vos informations. La planification de la r\u00e9ussite repose sur la possession des bonnes informations au bon moment &#8211; laissez-nous vous aider \u00e0 r\u00e9ussir.<\/strong><\/p>\n<\/div>\n                            <\/div>\n        <\/div>\n\n\n    <\/div>\n\n<\/section>\n\n\n<section class=\"custom-block our-team accordion-item\">\n    <div class=\"container our-team__container\">\n                                <h2 class=\"our-team__title\">Avec Therefore\u2122, vous pouvez :<\/h2>\n        \n                <div class=\"our-team__members our-team__members--visible\">\n                            <div class=\"our-team__member\">\n    <div class=\"our-team__member__person\">\n        <div class=\"our-team__member__image-wrapper\">\n            <img decoding=\"async\" src=\"https:\/\/therefore.net\/wp\/..\/app\/uploads\/2023\/04\/sol-icon-capture.png\" alt=\"Capturer\" loading=\"lazy\">\n        <\/div>\n        <div class=\"our-team__member__signature\">\n                            <span class=\"our-team__member__name\">Capturer<\/span>\n                                <\/div>\n    <\/div>\n    <p class=\"our-team__member__text\">\n        Capturez les informations de votre entreprise, quel que soit leur format. Importez et indexez facilement. Organisez les informations dans un r\u00e9f\u00e9rentiel ax\u00e9 sur les m\u00e9tadonn\u00e9es et retrouvez-les facilement par la suite.\n    <\/p>\n<\/div>\n                            <div class=\"our-team__member our-team__member--reversed\">\n    <div class=\"our-team__member__person\">\n        <div class=\"our-team__member__image-wrapper\">\n            <img decoding=\"async\" src=\"https:\/\/therefore.net\/wp\/..\/app\/uploads\/2023\/04\/sol-icon-archiving.png\" alt=\"S&#x00E9;curiser\" loading=\"lazy\">\n        <\/div>\n        <div class=\"our-team__member__signature\">\n                            <span class=\"our-team__member__name\">S\u00e9curiser<\/span>\n                                <\/div>\n    <\/div>\n    <p class=\"our-team__member__text\">\n        La s\u00e9curit\u00e9 des donn\u00e9es et des informations est essentielle au fonctionnement de votre entreprise. Therefore\u2122 vous donne les outils pour garantir que vos informations ne sont accessibles qu&#8217;au personnel autoris\u00e9, qu&#8217;elles sont \u00e0 l&#8217;abri des menaces ext\u00e9rieures et qu&#8217;elles sont sauvegard\u00e9es en toute s\u00e9curit\u00e9. \n    <\/p>\n<\/div>\n                    <\/div>\n                            <div class=\"our-team__members our-team__members--hidden accordion-item__content\">\n                                    <div class=\"our-team__member\">\n    <div class=\"our-team__member__person\">\n        <div class=\"our-team__member__image-wrapper\">\n            <img decoding=\"async\" src=\"https:\/\/therefore.net\/wp\/..\/app\/uploads\/2023\/04\/sol-icon-case.png\" alt=\"Acc&#x00E9;der\" loading=\"lazy\">\n        <\/div>\n        <div class=\"our-team__member__signature\">\n                            <span class=\"our-team__member__name\">Acc\u00e9der<\/span>\n                                <\/div>\n    <\/div>\n    <p class=\"our-team__member__text\">\n        Vos informations doivent se d\u00e9placer avec vous. Avec Therefore\u2122, vous pouvez toujours acc\u00e9der \u00e0 vos informations, m\u00eame lorsque vous voyagez ou travaillez \u00e0 distance.\n    <\/p>\n<\/div>\n                                    <div class=\"our-team__member our-team__member--reversed\">\n    <div class=\"our-team__member__person\">\n        <div class=\"our-team__member__image-wrapper\">\n            <img decoding=\"async\" src=\"https:\/\/therefore.net\/wp\/..\/app\/uploads\/2023\/04\/sol-icon-workflow.png\" alt=\"Automatiser\" loading=\"lazy\">\n        <\/div>\n        <div class=\"our-team__member__signature\">\n                            <span class=\"our-team__member__name\">Automatiser<\/span>\n                                <\/div>\n    <\/div>\n    <p class=\"our-team__member__text\">\n        Rationalisez vos op\u00e9rations et augmentez votre productivit\u00e9 en automatisant vos principales proc\u00e9dures commerciales. Gagnez en efficacit\u00e9, en visibilit\u00e9 et en coh\u00e9rence.\n    <\/p>\n<\/div>\n                                    <div class=\"our-team__member\">\n    <div class=\"our-team__member__person\">\n        <div class=\"our-team__member__image-wrapper\">\n            <img decoding=\"async\" src=\"https:\/\/therefore.net\/wp\/..\/app\/uploads\/2023\/04\/Analytics.png\" alt=\"Analyser\" loading=\"lazy\">\n        <\/div>\n        <div class=\"our-team__member__signature\">\n                            <span class=\"our-team__member__name\">Analyser<\/span>\n                                <\/div>\n    <\/div>\n    <p class=\"our-team__member__text\">\n        Les informations analytiques sont essentielles \u00e0 la r\u00e9ussite de votre entreprise. Restez au fait des mesures les plus importantes pour vous et r\u00e9agissez imm\u00e9diatement aux changements dans les performances ou les op\u00e9rations.\n    <\/p>\n<\/div>\n                            <\/div>\n\n            <div class=\"our-team__button-wrapper\">\n                <button class=\"main-button our-team__button accordion-item__title\"\n                   data-expand-text=\"Voir plus\"\n                   data-hide-text=\"Voir moins\"\n                   title=\"Toggle members visibility\"\n                ><\/button>\n            <\/div>\n\n        \n    <\/div>\n<\/section>\n\n\n<section class=\"custom-block webinars\">\n    <div class=\"container\">\n        <div class=\"webinars__inner\">\n                        <div class=\"webinars__image-wrapper\">\n                <img decoding=\"async\" width=\"680\" height=\"500\" src=\"https:\/\/therefore.net\/wp\/..\/app\/uploads\/2023\/05\/Awards-1.png\" class=\"attachment-full size-full\" alt=\"Un troph\u00e9e dor\u00e9 \u00e0 facettes avec le mot &quot;Therefore&quot; en lettres grasses et deux points verts en dessous, accompagn\u00e9 des mots &quot;People Process Information&quot; et &quot;Produits&quot;, le tout sur un socle noir et or.\" srcset=\"https:\/\/therefore.net\/wp\/..\/app\/uploads\/2023\/05\/Awards-1.png 680w, https:\/\/therefore.net\/wp\/..\/app\/uploads\/2023\/05\/Awards-1-300x221.png 300w\" sizes=\"(max-width: 680px) 100vw, 680px\" \/>\n            <\/div>\n                        <div class=\"webinars__text-wrapper\">\n                <h2 class=\"webinars__title\">\n                    Des solutions prim\u00e9es\n                <\/h2>\n                <p class=\"webinars__text\">Le logiciel Therefore\u2122 a re\u00e7u de nombreux prix et certifications dans le domaine de la gestion de l&#8217;information. Qu&#8217;il s&#8217;agisse de prix pour les capacit\u00e9s exceptionnelles de la plateforme ou de la conformit\u00e9 aux normes internationales, Therefore\u2122 a re\u00e7u une reconnaissance et des \u00e9loges dans le monde entier.<\/p>\n                                    <a href=\"https:\/\/therefore.net\/fr\/prix-et-certifications\/\" class=\"main-button main-button--with-arrow main-button--white\" target=\"\">Voir nos distinctions<\/a>\n                            <\/div>\n        <\/div>\n    <\/div>\n<\/section>\n\n\n<div class=\"custom-block simple-paragraph\">\n    <div class=\"container\">\n        <div class=\"blog-post__content blog-post__content--wide\">\n            <h1 style=\"text-align: center;\">Therefore\u2122 propose \u00e0 la fois des solutions en nuage et sur site.<\/h1>\n<h3 style=\"text-align: center;\">Lequel vous convient le mieux ?<\/h3>\n\n        <\/div>\n\n            <\/div>\n<\/div>\n\n\n\n<section class=\"custom-block left-image-right-text\">\n    <div class=\"container  left-image-right-text__container\">\n        <div class=\"left-image-right-text__inner\">\n            <div class=\"left-image-right-text__image-wrapper\">\n                                    <img fetchpriority=\"high\" decoding=\"async\" width=\"1410\" height=\"600\" src=\"https:\/\/therefore.net\/wp\/..\/app\/uploads\/2023\/04\/ThereforeOnline.png\" class=\"attachment-full size-full\" alt=\"Le mot &quot;Therefore&quot; en caract\u00e8res gris gras, avec les &quot;o&quot; de &quot;online&quot; et &quot;fore&quot; en motif de ciel et de nuages, \u00e9voque la clart\u00e9. En dessous, &quot;online Produits&quot; appara\u00eet en caract\u00e8res gris fins, alliant un style moderne \u00e0 une \u00e9l\u00e9gante simplicit\u00e9.\" loading=\"eager\" srcset=\"https:\/\/therefore.net\/wp\/..\/app\/uploads\/2023\/04\/ThereforeOnline.png 1410w, https:\/\/therefore.net\/wp\/..\/app\/uploads\/2023\/04\/ThereforeOnline-300x128.png 300w, https:\/\/therefore.net\/wp\/..\/app\/uploads\/2023\/04\/ThereforeOnline-1024x436.png 1024w, https:\/\/therefore.net\/wp\/..\/app\/uploads\/2023\/04\/ThereforeOnline-768x327.png 768w\" sizes=\"(max-width: 1410px) 100vw, 1410px\" \/>\n                            <\/div>\n            <div class=\"left-image-right-text__text-wrapper\">\n                <h2 class=\"left-image-right-text__title\">\n                    Therefore\u2122 Online\n                <\/h2>\n                <div class=\"left-image-right-text__text\"><span class=\"ILfuVd\" lang=\"en\"><span class=\"hgKElc\">Le choix intelligent pour les entreprises de toutes tailles \u00e0 la recherche d&#8217;une solution cloud \u00e9volutive qui offre une gestion puissante de l&#8217;information \u00e0 un co\u00fbt pr\u00e9visible.<\/span><\/span><\/div>\n                                <a class=\"main-button main-button--with-arrow\" target=\"\"\n                    href=\"https:\/\/therefore.net\/fr\/a-propos-de-nous\/produits\/therefore-online\/\">En savoir plus sur Therefore\u2122 Online<\/a>\n                            <\/div>\n        <\/div>\n    <\/div>\n<\/section>\n\n\n<section class=\"custom-block left-image-right-text\">\n    <div class=\"container  left-image-right-text__container\">\n        <div class=\"left-image-right-text__inner\">\n            <div class=\"left-image-right-text__image-wrapper\">\n                                    <img decoding=\"async\" width=\"1410\" height=\"600\" src=\"https:\/\/therefore.net\/wp\/..\/app\/uploads\/2023\/04\/ThereforeOnPremises.png\" class=\"attachment-full size-full\" alt=\"Logo pour &quot;Therefore on-premises Produits&quot; avec &quot;Therefore&quot; en lettres grises grasses. Les deux lettres &quot;o&quot; sont vertes, avec &quot;on-premises&quot; et &quot;Produits&quot; en lettres grises plus petites et plus fines, et deux points verts en dessous.\" loading=\"eager\" srcset=\"https:\/\/therefore.net\/wp\/..\/app\/uploads\/2023\/04\/ThereforeOnPremises.png 1410w, https:\/\/therefore.net\/wp\/..\/app\/uploads\/2023\/04\/ThereforeOnPremises-300x128.png 300w, https:\/\/therefore.net\/wp\/..\/app\/uploads\/2023\/04\/ThereforeOnPremises-1024x436.png 1024w, https:\/\/therefore.net\/wp\/..\/app\/uploads\/2023\/04\/ThereforeOnPremises-768x327.png 768w\" sizes=\"(max-width: 1410px) 100vw, 1410px\" \/>\n                            <\/div>\n            <div class=\"left-image-right-text__text-wrapper\">\n                <h2 class=\"left-image-right-text__title\">\n                    Therefore\u2122 On-Premises (sur site)\n                <\/h2>\n                <div class=\"left-image-right-text__text\"><span class=\"ILfuVd\" lang=\"en\"><span class=\"hgKElc\">La meilleure solution pour une int\u00e9gration sans compromis d&#8217;une gestion puissante de l&#8217;information au sein de la pile informatique existante de votre organisation. Enti\u00e8rement personnalisable de A \u00e0 Z, un d\u00e9ploiement sur site met toute la puissance de Therefore\u2122 entre vos mains.<br \/>\r\n<\/span><\/span><\/div>\n                                <a class=\"main-button main-button--with-arrow\" target=\"\"\n                    href=\"https:\/\/therefore.net\/fr\/a-propos-de-nous\/produits\/therefore-on-premises-sur-site\/\">En savoir plus sur Therefore\u2122 On-Premises<\/a>\n                            <\/div>\n        <\/div>\n    <\/div>\n<\/section>\n","protected":false},"excerpt":{"rendered":"","protected":false},"author":1,"featured_media":0,"parent":3311,"menu_order":0,"comment_status":"closed","ping_status":"closed","template":"","meta":{"_acf_changed":false,"inline_featured_image":false,"footnotes":""},"class_list":["post-3356","page","type-page","status-publish","hentry"],"acf":[],"yoast_head":"<!-- This site is optimized with the Yoast SEO plugin v27.4 - https:\/\/yoast.com\/product\/yoast-seo-wordpress\/ -->\n<title>Produits - Therefore\u2122<\/title>\n<meta name=\"description\" content=\"En d&#039;autres termes, le produit Therefore\u2122 vous permet de contr\u00f4ler totalement vos informations. Le succ\u00e8s repose sur la possession d&#039;informations au bon moment.\" \/>\n<meta name=\"robots\" content=\"index, follow, max-snippet:-1, max-image-preview:large, max-video-preview:-1\" \/>\n<link rel=\"canonical\" href=\"https:\/\/therefore.net\/fr\/a-propos-de-nous\/produits\/\" \/>\n<script type=\"application\/ld+json\" class=\"yoast-schema-graph\">{\"@context\":\"https:\\\/\\\/schema.org\",\"@graph\":[{\"@type\":\"WebPage\",\"@id\":\"https:\\\/\\\/therefore.net\\\/fr\\\/a-propos-de-nous\\\/produits\\\/\",\"url\":\"https:\\\/\\\/therefore.net\\\/fr\\\/a-propos-de-nous\\\/produits\\\/\",\"name\":\"Produits - Therefore\u2122\",\"isPartOf\":{\"@id\":\"https:\\\/\\\/therefore.net\\\/fr\\\/#website\"},\"datePublished\":\"2022-07-29T21:14:05+00:00\",\"dateModified\":\"2023-06-05T03:55:23+00:00\",\"description\":\"En d'autres termes, le produit Therefore\u2122 vous permet de contr\u00f4ler totalement vos informations. Le succ\u00e8s repose sur la possession d'informations au bon moment.\",\"breadcrumb\":{\"@id\":\"https:\\\/\\\/therefore.net\\\/fr\\\/a-propos-de-nous\\\/produits\\\/#breadcrumb\"},\"inLanguage\":\"fr-FR\",\"potentialAction\":[{\"@type\":\"ReadAction\",\"target\":[\"https:\\\/\\\/therefore.net\\\/fr\\\/a-propos-de-nous\\\/produits\\\/\"]}]},{\"@type\":\"BreadcrumbList\",\"@id\":\"https:\\\/\\\/therefore.net\\\/fr\\\/a-propos-de-nous\\\/produits\\\/#breadcrumb\",\"itemListElement\":[{\"@type\":\"ListItem\",\"position\":1,\"name\":\"Home\",\"item\":\"https:\\\/\\\/therefore.net\\\/fr\\\/\"},{\"@type\":\"ListItem\",\"position\":2,\"name\":\"A propos de nous\",\"item\":\"https:\\\/\\\/therefore.net\\\/fr\\\/a-propos-de-nous\\\/\"},{\"@type\":\"ListItem\",\"position\":3,\"name\":\"Produits\"}]},{\"@type\":\"WebSite\",\"@id\":\"https:\\\/\\\/therefore.net\\\/fr\\\/#website\",\"url\":\"https:\\\/\\\/therefore.net\\\/fr\\\/\",\"name\":\"Therefore\",\"description\":\"\",\"publisher\":{\"@id\":\"https:\\\/\\\/therefore.net\\\/fr\\\/#organization\"},\"potentialAction\":[{\"@type\":\"SearchAction\",\"target\":{\"@type\":\"EntryPoint\",\"urlTemplate\":\"https:\\\/\\\/therefore.net\\\/fr\\\/?s={search_term_string}\"},\"query-input\":{\"@type\":\"PropertyValueSpecification\",\"valueRequired\":true,\"valueName\":\"search_term_string\"}}],\"inLanguage\":\"fr-FR\"},{\"@type\":\"Organization\",\"@id\":\"https:\\\/\\\/therefore.net\\\/fr\\\/#organization\",\"name\":\"Therefore\",\"url\":\"https:\\\/\\\/therefore.net\\\/fr\\\/\",\"logo\":{\"@type\":\"ImageObject\",\"inLanguage\":\"fr-FR\",\"@id\":\"https:\\\/\\\/therefore.net\\\/fr\\\/#\\\/schema\\\/logo\\\/image\\\/\",\"url\":\"https:\\\/\\\/therefore.net\\\/wp\\\/..\\\/app\\\/uploads\\\/2022\\\/04\\\/logo.png\",\"contentUrl\":\"https:\\\/\\\/therefore.net\\\/wp\\\/..\\\/app\\\/uploads\\\/2022\\\/04\\\/logo.png\",\"width\":176,\"height\":48,\"caption\":\"Therefore\"},\"image\":{\"@id\":\"https:\\\/\\\/therefore.net\\\/fr\\\/#\\\/schema\\\/logo\\\/image\\\/\"},\"sameAs\":[\"https:\\\/\\\/www.linkedin.com\\\/company\\\/therefore-corporation\\\/\",\"https:\\\/\\\/www.youtube.com\\\/user\\\/ThereforeTV\"]}]}<\/script>\n<!-- \/ Yoast SEO plugin. -->","yoast_head_json":{"title":"Produits - Therefore\u2122","description":"En d'autres termes, le produit Therefore\u2122 vous permet de contr\u00f4ler totalement vos informations. Le succ\u00e8s repose sur la possession d'informations au bon moment.","robots":{"index":"index","follow":"follow","max-snippet":"max-snippet:-1","max-image-preview":"max-image-preview:large","max-video-preview":"max-video-preview:-1"},"canonical":"https:\/\/therefore.net\/fr\/a-propos-de-nous\/produits\/","schema":{"@context":"https:\/\/schema.org","@graph":[{"@type":"WebPage","@id":"https:\/\/therefore.net\/fr\/a-propos-de-nous\/produits\/","url":"https:\/\/therefore.net\/fr\/a-propos-de-nous\/produits\/","name":"Produits - Therefore\u2122","isPartOf":{"@id":"https:\/\/therefore.net\/fr\/#website"},"datePublished":"2022-07-29T21:14:05+00:00","dateModified":"2023-06-05T03:55:23+00:00","description":"En d'autres termes, le produit Therefore\u2122 vous permet de contr\u00f4ler totalement vos informations. Le succ\u00e8s repose sur la possession d'informations au bon moment.","breadcrumb":{"@id":"https:\/\/therefore.net\/fr\/a-propos-de-nous\/produits\/#breadcrumb"},"inLanguage":"fr-FR","potentialAction":[{"@type":"ReadAction","target":["https:\/\/therefore.net\/fr\/a-propos-de-nous\/produits\/"]}]},{"@type":"BreadcrumbList","@id":"https:\/\/therefore.net\/fr\/a-propos-de-nous\/produits\/#breadcrumb","itemListElement":[{"@type":"ListItem","position":1,"name":"Home","item":"https:\/\/therefore.net\/fr\/"},{"@type":"ListItem","position":2,"name":"A propos de nous","item":"https:\/\/therefore.net\/fr\/a-propos-de-nous\/"},{"@type":"ListItem","position":3,"name":"Produits"}]},{"@type":"WebSite","@id":"https:\/\/therefore.net\/fr\/#website","url":"https:\/\/therefore.net\/fr\/","name":"Therefore","description":"","publisher":{"@id":"https:\/\/therefore.net\/fr\/#organization"},"potentialAction":[{"@type":"SearchAction","target":{"@type":"EntryPoint","urlTemplate":"https:\/\/therefore.net\/fr\/?s={search_term_string}"},"query-input":{"@type":"PropertyValueSpecification","valueRequired":true,"valueName":"search_term_string"}}],"inLanguage":"fr-FR"},{"@type":"Organization","@id":"https:\/\/therefore.net\/fr\/#organization","name":"Therefore","url":"https:\/\/therefore.net\/fr\/","logo":{"@type":"ImageObject","inLanguage":"fr-FR","@id":"https:\/\/therefore.net\/fr\/#\/schema\/logo\/image\/","url":"https:\/\/therefore.net\/wp\/..\/app\/uploads\/2022\/04\/logo.png","contentUrl":"https:\/\/therefore.net\/wp\/..\/app\/uploads\/2022\/04\/logo.png","width":176,"height":48,"caption":"Therefore"},"image":{"@id":"https:\/\/therefore.net\/fr\/#\/schema\/logo\/image\/"},"sameAs":["https:\/\/www.linkedin.com\/company\/therefore-corporation\/","https:\/\/www.youtube.com\/user\/ThereforeTV"]}]}},"_links":{"self":[{"href":"https:\/\/therefore.net\/fr\/wp-json\/wp\/v2\/pages\/3356","targetHints":{"allow":["GET"]}}],"collection":[{"href":"https:\/\/therefore.net\/fr\/wp-json\/wp\/v2\/pages"}],"about":[{"href":"https:\/\/therefore.net\/fr\/wp-json\/wp\/v2\/types\/page"}],"author":[{"embeddable":true,"href":"https:\/\/therefore.net\/fr\/wp-json\/wp\/v2\/users\/1"}],"replies":[{"embeddable":true,"href":"https:\/\/therefore.net\/fr\/wp-json\/wp\/v2\/comments?post=3356"}],"version-history":[{"count":10,"href":"https:\/\/therefore.net\/fr\/wp-json\/wp\/v2\/pages\/3356\/revisions"}],"predecessor-version":[{"id":4995,"href":"https:\/\/therefore.net\/fr\/wp-json\/wp\/v2\/pages\/3356\/revisions\/4995"}],"up":[{"embeddable":true,"href":"https:\/\/therefore.net\/fr\/wp-json\/wp\/v2\/pages\/3311"}],"wp:attachment":[{"href":"https:\/\/therefore.net\/fr\/wp-json\/wp\/v2\/media?parent=3356"}],"curies":[{"name":"wp","href":"https:\/\/api.w.org\/{rel}","templated":true}]}}