{"id":3385,"date":"2023-05-05T15:31:51","date_gmt":"2023-05-05T13:31:51","guid":{"rendered":"https:\/\/therefore.net\/a-propos-de-nous\/produits\/therefore-on-premises-sur-site\/"},"modified":"2023-06-04T23:23:02","modified_gmt":"2023-06-04T21:23:02","slug":"therefore-on-premises-sur-site","status":"publish","type":"page","link":"https:\/\/therefore.net\/fr\/a-propos-de-nous\/produits\/therefore-on-premises-sur-site\/","title":{"rendered":"Therefore\u2122 On-Premises (sur site)"},"content":{"rendered":"<div class=\"custom-block simple-paragraph\">\n    <div class=\"container\">\n        <div class=\"blog-post__content blog-post__content--wide\">\n            <h1 style=\"text-align: center;\"><span class=\"ILfuVd\" lang=\"en\"><span class=\"hgKElc\">Int\u00e9gration sans compromis d&#8217;une gestion puissante de l&#8217;information au sein de la pile informatique existante de votre organisation.<\/span><\/span><\/h1>\n<p><img decoding=\"async\" class=\"size-large wp-image-3360 aligncenter\" src=\"https:\/\/therefore.net\/app\/uploads\/2023\/04\/ThereforeOnPremises-1024x436.png\" alt=\"\" width=\"1024\" height=\"436\" srcset=\"https:\/\/therefore.net\/wp\/..\/app\/uploads\/2023\/04\/ThereforeOnPremises-1024x436.png 1024w, https:\/\/therefore.net\/wp\/..\/app\/uploads\/2023\/04\/ThereforeOnPremises-300x128.png 300w, https:\/\/therefore.net\/wp\/..\/app\/uploads\/2023\/04\/ThereforeOnPremises-768x327.png 768w, https:\/\/therefore.net\/wp\/..\/app\/uploads\/2023\/04\/ThereforeOnPremises.png 1410w\" sizes=\"(max-width: 1024px) 100vw, 1024px\" \/><\/p>\n\n        <\/div>\n\n            <\/div>\n<\/div>\n\n\n\n<section class=\"custom-block our-team accordion-item\">\n    <div class=\"container our-team__container\">\n                                <h2 class=\"our-team__title\">Avantages<\/h2>\n        \n                <div class=\"our-team__members our-team__members--visible\">\n                            <div class=\"our-team__member\">\n    <div class=\"our-team__member__person\">\n        <div class=\"our-team__member__image-wrapper\">\n            <img decoding=\"async\" src=\"https:\/\/therefore.net\/wp\/..\/app\/uploads\/2023\/05\/Improved-Security-150x150.png\" alt=\"Une&#x20;s&#x00E9;curit&#x00E9;&#x20;&#x00E0;&#x20;votre&#x20;mesure\" loading=\"lazy\">\n        <\/div>\n        <div class=\"our-team__member__signature\">\n                            <span class=\"our-team__member__name\">Une s\u00e9curit\u00e9 \u00e0 votre mesure<\/span>\n                                <\/div>\n    <\/div>\n    <p class=\"our-team__member__text\">\n        Prenez le contr\u00f4le total de la s\u00e9curit\u00e9 de vos informations. Utilisez les connaissances sp\u00e9cialis\u00e9es de votre \u00e9quipe informatique sur les besoins de votre entreprise pour mettre en place des pare-feu, des contr\u00f4les d&#8217;acc\u00e8s et d&#8217;autres mesures de s\u00e9curit\u00e9 afin de garantir la confidentialit\u00e9, l&#8217;int\u00e9grit\u00e9 et la disponibilit\u00e9 de vos donn\u00e9es.\n    <\/p>\n<\/div>\n                            <div class=\"our-team__member our-team__member--reversed\">\n    <div class=\"our-team__member__person\">\n        <div class=\"our-team__member__image-wrapper\">\n            <img decoding=\"async\" src=\"https:\/\/therefore.net\/wp\/..\/app\/uploads\/2023\/05\/Customization-150x150.png\" alt=\"Personnalisation\" loading=\"lazy\">\n        <\/div>\n        <div class=\"our-team__member__signature\">\n                            <span class=\"our-team__member__name\">Personnalisation<\/span>\n                                <\/div>\n    <\/div>\n    <p class=\"our-team__member__text\">\n        Therefore\u2122 est ouvert \u00e0 l&#8217;int\u00e9gration. Un d\u00e9ploiement sur site vous offre la possibilit\u00e9 d&#8217;utiliser des connecteurs standard pour l&#8217;int\u00e9gration avec des syst\u00e8mes tiers, mais d\u00e9bloque \u00e9galement toute la puissance de l&#8217;API Therefore\u2122. Faites appel \u00e0 vos experts &#8211; le ciel est la limite.\n    <\/p>\n<\/div>\n                    <\/div>\n                            <div class=\"our-team__members our-team__members--hidden accordion-item__content\">\n                                    <div class=\"our-team__member\">\n    <div class=\"our-team__member__person\">\n        <div class=\"our-team__member__image-wrapper\">\n            <img decoding=\"async\" src=\"https:\/\/therefore.net\/wp\/..\/app\/uploads\/2023\/05\/Performance-150x150.png\" alt=\"Performance\" loading=\"lazy\">\n        <\/div>\n        <div class=\"our-team__member__signature\">\n                            <span class=\"our-team__member__name\">Performance<\/span>\n                                <\/div>\n    <\/div>\n    <p class=\"our-team__member__text\">\n        Avec un d\u00e9ploiement sur site, vous choisissez le mat\u00e9riel exact qui alimente votre solution Therefore\u2122. Cela vous permet non seulement de choisir la configuration qui vous convient le mieux, mais aussi d&#8217;optimiser les performances du syst\u00e8me en fonction de vos besoins ou de les faire \u00e9voluer si n\u00e9cessaire.\n    <\/p>\n<\/div>\n                                    <div class=\"our-team__member our-team__member--reversed\">\n    <div class=\"our-team__member__person\">\n        <div class=\"our-team__member__image-wrapper\">\n            <img decoding=\"async\" src=\"https:\/\/therefore.net\/wp\/..\/app\/uploads\/2023\/05\/Compliance-150x150.png\" alt=\"Conformit&#x00E9;\" loading=\"lazy\">\n        <\/div>\n        <div class=\"our-team__member__signature\">\n                            <span class=\"our-team__member__name\">Conformit\u00e9<\/span>\n                                <\/div>\n    <\/div>\n    <p class=\"our-team__member__text\">\n        Un d\u00e9ploiement sur site est un excellent choix pour les pays ou les secteurs d&#8217;activit\u00e9 ayant des exigences sp\u00e9cifiques en mati\u00e8re de conformit\u00e9 du stockage des donn\u00e9es. Si vous \u00eates tenu de stocker des donn\u00e9es dans un lieu sp\u00e9cifique, qu&#8217;il s&#8217;agisse de votre propre environnement informatique ou d&#8217;une r\u00e9gion sp\u00e9cifique, Therefore\u2122 On-Premises vous offre la flexibilit\u00e9 n\u00e9cessaire pour choisir. \n    <\/p>\n<\/div>\n                                    <div class=\"our-team__member\">\n    <div class=\"our-team__member__person\">\n        <div class=\"our-team__member__image-wrapper\">\n            <img decoding=\"async\" src=\"https:\/\/therefore.net\/wp\/..\/app\/uploads\/2023\/05\/ROI-150x150.png\" alt=\"RSI&#x20;pr&#x00E9;visible\" loading=\"lazy\">\n        <\/div>\n        <div class=\"our-team__member__signature\">\n                            <span class=\"our-team__member__name\">RSI pr\u00e9visible<\/span>\n                                <\/div>\n    <\/div>\n    <p class=\"our-team__member__text\">\n        \u00c0 long terme, Therefore\u2122 On-Premises peut \u00eatre la solution la plus rentable pour votre entreprise. Gr\u00e2ce \u00e0 un investissement initial plus important, vous pouvez \u00e9viter les frais d&#8217;abonnement permanents. L&#8217;amortissement du co\u00fbt de votre mat\u00e9riel et de votre infrastructure sur une p\u00e9riode plus longue peut \u00e9galement r\u00e9duire votre co\u00fbt global de possession et apporter un retour sur investissement plus rapide. Therefore\u2122 propose de nombreuses options pour vous faire gagner du temps et de l&#8217;argent.\n    <\/p>\n<\/div>\n                            <\/div>\n\n            <div class=\"our-team__button-wrapper\">\n                <button class=\"main-button our-team__button accordion-item__title\"\n                   data-expand-text=\"Afficher plus\"\n                   data-hide-text=\"Afficher moins\"\n                   title=\"Toggle members visibility\"\n                ><\/button>\n            <\/div>\n\n        \n    <\/div>\n<\/section>\n\n\n<section class=\"custom-block webinars\">\n    <div class=\"container\">\n        <div class=\"webinars__inner\">\n                        <div class=\"webinars__image-wrapper\">\n                <img decoding=\"async\" width=\"680\" height=\"500\" src=\"https:\/\/therefore.net\/wp\/..\/app\/uploads\/2023\/05\/TFO-Application.png\" class=\"attachment-full size-full\" alt=\"Ic\u00f4ne blanche simplifi\u00e9e d&#039;un ordinateur portable avec un engrenage et une fen\u00eatre de navigateur en surimpression, sugg\u00e9rant les param\u00e8tres, la personnalisation ou le d\u00e9veloppement de logiciels dans Therefore\u2122 Online.\" srcset=\"https:\/\/therefore.net\/wp\/..\/app\/uploads\/2023\/05\/TFO-Application.png 680w, https:\/\/therefore.net\/wp\/..\/app\/uploads\/2023\/05\/TFO-Application-300x221.png 300w\" sizes=\"(max-width: 680px) 100vw, 680px\" \/>\n            <\/div>\n                        <div class=\"webinars__text-wrapper\">\n                <h2 class=\"webinars__title\">\n                    Une plateforme de services robuste\n                <\/h2>\n                <p class=\"webinars__text\">Therefore\u2122 On-Premises est une solution de gestion de l&#8217;information compl\u00e8te qui met un logiciel de pointe directement entre vos mains.<\/p>\n                            <\/div>\n        <\/div>\n    <\/div>\n<\/section>\n\n\n<section class=\"custom-block benefits-save-money\">\n    <div class=\"container benefits-save-money__container\">\n        <div class=\"benefits-save-money__inner\">\n\n            <div class=\"benefits-save-money__text-wrapper\">\n                <h2 class=\"benefits-save-money__title\">\n                    Licences\n                <\/h2>\n                                    <div class=\"benefits-save-money__text\"><p>Therefore\u2122 On-Premises est disponible en plusieurs \u00e9ditions pour r\u00e9pondre \u00e0 vos besoins exacts. Les \u00e9ditions de base telles que <strong>Workgroup<\/strong> et <strong>Essentials<\/strong> offrent un ensemble de fonctionnalit\u00e9s puissantes aux petites organisations, tandis que les \u00e9ditions haut de gamme <strong>Business<\/strong> et <strong>Enterprise<\/strong> vous permettent de b\u00e9n\u00e9ficier de toute la puissance de ce que Therefore\u2122 a \u00e0 offrir.<\/p>\n<p>&nbsp;<\/p>\n<p>Les \u00e9ditions <strong>Workgroup<\/strong> et <strong>Essentials<\/strong> peuvent \u00e9voluer de mani\u00e8re transparente vers <strong>Business\/Enterprise<\/strong> avec un simple changement de licence, lib\u00e9rant ainsi tout le potentiel de votre syst\u00e8me Therefore\u2122.<\/p>\n<\/div>\n                \n            <\/div>\n\n            <div class=\"benefits-save-money__image-wrapper\">\n                                    <img decoding=\"async\" width=\"1410\" height=\"880\" src=\"https:\/\/therefore.net\/wp\/..\/app\/uploads\/2023\/03\/1410x880-5.png\" class=\"attachment-full size-full\" alt=\"Three young people work in a casual office space; one listens to headphones while looking at a phone, another types on a laptop, and the third writes in a notebook, all near large windows with greenery outside.\" srcset=\"https:\/\/therefore.net\/wp\/..\/app\/uploads\/2023\/03\/1410x880-5.png 1410w, https:\/\/therefore.net\/wp\/..\/app\/uploads\/2023\/03\/1410x880-5-300x187.png 300w, https:\/\/therefore.net\/wp\/..\/app\/uploads\/2023\/03\/1410x880-5-1024x639.png 1024w, https:\/\/therefore.net\/wp\/..\/app\/uploads\/2023\/03\/1410x880-5-768x479.png 768w\" sizes=\"(max-width: 1410px) 100vw, 1410px\" \/>\n                                                    <div class=\"benefits-save-money__link-wrapper\">\n                        <a class=\"main-button main-button--with-arrow\" target=\"\"\n                           href=\"https:\/\/therefore.net\/fr\/a-propos-de-nous\/produits\/licences\/\">En savoir plus sur les licences d&#8217;utilisation<\/a>\n                    <\/div>\n\n                            <\/div>\n\n        <\/div>\n    <\/div>\n<\/section>\n\n\n<section class=\"custom-block benefits-left-image \">\n    <div class=\"container  benefits-left-image__container\">\n        <div class=\"benefits-left-image__inner\">\n            <div class=\"benefits-left-image__image-wrapper \">\n                                    <img decoding=\"async\" width=\"1220\" height=\"1630\" src=\"https:\/\/therefore.net\/wp\/..\/app\/uploads\/2023\/05\/Small-Business.png\" class=\"attachment-full size-full\" alt=\"Une femme aux cheveux boucl\u00e9s et aux lunettes est assise \u00e0 une table dans un bureau moderne, concentr\u00e9e sur des documents et son ordinateur portable alors qu&#039;elle travaille avec Therefore\u2122 On-Premises (sur site). Elle porte une chemise blanche \u00e0 rayures, refl\u00e9tant un comportement professionnel et attentif.\" srcset=\"https:\/\/therefore.net\/wp\/..\/app\/uploads\/2023\/05\/Small-Business.png 1220w, https:\/\/therefore.net\/wp\/..\/app\/uploads\/2023\/05\/Small-Business-225x300.png 225w, https:\/\/therefore.net\/wp\/..\/app\/uploads\/2023\/05\/Small-Business-766x1024.png 766w, https:\/\/therefore.net\/wp\/..\/app\/uploads\/2023\/05\/Small-Business-768x1026.png 768w, https:\/\/therefore.net\/wp\/..\/app\/uploads\/2023\/05\/Small-Business-1150x1536.png 1150w\" sizes=\"(max-width: 1220px) 100vw, 1220px\" \/>\n                            <\/div>\n            <div class=\"benefits-left-image__text-wrapper\">\n                                \n                    <div class=\"benefits-left-image__paragraph-wrapper\">\n                                                <h2 class=\"benefits-left-image__title\">\n                            \u00c9dition Workgroup\n                        <\/h2>\n                        <div class=\"benefits-left-image__text\"><p><strong>Workgroup<\/strong> est une \u00e9dition Therefore\u2122 plus petite et plus simple, con\u00e7ue pour \u00eatre utilis\u00e9e comme r\u00e9f\u00e9rentiel dans les petites entreprises. La licence serveur est incluse et les licences utilisateurs nomm\u00e9es peuvent \u00eatre achet\u00e9es par packs de 5. Le syst\u00e8me prend en charge 50 licences au total.<\/p>\n<p>Cette \u00e9dition est disponible en : <strong>EMEA, Am\u00e9riques, Asie.<\/strong><\/p>\n<\/div>\n                    <\/div>\n\n                \n                    <div class=\"benefits-left-image__paragraph-wrapper\">\n                                                <h2 class=\"benefits-left-image__title\">\n                            \u00c9dition Essentials\n                        <\/h2>\n                        <div class=\"benefits-left-image__text\"><p>Essentials comprend tout ce qui se trouve dans Workgroup, plus :<\/p>\n<p>\u2022 Workflow (Flux de travail)<\/p>\n<p>\u2022 Utilisateurs simultan\u00e9s<\/p>\n<p>Cette \u00e9dition est disponible en : <strong>Am\u00e9riques, Asie, Australie.<\/strong><\/p>\n<\/div>\n                    <\/div>\n\n                                \n                            <\/div>\n        <\/div>\n    <\/div>\n<\/section>\n\n\n<section class=\"custom-block benefits-save-money\">\n    <div class=\"container benefits-save-money__container\">\n        <div class=\"benefits-save-money__inner\">\n\n            <div class=\"benefits-save-money__text-wrapper\">\n                <h2 class=\"benefits-save-money__title\">\n                    \u00c9dition Business\/Enterprise\n                <\/h2>\n                                    <div class=\"benefits-save-money__text\"><p>Business\/Enterprise est la version ultime de Therefore\u2122 On-Premises. Cette \u00e9dition comprend toutes les fonctionnalit\u00e9s du produit et prend en charge toutes <span style=\"text-decoration: underline;\"><a href=\"https:\/\/therefore.net\/fr\/fonctionnalites\/integration\/\">les licences de connecteurs<\/a><\/span>. Un nombre illimit\u00e9 de licences d&#8217;utilisation peut \u00eatre ajout\u00e9, dans la quantit\u00e9 souhait\u00e9e. Des licences de serveurs multiples peuvent \u00eatre achet\u00e9es pour transformer cette \u00e9dition Therefore\u2122 en un syst\u00e8me multiserveur.<\/p>\n<\/div>\n                \n            <\/div>\n\n            <div class=\"benefits-save-money__image-wrapper\">\n                                    <img decoding=\"async\" width=\"1410\" height=\"1060\" src=\"https:\/\/therefore.net\/wp\/..\/app\/uploads\/2023\/05\/CityOfficeBuilding.png\" class=\"attachment-full size-full\" alt=\"De grands gratte-ciel modernes avec des fa\u00e7ades en verre s&#039;\u00e9l\u00e8vent dans un ciel bleu vif parsem\u00e9 de nuages, tandis qu&#039;un pont a\u00e9rien relie certains des b\u00e2timents au premier plan - tout comme Therefore\u2122 On-Premises (sur site) relie de mani\u00e8re transparente les op\u00e9rations commerciales.\" srcset=\"https:\/\/therefore.net\/wp\/..\/app\/uploads\/2023\/05\/CityOfficeBuilding.png 1410w, https:\/\/therefore.net\/wp\/..\/app\/uploads\/2023\/05\/CityOfficeBuilding-300x226.png 300w, https:\/\/therefore.net\/wp\/..\/app\/uploads\/2023\/05\/CityOfficeBuilding-1024x770.png 1024w, https:\/\/therefore.net\/wp\/..\/app\/uploads\/2023\/05\/CityOfficeBuilding-768x577.png 768w\" sizes=\"(max-width: 1410px) 100vw, 1410px\" \/>\n                                                    <div class=\"benefits-save-money__link-wrapper\">\n                        <a class=\"main-button main-button--with-arrow\" target=\"\"\n                           href=\"https:\/\/therefore.net\/fr\/etudes-de-cas\/\">D\u00e9couvrez les t\u00e9moignages de clients<\/a>\n                    <\/div>\n\n                            <\/div>\n\n        <\/div>\n    <\/div>\n<\/section>\n\n\n<section class=\"custom-block webinars\">\n    <div class=\"container\">\n        <div class=\"webinars__inner\">\n                        <div class=\"webinars__image-wrapper\">\n                <img decoding=\"async\" width=\"680\" height=\"500\" src=\"https:\/\/therefore.net\/wp\/..\/app\/uploads\/2023\/05\/Data-Management.png\" class=\"attachment-full size-full\" alt=\"Des ic\u00f4nes de contour blanches sur fond clair, notamment deux engrenages, un diagramme circulaire et un graphique \u00e0 barres, repr\u00e9sentent visuellement les concepts d&#039;analyse des donn\u00e9es et d&#039;optimisation des processus au sein de la plateforme Therefore\u2122 Online.\" srcset=\"https:\/\/therefore.net\/wp\/..\/app\/uploads\/2023\/05\/Data-Management.png 680w, https:\/\/therefore.net\/wp\/..\/app\/uploads\/2023\/05\/Data-Management-300x221.png 300w\" sizes=\"(max-width: 680px) 100vw, 680px\" \/>\n            <\/div>\n                        <div class=\"webinars__text-wrapper\">\n                <h2 class=\"webinars__title\">\n                    Gestion des donn\u00e9es\n                <\/h2>\n                <p class=\"webinars__text\">Therefore\u2122 offre les outils n\u00e9cessaires pour vous aider \u00e0 g\u00e9rer, s\u00e9curiser et sauvegarder vos donn\u00e9es.<\/p>\n                                    <a href=\"https:\/\/therefore.net\/fr\/fonctionnalites\/securite\/\" class=\"main-button main-button--with-arrow main-button--white\" target=\"\">En savoir plus sur la s\u00e9curit\u00e9<\/a>\n                            <\/div>\n        <\/div>\n    <\/div>\n<\/section>\n","protected":false},"excerpt":{"rendered":"","protected":false},"author":5,"featured_media":0,"parent":3356,"menu_order":0,"comment_status":"closed","ping_status":"closed","template":"","meta":{"_acf_changed":false,"inline_featured_image":false,"footnotes":""},"class_list":["post-3385","page","type-page","status-publish","hentry"],"acf":[],"yoast_head":"<!-- This site is optimized with the Yoast SEO plugin v27.3 - https:\/\/yoast.com\/product\/yoast-seo-wordpress\/ -->\n<title>Therefore\u2122 On-Premises (sur site)<\/title>\n<meta name=\"description\" content=\"Therefore\u2122 On-Premises - Int\u00e9gration sans compromis d&#039;une gestion puissante de l&#039;information au sein de la pile informatique existante de votre organisation.\" \/>\n<meta name=\"robots\" content=\"index, follow, max-snippet:-1, max-image-preview:large, max-video-preview:-1\" \/>\n<link rel=\"canonical\" href=\"https:\/\/therefore.net\/fr\/a-propos-de-nous\/produits\/therefore-on-premises-sur-site\/\" \/>\n<script type=\"application\/ld+json\" class=\"yoast-schema-graph\">{\"@context\":\"https:\\\/\\\/schema.org\",\"@graph\":[{\"@type\":\"WebPage\",\"@id\":\"https:\\\/\\\/therefore.net\\\/fr\\\/a-propos-de-nous\\\/produits\\\/therefore-on-premises-sur-site\\\/\",\"url\":\"https:\\\/\\\/therefore.net\\\/fr\\\/a-propos-de-nous\\\/produits\\\/therefore-on-premises-sur-site\\\/\",\"name\":\"Therefore\u2122 On-Premises (sur site)\",\"isPartOf\":{\"@id\":\"https:\\\/\\\/therefore.net\\\/fr\\\/#website\"},\"datePublished\":\"2023-05-05T13:31:51+00:00\",\"dateModified\":\"2023-06-04T21:23:02+00:00\",\"description\":\"Therefore\u2122 On-Premises - Int\u00e9gration sans compromis d'une gestion puissante de l'information au sein de la pile informatique existante de votre organisation.\",\"breadcrumb\":{\"@id\":\"https:\\\/\\\/therefore.net\\\/fr\\\/a-propos-de-nous\\\/produits\\\/therefore-on-premises-sur-site\\\/#breadcrumb\"},\"inLanguage\":\"fr-FR\",\"potentialAction\":[{\"@type\":\"ReadAction\",\"target\":[\"https:\\\/\\\/therefore.net\\\/fr\\\/a-propos-de-nous\\\/produits\\\/therefore-on-premises-sur-site\\\/\"]}]},{\"@type\":\"BreadcrumbList\",\"@id\":\"https:\\\/\\\/therefore.net\\\/fr\\\/a-propos-de-nous\\\/produits\\\/therefore-on-premises-sur-site\\\/#breadcrumb\",\"itemListElement\":[{\"@type\":\"ListItem\",\"position\":1,\"name\":\"Home\",\"item\":\"https:\\\/\\\/therefore.net\\\/fr\\\/\"},{\"@type\":\"ListItem\",\"position\":2,\"name\":\"A propos de nous\",\"item\":\"https:\\\/\\\/therefore.net\\\/fr\\\/a-propos-de-nous\\\/\"},{\"@type\":\"ListItem\",\"position\":3,\"name\":\"Produits\",\"item\":\"https:\\\/\\\/therefore.net\\\/fr\\\/a-propos-de-nous\\\/produits\\\/\"},{\"@type\":\"ListItem\",\"position\":4,\"name\":\"Therefore\u2122 On-Premises (sur site)\"}]},{\"@type\":\"WebSite\",\"@id\":\"https:\\\/\\\/therefore.net\\\/fr\\\/#website\",\"url\":\"https:\\\/\\\/therefore.net\\\/fr\\\/\",\"name\":\"Therefore\",\"description\":\"\",\"publisher\":{\"@id\":\"https:\\\/\\\/therefore.net\\\/fr\\\/#organization\"},\"potentialAction\":[{\"@type\":\"SearchAction\",\"target\":{\"@type\":\"EntryPoint\",\"urlTemplate\":\"https:\\\/\\\/therefore.net\\\/fr\\\/?s={search_term_string}\"},\"query-input\":{\"@type\":\"PropertyValueSpecification\",\"valueRequired\":true,\"valueName\":\"search_term_string\"}}],\"inLanguage\":\"fr-FR\"},{\"@type\":\"Organization\",\"@id\":\"https:\\\/\\\/therefore.net\\\/fr\\\/#organization\",\"name\":\"Therefore\",\"url\":\"https:\\\/\\\/therefore.net\\\/fr\\\/\",\"logo\":{\"@type\":\"ImageObject\",\"inLanguage\":\"fr-FR\",\"@id\":\"https:\\\/\\\/therefore.net\\\/fr\\\/#\\\/schema\\\/logo\\\/image\\\/\",\"url\":\"https:\\\/\\\/therefore.net\\\/wp\\\/..\\\/app\\\/uploads\\\/2022\\\/04\\\/logo.png\",\"contentUrl\":\"https:\\\/\\\/therefore.net\\\/wp\\\/..\\\/app\\\/uploads\\\/2022\\\/04\\\/logo.png\",\"width\":176,\"height\":48,\"caption\":\"Therefore\"},\"image\":{\"@id\":\"https:\\\/\\\/therefore.net\\\/fr\\\/#\\\/schema\\\/logo\\\/image\\\/\"},\"sameAs\":[\"https:\\\/\\\/www.linkedin.com\\\/company\\\/therefore-corporation\\\/\",\"https:\\\/\\\/www.youtube.com\\\/user\\\/ThereforeTV\"]}]}<\/script>\n<!-- \/ Yoast SEO plugin. -->","yoast_head_json":{"title":"Therefore\u2122 On-Premises (sur site)","description":"Therefore\u2122 On-Premises - Int\u00e9gration sans compromis d'une gestion puissante de l'information au sein de la pile informatique existante de votre organisation.","robots":{"index":"index","follow":"follow","max-snippet":"max-snippet:-1","max-image-preview":"max-image-preview:large","max-video-preview":"max-video-preview:-1"},"canonical":"https:\/\/therefore.net\/fr\/a-propos-de-nous\/produits\/therefore-on-premises-sur-site\/","schema":{"@context":"https:\/\/schema.org","@graph":[{"@type":"WebPage","@id":"https:\/\/therefore.net\/fr\/a-propos-de-nous\/produits\/therefore-on-premises-sur-site\/","url":"https:\/\/therefore.net\/fr\/a-propos-de-nous\/produits\/therefore-on-premises-sur-site\/","name":"Therefore\u2122 On-Premises (sur site)","isPartOf":{"@id":"https:\/\/therefore.net\/fr\/#website"},"datePublished":"2023-05-05T13:31:51+00:00","dateModified":"2023-06-04T21:23:02+00:00","description":"Therefore\u2122 On-Premises - Int\u00e9gration sans compromis d'une gestion puissante de l'information au sein de la pile informatique existante de votre organisation.","breadcrumb":{"@id":"https:\/\/therefore.net\/fr\/a-propos-de-nous\/produits\/therefore-on-premises-sur-site\/#breadcrumb"},"inLanguage":"fr-FR","potentialAction":[{"@type":"ReadAction","target":["https:\/\/therefore.net\/fr\/a-propos-de-nous\/produits\/therefore-on-premises-sur-site\/"]}]},{"@type":"BreadcrumbList","@id":"https:\/\/therefore.net\/fr\/a-propos-de-nous\/produits\/therefore-on-premises-sur-site\/#breadcrumb","itemListElement":[{"@type":"ListItem","position":1,"name":"Home","item":"https:\/\/therefore.net\/fr\/"},{"@type":"ListItem","position":2,"name":"A propos de nous","item":"https:\/\/therefore.net\/fr\/a-propos-de-nous\/"},{"@type":"ListItem","position":3,"name":"Produits","item":"https:\/\/therefore.net\/fr\/a-propos-de-nous\/produits\/"},{"@type":"ListItem","position":4,"name":"Therefore\u2122 On-Premises (sur site)"}]},{"@type":"WebSite","@id":"https:\/\/therefore.net\/fr\/#website","url":"https:\/\/therefore.net\/fr\/","name":"Therefore","description":"","publisher":{"@id":"https:\/\/therefore.net\/fr\/#organization"},"potentialAction":[{"@type":"SearchAction","target":{"@type":"EntryPoint","urlTemplate":"https:\/\/therefore.net\/fr\/?s={search_term_string}"},"query-input":{"@type":"PropertyValueSpecification","valueRequired":true,"valueName":"search_term_string"}}],"inLanguage":"fr-FR"},{"@type":"Organization","@id":"https:\/\/therefore.net\/fr\/#organization","name":"Therefore","url":"https:\/\/therefore.net\/fr\/","logo":{"@type":"ImageObject","inLanguage":"fr-FR","@id":"https:\/\/therefore.net\/fr\/#\/schema\/logo\/image\/","url":"https:\/\/therefore.net\/wp\/..\/app\/uploads\/2022\/04\/logo.png","contentUrl":"https:\/\/therefore.net\/wp\/..\/app\/uploads\/2022\/04\/logo.png","width":176,"height":48,"caption":"Therefore"},"image":{"@id":"https:\/\/therefore.net\/fr\/#\/schema\/logo\/image\/"},"sameAs":["https:\/\/www.linkedin.com\/company\/therefore-corporation\/","https:\/\/www.youtube.com\/user\/ThereforeTV"]}]}},"_links":{"self":[{"href":"https:\/\/therefore.net\/fr\/wp-json\/wp\/v2\/pages\/3385","targetHints":{"allow":["GET"]}}],"collection":[{"href":"https:\/\/therefore.net\/fr\/wp-json\/wp\/v2\/pages"}],"about":[{"href":"https:\/\/therefore.net\/fr\/wp-json\/wp\/v2\/types\/page"}],"author":[{"embeddable":true,"href":"https:\/\/therefore.net\/fr\/wp-json\/wp\/v2\/users\/5"}],"replies":[{"embeddable":true,"href":"https:\/\/therefore.net\/fr\/wp-json\/wp\/v2\/comments?post=3385"}],"version-history":[{"count":9,"href":"https:\/\/therefore.net\/fr\/wp-json\/wp\/v2\/pages\/3385\/revisions"}],"predecessor-version":[{"id":4825,"href":"https:\/\/therefore.net\/fr\/wp-json\/wp\/v2\/pages\/3385\/revisions\/4825"}],"up":[{"embeddable":true,"href":"https:\/\/therefore.net\/fr\/wp-json\/wp\/v2\/pages\/3356"}],"wp:attachment":[{"href":"https:\/\/therefore.net\/fr\/wp-json\/wp\/v2\/media?parent=3385"}],"curies":[{"name":"wp","href":"https:\/\/api.w.org\/{rel}","templated":true}]}}