{"id":3411,"date":"2022-08-03T22:58:47","date_gmt":"2022-08-03T20:58:47","guid":{"rendered":"https:\/\/therefore.net\/a-propos-de-nous\/produits\/licences\/"},"modified":"2023-06-02T19:54:36","modified_gmt":"2023-06-02T17:54:36","slug":"licences","status":"publish","type":"page","link":"https:\/\/therefore.net\/fr\/a-propos-de-nous\/produits\/licences\/","title":{"rendered":"Licences"},"content":{"rendered":"<section class=\"custom-block left-image-right-text-long\">\n    <div class=\"container  left-image-right-text-long__container\">\n        <div class=\"left-image-right-text-long__inner\">\n            <div class=\"left-image-right-text-long__image-wrapper\">\n                                    <img decoding=\"async\" width=\"1410\" height=\"880\" src=\"https:\/\/therefore.net\/wp\/..\/app\/uploads\/2023\/03\/1410x880-1.png\" class=\"attachment-full size-full\" alt=\"A diverse group of six colleagues gather around a laptop in a bright office, smiling and engaged in a collaborative discussion about Licensing in Therefore\u2122.\" srcset=\"https:\/\/therefore.net\/wp\/..\/app\/uploads\/2023\/03\/1410x880-1.png 1410w, https:\/\/therefore.net\/wp\/..\/app\/uploads\/2023\/03\/1410x880-1-300x187.png 300w, https:\/\/therefore.net\/wp\/..\/app\/uploads\/2023\/03\/1410x880-1-1024x639.png 1024w, https:\/\/therefore.net\/wp\/..\/app\/uploads\/2023\/03\/1410x880-1-768x479.png 768w\" sizes=\"(max-width: 1410px) 100vw, 1410px\" \/>\n                            <\/div>\n            <div class=\"left-image-right-text-long__text-wrapper\">\n                <h2 class=\"left-image-right-text-long__title\">\n                    Licences en Therefore\u2122\n                <\/h2>\n                <div class=\"left-image-right-text-long__text\">\n                    <p>Therefore\u2122 s&#8217;adresse aux entreprises de toutes tailles, qu&#8217;il s&#8217;agisse d&#8217;environnements \u00e0 utilisateur unique ou de configurations d&#8217;entreprise avec des milliers d&#8217;utilisateurs et de nombreux serveurs.<\/p>\n\n                <\/div>\n                            <\/div>\n        <\/div>\n    <\/div>\n<\/section>\n\n\n<div class=\"custom-block simple-paragraph\">\n    <div class=\"container\">\n        <div class=\"blog-post__content blog-post__content--wide\">\n            <h1 style=\"text-align: left;\"><span style=\"color: #bed500;\"><strong>Licences d&#8217;utilisateur<\/strong><\/span><\/h1>\n<p>Nous proposons 3 types de licences d&#8217;utilisation pour couvrir tous les besoins de votre entreprise :<\/p>\n\n        <\/div>\n\n            <\/div>\n<\/div>\n\n\n\n<section class=\"custom-block bullet-shape \">\n    <div class=\"container bullet-shape__container\">\n                        <h1 class=\"bullet-shape__title\">Types de licences d&#8217;utilisateur<\/h1>\n        <div class=\"bullet-shape__row\">\n                    <ul class=\"bullet-shape__items bullet-shape__items--left\">\n                                    <li><p><strong>Licences d&#8217;utilisateur nomm\u00e9<\/strong><\/p>\n<\/li>\n                                    <li><p><strong>Licences pour utilisateurs simultan\u00e9s<\/strong><\/p>\n<\/li>\n                                    <li><p><strong>Licences en lecture seule <\/strong><\/p>\n<\/li>\n                            <\/ul>\n        \n                    <ul class=\"bullet-shape__items bullet-shape__items--right\">\n                                    <li><p>Les <strong>licences d&#8217;utilisateur nomm\u00e9<\/strong> sont li\u00e9es \u00e0 un seul utilisateur qui acc\u00e8de fr\u00e9quemment au syst\u00e8me Therefore\u2122.<\/p>\n<\/li>\n                                    <li><p>Les <strong>licences pour utilisateurs simultan\u00e9s<\/strong> appartiennent \u00e0 un groupe de licences auquel de nombreux utilisateurs peuvent acc\u00e9der. D\u00e8s que l&#8217;utilisateur se d\u00e9connecte de Therefore\u2122, la licence est renvoy\u00e9e au groupe de licences et un autre utilisateur peut acc\u00e9der au syst\u00e8me Therefore\u2122 en utilisant le m\u00eame point de licence.<\/p>\n<\/li>\n                                    <li><p>Les <strong>licences en lecture seule<\/strong> fournissent un acc\u00e8s en lecture seule \u00e0 des utilisateurs d\u00e9sign\u00e9s. Les licences en lecture seule font partie d&#8217;un pool de licences. Lorsqu&#8217;un utilisateur en lecture seule se d\u00e9connecte de Therefore\u2122, un autre utilisateur en lecture seule peut se connecter au syst\u00e8me en utilisant le m\u00eame point de licence.<\/p>\n<\/li>\n                            <\/ul>\n            <\/div>\n    <\/div>\n<\/section>\n\n\n<div class=\"custom-block simple-paragraph\">\n    <div class=\"container\">\n        <div class=\"blog-post__content blog-post__content--wide\">\n            <h1 style=\"text-align: left;\"><span style=\"color: #bed500;\"><strong>Applications clients<br \/>\n<\/strong><\/span><\/h1>\n<p>Toutes les versions de Therefore\u2122 comprennent de nombreux modules et fonctionnalit\u00e9s directement dans la bo\u00eete, sans frais suppl\u00e9mentaires. Des licences suppl\u00e9mentaires pour la capture de documents et l&#8217;int\u00e9gration avec des syst\u00e8mes tiers sont disponibles.<\/p>\n\n        <\/div>\n\n            <\/div>\n<\/div>\n\n\n\n<section class=\"custom-block view-pages-process\">\n    <div class=\"container view-pages-process__container\">\n        \n                <div class=\"view-pages-process__steps\">\n                        <div class=\"view-pages-process__step\">\n                <div class=\"view-pages-process__step__inner\">\n                    <div class=\"view-pages-process__step__content\">\n                        \n                                                                                <h4 class=\"view-pages-process__step__subtitle\">Therefore\u2122 Navigator<\/h4>\n                        \n                                                    <dv class=\"view-pages-process__step__text\"><p>Le Therefore\u2122 Navigator est le point de d\u00e9part de la recherche, de l&#8217;\u00e9dition et du traitement des documents. Les recherches peuvent \u00eatre ex\u00e9cut\u00e9es selon diff\u00e9rentes m\u00e9thodes, en fonction des pr\u00e9f\u00e9rences de l&#8217;utilisateur.<\/p>\n<\/dv>\n                                            <\/div>\n                <\/div>\n\n            <\/div>\n                        <div class=\"view-pages-process__step\">\n                <div class=\"view-pages-process__step__inner\">\n                    <div class=\"view-pages-process__step__content\">\n                        \n                                                                                <h4 class=\"view-pages-process__step__subtitle\">Therefore\u2122 Viewer<\/h4>\n                        \n                                                    <dv class=\"view-pages-process__step__text\"><p>Une fois le document souhait\u00e9 trouv\u00e9, le Therefore\u2122 Viewer permet de visualiser plus de 400 types de documents, m\u00eame lorsque l&#8217;application correspondante n&#8217;est pas install\u00e9e sur le PC de l&#8217;utilisateur. Le Therefore\u2122 Viewer facilite la collaboration, gr\u00e2ce \u00e0 une fonction check-in check-out qui emp\u00eache plusieurs utilisateurs d&#8217;apporter des modifications simultan\u00e9es \u00e0 un document. Bien entendu, pendant qu&#8217;une personne modifie un document, les autres peuvent toujours le consulter.<\/p>\n<\/dv>\n                                            <\/div>\n                <\/div>\n\n            <\/div>\n                        <div class=\"view-pages-process__step\">\n                <div class=\"view-pages-process__step__inner\">\n                    <div class=\"view-pages-process__step__content\">\n                        \n                                                                                <h4 class=\"view-pages-process__step__subtitle\">Therefore\u2122 Case Manager<\/h4>\n                        \n                                                    <dv class=\"view-pages-process__step__text\"><p>Le Therefore\u2122 Case Manager permet de traiter collectivement des groupes de documents li\u00e9s, plut\u00f4t que de les stocker et de les g\u00e9rer individuellement. Le gestionnaire de cas permet de relier diverses cat\u00e9gories Therefore\u2122 sous un en-t\u00eate de cas, et de les incorporer ensemble dans les flux de travail et les politiques de conservation.<\/p>\n<\/dv>\n                                            <\/div>\n                <\/div>\n\n            <\/div>\n                        <div class=\"view-pages-process__step\">\n                <div class=\"view-pages-process__step__inner\">\n                    <div class=\"view-pages-process__step__content\">\n                        \n                                                                                <h4 class=\"view-pages-process__step__subtitle\">Therefore\u2122 Web Access<\/h4>\n                        \n                                                    <dv class=\"view-pages-process__step__text\"><p>Therefore\u2122 Web Access permet aux utilisateurs d&#8217;acc\u00e9der au r\u00e9f\u00e9rentiel Therefore\u2122 \u00e0 l&#8217;aide d&#8217;un navigateur web. Aucune installation n&#8217;est n\u00e9cessaire ! Tous les navigateurs modernes (Edge, Firefox, Chrome, Safari) sont pris en charge.<\/p>\n<\/dv>\n                                            <\/div>\n                <\/div>\n\n            <\/div>\n                        <div class=\"view-pages-process__step\">\n                <div class=\"view-pages-process__step__inner\">\n                    <div class=\"view-pages-process__step__content\">\n                        \n                                                                                <h4 class=\"view-pages-process__step__subtitle\">Therefore\u2122 Go App<\/h4>\n                        \n                                                    <dv class=\"view-pages-process__step__text\"><p>Therefore\u2122 Go est l&#8217;appli officielle de Therefore\u2122 qui permet aux utilisateurs de rechercher, d&#8217;afficher et de modifier des documents stock\u00e9s dans Therefore\u2122 sur des appareils mobiles. Des photos peuvent \u00eatre prises \u00e0 l&#8217;aide de l&#8217;appli et enregistr\u00e9es directement dans Therefore\u2122, et des t\u00e2ches de workflow peuvent \u00eatre approuv\u00e9es et trait\u00e9es. L&#8217;appli mobile est disponible pour iOS et Android sans co\u00fbt suppl\u00e9mentaire.<\/p>\n<\/dv>\n                                            <\/div>\n                <\/div>\n\n            <\/div>\n                        <div class=\"view-pages-process__step\">\n                <div class=\"view-pages-process__step__inner\">\n                    <div class=\"view-pages-process__step__content\">\n                        \n                                                                                <h4 class=\"view-pages-process__step__subtitle\">Therefore\u2122 Portal<\/h4>\n                        \n                                                    <dv class=\"view-pages-process__step__text\"><p>Le portail est con\u00e7u pour donner aux utilisateurs externes un acc\u00e8s en lecture seule au r\u00e9f\u00e9rentiel Therefore\u2122. L&#8217;achat de cette licence de connecteur suppl\u00e9mentaire permet \u00e0 un nombre illimit\u00e9 d&#8217;utilisateurs d&#8217;acc\u00e9der en lecture seule aux documents d\u00e9finis par l&#8217;administrateur du syst\u00e8me.<\/p>\n<\/dv>\n                                            <\/div>\n                <\/div>\n\n            <\/div>\n                    <\/div>\n        \n    <\/div>\n<\/section>\n\n\n<section class=\"custom-block benefits-left-image about-us-top-block\">\n    <div class=\"container  benefits-left-image__container\">\n        <div class=\"benefits-left-image__inner\">\n            <div class=\"benefits-left-image__image-wrapper \">\n                                    <img decoding=\"async\" width=\"1600\" height=\"1300\" src=\"https:\/\/therefore.net\/wp\/..\/app\/uploads\/2023\/03\/1600x1300-6.png\" class=\"attachment-full size-full\" alt=\"Five people in casual clothes sit and stand around desks in a modern office, smiling at the camera. Some have coffee cups, and computer monitors and office chairs are visible in the background.\" srcset=\"https:\/\/therefore.net\/wp\/..\/app\/uploads\/2023\/03\/1600x1300-6.png 1600w, https:\/\/therefore.net\/wp\/..\/app\/uploads\/2023\/03\/1600x1300-6-300x244.png 300w, https:\/\/therefore.net\/wp\/..\/app\/uploads\/2023\/03\/1600x1300-6-1024x832.png 1024w, https:\/\/therefore.net\/wp\/..\/app\/uploads\/2023\/03\/1600x1300-6-768x624.png 768w, https:\/\/therefore.net\/wp\/..\/app\/uploads\/2023\/03\/1600x1300-6-1536x1248.png 1536w\" sizes=\"(max-width: 1600px) 100vw, 1600px\" \/>\n                            <\/div>\n            <div class=\"benefits-left-image__text-wrapper\">\n                                \n                    <div class=\"benefits-left-image__paragraph-wrapper\">\n                                                <h2 class=\"benefits-left-image__title\">\n                            Licences de capture additionnelles\n                        <\/h2>\n                        <div class=\"benefits-left-image__text\"><ul>\n<li>Therefore\u2122 Content Connector<\/li>\n<li>Therefore\u2122 Capture Client<\/li>\n<li>Therefore\u2122 MFP Application<\/li>\n<\/ul>\n<\/div>\n                    <\/div>\n\n                \n                    <div class=\"benefits-left-image__paragraph-wrapper\">\n                                                <h2 class=\"benefits-left-image__title\">\n                            Licences additionnelles pour les logiciels de tiers\n                        <\/h2>\n                        <div class=\"benefits-left-image__text\"><ul>\n<li>Therefore\u2122 Connector pour SAP<\/li>\n<li>Therefore\u2122 Connector pour Microsoft Dynamics 365 Business Central et Dynamics NAV<\/li>\n<li>Therefore\u2122 Connector pour Microsoft SharePoint<\/li>\n<li>Therefore\u2122 Universal Connector<\/li>\n<\/ul>\n<\/div>\n                    <\/div>\n\n                                \n                            <\/div>\n        <\/div>\n    <\/div>\n<\/section>\n","protected":false},"excerpt":{"rendered":"","protected":false},"author":5,"featured_media":0,"parent":3356,"menu_order":0,"comment_status":"closed","ping_status":"closed","template":"","meta":{"_acf_changed":false,"inline_featured_image":false,"footnotes":""},"class_list":["post-3411","page","type-page","status-publish","hentry"],"acf":[],"yoast_head":"<!-- This site is optimized with the Yoast SEO plugin v27.3 - https:\/\/yoast.com\/product\/yoast-seo-wordpress\/ -->\n<title>Licences en Therefore\u2122<\/title>\n<meta name=\"description\" content=\"Les licences de Therefore\u2122 sont parfaites pour les entreprises de toutes tailles, qu&#039;il s&#039;agisse d&#039;environnements \u00e0 utilisateur unique ou de configurations d&#039;entreprise.\" \/>\n<meta name=\"robots\" content=\"index, follow, max-snippet:-1, max-image-preview:large, max-video-preview:-1\" \/>\n<link rel=\"canonical\" href=\"https:\/\/therefore.net\/fr\/a-propos-de-nous\/produits\/licences\/\" \/>\n<script type=\"application\/ld+json\" class=\"yoast-schema-graph\">{\"@context\":\"https:\\\/\\\/schema.org\",\"@graph\":[{\"@type\":\"WebPage\",\"@id\":\"https:\\\/\\\/therefore.net\\\/fr\\\/a-propos-de-nous\\\/produits\\\/licences\\\/\",\"url\":\"https:\\\/\\\/therefore.net\\\/fr\\\/a-propos-de-nous\\\/produits\\\/licences\\\/\",\"name\":\"Licences en Therefore\u2122\",\"isPartOf\":{\"@id\":\"https:\\\/\\\/therefore.net\\\/fr\\\/#website\"},\"datePublished\":\"2022-08-03T20:58:47+00:00\",\"dateModified\":\"2023-06-02T17:54:36+00:00\",\"description\":\"Les licences de Therefore\u2122 sont parfaites pour les entreprises de toutes tailles, qu'il s'agisse d'environnements \u00e0 utilisateur unique ou de configurations d'entreprise.\",\"breadcrumb\":{\"@id\":\"https:\\\/\\\/therefore.net\\\/fr\\\/a-propos-de-nous\\\/produits\\\/licences\\\/#breadcrumb\"},\"inLanguage\":\"fr-FR\",\"potentialAction\":[{\"@type\":\"ReadAction\",\"target\":[\"https:\\\/\\\/therefore.net\\\/fr\\\/a-propos-de-nous\\\/produits\\\/licences\\\/\"]}]},{\"@type\":\"BreadcrumbList\",\"@id\":\"https:\\\/\\\/therefore.net\\\/fr\\\/a-propos-de-nous\\\/produits\\\/licences\\\/#breadcrumb\",\"itemListElement\":[{\"@type\":\"ListItem\",\"position\":1,\"name\":\"Home\",\"item\":\"https:\\\/\\\/therefore.net\\\/fr\\\/\"},{\"@type\":\"ListItem\",\"position\":2,\"name\":\"A propos de nous\",\"item\":\"https:\\\/\\\/therefore.net\\\/fr\\\/a-propos-de-nous\\\/\"},{\"@type\":\"ListItem\",\"position\":3,\"name\":\"Produits\",\"item\":\"https:\\\/\\\/therefore.net\\\/fr\\\/a-propos-de-nous\\\/produits\\\/\"},{\"@type\":\"ListItem\",\"position\":4,\"name\":\"Licences\"}]},{\"@type\":\"WebSite\",\"@id\":\"https:\\\/\\\/therefore.net\\\/fr\\\/#website\",\"url\":\"https:\\\/\\\/therefore.net\\\/fr\\\/\",\"name\":\"Therefore\",\"description\":\"\",\"publisher\":{\"@id\":\"https:\\\/\\\/therefore.net\\\/fr\\\/#organization\"},\"potentialAction\":[{\"@type\":\"SearchAction\",\"target\":{\"@type\":\"EntryPoint\",\"urlTemplate\":\"https:\\\/\\\/therefore.net\\\/fr\\\/?s={search_term_string}\"},\"query-input\":{\"@type\":\"PropertyValueSpecification\",\"valueRequired\":true,\"valueName\":\"search_term_string\"}}],\"inLanguage\":\"fr-FR\"},{\"@type\":\"Organization\",\"@id\":\"https:\\\/\\\/therefore.net\\\/fr\\\/#organization\",\"name\":\"Therefore\",\"url\":\"https:\\\/\\\/therefore.net\\\/fr\\\/\",\"logo\":{\"@type\":\"ImageObject\",\"inLanguage\":\"fr-FR\",\"@id\":\"https:\\\/\\\/therefore.net\\\/fr\\\/#\\\/schema\\\/logo\\\/image\\\/\",\"url\":\"https:\\\/\\\/therefore.net\\\/wp\\\/..\\\/app\\\/uploads\\\/2022\\\/04\\\/logo.png\",\"contentUrl\":\"https:\\\/\\\/therefore.net\\\/wp\\\/..\\\/app\\\/uploads\\\/2022\\\/04\\\/logo.png\",\"width\":176,\"height\":48,\"caption\":\"Therefore\"},\"image\":{\"@id\":\"https:\\\/\\\/therefore.net\\\/fr\\\/#\\\/schema\\\/logo\\\/image\\\/\"},\"sameAs\":[\"https:\\\/\\\/www.linkedin.com\\\/company\\\/therefore-corporation\\\/\",\"https:\\\/\\\/www.youtube.com\\\/user\\\/ThereforeTV\"]}]}<\/script>\n<!-- \/ Yoast SEO plugin. -->","yoast_head_json":{"title":"Licences en Therefore\u2122","description":"Les licences de Therefore\u2122 sont parfaites pour les entreprises de toutes tailles, qu'il s'agisse d'environnements \u00e0 utilisateur unique ou de configurations d'entreprise.","robots":{"index":"index","follow":"follow","max-snippet":"max-snippet:-1","max-image-preview":"max-image-preview:large","max-video-preview":"max-video-preview:-1"},"canonical":"https:\/\/therefore.net\/fr\/a-propos-de-nous\/produits\/licences\/","schema":{"@context":"https:\/\/schema.org","@graph":[{"@type":"WebPage","@id":"https:\/\/therefore.net\/fr\/a-propos-de-nous\/produits\/licences\/","url":"https:\/\/therefore.net\/fr\/a-propos-de-nous\/produits\/licences\/","name":"Licences en Therefore\u2122","isPartOf":{"@id":"https:\/\/therefore.net\/fr\/#website"},"datePublished":"2022-08-03T20:58:47+00:00","dateModified":"2023-06-02T17:54:36+00:00","description":"Les licences de Therefore\u2122 sont parfaites pour les entreprises de toutes tailles, qu'il s'agisse d'environnements \u00e0 utilisateur unique ou de configurations d'entreprise.","breadcrumb":{"@id":"https:\/\/therefore.net\/fr\/a-propos-de-nous\/produits\/licences\/#breadcrumb"},"inLanguage":"fr-FR","potentialAction":[{"@type":"ReadAction","target":["https:\/\/therefore.net\/fr\/a-propos-de-nous\/produits\/licences\/"]}]},{"@type":"BreadcrumbList","@id":"https:\/\/therefore.net\/fr\/a-propos-de-nous\/produits\/licences\/#breadcrumb","itemListElement":[{"@type":"ListItem","position":1,"name":"Home","item":"https:\/\/therefore.net\/fr\/"},{"@type":"ListItem","position":2,"name":"A propos de nous","item":"https:\/\/therefore.net\/fr\/a-propos-de-nous\/"},{"@type":"ListItem","position":3,"name":"Produits","item":"https:\/\/therefore.net\/fr\/a-propos-de-nous\/produits\/"},{"@type":"ListItem","position":4,"name":"Licences"}]},{"@type":"WebSite","@id":"https:\/\/therefore.net\/fr\/#website","url":"https:\/\/therefore.net\/fr\/","name":"Therefore","description":"","publisher":{"@id":"https:\/\/therefore.net\/fr\/#organization"},"potentialAction":[{"@type":"SearchAction","target":{"@type":"EntryPoint","urlTemplate":"https:\/\/therefore.net\/fr\/?s={search_term_string}"},"query-input":{"@type":"PropertyValueSpecification","valueRequired":true,"valueName":"search_term_string"}}],"inLanguage":"fr-FR"},{"@type":"Organization","@id":"https:\/\/therefore.net\/fr\/#organization","name":"Therefore","url":"https:\/\/therefore.net\/fr\/","logo":{"@type":"ImageObject","inLanguage":"fr-FR","@id":"https:\/\/therefore.net\/fr\/#\/schema\/logo\/image\/","url":"https:\/\/therefore.net\/wp\/..\/app\/uploads\/2022\/04\/logo.png","contentUrl":"https:\/\/therefore.net\/wp\/..\/app\/uploads\/2022\/04\/logo.png","width":176,"height":48,"caption":"Therefore"},"image":{"@id":"https:\/\/therefore.net\/fr\/#\/schema\/logo\/image\/"},"sameAs":["https:\/\/www.linkedin.com\/company\/therefore-corporation\/","https:\/\/www.youtube.com\/user\/ThereforeTV"]}]}},"_links":{"self":[{"href":"https:\/\/therefore.net\/fr\/wp-json\/wp\/v2\/pages\/3411","targetHints":{"allow":["GET"]}}],"collection":[{"href":"https:\/\/therefore.net\/fr\/wp-json\/wp\/v2\/pages"}],"about":[{"href":"https:\/\/therefore.net\/fr\/wp-json\/wp\/v2\/types\/page"}],"author":[{"embeddable":true,"href":"https:\/\/therefore.net\/fr\/wp-json\/wp\/v2\/users\/5"}],"replies":[{"embeddable":true,"href":"https:\/\/therefore.net\/fr\/wp-json\/wp\/v2\/comments?post=3411"}],"version-history":[{"count":3,"href":"https:\/\/therefore.net\/fr\/wp-json\/wp\/v2\/pages\/3411\/revisions"}],"predecessor-version":[{"id":3414,"href":"https:\/\/therefore.net\/fr\/wp-json\/wp\/v2\/pages\/3411\/revisions\/3414"}],"up":[{"embeddable":true,"href":"https:\/\/therefore.net\/fr\/wp-json\/wp\/v2\/pages\/3356"}],"wp:attachment":[{"href":"https:\/\/therefore.net\/fr\/wp-json\/wp\/v2\/media?parent=3411"}],"curies":[{"name":"wp","href":"https:\/\/api.w.org\/{rel}","templated":true}]}}