{"id":3437,"date":"2023-04-24T20:53:27","date_gmt":"2023-04-24T18:53:27","guid":{"rendered":"https:\/\/therefore.net\/informations-legales\/"},"modified":"2025-12-04T21:15:21","modified_gmt":"2025-12-04T20:15:21","slug":"informations-legales","status":"publish","type":"page","link":"https:\/\/therefore.net\/fr\/informations-legales\/","title":{"rendered":"Informations l\u00e9gales"},"content":{"rendered":"<div class=\"custom-block simple-paragraph\">\n    <div class=\"container\">\n        <div class=\"blog-post__content blog-post__content--wide\">\n            <div class=\"wpb_column vc_column_container vc_col-sm-9\">\n<div class=\"vc_column-inner\">\n<div class=\"wpb_wrapper\">\n<div class=\"wpb_text_column wpb_content_element margin_bottom_35\">\n<div class=\"wpb_wrapper\">\n<h1>Informations l\u00e9gales<\/h1>\n<p>&nbsp;<\/p>\n<\/div>\n<\/div>\n<div class=\"wpb_text_column wpb_content_element vc_custom_1425884625746\">\n<div class=\"wpb_wrapper\">\n<p>Bien qu\u2019un soin particulier ait \u00e9t\u00e9 apport\u00e9 \u00e0 la pr\u00e9paration de ce site, l\u2019\u00e9diteur et l\u2019auteur n\u2019assument aucune responsabilit\u00e9 pour les erreurs ou omissions ou pour les dommages r\u00e9sultant de l\u2019utilisation des informations contenues dans ce site. Nous nous r\u00e9servons le droit d\u2019apporter des modifications au site \u00e0 tout moment et sans pr\u00e9avis.<\/p>\n<p>Les sp\u00e9cifications techniques sont susceptibles d\u2019\u00eatre modifi\u00e9es sans pr\u00e9avis. Toutes les soci\u00e9t\u00e9s et\/ou produits sont des marques commerciales et\/ou des marques d\u00e9pos\u00e9es de leurs fabricants respectifs sur leurs march\u00e9s respectifs.<\/p>\n<p class=\"imh-copyright\"><strong>Soci\u00e9t\u00e9<\/strong> Therefore Corporation GmbH<br \/>\n<strong>Objet social :<\/strong> d\u00e9veloppement et distribution de logiciels de gestion de l\u2019information<br \/>\n<strong>UID-Nr.:<\/strong> ATU57212206<br \/>\n<strong>Num\u00e9ro d\u2019enregistrement du commerce :<\/strong> FN 237129 w<br \/>\n<strong>Juridiction du tribunal de commerce :<\/strong> Landesgericht Wiener Neustadt<br \/>\n<strong>Si\u00e8ge social :<\/strong> M\u00f6dling<br \/>\n<strong>Directeur:<\/strong> Michael Heitz<br \/>\n<strong>Adresse:<\/strong> Wiener Stra\u00dfe 2\/2, 2340 M\u00f6dling<br \/>\n<strong>Informations de contact :<\/strong> office@therefore.net, +43 2236 865 300<br \/>\nMembre de la Chambre de commerce autrichienne, 704 \u2013 FG Consulting, comptabilit\u00e9 et technologie de l\u2019information<br \/>\n<strong>Droit r\u00e9glementaire :<\/strong> Gewerbeordnung (ris.bka.gv.at)<br \/>\n<strong>Autorit\u00e9 de r\u00e9gulation :<\/strong> Bezirkshauptmannschaft M\u00f6dling<br \/>\n<strong>\u00c9diteur de site web :<\/strong> Michael\u00a0Heitz<br \/>\n<strong>H\u00f4te du site web :\u00a0<\/strong>inMotion Hosting, 555 S. Independence Blvd., \u00a0Virginia Beach, \u00a0VA 23452, United States, phone +1 757-416-6575<\/p>\n<\/div>\n<\/div>\n<\/div>\n<\/div>\n<\/div>\n\n        <\/div>\n\n            <\/div>\n<\/div>\n\n","protected":false},"excerpt":{"rendered":"","protected":false},"author":5,"featured_media":0,"parent":0,"menu_order":0,"comment_status":"closed","ping_status":"closed","template":"","meta":{"_acf_changed":false,"inline_featured_image":false,"footnotes":""},"class_list":["post-3437","page","type-page","status-publish","hentry"],"acf":[],"yoast_head":"<!-- This site is optimized with the Yoast SEO plugin v27.3 - https:\/\/yoast.com\/product\/yoast-seo-wordpress\/ -->\n<title>Informations l\u00e9gales<\/title>\n<meta name=\"description\" content=\"Mentions l\u00e9gales pour www.therefore.net\" \/>\n<meta name=\"robots\" content=\"index, follow, max-snippet:-1, max-image-preview:large, max-video-preview:-1\" \/>\n<link rel=\"canonical\" href=\"https:\/\/therefore.net\/fr\/informations-legales\/\" \/>\n<script type=\"application\/ld+json\" class=\"yoast-schema-graph\">{\"@context\":\"https:\\\/\\\/schema.org\",\"@graph\":[{\"@type\":\"WebPage\",\"@id\":\"https:\\\/\\\/therefore.net\\\/fr\\\/informations-legales\\\/\",\"url\":\"https:\\\/\\\/therefore.net\\\/fr\\\/informations-legales\\\/\",\"name\":\"Informations l\u00e9gales\",\"isPartOf\":{\"@id\":\"https:\\\/\\\/therefore.net\\\/fr\\\/#website\"},\"datePublished\":\"2023-04-24T18:53:27+00:00\",\"dateModified\":\"2025-12-04T20:15:21+00:00\",\"description\":\"Mentions l\u00e9gales pour www.therefore.net\",\"breadcrumb\":{\"@id\":\"https:\\\/\\\/therefore.net\\\/fr\\\/informations-legales\\\/#breadcrumb\"},\"inLanguage\":\"fr-FR\",\"potentialAction\":[{\"@type\":\"ReadAction\",\"target\":[\"https:\\\/\\\/therefore.net\\\/fr\\\/informations-legales\\\/\"]}]},{\"@type\":\"BreadcrumbList\",\"@id\":\"https:\\\/\\\/therefore.net\\\/fr\\\/informations-legales\\\/#breadcrumb\",\"itemListElement\":[{\"@type\":\"ListItem\",\"position\":1,\"name\":\"Home\",\"item\":\"https:\\\/\\\/therefore.net\\\/fr\\\/\"},{\"@type\":\"ListItem\",\"position\":2,\"name\":\"Informations l\u00e9gales\"}]},{\"@type\":\"WebSite\",\"@id\":\"https:\\\/\\\/therefore.net\\\/fr\\\/#website\",\"url\":\"https:\\\/\\\/therefore.net\\\/fr\\\/\",\"name\":\"Therefore\",\"description\":\"\",\"publisher\":{\"@id\":\"https:\\\/\\\/therefore.net\\\/fr\\\/#organization\"},\"potentialAction\":[{\"@type\":\"SearchAction\",\"target\":{\"@type\":\"EntryPoint\",\"urlTemplate\":\"https:\\\/\\\/therefore.net\\\/fr\\\/?s={search_term_string}\"},\"query-input\":{\"@type\":\"PropertyValueSpecification\",\"valueRequired\":true,\"valueName\":\"search_term_string\"}}],\"inLanguage\":\"fr-FR\"},{\"@type\":\"Organization\",\"@id\":\"https:\\\/\\\/therefore.net\\\/fr\\\/#organization\",\"name\":\"Therefore\",\"url\":\"https:\\\/\\\/therefore.net\\\/fr\\\/\",\"logo\":{\"@type\":\"ImageObject\",\"inLanguage\":\"fr-FR\",\"@id\":\"https:\\\/\\\/therefore.net\\\/fr\\\/#\\\/schema\\\/logo\\\/image\\\/\",\"url\":\"https:\\\/\\\/therefore.net\\\/wp\\\/..\\\/app\\\/uploads\\\/2022\\\/04\\\/logo.png\",\"contentUrl\":\"https:\\\/\\\/therefore.net\\\/wp\\\/..\\\/app\\\/uploads\\\/2022\\\/04\\\/logo.png\",\"width\":176,\"height\":48,\"caption\":\"Therefore\"},\"image\":{\"@id\":\"https:\\\/\\\/therefore.net\\\/fr\\\/#\\\/schema\\\/logo\\\/image\\\/\"},\"sameAs\":[\"https:\\\/\\\/www.linkedin.com\\\/company\\\/therefore-corporation\\\/\",\"https:\\\/\\\/www.youtube.com\\\/user\\\/ThereforeTV\"]}]}<\/script>\n<!-- \/ Yoast SEO plugin. -->","yoast_head_json":{"title":"Informations l\u00e9gales","description":"Mentions l\u00e9gales pour www.therefore.net","robots":{"index":"index","follow":"follow","max-snippet":"max-snippet:-1","max-image-preview":"max-image-preview:large","max-video-preview":"max-video-preview:-1"},"canonical":"https:\/\/therefore.net\/fr\/informations-legales\/","schema":{"@context":"https:\/\/schema.org","@graph":[{"@type":"WebPage","@id":"https:\/\/therefore.net\/fr\/informations-legales\/","url":"https:\/\/therefore.net\/fr\/informations-legales\/","name":"Informations l\u00e9gales","isPartOf":{"@id":"https:\/\/therefore.net\/fr\/#website"},"datePublished":"2023-04-24T18:53:27+00:00","dateModified":"2025-12-04T20:15:21+00:00","description":"Mentions l\u00e9gales pour www.therefore.net","breadcrumb":{"@id":"https:\/\/therefore.net\/fr\/informations-legales\/#breadcrumb"},"inLanguage":"fr-FR","potentialAction":[{"@type":"ReadAction","target":["https:\/\/therefore.net\/fr\/informations-legales\/"]}]},{"@type":"BreadcrumbList","@id":"https:\/\/therefore.net\/fr\/informations-legales\/#breadcrumb","itemListElement":[{"@type":"ListItem","position":1,"name":"Home","item":"https:\/\/therefore.net\/fr\/"},{"@type":"ListItem","position":2,"name":"Informations l\u00e9gales"}]},{"@type":"WebSite","@id":"https:\/\/therefore.net\/fr\/#website","url":"https:\/\/therefore.net\/fr\/","name":"Therefore","description":"","publisher":{"@id":"https:\/\/therefore.net\/fr\/#organization"},"potentialAction":[{"@type":"SearchAction","target":{"@type":"EntryPoint","urlTemplate":"https:\/\/therefore.net\/fr\/?s={search_term_string}"},"query-input":{"@type":"PropertyValueSpecification","valueRequired":true,"valueName":"search_term_string"}}],"inLanguage":"fr-FR"},{"@type":"Organization","@id":"https:\/\/therefore.net\/fr\/#organization","name":"Therefore","url":"https:\/\/therefore.net\/fr\/","logo":{"@type":"ImageObject","inLanguage":"fr-FR","@id":"https:\/\/therefore.net\/fr\/#\/schema\/logo\/image\/","url":"https:\/\/therefore.net\/wp\/..\/app\/uploads\/2022\/04\/logo.png","contentUrl":"https:\/\/therefore.net\/wp\/..\/app\/uploads\/2022\/04\/logo.png","width":176,"height":48,"caption":"Therefore"},"image":{"@id":"https:\/\/therefore.net\/fr\/#\/schema\/logo\/image\/"},"sameAs":["https:\/\/www.linkedin.com\/company\/therefore-corporation\/","https:\/\/www.youtube.com\/user\/ThereforeTV"]}]}},"_links":{"self":[{"href":"https:\/\/therefore.net\/fr\/wp-json\/wp\/v2\/pages\/3437","targetHints":{"allow":["GET"]}}],"collection":[{"href":"https:\/\/therefore.net\/fr\/wp-json\/wp\/v2\/pages"}],"about":[{"href":"https:\/\/therefore.net\/fr\/wp-json\/wp\/v2\/types\/page"}],"author":[{"embeddable":true,"href":"https:\/\/therefore.net\/fr\/wp-json\/wp\/v2\/users\/5"}],"replies":[{"embeddable":true,"href":"https:\/\/therefore.net\/fr\/wp-json\/wp\/v2\/comments?post=3437"}],"version-history":[{"count":2,"href":"https:\/\/therefore.net\/fr\/wp-json\/wp\/v2\/pages\/3437\/revisions"}],"predecessor-version":[{"id":10036,"href":"https:\/\/therefore.net\/fr\/wp-json\/wp\/v2\/pages\/3437\/revisions\/10036"}],"wp:attachment":[{"href":"https:\/\/therefore.net\/fr\/wp-json\/wp\/v2\/media?parent=3437"}],"curies":[{"name":"wp","href":"https:\/\/api.w.org\/{rel}","templated":true}]}}