{"id":3444,"date":"2022-04-22T15:37:53","date_gmt":"2022-04-22T13:37:53","guid":{"rendered":"https:\/\/therefore.net\/carrieres\/"},"modified":"2025-11-11T14:46:11","modified_gmt":"2025-11-11T13:46:11","slug":"carrieres","status":"publish","type":"page","link":"https:\/\/therefore.net\/fr\/carrieres\/","title":{"rendered":"Carri\u00e8res"},"content":{"rendered":"<section class=\"custom-block left-image-right-text-long\">\n    <div class=\"container  left-image-right-text-long__container\">\n        <div class=\"left-image-right-text-long__inner\">\n            <div class=\"left-image-right-text-long__image-wrapper\">\n                                    <img decoding=\"async\" width=\"515\" height=\"704\" src=\"https:\/\/therefore.net\/wp\/..\/app\/uploads\/2022\/04\/Why-join-Therefore.png\" class=\"attachment-full size-full\" alt=\"Cinq personnes travaillent autour d&#039;une table en bois sur laquelle sont pos\u00e9s des ordinateurs portables, des cahiers, des tasses de caf\u00e9, un bol de snacks, des smartphones, des \u00e9couteurs et des disques externes, cr\u00e9ant ainsi un espace de travail anim\u00e9 et collaboratif.\" srcset=\"https:\/\/therefore.net\/wp\/..\/app\/uploads\/2022\/04\/Why-join-Therefore.png 515w, https:\/\/therefore.net\/wp\/..\/app\/uploads\/2022\/04\/Why-join-Therefore-219x300.png 219w\" sizes=\"(max-width: 515px) 100vw, 515px\" \/>\n                            <\/div>\n            <div class=\"left-image-right-text-long__text-wrapper\">\n                <h2 class=\"left-image-right-text-long__title\">\n                    Pourquoi rejoindre Therefore ?\n                <\/h2>\n                <div class=\"left-image-right-text-long__text\">\n                    <p>Chez Therefore, tout tourne autour des personnes. Cela signifie que lorsque vous rejoignez notre \u00e9quipe, nous pensons \u00e0 adapter le poste \u00e0 vos int\u00e9r\u00eats et \u00e0 vos talents plut\u00f4t que d&#8217;essayer de vous caser dans un poste tout fait.<\/p>\n<p>La structure de notre petite \u00e9quipe internationale vous permet de jouer un r\u00f4le essentiel dans l&#8217;entreprise d\u00e8s le d\u00e9but. Et le fait que nous travaillions tous ensemble sur le m\u00eame grand logiciel place le travail d&#8217;\u00e9quipe au c\u0153ur de notre culture d&#8217;entreprise. Du d\u00e9veloppement au marketing, en passant par l&#8217;assistance et le service \u00e0 la client\u00e8le, vos talents seront mis \u00e0 profit d\u00e8s le d\u00e9part.<\/p>\n<p>Nous offrons de nombreuses possibilit\u00e9s d&#8217;\u00e9volution par le biais de formations, de forums et de la mobilit\u00e9 interne. Nous vous aiderons \u00e0 trouver un bon \u00e9quilibre entre vie professionnelle et vie priv\u00e9e, gr\u00e2ce \u00e0 des horaires de travail flexibles et \u00e0 un bureau \u00e0 domicile, ainsi qu&#8217;\u00e0 prendre des vacances sans \u00eatre interrompu par le travail. Nous nous d\u00e9veloppons rapidement et nous recherchons des personnes qui sont aussi enthousiastes que nous \u00e0 l&#8217;id\u00e9e d&#8217;am\u00e9liorer le produit et de d\u00e9velopper l&#8217;entreprise !<\/p>\n<p>Votre travail devrait \u00eatre aussi adaptable \u00e0 votre vie que votre syst\u00e8me de gestion de l&#8217;information. Qu&#8217;attendez-vous ?<\/p>\n<p>Dans le cadre de notre processus de recrutement, nous recherchons des personnes passionn\u00e9es, curieuses, ayant l&#8217;esprit d&#8217;\u00e9quipe et aimant apprendre.<\/p>\n\n                <\/div>\n                            <\/div>\n        <\/div>\n    <\/div>\n<\/section>\n\n\n<div class=\"custom-block simple-paragraph\">\n    <div class=\"container\">\n        <div class=\"blog-post__content blog-post__content--wide\">\n            <h1 style=\"text-align: center;\">Les postes \u00e0 pourvoir sont r\u00e9pertori\u00e9s sur notre page Carri\u00e8res en anglais.<\/h1>\n<h1><\/h1>\n<p>&nbsp;<\/p>\n<h4 style=\"text-align: center;\">Veuillez changer la langue de cette page en anglais pour voir les postes vacants.<\/h4>\n<p style=\"text-align: center;\">\n\n        <\/div>\n\n            <\/div>\n<\/div>\n\n","protected":false},"excerpt":{"rendered":"","protected":false},"author":1,"featured_media":0,"parent":0,"menu_order":0,"comment_status":"closed","ping_status":"closed","template":"","meta":{"_acf_changed":false,"inline_featured_image":false,"footnotes":""},"class_list":["post-3444","page","type-page","status-publish","hentry"],"acf":[],"yoast_head":"<!-- This site is optimized with the Yoast SEO plugin v27.3 - https:\/\/yoast.com\/product\/yoast-seo-wordpress\/ -->\n<title>Carri\u00e8res<\/title>\n<meta name=\"description\" content=\"Chez Therefore, tout tourne autour des personnes. Cela signifie que lorsque vous rejoignez notre \u00e9quipe, nous pensons \u00e0 votre carri\u00e8re, \u00e0 vos int\u00e9r\u00eats et \u00e0 vos talents.\" \/>\n<meta name=\"robots\" content=\"index, follow, max-snippet:-1, max-image-preview:large, max-video-preview:-1\" \/>\n<link rel=\"canonical\" href=\"https:\/\/therefore.net\/fr\/carrieres\/\" \/>\n<script type=\"application\/ld+json\" class=\"yoast-schema-graph\">{\"@context\":\"https:\\\/\\\/schema.org\",\"@graph\":[{\"@type\":\"WebPage\",\"@id\":\"https:\\\/\\\/therefore.net\\\/fr\\\/carrieres\\\/\",\"url\":\"https:\\\/\\\/therefore.net\\\/fr\\\/carrieres\\\/\",\"name\":\"Carri\u00e8res\",\"isPartOf\":{\"@id\":\"https:\\\/\\\/therefore.net\\\/fr\\\/#website\"},\"datePublished\":\"2022-04-22T13:37:53+00:00\",\"dateModified\":\"2025-11-11T13:46:11+00:00\",\"description\":\"Chez Therefore, tout tourne autour des personnes. Cela signifie que lorsque vous rejoignez notre \u00e9quipe, nous pensons \u00e0 votre carri\u00e8re, \u00e0 vos int\u00e9r\u00eats et \u00e0 vos talents.\",\"breadcrumb\":{\"@id\":\"https:\\\/\\\/therefore.net\\\/fr\\\/carrieres\\\/#breadcrumb\"},\"inLanguage\":\"fr-FR\",\"potentialAction\":[{\"@type\":\"ReadAction\",\"target\":[\"https:\\\/\\\/therefore.net\\\/fr\\\/carrieres\\\/\"]}]},{\"@type\":\"BreadcrumbList\",\"@id\":\"https:\\\/\\\/therefore.net\\\/fr\\\/carrieres\\\/#breadcrumb\",\"itemListElement\":[{\"@type\":\"ListItem\",\"position\":1,\"name\":\"Home\",\"item\":\"https:\\\/\\\/therefore.net\\\/fr\\\/\"},{\"@type\":\"ListItem\",\"position\":2,\"name\":\"Carri\u00e8res\"}]},{\"@type\":\"WebSite\",\"@id\":\"https:\\\/\\\/therefore.net\\\/fr\\\/#website\",\"url\":\"https:\\\/\\\/therefore.net\\\/fr\\\/\",\"name\":\"Therefore\",\"description\":\"\",\"publisher\":{\"@id\":\"https:\\\/\\\/therefore.net\\\/fr\\\/#organization\"},\"potentialAction\":[{\"@type\":\"SearchAction\",\"target\":{\"@type\":\"EntryPoint\",\"urlTemplate\":\"https:\\\/\\\/therefore.net\\\/fr\\\/?s={search_term_string}\"},\"query-input\":{\"@type\":\"PropertyValueSpecification\",\"valueRequired\":true,\"valueName\":\"search_term_string\"}}],\"inLanguage\":\"fr-FR\"},{\"@type\":\"Organization\",\"@id\":\"https:\\\/\\\/therefore.net\\\/fr\\\/#organization\",\"name\":\"Therefore\",\"url\":\"https:\\\/\\\/therefore.net\\\/fr\\\/\",\"logo\":{\"@type\":\"ImageObject\",\"inLanguage\":\"fr-FR\",\"@id\":\"https:\\\/\\\/therefore.net\\\/fr\\\/#\\\/schema\\\/logo\\\/image\\\/\",\"url\":\"https:\\\/\\\/therefore.net\\\/wp\\\/..\\\/app\\\/uploads\\\/2022\\\/04\\\/logo.png\",\"contentUrl\":\"https:\\\/\\\/therefore.net\\\/wp\\\/..\\\/app\\\/uploads\\\/2022\\\/04\\\/logo.png\",\"width\":176,\"height\":48,\"caption\":\"Therefore\"},\"image\":{\"@id\":\"https:\\\/\\\/therefore.net\\\/fr\\\/#\\\/schema\\\/logo\\\/image\\\/\"},\"sameAs\":[\"https:\\\/\\\/www.linkedin.com\\\/company\\\/therefore-corporation\\\/\",\"https:\\\/\\\/www.youtube.com\\\/user\\\/ThereforeTV\"]}]}<\/script>\n<!-- \/ Yoast SEO plugin. -->","yoast_head_json":{"title":"Carri\u00e8res","description":"Chez Therefore, tout tourne autour des personnes. Cela signifie que lorsque vous rejoignez notre \u00e9quipe, nous pensons \u00e0 votre carri\u00e8re, \u00e0 vos int\u00e9r\u00eats et \u00e0 vos talents.","robots":{"index":"index","follow":"follow","max-snippet":"max-snippet:-1","max-image-preview":"max-image-preview:large","max-video-preview":"max-video-preview:-1"},"canonical":"https:\/\/therefore.net\/fr\/carrieres\/","schema":{"@context":"https:\/\/schema.org","@graph":[{"@type":"WebPage","@id":"https:\/\/therefore.net\/fr\/carrieres\/","url":"https:\/\/therefore.net\/fr\/carrieres\/","name":"Carri\u00e8res","isPartOf":{"@id":"https:\/\/therefore.net\/fr\/#website"},"datePublished":"2022-04-22T13:37:53+00:00","dateModified":"2025-11-11T13:46:11+00:00","description":"Chez Therefore, tout tourne autour des personnes. Cela signifie que lorsque vous rejoignez notre \u00e9quipe, nous pensons \u00e0 votre carri\u00e8re, \u00e0 vos int\u00e9r\u00eats et \u00e0 vos talents.","breadcrumb":{"@id":"https:\/\/therefore.net\/fr\/carrieres\/#breadcrumb"},"inLanguage":"fr-FR","potentialAction":[{"@type":"ReadAction","target":["https:\/\/therefore.net\/fr\/carrieres\/"]}]},{"@type":"BreadcrumbList","@id":"https:\/\/therefore.net\/fr\/carrieres\/#breadcrumb","itemListElement":[{"@type":"ListItem","position":1,"name":"Home","item":"https:\/\/therefore.net\/fr\/"},{"@type":"ListItem","position":2,"name":"Carri\u00e8res"}]},{"@type":"WebSite","@id":"https:\/\/therefore.net\/fr\/#website","url":"https:\/\/therefore.net\/fr\/","name":"Therefore","description":"","publisher":{"@id":"https:\/\/therefore.net\/fr\/#organization"},"potentialAction":[{"@type":"SearchAction","target":{"@type":"EntryPoint","urlTemplate":"https:\/\/therefore.net\/fr\/?s={search_term_string}"},"query-input":{"@type":"PropertyValueSpecification","valueRequired":true,"valueName":"search_term_string"}}],"inLanguage":"fr-FR"},{"@type":"Organization","@id":"https:\/\/therefore.net\/fr\/#organization","name":"Therefore","url":"https:\/\/therefore.net\/fr\/","logo":{"@type":"ImageObject","inLanguage":"fr-FR","@id":"https:\/\/therefore.net\/fr\/#\/schema\/logo\/image\/","url":"https:\/\/therefore.net\/wp\/..\/app\/uploads\/2022\/04\/logo.png","contentUrl":"https:\/\/therefore.net\/wp\/..\/app\/uploads\/2022\/04\/logo.png","width":176,"height":48,"caption":"Therefore"},"image":{"@id":"https:\/\/therefore.net\/fr\/#\/schema\/logo\/image\/"},"sameAs":["https:\/\/www.linkedin.com\/company\/therefore-corporation\/","https:\/\/www.youtube.com\/user\/ThereforeTV"]}]}},"_links":{"self":[{"href":"https:\/\/therefore.net\/fr\/wp-json\/wp\/v2\/pages\/3444","targetHints":{"allow":["GET"]}}],"collection":[{"href":"https:\/\/therefore.net\/fr\/wp-json\/wp\/v2\/pages"}],"about":[{"href":"https:\/\/therefore.net\/fr\/wp-json\/wp\/v2\/types\/page"}],"author":[{"embeddable":true,"href":"https:\/\/therefore.net\/fr\/wp-json\/wp\/v2\/users\/1"}],"replies":[{"embeddable":true,"href":"https:\/\/therefore.net\/fr\/wp-json\/wp\/v2\/comments?post=3444"}],"version-history":[{"count":10,"href":"https:\/\/therefore.net\/fr\/wp-json\/wp\/v2\/pages\/3444\/revisions"}],"predecessor-version":[{"id":9990,"href":"https:\/\/therefore.net\/fr\/wp-json\/wp\/v2\/pages\/3444\/revisions\/9990"}],"wp:attachment":[{"href":"https:\/\/therefore.net\/fr\/wp-json\/wp\/v2\/media?parent=3444"}],"curies":[{"name":"wp","href":"https:\/\/api.w.org\/{rel}","templated":true}]}}