{"id":3481,"date":"2022-04-29T16:09:04","date_gmt":"2022-04-29T14:09:04","guid":{"rendered":"https:\/\/therefore.net\/ressources\/"},"modified":"2026-01-02T23:55:13","modified_gmt":"2026-01-02T22:55:13","slug":"ressources","status":"publish","type":"page","link":"https:\/\/therefore.net\/fr\/ressources\/","title":{"rendered":"Ressources"},"content":{"rendered":"<section class=\"custom-block left-image-right-text-shape left-image-right-text-shape--title\">\n            <div class=\"container page-title\">\n            <h2 class=\"page-title__heading left-image-right-text-shape__title\">\n                Besoin d&#8217;aide ? Vous \u00eates au bon endroit.\n            <\/h2>\n        <\/div>\n        <div class=\"left-image-right-text-shape__wrapper\">\n        <div class=\"container left-image-right-text-shape__container\">\n            <div class=\"left-image-right-text-shape__inner\">\n                <div class=\"left-image-right-text-shape__image-wrapper\">\n                                            <img decoding=\"async\" width=\"610\" height=\"344\" src=\"https:\/\/therefore.net\/wp\/..\/app\/uploads\/2022\/04\/super-helpful.png\" class=\"attachment-full size-full\" alt=\"Un n\u00e9on vert indiquant &quot;Super Helpful&quot; est allum\u00e9 \u00e0 l&#039;int\u00e9rieur d&#039;un b\u00e2timent faiblement \u00e9clair\u00e9, vu \u00e0 travers des panneaux de fen\u00eatres en verre avec des reflets et des ampoules apparentes visibles \u00e0 l&#039;arri\u00e8re-plan.\" srcset=\"https:\/\/therefore.net\/wp\/..\/app\/uploads\/2022\/04\/super-helpful.png 610w, https:\/\/therefore.net\/wp\/..\/app\/uploads\/2022\/04\/super-helpful-300x169.png 300w\" sizes=\"(max-width: 610px) 100vw, 610px\" \/>\n                                    <\/div>\n                <div class=\"left-image-right-text-shape__text-wrapper\">\n                    <div class=\"left-image-right-text-shape__text-wrapper__text\">\n                        <div class=\"left-image-right-text-shape__text\"><p>Vous avez besoin d&#8217;aide pour conna\u00eetre votre syst\u00e8me Therefore\u2122, ou vous ne savez pas par o\u00f9 commencer ? Consultez les ressources ci-dessous. Certaines ressources sont accessibles au public, tandis que d&#8217;autres sont r\u00e9serv\u00e9es \u00e0 nos partenaires revendeurs et \u00e0 la communaut\u00e9 Therefore. Si vous ne trouvez pas ce que vous cherchez, contactez-nous.<\/p>\n<\/div>\n                                                <a class=\"main-button main-button--secondary\" target=\"\"\n                            href=\"https:\/\/therefore.net\/fr\/contactez-nous\/\">Contactez-nous<\/a>\n                                            <\/div>\n                    <div class=\"left-image-right-text-shape__text-wrapper__shape\">\n                        <svg width=\"350\" height=\"172\" viewBox=\"0 0 350 172\" fill=\"none\" xmlns=\"http:\/\/www.w3.org\/2000\/svg\">\n<g clip-path=\"url(#clip0_391_84567)\">\n<path d=\"M350 3.05176e-05C350 94.993 272.993 172 178 172L0 172L1.50367e-05 -8.03937e-08L350 3.05176e-05Z\" fill=\"#1E5BFA\"\/>\n<g filter=\"url(#filter0_f_391_84567)\">\n<circle cx=\"44\" cy=\"146\" r=\"218\" fill=\"#44EDF8\" fill-opacity=\"0.56\"\/>\n<\/g>\n<\/g>\n<defs>\n<filter id=\"filter0_f_391_84567\" x=\"-474\" y=\"-372\" width=\"1036\" height=\"1036\" filterUnits=\"userSpaceOnUse\" color-interpolation-filters=\"sRGB\">\n<feFlood flood-opacity=\"0\" result=\"BackgroundImageFix\"\/>\n<feBlend mode=\"normal\" in=\"SourceGraphic\" in2=\"BackgroundImageFix\" result=\"shape\"\/>\n<feGaussianBlur stdDeviation=\"150\" result=\"effect1_foregroundBlur_391_84567\"\/>\n<\/filter>\n<clipPath id=\"clip0_391_84567\">\n<path d=\"M350 3.05176e-05C350 94.993 272.993 172 178 172L0 172L1.50367e-05 -8.03937e-08L350 3.05176e-05Z\" fill=\"white\"\/>\n<\/clipPath>\n<\/defs>\n<\/svg>\n\n                    <\/div>\n                <\/div>\n            <\/div>\n        <\/div>\n    <\/div>\n<\/section>\n\n\n<div class=\"custom-block resources-tiles-block\">\n    <div class=\"container resources-tiles-block__container\">\n                    <div class=\"resources-tiles-block__tiles\">\n                                                        <div class=\"tile-item\">\n                        <div class=\"resources-tiles-block__tile tile-item__wrapper\">\n                            <div class=\"tile-item__content\">\n                                <h3 class=\"tile-item__title\">\n                                    Questions g\u00e9n\u00e9rales sur l&#8217;utilisation ou la configuration de Therefore\u2122 \n                                <\/h3>\n                                <p class=\"tile-item__text\">Documentation technique<\/p>\n                            <\/div>\n                            <div class=\"tile-item__cta\">\n                                                                                                            <a href=\"https:\/\/help.therefore.net\/\" target=\"\"\n                                           class=\"tile-item__link arrow-link link-green\">Aller \u00e0 la page d&#8217;aide<\/a>\n                                                                                                <\/div>\n                        <\/div>\n                    <\/div>\n                                                        <div class=\"tile-item\">\n                        <div class=\"resources-tiles-block__tile tile-item__wrapper\">\n                            <div class=\"tile-item__content\">\n                                <h3 class=\"tile-item__title\">\n                                    Support technique\n                                <\/h3>\n                                <p class=\"tile-item__text\">Nous travaillons avec des sp\u00e9cialistes du support Canon dans le monde entier pour fournir une assistance technique.<\/p>\n                            <\/div>\n                            <div class=\"tile-item__cta\">\n                                                                                                            <a href=\"https:\/\/therefore.net\/fr\/support-technique\/\" target=\"\"\n                                           class=\"tile-item__link arrow-link link-green\">Support technique<\/a>\n                                                                                                <\/div>\n                        <\/div>\n                    <\/div>\n                                                        <div class=\"tile-item\">\n                        <div class=\"resources-tiles-block__tile tile-item__wrapper\">\n                            <div class=\"tile-item__content\">\n                                <h3 class=\"tile-item__title\">\n                                    Portail partenaires\n                                <\/h3>\n                                <p class=\"tile-item__text\">L&#8217;Extranet Therefore\u2122 est un portail r\u00e9serv\u00e9 \u00e0 Canon et aux partenaires de Canon. <\/p>\n                            <\/div>\n                            <div class=\"tile-item__cta\">\n                                                                                                            <a href=\"https:\/\/extranet.therefore.net\/  \" target=\"\"\n                                           class=\"tile-item__link arrow-link link-green\">Se connecter<\/a>\n                                                                                                <\/div>\n                        <\/div>\n                    <\/div>\n                                                        <div class=\"tile-item\">\n                        <div class=\"resources-tiles-block__tile tile-item__wrapper\">\n                            <div class=\"tile-item__content\">\n                                <h3 class=\"tile-item__title\">\n                                    eLearning\n                                <\/h3>\n                                <p class=\"tile-item__text\">La formation technique sur les produits est disponible pour Canon et ses partenaires par le biais de la plateforme d&#8217;apprentissage en ligne Therefore.<\/p>\n                            <\/div>\n                            <div class=\"tile-item__cta\">\n                                                                                                            <a href=\"https:\/\/learn.therefore.net\/  \" target=\"_blank\"\n                                           class=\"tile-item__link arrow-link link-green\">Aller \u00e0 l&#8217;apprentissage en ligne<\/a>\n                                                                                                <\/div>\n                        <\/div>\n                    <\/div>\n                                                        <div class=\"tile-item\">\n                        <div class=\"resources-tiles-block__tile tile-item__wrapper\">\n                            <div class=\"tile-item__content\">\n                                <h3 class=\"tile-item__title\">\n                                    Videos Therefore\u2122\n                                <\/h3>\n                                <p class=\"tile-item__text\">Consultez notre vaste biblioth\u00e8que de vid\u00e9os Therefore\u2122, couvrant un large \u00e9ventail de sujets, des webinaires aux d\u00e9monstrations de produits, en passant par les vid\u00e9os de marketing et bien plus encore. <\/p>\n                            <\/div>\n                            <div class=\"tile-item__cta\">\n                                                                                                            <a href=\"https:\/\/www.youtube.com\/user\/ThereforeTV  \" target=\"_blank\"\n                                           class=\"tile-item__link arrow-link link-green\">Aller \u00e0 Therefore TV<\/a>\n                                                                                                <\/div>\n                        <\/div>\n                    <\/div>\n                                                        <div class=\"tile-item\">\n                        <div class=\"resources-tiles-block__tile tile-item__wrapper\">\n                            <div class=\"tile-item__content\">\n                                <h3 class=\"tile-item__title\">\n                                    Derni\u00e8res nouvelles de Therefore\u2122\n                                <\/h3>\n                                <p class=\"tile-item__text\">Restez au courant des derni\u00e8res nouvelles du monde de Therefore\u2122 en consultant notre blog (en anglais).<\/p>\n                            <\/div>\n                            <div class=\"tile-item__cta\">\n                                                                                                            <a href=\"https:\/\/therefore.net\/blog\/\" target=\"\"\n                                           class=\"tile-item__link link-green\">Blog<\/a>\n                                                                                                                                                <a href=\"\" target=\"\"\n                                           class=\"tile-item__link link-green\"><\/a>\n                                                                                                <\/div>\n                        <\/div>\n                    <\/div>\n                            <\/div>\n            <\/div>\n<\/section>","protected":false},"excerpt":{"rendered":"","protected":false},"author":1,"featured_media":0,"parent":0,"menu_order":0,"comment_status":"closed","ping_status":"closed","template":"","meta":{"_acf_changed":false,"inline_featured_image":false,"footnotes":""},"class_list":["post-3481","page","type-page","status-publish","hentry"],"acf":[],"yoast_head":"<!-- This site is optimized with the Yoast SEO plugin v27.3 - https:\/\/yoast.com\/product\/yoast-seo-wordpress\/ -->\n<title>Ressources - Therefore<\/title>\n<meta name=\"description\" content=\"Vous avez besoin d&#039;aide pour conna\u00eetre votre syst\u00e8me Therefore\u2122, ou vous ne savez pas par o\u00f9 commencer ? Consultez les ressources ci-dessous.\" \/>\n<meta name=\"robots\" content=\"index, follow, max-snippet:-1, max-image-preview:large, max-video-preview:-1\" \/>\n<link rel=\"canonical\" href=\"https:\/\/therefore.net\/fr\/ressources\/\" \/>\n<script type=\"application\/ld+json\" class=\"yoast-schema-graph\">{\"@context\":\"https:\\\/\\\/schema.org\",\"@graph\":[{\"@type\":\"WebPage\",\"@id\":\"https:\\\/\\\/therefore.net\\\/fr\\\/ressources\\\/\",\"url\":\"https:\\\/\\\/therefore.net\\\/fr\\\/ressources\\\/\",\"name\":\"Ressources - Therefore\",\"isPartOf\":{\"@id\":\"https:\\\/\\\/therefore.net\\\/fr\\\/#website\"},\"datePublished\":\"2022-04-29T14:09:04+00:00\",\"dateModified\":\"2026-01-02T22:55:13+00:00\",\"description\":\"Vous avez besoin d'aide pour conna\u00eetre votre syst\u00e8me Therefore\u2122, ou vous ne savez pas par o\u00f9 commencer ? Consultez les ressources ci-dessous.\",\"breadcrumb\":{\"@id\":\"https:\\\/\\\/therefore.net\\\/fr\\\/ressources\\\/#breadcrumb\"},\"inLanguage\":\"fr-FR\",\"potentialAction\":[{\"@type\":\"ReadAction\",\"target\":[\"https:\\\/\\\/therefore.net\\\/fr\\\/ressources\\\/\"]}]},{\"@type\":\"BreadcrumbList\",\"@id\":\"https:\\\/\\\/therefore.net\\\/fr\\\/ressources\\\/#breadcrumb\",\"itemListElement\":[{\"@type\":\"ListItem\",\"position\":1,\"name\":\"Home\",\"item\":\"https:\\\/\\\/therefore.net\\\/fr\\\/\"},{\"@type\":\"ListItem\",\"position\":2,\"name\":\"Ressources\"}]},{\"@type\":\"WebSite\",\"@id\":\"https:\\\/\\\/therefore.net\\\/fr\\\/#website\",\"url\":\"https:\\\/\\\/therefore.net\\\/fr\\\/\",\"name\":\"Therefore\",\"description\":\"\",\"publisher\":{\"@id\":\"https:\\\/\\\/therefore.net\\\/fr\\\/#organization\"},\"potentialAction\":[{\"@type\":\"SearchAction\",\"target\":{\"@type\":\"EntryPoint\",\"urlTemplate\":\"https:\\\/\\\/therefore.net\\\/fr\\\/?s={search_term_string}\"},\"query-input\":{\"@type\":\"PropertyValueSpecification\",\"valueRequired\":true,\"valueName\":\"search_term_string\"}}],\"inLanguage\":\"fr-FR\"},{\"@type\":\"Organization\",\"@id\":\"https:\\\/\\\/therefore.net\\\/fr\\\/#organization\",\"name\":\"Therefore\",\"url\":\"https:\\\/\\\/therefore.net\\\/fr\\\/\",\"logo\":{\"@type\":\"ImageObject\",\"inLanguage\":\"fr-FR\",\"@id\":\"https:\\\/\\\/therefore.net\\\/fr\\\/#\\\/schema\\\/logo\\\/image\\\/\",\"url\":\"https:\\\/\\\/therefore.net\\\/wp\\\/..\\\/app\\\/uploads\\\/2022\\\/04\\\/logo.png\",\"contentUrl\":\"https:\\\/\\\/therefore.net\\\/wp\\\/..\\\/app\\\/uploads\\\/2022\\\/04\\\/logo.png\",\"width\":176,\"height\":48,\"caption\":\"Therefore\"},\"image\":{\"@id\":\"https:\\\/\\\/therefore.net\\\/fr\\\/#\\\/schema\\\/logo\\\/image\\\/\"},\"sameAs\":[\"https:\\\/\\\/www.linkedin.com\\\/company\\\/therefore-corporation\\\/\",\"https:\\\/\\\/www.youtube.com\\\/user\\\/ThereforeTV\"]}]}<\/script>\n<!-- \/ Yoast SEO plugin. -->","yoast_head_json":{"title":"Ressources - Therefore","description":"Vous avez besoin d'aide pour conna\u00eetre votre syst\u00e8me Therefore\u2122, ou vous ne savez pas par o\u00f9 commencer ? Consultez les ressources ci-dessous.","robots":{"index":"index","follow":"follow","max-snippet":"max-snippet:-1","max-image-preview":"max-image-preview:large","max-video-preview":"max-video-preview:-1"},"canonical":"https:\/\/therefore.net\/fr\/ressources\/","schema":{"@context":"https:\/\/schema.org","@graph":[{"@type":"WebPage","@id":"https:\/\/therefore.net\/fr\/ressources\/","url":"https:\/\/therefore.net\/fr\/ressources\/","name":"Ressources - Therefore","isPartOf":{"@id":"https:\/\/therefore.net\/fr\/#website"},"datePublished":"2022-04-29T14:09:04+00:00","dateModified":"2026-01-02T22:55:13+00:00","description":"Vous avez besoin d'aide pour conna\u00eetre votre syst\u00e8me Therefore\u2122, ou vous ne savez pas par o\u00f9 commencer ? Consultez les ressources ci-dessous.","breadcrumb":{"@id":"https:\/\/therefore.net\/fr\/ressources\/#breadcrumb"},"inLanguage":"fr-FR","potentialAction":[{"@type":"ReadAction","target":["https:\/\/therefore.net\/fr\/ressources\/"]}]},{"@type":"BreadcrumbList","@id":"https:\/\/therefore.net\/fr\/ressources\/#breadcrumb","itemListElement":[{"@type":"ListItem","position":1,"name":"Home","item":"https:\/\/therefore.net\/fr\/"},{"@type":"ListItem","position":2,"name":"Ressources"}]},{"@type":"WebSite","@id":"https:\/\/therefore.net\/fr\/#website","url":"https:\/\/therefore.net\/fr\/","name":"Therefore","description":"","publisher":{"@id":"https:\/\/therefore.net\/fr\/#organization"},"potentialAction":[{"@type":"SearchAction","target":{"@type":"EntryPoint","urlTemplate":"https:\/\/therefore.net\/fr\/?s={search_term_string}"},"query-input":{"@type":"PropertyValueSpecification","valueRequired":true,"valueName":"search_term_string"}}],"inLanguage":"fr-FR"},{"@type":"Organization","@id":"https:\/\/therefore.net\/fr\/#organization","name":"Therefore","url":"https:\/\/therefore.net\/fr\/","logo":{"@type":"ImageObject","inLanguage":"fr-FR","@id":"https:\/\/therefore.net\/fr\/#\/schema\/logo\/image\/","url":"https:\/\/therefore.net\/wp\/..\/app\/uploads\/2022\/04\/logo.png","contentUrl":"https:\/\/therefore.net\/wp\/..\/app\/uploads\/2022\/04\/logo.png","width":176,"height":48,"caption":"Therefore"},"image":{"@id":"https:\/\/therefore.net\/fr\/#\/schema\/logo\/image\/"},"sameAs":["https:\/\/www.linkedin.com\/company\/therefore-corporation\/","https:\/\/www.youtube.com\/user\/ThereforeTV"]}]}},"_links":{"self":[{"href":"https:\/\/therefore.net\/fr\/wp-json\/wp\/v2\/pages\/3481","targetHints":{"allow":["GET"]}}],"collection":[{"href":"https:\/\/therefore.net\/fr\/wp-json\/wp\/v2\/pages"}],"about":[{"href":"https:\/\/therefore.net\/fr\/wp-json\/wp\/v2\/types\/page"}],"author":[{"embeddable":true,"href":"https:\/\/therefore.net\/fr\/wp-json\/wp\/v2\/users\/1"}],"replies":[{"embeddable":true,"href":"https:\/\/therefore.net\/fr\/wp-json\/wp\/v2\/comments?post=3481"}],"version-history":[{"count":11,"href":"https:\/\/therefore.net\/fr\/wp-json\/wp\/v2\/pages\/3481\/revisions"}],"predecessor-version":[{"id":10527,"href":"https:\/\/therefore.net\/fr\/wp-json\/wp\/v2\/pages\/3481\/revisions\/10527"}],"wp:attachment":[{"href":"https:\/\/therefore.net\/fr\/wp-json\/wp\/v2\/media?parent=3481"}],"curies":[{"name":"wp","href":"https:\/\/api.w.org\/{rel}","templated":true}]}}