{"id":3496,"date":"2022-08-03T22:36:53","date_gmt":"2022-08-03T20:36:53","guid":{"rendered":"https:\/\/therefore.net\/prix-et-certifications\/"},"modified":"2026-01-02T23:48:49","modified_gmt":"2026-01-02T22:48:49","slug":"prix-et-certifications","status":"publish","type":"page","link":"https:\/\/therefore.net\/fr\/prix-et-certifications\/","title":{"rendered":"Prix et certifications"},"content":{"rendered":"<div class=\"custom-block simple-paragraph\">\n    <div class=\"container\">\n        <div class=\"blog-post__content blog-post__content--wide\">\n            <h2>Le logiciel Therefore\u2122 a re\u00e7u de nombreux prix et certifications dans le domaine de la gestion de l&#8217;information. Qu&#8217;il s&#8217;agisse de prix pour les capacit\u00e9s exceptionnelles de la plateforme ou de la conformit\u00e9 aux normes internationales, Therefore\u2122 a re\u00e7u une reconnaissance et des \u00e9loges dans le monde entier.<\/h2>\n\n        <\/div>\n\n            <\/div>\n<\/div>\n\n\n\n<div class=\"custom-block simple-paragraph\">\n    <div class=\"container\">\n        <div class=\"blog-post__content blog-post__content--wide\">\n            <h1 style=\"text-align: center;\"><span style=\"color: #bed500;\"><strong>Prix et certifications<br \/>\n<\/strong><\/span><\/h1>\n\n        <\/div>\n\n            <\/div>\n<\/div>\n\n\n\n<div class=\"custom-block resources-tiles-block\">\n    <div class=\"container resources-tiles-block__container\">\n                    <div class=\"resources-tiles-block__tiles\">\n                                                        <div class=\"tile-item\">\n                        <div class=\"resources-tiles-block__tile tile-item__wrapper\">\n                            <div class=\"tile-item__content\">\n                                <h3 class=\"tile-item__title\">\n                                    Software Reviews ECM Award\n                                <\/h3>\n                                <p class=\"tile-item__text\">Le logiciel Therefore\u2122 a obtenu une place de &#8220;leader&#8221; dans le quadrant de donn\u00e9es de SoftwareReviews.<\/p>\n                            <\/div>\n                            <div class=\"tile-item__cta\">\n                                                                                                            <a href=\"https:\/\/therefore.net\/fr\/prix-et-certifications\/software-review-awards\/\" target=\"\"\n                                           class=\"tile-item__link arrow-link link-green\">En savoir plus<\/a>\n                                                                                                <\/div>\n                        <\/div>\n                    <\/div>\n                                                        <div class=\"tile-item\">\n                        <div class=\"resources-tiles-block__tile tile-item__wrapper\">\n                            <div class=\"tile-item__content\">\n                                <h3 class=\"tile-item__title\">\n                                    DataMaster GED Award\n                                <\/h3>\n                                <p class=\"tile-item__text\">Therefore\u2122 a remport\u00e9 deux prix d\u00e9cern\u00e9s par DataMaster Lab, un laboratoire de test fran\u00e7ais ind\u00e9pendant pour les machines de bureau et les solutions logicielles. <\/p>\n                            <\/div>\n                            <div class=\"tile-item__cta\">\n                                                                                                            <a href=\"https:\/\/therefore.net\/fr\/prix-et-certifications\/datamaster-awards\/\" target=\"\"\n                                           class=\"tile-item__link arrow-link link-green\">En savoir plus<\/a>\n                                                                                                <\/div>\n                        <\/div>\n                    <\/div>\n                                                        <div class=\"tile-item\">\n                        <div class=\"resources-tiles-block__tile tile-item__wrapper\">\n                            <div class=\"tile-item__content\">\n                                <h3 class=\"tile-item__title\">\n                                    Buyer&#8217;s Lab Pick Award\n                                <\/h3>\n                                <p class=\"tile-item__text\">Therefore\u2122 a \u00e9t\u00e9 r\u00e9compens\u00e9 par plusieurs prix Pick pour sa plateforme de gestion de l&#8217;information exceptionnelle.<\/p>\n                            <\/div>\n                            <div class=\"tile-item__cta\">\n                                                                                                            <a href=\"https:\/\/therefore.net\/fr\/prix-et-certifications\/bli-pick-award\/\" target=\"\"\n                                           class=\"tile-item__link arrow-link link-green\">En savoir plus<\/a>\n                                                                                                <\/div>\n                        <\/div>\n                    <\/div>\n                                                        <div class=\"tile-item\">\n                        <div class=\"resources-tiles-block__tile tile-item__wrapper\">\n                            <div class=\"tile-item__content\">\n                                <h3 class=\"tile-item__title\">\n                                    Audit de la protection des donn\u00e9es RGDP\n                                <\/h3>\n                                <p class=\"tile-item__text\">Le logiciel Therefore\u2122 a pass\u00e9 avec succ\u00e8s un audit rigoureux sur la protection des donn\u00e9es r\u00e9alis\u00e9 par le cabinet de conseil allemand Ebner Stolz. <\/p>\n                            <\/div>\n                            <div class=\"tile-item__cta\">\n                                                                                                            <a href=\"https:\/\/therefore.net\/fr\/prix-et-certifications\/reglement-general-sur-la-protection-des-donnees\/\" target=\"\"\n                                           class=\"tile-item__link arrow-link link-green\">En savoir plus<\/a>\n                                                                                                <\/div>\n                        <\/div>\n                    <\/div>\n                                                        <div class=\"tile-item\">\n                        <div class=\"resources-tiles-block__tile tile-item__wrapper\">\n                            <div class=\"tile-item__content\">\n                                <h3 class=\"tile-item__title\">\n                                    ASTORS Homeland Security Award\n                                <\/h3>\n                                <p class=\"tile-item__text\">Le programme ASTORS est sp\u00e9cialement con\u00e7u pour r\u00e9compenser les solutions gouvernementales et les fournisseurs qui apportent une valeur ajout\u00e9e, des avantages et des informations aux utilisateurs finaux dans une vari\u00e9t\u00e9 de march\u00e9s verticaux du gouvernement, de la s\u00e9curit\u00e9 int\u00e9rieure, des entreprises et de la s\u00e9curit\u00e9 publique.<\/p>\n                            <\/div>\n                            <div class=\"tile-item__cta\">\n                                                            <\/div>\n                        <\/div>\n                    <\/div>\n                                                        <div class=\"tile-item\">\n                        <div class=\"resources-tiles-block__tile tile-item__wrapper\">\n                            <div class=\"tile-item__content\">\n                                <h3 class=\"tile-item__title\">\n                                    Connecteur SAP certifi\u00e9\n                                <\/h3>\n                                <p class=\"tile-item__text\">Le Therefore\u2122 Connector pour SAP NetWeaver\u00ae est officiellement certifi\u00e9 par SAP SE. Nous sommes fiers de notre partenariat avec SAP SE, qui nous permet de fournir une int\u00e9gration puissante et d&#8217;offrir une grande valeur \u00e0 nos clients.<\/p>\n                            <\/div>\n                            <div class=\"tile-item__cta\">\n                                                                                                            <a href=\"https:\/\/therefore.net\/fr\/prix-et-certifications\/connecteur-sap-certifie\/\" target=\"\"\n                                           class=\"tile-item__link arrow-link link-green\">En savoir plus<\/a>\n                                                                                                <\/div>\n                        <\/div>\n                    <\/div>\n                                                        <div class=\"tile-item\">\n                        <div class=\"resources-tiles-block__tile tile-item__wrapper\">\n                            <div class=\"tile-item__content\">\n                                <h3 class=\"tile-item__title\">\n                                    Connecteur NAV certifi\u00e9\n                                <\/h3>\n                                <p class=\"tile-item__text\">Le Therefore\u2122 Connector pour Dynamics NAV a r\u00e9pondu \u00e0 la norme la plus \u00e9lev\u00e9e de Microsoft pour les logiciels d\u00e9velopp\u00e9s par des partenaires et est officiellement certifi\u00e9.<\/p>\n                            <\/div>\n                            <div class=\"tile-item__cta\">\n                                                                                                            <a href=\"https:\/\/therefore.net\/fr\/prix-et-certifications\/connecteur-nav-certifie\/\" target=\"\"\n                                           class=\"tile-item__link arrow-link link-green\">En savoir plus<\/a>\n                                                                                                <\/div>\n                        <\/div>\n                    <\/div>\n                                                        <div class=\"tile-item\">\n                        <div class=\"resources-tiles-block__tile tile-item__wrapper\">\n                            <div class=\"tile-item__content\">\n                                <h3 class=\"tile-item__title\">\n                                    Tests de s\u00e9curit\u00e9\n                                <\/h3>\n                                <p class=\"tile-item__text\">Les logiciels Therefore\u2122 sont r\u00e9guli\u00e8rement audit\u00e9s par IO Active, le leader mondial de la cybers\u00e9curit\u00e9.<\/p>\n                            <\/div>\n                            <div class=\"tile-item__cta\">\n                                                            <\/div>\n                        <\/div>\n                    <\/div>\n                            <\/div>\n            <\/div>\n<\/section>\n\n<div class=\"custom-block simple-paragraph\">\n    <div class=\"container\">\n        <div class=\"blog-post__content blog-post__content--wide\">\n            <h1 style=\"text-align: center;\"><span style=\"color: #bed500;\"><strong>Conformit\u00e9<\/strong><\/span><\/h1>\n\n        <\/div>\n\n            <\/div>\n<\/div>\n\n\n\n\n<section class=\"custom-block listing-block\">\n    <div class=\"container listing-block__container\">\n                    <div class=\"listing-block__tiles\">\n                                                        <div class=\"tile-item\">\n                        <div class=\"listing-block__tile tile-item__wrapper\">\n                            <div class=\"tile-item__content\">\n                                <h3 class=\"tile-item__title\" title=\"RGDP\">\n                                    RGDP\n                                <\/h3>\n                                <p class=\"tile-item__text\">Le RGDP est un r\u00e8glement con\u00e7u par la Commission europ\u00e9enne pour cr\u00e9er une&#8230;<\/p>\n                            <\/div>\n                            <div class=\"tile-item__cta\">\n                                                                            <a href=\"https:\/\/therefore.net\/fr\/prix-et-certifications\/reglement-general-sur-la-protection-des-donnees\/\" target=\"\"\n                                           class=\"tile-item__link arrow-link link-accent\">En savoir plus<\/a>\n                                                                <\/div>\n                        <\/div>\n                    <\/div>\n                                                        <div class=\"tile-item\">\n                        <div class=\"listing-block__tile tile-item__wrapper\">\n                            <div class=\"tile-item__content\">\n                                <h3 class=\"tile-item__title\" title=\"Privacy Amendment Act\">\n                                    Privacy Amendment Act\n                                <\/h3>\n                                <p class=\"tile-item__text\">Le Privacy Amendment (Notifiable Data Breaches) Act 2017 est un r\u00e8glement con\u00e7u par&hellip;<\/p>\n                            <\/div>\n                            <div class=\"tile-item__cta\">\n                                                                            <a href=\"https:\/\/therefore.net\/fr\/prix-et-certifications\/privacy-amendment-notifiable-data-breaches-act-2017\/\" target=\"\"\n                                           class=\"tile-item__link arrow-link link-accent\">En savoir plus<\/a>\n                                                                <\/div>\n                        <\/div>\n                    <\/div>\n                                                        <div class=\"tile-item\">\n                        <div class=\"listing-block__tile tile-item__wrapper\">\n                            <div class=\"tile-item__content\">\n                                <h3 class=\"tile-item__title\" title=\"Victorian Electronic Records Strategy (VERS)\">\n                                    Victorian Electronic Records Strategy (VERS)\n                                <\/h3>\n                                <p class=\"tile-item__text\">Le Victorian Electronic Records Strategy (VERS) est une norme \u00e9tablie par le Public&hellip;<\/p>\n                            <\/div>\n                            <div class=\"tile-item__cta\">\n                                                                            <a href=\"https:\/\/therefore.net\/fr\/prix-et-certifications\/vers\/\" target=\"\"\n                                           class=\"tile-item__link arrow-link link-accent\">En savoir plus<\/a>\n                                                                <\/div>\n                        <\/div>\n                    <\/div>\n                                                        <div class=\"tile-item\">\n                        <div class=\"listing-block__tile tile-item__wrapper\">\n                            <div class=\"tile-item__content\">\n                                <h3 class=\"tile-item__title\" title=\"S\u00c4HKE2\">\n                                    S\u00c4HKE2\n                                <\/h3>\n                                <p class=\"tile-item__text\">S\u00c4HKE2 est la norme utilis\u00e9e par le gouvernement finlandais qui \u00e9tablit un cadre&hellip;<\/p>\n                            <\/div>\n                            <div class=\"tile-item__cta\">\n                                                                            <a href=\"https:\/\/therefore.net\/fr\/prix-et-certifications\/sahke2\/\" target=\"\"\n                                           class=\"tile-item__link arrow-link link-accent\">En savoir plus<\/a>\n                                                                <\/div>\n                        <\/div>\n                    <\/div>\n                                <div class=\"tile-item tile-item--svg\">\n                    <svg width=\"255\" height=\"288\" viewBox=\"0 0 255 288\" fill=\"none\" xmlns=\"http:\/\/www.w3.org\/2000\/svg\">\n<g clip-path=\"url(#clip0_390_80369)\">\n<path d=\"M255 88C255 198.457 165.457 288 55 288L-3.05176e-05 288L-5.33982e-06 8.22477e-06L255 3.05176e-05L255 88Z\" fill=\"#1E5BFA\"\/>\n<g filter=\"url(#filter0_f_390_80369)\">\n<circle cx=\"-51\" cy=\"262\" r=\"218\" fill=\"#44EDF8\" fill-opacity=\"0.56\"\/>\n<\/g>\n<\/g>\n<defs>\n<filter id=\"filter0_f_390_80369\" x=\"-569\" y=\"-256\" width=\"1036\" height=\"1036\" filterUnits=\"userSpaceOnUse\" color-interpolation-filters=\"sRGB\">\n<feFlood flood-opacity=\"0\" result=\"BackgroundImageFix\"\/>\n<feBlend mode=\"normal\" in=\"SourceGraphic\" in2=\"BackgroundImageFix\" result=\"shape\"\/>\n<feGaussianBlur stdDeviation=\"150\" result=\"effect1_foregroundBlur_390_80369\"\/>\n<\/filter>\n<clipPath id=\"clip0_390_80369\">\n<path d=\"M255 88C255 198.457 165.457 288 55 288L-3.05176e-05 288L-5.33982e-06 8.22477e-06L255 3.05176e-05L255 88Z\" fill=\"white\"\/>\n<\/clipPath>\n<\/defs>\n<\/svg>\n\n                <\/div>\n            <\/div>\n            <\/div>\n<\/section>\n","protected":false},"excerpt":{"rendered":"","protected":false},"author":5,"featured_media":0,"parent":0,"menu_order":0,"comment_status":"closed","ping_status":"closed","template":"","meta":{"_acf_changed":false,"inline_featured_image":false,"footnotes":""},"class_list":["post-3496","page","type-page","status-publish","hentry"],"acf":[],"yoast_head":"<!-- This site is optimized with the Yoast SEO plugin v27.4 - https:\/\/yoast.com\/product\/yoast-seo-wordpress\/ -->\n<title>Prix et certifications - Therefore<\/title>\n<meta name=\"description\" content=\"Le logiciel Therefore\u2122 a re\u00e7u de nombreux prix et certifications dans le domaine de la gestion de l&#039;information. Qu&#039;il s&#039;agisse de prix pour une plateforme exceptionnelle\" \/>\n<meta name=\"robots\" content=\"index, follow, max-snippet:-1, max-image-preview:large, max-video-preview:-1\" \/>\n<link rel=\"canonical\" href=\"https:\/\/therefore.net\/fr\/prix-et-certifications\/\" \/>\n<script type=\"application\/ld+json\" class=\"yoast-schema-graph\">{\"@context\":\"https:\\\/\\\/schema.org\",\"@graph\":[{\"@type\":\"WebPage\",\"@id\":\"https:\\\/\\\/therefore.net\\\/fr\\\/prix-et-certifications\\\/\",\"url\":\"https:\\\/\\\/therefore.net\\\/fr\\\/prix-et-certifications\\\/\",\"name\":\"Prix et certifications - Therefore\",\"isPartOf\":{\"@id\":\"https:\\\/\\\/therefore.net\\\/fr\\\/#website\"},\"datePublished\":\"2022-08-03T20:36:53+00:00\",\"dateModified\":\"2026-01-02T22:48:49+00:00\",\"description\":\"Le logiciel Therefore\u2122 a re\u00e7u de nombreux prix et certifications dans le domaine de la gestion de l'information. Qu'il s'agisse de prix pour une plateforme exceptionnelle\",\"breadcrumb\":{\"@id\":\"https:\\\/\\\/therefore.net\\\/fr\\\/prix-et-certifications\\\/#breadcrumb\"},\"inLanguage\":\"fr-FR\",\"potentialAction\":[{\"@type\":\"ReadAction\",\"target\":[\"https:\\\/\\\/therefore.net\\\/fr\\\/prix-et-certifications\\\/\"]}]},{\"@type\":\"BreadcrumbList\",\"@id\":\"https:\\\/\\\/therefore.net\\\/fr\\\/prix-et-certifications\\\/#breadcrumb\",\"itemListElement\":[{\"@type\":\"ListItem\",\"position\":1,\"name\":\"Home\",\"item\":\"https:\\\/\\\/therefore.net\\\/fr\\\/\"},{\"@type\":\"ListItem\",\"position\":2,\"name\":\"Prix et certifications\"}]},{\"@type\":\"WebSite\",\"@id\":\"https:\\\/\\\/therefore.net\\\/fr\\\/#website\",\"url\":\"https:\\\/\\\/therefore.net\\\/fr\\\/\",\"name\":\"Therefore\",\"description\":\"\",\"publisher\":{\"@id\":\"https:\\\/\\\/therefore.net\\\/fr\\\/#organization\"},\"potentialAction\":[{\"@type\":\"SearchAction\",\"target\":{\"@type\":\"EntryPoint\",\"urlTemplate\":\"https:\\\/\\\/therefore.net\\\/fr\\\/?s={search_term_string}\"},\"query-input\":{\"@type\":\"PropertyValueSpecification\",\"valueRequired\":true,\"valueName\":\"search_term_string\"}}],\"inLanguage\":\"fr-FR\"},{\"@type\":\"Organization\",\"@id\":\"https:\\\/\\\/therefore.net\\\/fr\\\/#organization\",\"name\":\"Therefore\",\"url\":\"https:\\\/\\\/therefore.net\\\/fr\\\/\",\"logo\":{\"@type\":\"ImageObject\",\"inLanguage\":\"fr-FR\",\"@id\":\"https:\\\/\\\/therefore.net\\\/fr\\\/#\\\/schema\\\/logo\\\/image\\\/\",\"url\":\"https:\\\/\\\/therefore.net\\\/wp\\\/..\\\/app\\\/uploads\\\/2022\\\/04\\\/logo.png\",\"contentUrl\":\"https:\\\/\\\/therefore.net\\\/wp\\\/..\\\/app\\\/uploads\\\/2022\\\/04\\\/logo.png\",\"width\":176,\"height\":48,\"caption\":\"Therefore\"},\"image\":{\"@id\":\"https:\\\/\\\/therefore.net\\\/fr\\\/#\\\/schema\\\/logo\\\/image\\\/\"},\"sameAs\":[\"https:\\\/\\\/www.linkedin.com\\\/company\\\/therefore-corporation\\\/\",\"https:\\\/\\\/www.youtube.com\\\/user\\\/ThereforeTV\"]}]}<\/script>\n<!-- \/ Yoast SEO plugin. -->","yoast_head_json":{"title":"Prix et certifications - Therefore","description":"Le logiciel Therefore\u2122 a re\u00e7u de nombreux prix et certifications dans le domaine de la gestion de l'information. Qu'il s'agisse de prix pour une plateforme exceptionnelle","robots":{"index":"index","follow":"follow","max-snippet":"max-snippet:-1","max-image-preview":"max-image-preview:large","max-video-preview":"max-video-preview:-1"},"canonical":"https:\/\/therefore.net\/fr\/prix-et-certifications\/","schema":{"@context":"https:\/\/schema.org","@graph":[{"@type":"WebPage","@id":"https:\/\/therefore.net\/fr\/prix-et-certifications\/","url":"https:\/\/therefore.net\/fr\/prix-et-certifications\/","name":"Prix et certifications - Therefore","isPartOf":{"@id":"https:\/\/therefore.net\/fr\/#website"},"datePublished":"2022-08-03T20:36:53+00:00","dateModified":"2026-01-02T22:48:49+00:00","description":"Le logiciel Therefore\u2122 a re\u00e7u de nombreux prix et certifications dans le domaine de la gestion de l'information. Qu'il s'agisse de prix pour une plateforme exceptionnelle","breadcrumb":{"@id":"https:\/\/therefore.net\/fr\/prix-et-certifications\/#breadcrumb"},"inLanguage":"fr-FR","potentialAction":[{"@type":"ReadAction","target":["https:\/\/therefore.net\/fr\/prix-et-certifications\/"]}]},{"@type":"BreadcrumbList","@id":"https:\/\/therefore.net\/fr\/prix-et-certifications\/#breadcrumb","itemListElement":[{"@type":"ListItem","position":1,"name":"Home","item":"https:\/\/therefore.net\/fr\/"},{"@type":"ListItem","position":2,"name":"Prix et certifications"}]},{"@type":"WebSite","@id":"https:\/\/therefore.net\/fr\/#website","url":"https:\/\/therefore.net\/fr\/","name":"Therefore","description":"","publisher":{"@id":"https:\/\/therefore.net\/fr\/#organization"},"potentialAction":[{"@type":"SearchAction","target":{"@type":"EntryPoint","urlTemplate":"https:\/\/therefore.net\/fr\/?s={search_term_string}"},"query-input":{"@type":"PropertyValueSpecification","valueRequired":true,"valueName":"search_term_string"}}],"inLanguage":"fr-FR"},{"@type":"Organization","@id":"https:\/\/therefore.net\/fr\/#organization","name":"Therefore","url":"https:\/\/therefore.net\/fr\/","logo":{"@type":"ImageObject","inLanguage":"fr-FR","@id":"https:\/\/therefore.net\/fr\/#\/schema\/logo\/image\/","url":"https:\/\/therefore.net\/wp\/..\/app\/uploads\/2022\/04\/logo.png","contentUrl":"https:\/\/therefore.net\/wp\/..\/app\/uploads\/2022\/04\/logo.png","width":176,"height":48,"caption":"Therefore"},"image":{"@id":"https:\/\/therefore.net\/fr\/#\/schema\/logo\/image\/"},"sameAs":["https:\/\/www.linkedin.com\/company\/therefore-corporation\/","https:\/\/www.youtube.com\/user\/ThereforeTV"]}]}},"_links":{"self":[{"href":"https:\/\/therefore.net\/fr\/wp-json\/wp\/v2\/pages\/3496","targetHints":{"allow":["GET"]}}],"collection":[{"href":"https:\/\/therefore.net\/fr\/wp-json\/wp\/v2\/pages"}],"about":[{"href":"https:\/\/therefore.net\/fr\/wp-json\/wp\/v2\/types\/page"}],"author":[{"embeddable":true,"href":"https:\/\/therefore.net\/fr\/wp-json\/wp\/v2\/users\/5"}],"replies":[{"embeddable":true,"href":"https:\/\/therefore.net\/fr\/wp-json\/wp\/v2\/comments?post=3496"}],"version-history":[{"count":5,"href":"https:\/\/therefore.net\/fr\/wp-json\/wp\/v2\/pages\/3496\/revisions"}],"predecessor-version":[{"id":10518,"href":"https:\/\/therefore.net\/fr\/wp-json\/wp\/v2\/pages\/3496\/revisions\/10518"}],"wp:attachment":[{"href":"https:\/\/therefore.net\/fr\/wp-json\/wp\/v2\/media?parent=3496"}],"curies":[{"name":"wp","href":"https:\/\/api.w.org\/{rel}","templated":true}]}}