{"id":3529,"date":"2022-05-31T10:51:25","date_gmt":"2022-05-31T08:51:25","guid":{"rendered":"https:\/\/therefore.net\/fonctionnalites\/"},"modified":"2023-06-02T23:05:52","modified_gmt":"2023-06-02T21:05:52","slug":"fonctionnalites","status":"publish","type":"page","link":"https:\/\/therefore.net\/fr\/fonctionnalites\/","title":{"rendered":"Fonctionnalit\u00e9s"},"content":{"rendered":"\n<section class=\"custom-block listing-block\">\n    <div class=\"container listing-block__container\">\n                    <div class=\"listing-block__tiles\">\n                                                        <div class=\"tile-item\">\n                        <div class=\"listing-block__tile tile-item__wrapper\">\n                            <div class=\"tile-item__content\">\n                                <h3 class=\"tile-item__title\" title=\"Archivage\">\n                                    Archivage\n                                <\/h3>\n                                <p class=\"tile-item__text\">Les logiciels de gestion de l&#8217;information ont r\u00e9volutionn\u00e9 la mani\u00e8re dont les entreprises&hellip;<\/p>\n                            <\/div>\n                            <div class=\"tile-item__cta\">\n                                                                            <a href=\"https:\/\/therefore.net\/fr\/fonctionnalites\/archivage\/\" target=\"_self\"\n                                           class=\"tile-item__link arrow-link link-accent\">En savoir plus<\/a>\n                                                                <\/div>\n                        <\/div>\n                    <\/div>\n                                                        <div class=\"tile-item\">\n                        <div class=\"listing-block__tile tile-item__wrapper\">\n                            <div class=\"tile-item__content\">\n                                <h3 class=\"tile-item__title\" title=\"Gestion des dossiers\">\n                                    Gestion des dossiers\n                                <\/h3>\n                                <p class=\"tile-item__text\">La rationalisation et l&#8217;automatisation de la gestion de dossiers et de projets complexes&hellip;<\/p>\n                            <\/div>\n                            <div class=\"tile-item__cta\">\n                                                                            <a href=\"https:\/\/therefore.net\/fr\/fonctionnalites\/gestion-des-dossiers\/\" target=\"_self\"\n                                           class=\"tile-item__link arrow-link link-accent\">En savoir plus<\/a>\n                                                                <\/div>\n                        <\/div>\n                    <\/div>\n                                                        <div class=\"tile-item\">\n                        <div class=\"listing-block__tile tile-item__wrapper\">\n                            <div class=\"tile-item__content\">\n                                <h3 class=\"tile-item__title\" title=\"Capture\">\n                                    Capture\n                                <\/h3>\n                                <p class=\"tile-item__text\">Toutes les organisations traitent plus de donn\u00e9es que jamais. Vous avez besoin d&#8217;une&hellip;<\/p>\n                            <\/div>\n                            <div class=\"tile-item__cta\">\n                                                                            <a href=\"https:\/\/therefore.net\/fr\/fonctionnalites\/capture\/\" target=\"_self\"\n                                           class=\"tile-item__link arrow-link link-accent\">En savoir plus<\/a>\n                                                                <\/div>\n                        <\/div>\n                    <\/div>\n                                                        <div class=\"tile-item\">\n                        <div class=\"listing-block__tile tile-item__wrapper\">\n                            <div class=\"tile-item__content\">\n                                <h3 class=\"tile-item__title\" title=\"Collaboration\">\n                                    Collaboration\n                                <\/h3>\n                                <p class=\"tile-item__text\">Collaborer avec d&#8217;autres fait partie de presque tous les m\u00e9tiers, mais ce n&#8217;est&hellip;<\/p>\n                            <\/div>\n                            <div class=\"tile-item__cta\">\n                                                                            <a href=\"https:\/\/therefore.net\/fr\/fonctionnalites\/collaboration\/\" target=\"_self\"\n                                           class=\"tile-item__link arrow-link link-accent\">En savoir plus<\/a>\n                                                                <\/div>\n                        <\/div>\n                    <\/div>\n                                                        <div class=\"tile-item\">\n                        <div class=\"listing-block__tile tile-item__wrapper\">\n                            <div class=\"tile-item__content\">\n                                <h3 class=\"tile-item__title\" title=\"Formulaires \u00e9lectroniques\">\n                                    Formulaires \u00e9lectroniques\n                                <\/h3>\n                                <p class=\"tile-item__text\">Gr\u00e2ce \u00e0 la possibilit\u00e9 de cr\u00e9er, de soumettre et de traiter les formulaires&hellip;<\/p>\n                            <\/div>\n                            <div class=\"tile-item__cta\">\n                                                                            <a href=\"https:\/\/therefore.net\/fr\/fonctionnalites\/formulaires-electroniques\/\" target=\"_self\"\n                                           class=\"tile-item__link arrow-link link-accent\">En savoir plus<\/a>\n                                                                <\/div>\n                        <\/div>\n                    <\/div>\n                                                        <div class=\"tile-item\">\n                        <div class=\"listing-block__tile tile-item__wrapper\">\n                            <div class=\"tile-item__content\">\n                                <h3 class=\"tile-item__title\" title=\"Gestion des courriels\">\n                                    Gestion des courriels\n                                <\/h3>\n                                <p class=\"tile-item__text\">Les courriers \u00e9lectroniques sont un outil de communication indispensable pour les entreprises.<\/p>\n                            <\/div>\n                            <div class=\"tile-item__cta\">\n                                                                            <a href=\"https:\/\/therefore.net\/fr\/fonctionnalites\/gestion-des-courriels\/\" target=\"_self\"\n                                           class=\"tile-item__link arrow-link link-accent\">En savoir plus<\/a>\n                                                                <\/div>\n                        <\/div>\n                    <\/div>\n                                                        <div class=\"tile-item\">\n                        <div class=\"listing-block__tile tile-item__wrapper\">\n                            <div class=\"tile-item__content\">\n                                <h3 class=\"tile-item__title\" title=\"Signatures \u00e9lectroniques\">\n                                    Signatures \u00e9lectroniques\n                                <\/h3>\n                                <p class=\"tile-item__text\">Les signatures \u00e9lectroniques peuvent simplifier et acc\u00e9l\u00e9rer les processus de signature des documents&hellip;<\/p>\n                            <\/div>\n                            <div class=\"tile-item__cta\">\n                                                                            <a href=\"https:\/\/therefore.net\/fr\/fonctionnalites\/signatures-electroniques\/\" target=\"_self\"\n                                           class=\"tile-item__link arrow-link link-accent\">En savoir plus<\/a>\n                                                                <\/div>\n                        <\/div>\n                    <\/div>\n                                                        <div class=\"tile-item\">\n                        <div class=\"listing-block__tile tile-item__wrapper\">\n                            <div class=\"tile-item__content\">\n                                <h3 class=\"tile-item__title\" title=\"Int\u00e9gration\">\n                                    Int\u00e9gration\n                                <\/h3>\n                                <p class=\"tile-item__text\">Alors que le volume de donn\u00e9es que nous g\u00e9rons augmente, l&#8217;int\u00e9gration vous aide&hellip;<\/p>\n                            <\/div>\n                            <div class=\"tile-item__cta\">\n                                                                            <a href=\"https:\/\/therefore.net\/fr\/fonctionnalites\/integration\/\" target=\"_self\"\n                                           class=\"tile-item__link arrow-link link-accent\">En savoir plus<\/a>\n                                                                <\/div>\n                        <\/div>\n                    <\/div>\n                                                        <div class=\"tile-item\">\n                        <div class=\"listing-block__tile tile-item__wrapper\">\n                            <div class=\"tile-item__content\">\n                                <h3 class=\"tile-item__title\" title=\"Mobilit\u00e9\">\n                                    Mobilit\u00e9\n                                <\/h3>\n                                <p class=\"tile-item__text\">La flexibilit\u00e9 et la r\u00e9activit\u00e9 sont essentielles pour les entreprises dans l&#8217;environnement actuel,&hellip;<\/p>\n                            <\/div>\n                            <div class=\"tile-item__cta\">\n                                                                            <a href=\"https:\/\/therefore.net\/fr\/fonctionnalites\/mobilite\/\" target=\"_self\"\n                                           class=\"tile-item__link arrow-link link-accent\">En savoir plus<\/a>\n                                                                <\/div>\n                        <\/div>\n                    <\/div>\n                                                        <div class=\"tile-item\">\n                        <div class=\"listing-block__tile tile-item__wrapper\">\n                            <div class=\"tile-item__content\">\n                                <h3 class=\"tile-item__title\" title=\"Portail\">\n                                    Portail\n                                <\/h3>\n                                <p class=\"tile-item__text\">Un portail client pr\u00e9sente plusieurs avantages pour les entreprises, tels que l&#8217;am\u00e9lioration de&hellip;<\/p>\n                            <\/div>\n                            <div class=\"tile-item__cta\">\n                                                                            <a href=\"https:\/\/therefore.net\/fr\/fonctionnalites\/portail\/\" target=\"_self\"\n                                           class=\"tile-item__link arrow-link link-accent\">En savoir plus<\/a>\n                                                                <\/div>\n                        <\/div>\n                    <\/div>\n                                                        <div class=\"tile-item\">\n                        <div class=\"listing-block__tile tile-item__wrapper\">\n                            <div class=\"tile-item__content\">\n                                <h3 class=\"tile-item__title\" title=\"Rapports\">\n                                    Rapports\n                                <\/h3>\n                                <p class=\"tile-item__text\">Les entreprises et les organisations qui n&#8217;adoptent pas la prise de d\u00e9cision fond\u00e9e&hellip;<\/p>\n                            <\/div>\n                            <div class=\"tile-item__cta\">\n                                                                            <a href=\"https:\/\/therefore.net\/fr\/fonctionnalites\/rapports\/\" target=\"_self\"\n                                           class=\"tile-item__link arrow-link link-accent\">En savoir plus<\/a>\n                                                                <\/div>\n                        <\/div>\n                    <\/div>\n                                                        <div class=\"tile-item\">\n                        <div class=\"listing-block__tile tile-item__wrapper\">\n                            <div class=\"tile-item__content\">\n                                <h3 class=\"tile-item__title\" title=\"\u00c9volutivit\u00e9\">\n                                    \u00c9volutivit\u00e9\n                                <\/h3>\n                                <p class=\"tile-item__text\">L&#8217;\u00e9volutivit\u00e9 est un facteur cl\u00e9 pour garantir le succ\u00e8s \u00e0 long terme de&hellip;<\/p>\n                            <\/div>\n                            <div class=\"tile-item__cta\">\n                                                                            <a href=\"https:\/\/therefore.net\/fr\/fonctionnalites\/evolutivite\/\" target=\"_self\"\n                                           class=\"tile-item__link arrow-link link-accent\">En savoir plus<\/a>\n                                                                <\/div>\n                        <\/div>\n                    <\/div>\n                                                        <div class=\"tile-item\">\n                        <div class=\"listing-block__tile tile-item__wrapper\">\n                            <div class=\"tile-item__content\">\n                                <h3 class=\"tile-item__title\" title=\"S\u00e9curit\u00e9\">\n                                    S\u00e9curit\u00e9\n                                <\/h3>\n                                <p class=\"tile-item__text\">Garantir la s\u00e9curit\u00e9 de vos informations est un principe fondamental du logiciel Therefore\u2122.<\/p>\n                            <\/div>\n                            <div class=\"tile-item__cta\">\n                                                                            <a href=\"https:\/\/therefore.net\/fr\/fonctionnalites\/securite\/\" target=\"_self\"\n                                           class=\"tile-item__link arrow-link link-accent\">En savoir plus<\/a>\n                                                                <\/div>\n                        <\/div>\n                    <\/div>\n                                                        <div class=\"tile-item\">\n                        <div class=\"listing-block__tile tile-item__wrapper\">\n                            <div class=\"tile-item__content\">\n                                <h3 class=\"tile-item__title\" title=\"Workflow\">\n                                    Workflow\n                                <\/h3>\n                                <p class=\"tile-item__text\">L&#8217;automatisation n&#8217;est plus un choix, c&#8217;est une n\u00e9cessit\u00e9.<\/p>\n                            <\/div>\n                            <div class=\"tile-item__cta\">\n                                                                            <a href=\"https:\/\/therefore.net\/fr\/fonctionnalites\/workflow\/\" target=\"_self\"\n                                           class=\"tile-item__link arrow-link link-accent\">En savoir plus<\/a>\n                                                                <\/div>\n                        <\/div>\n                    <\/div>\n                                <div class=\"tile-item tile-item--svg\">\n                    <svg width=\"255\" height=\"288\" viewBox=\"0 0 255 288\" fill=\"none\" xmlns=\"http:\/\/www.w3.org\/2000\/svg\">\n<g clip-path=\"url(#clip0_390_80369)\">\n<path d=\"M255 88C255 198.457 165.457 288 55 288L-3.05176e-05 288L-5.33982e-06 8.22477e-06L255 3.05176e-05L255 88Z\" fill=\"#1E5BFA\"\/>\n<g filter=\"url(#filter0_f_390_80369)\">\n<circle cx=\"-51\" cy=\"262\" r=\"218\" fill=\"#44EDF8\" fill-opacity=\"0.56\"\/>\n<\/g>\n<\/g>\n<defs>\n<filter id=\"filter0_f_390_80369\" x=\"-569\" y=\"-256\" width=\"1036\" height=\"1036\" filterUnits=\"userSpaceOnUse\" color-interpolation-filters=\"sRGB\">\n<feFlood flood-opacity=\"0\" result=\"BackgroundImageFix\"\/>\n<feBlend mode=\"normal\" in=\"SourceGraphic\" in2=\"BackgroundImageFix\" result=\"shape\"\/>\n<feGaussianBlur stdDeviation=\"150\" result=\"effect1_foregroundBlur_390_80369\"\/>\n<\/filter>\n<clipPath id=\"clip0_390_80369\">\n<path d=\"M255 88C255 198.457 165.457 288 55 288L-3.05176e-05 288L-5.33982e-06 8.22477e-06L255 3.05176e-05L255 88Z\" fill=\"white\"\/>\n<\/clipPath>\n<\/defs>\n<\/svg>\n\n                <\/div>\n            <\/div>\n            <\/div>\n<\/section>\n","protected":false},"excerpt":{"rendered":"","protected":false},"author":5,"featured_media":0,"parent":0,"menu_order":0,"comment_status":"closed","ping_status":"closed","template":"","meta":{"_acf_changed":false,"inline_featured_image":false,"footnotes":""},"class_list":["post-3529","page","type-page","status-publish","hentry"],"acf":[],"yoast_head":"<!-- This site is optimized with the Yoast SEO plugin v27.3 - https:\/\/yoast.com\/product\/yoast-seo-wordpress\/ -->\n<title>Fonctionnalit\u00e9s et capacit\u00e9s<\/title>\n<meta name=\"description\" content=\"Le logiciel Therefore\u2122 poss\u00e8de de nombreuses fonctionnalit\u00e9s et capacit\u00e9s qui en font une solution de gestion de l&#039;information exceptionnelle.\" \/>\n<meta name=\"robots\" content=\"index, follow, max-snippet:-1, max-image-preview:large, max-video-preview:-1\" \/>\n<link rel=\"canonical\" href=\"https:\/\/therefore.net\/fr\/fonctionnalites\/\" \/>\n<script type=\"application\/ld+json\" class=\"yoast-schema-graph\">{\"@context\":\"https:\\\/\\\/schema.org\",\"@graph\":[{\"@type\":\"WebPage\",\"@id\":\"https:\\\/\\\/therefore.net\\\/fr\\\/fonctionnalites\\\/\",\"url\":\"https:\\\/\\\/therefore.net\\\/fr\\\/fonctionnalites\\\/\",\"name\":\"Fonctionnalit\u00e9s et capacit\u00e9s\",\"isPartOf\":{\"@id\":\"https:\\\/\\\/therefore.net\\\/fr\\\/#website\"},\"datePublished\":\"2022-05-31T08:51:25+00:00\",\"dateModified\":\"2023-06-02T21:05:52+00:00\",\"description\":\"Le logiciel Therefore\u2122 poss\u00e8de de nombreuses fonctionnalit\u00e9s et capacit\u00e9s qui en font une solution de gestion de l'information exceptionnelle.\",\"breadcrumb\":{\"@id\":\"https:\\\/\\\/therefore.net\\\/fr\\\/fonctionnalites\\\/#breadcrumb\"},\"inLanguage\":\"fr-FR\",\"potentialAction\":[{\"@type\":\"ReadAction\",\"target\":[\"https:\\\/\\\/therefore.net\\\/fr\\\/fonctionnalites\\\/\"]}]},{\"@type\":\"BreadcrumbList\",\"@id\":\"https:\\\/\\\/therefore.net\\\/fr\\\/fonctionnalites\\\/#breadcrumb\",\"itemListElement\":[{\"@type\":\"ListItem\",\"position\":1,\"name\":\"Home\",\"item\":\"https:\\\/\\\/therefore.net\\\/fr\\\/\"},{\"@type\":\"ListItem\",\"position\":2,\"name\":\"Fonctionnalit\u00e9s\"}]},{\"@type\":\"WebSite\",\"@id\":\"https:\\\/\\\/therefore.net\\\/fr\\\/#website\",\"url\":\"https:\\\/\\\/therefore.net\\\/fr\\\/\",\"name\":\"Therefore\",\"description\":\"\",\"publisher\":{\"@id\":\"https:\\\/\\\/therefore.net\\\/fr\\\/#organization\"},\"potentialAction\":[{\"@type\":\"SearchAction\",\"target\":{\"@type\":\"EntryPoint\",\"urlTemplate\":\"https:\\\/\\\/therefore.net\\\/fr\\\/?s={search_term_string}\"},\"query-input\":{\"@type\":\"PropertyValueSpecification\",\"valueRequired\":true,\"valueName\":\"search_term_string\"}}],\"inLanguage\":\"fr-FR\"},{\"@type\":\"Organization\",\"@id\":\"https:\\\/\\\/therefore.net\\\/fr\\\/#organization\",\"name\":\"Therefore\",\"url\":\"https:\\\/\\\/therefore.net\\\/fr\\\/\",\"logo\":{\"@type\":\"ImageObject\",\"inLanguage\":\"fr-FR\",\"@id\":\"https:\\\/\\\/therefore.net\\\/fr\\\/#\\\/schema\\\/logo\\\/image\\\/\",\"url\":\"https:\\\/\\\/therefore.net\\\/wp\\\/..\\\/app\\\/uploads\\\/2022\\\/04\\\/logo.png\",\"contentUrl\":\"https:\\\/\\\/therefore.net\\\/wp\\\/..\\\/app\\\/uploads\\\/2022\\\/04\\\/logo.png\",\"width\":176,\"height\":48,\"caption\":\"Therefore\"},\"image\":{\"@id\":\"https:\\\/\\\/therefore.net\\\/fr\\\/#\\\/schema\\\/logo\\\/image\\\/\"},\"sameAs\":[\"https:\\\/\\\/www.linkedin.com\\\/company\\\/therefore-corporation\\\/\",\"https:\\\/\\\/www.youtube.com\\\/user\\\/ThereforeTV\"]}]}<\/script>\n<!-- \/ Yoast SEO plugin. -->","yoast_head_json":{"title":"Fonctionnalit\u00e9s et capacit\u00e9s","description":"Le logiciel Therefore\u2122 poss\u00e8de de nombreuses fonctionnalit\u00e9s et capacit\u00e9s qui en font une solution de gestion de l'information exceptionnelle.","robots":{"index":"index","follow":"follow","max-snippet":"max-snippet:-1","max-image-preview":"max-image-preview:large","max-video-preview":"max-video-preview:-1"},"canonical":"https:\/\/therefore.net\/fr\/fonctionnalites\/","schema":{"@context":"https:\/\/schema.org","@graph":[{"@type":"WebPage","@id":"https:\/\/therefore.net\/fr\/fonctionnalites\/","url":"https:\/\/therefore.net\/fr\/fonctionnalites\/","name":"Fonctionnalit\u00e9s et capacit\u00e9s","isPartOf":{"@id":"https:\/\/therefore.net\/fr\/#website"},"datePublished":"2022-05-31T08:51:25+00:00","dateModified":"2023-06-02T21:05:52+00:00","description":"Le logiciel Therefore\u2122 poss\u00e8de de nombreuses fonctionnalit\u00e9s et capacit\u00e9s qui en font une solution de gestion de l'information exceptionnelle.","breadcrumb":{"@id":"https:\/\/therefore.net\/fr\/fonctionnalites\/#breadcrumb"},"inLanguage":"fr-FR","potentialAction":[{"@type":"ReadAction","target":["https:\/\/therefore.net\/fr\/fonctionnalites\/"]}]},{"@type":"BreadcrumbList","@id":"https:\/\/therefore.net\/fr\/fonctionnalites\/#breadcrumb","itemListElement":[{"@type":"ListItem","position":1,"name":"Home","item":"https:\/\/therefore.net\/fr\/"},{"@type":"ListItem","position":2,"name":"Fonctionnalit\u00e9s"}]},{"@type":"WebSite","@id":"https:\/\/therefore.net\/fr\/#website","url":"https:\/\/therefore.net\/fr\/","name":"Therefore","description":"","publisher":{"@id":"https:\/\/therefore.net\/fr\/#organization"},"potentialAction":[{"@type":"SearchAction","target":{"@type":"EntryPoint","urlTemplate":"https:\/\/therefore.net\/fr\/?s={search_term_string}"},"query-input":{"@type":"PropertyValueSpecification","valueRequired":true,"valueName":"search_term_string"}}],"inLanguage":"fr-FR"},{"@type":"Organization","@id":"https:\/\/therefore.net\/fr\/#organization","name":"Therefore","url":"https:\/\/therefore.net\/fr\/","logo":{"@type":"ImageObject","inLanguage":"fr-FR","@id":"https:\/\/therefore.net\/fr\/#\/schema\/logo\/image\/","url":"https:\/\/therefore.net\/wp\/..\/app\/uploads\/2022\/04\/logo.png","contentUrl":"https:\/\/therefore.net\/wp\/..\/app\/uploads\/2022\/04\/logo.png","width":176,"height":48,"caption":"Therefore"},"image":{"@id":"https:\/\/therefore.net\/fr\/#\/schema\/logo\/image\/"},"sameAs":["https:\/\/www.linkedin.com\/company\/therefore-corporation\/","https:\/\/www.youtube.com\/user\/ThereforeTV"]}]}},"_links":{"self":[{"href":"https:\/\/therefore.net\/fr\/wp-json\/wp\/v2\/pages\/3529","targetHints":{"allow":["GET"]}}],"collection":[{"href":"https:\/\/therefore.net\/fr\/wp-json\/wp\/v2\/pages"}],"about":[{"href":"https:\/\/therefore.net\/fr\/wp-json\/wp\/v2\/types\/page"}],"author":[{"embeddable":true,"href":"https:\/\/therefore.net\/fr\/wp-json\/wp\/v2\/users\/5"}],"replies":[{"embeddable":true,"href":"https:\/\/therefore.net\/fr\/wp-json\/wp\/v2\/comments?post=3529"}],"version-history":[{"count":1,"href":"https:\/\/therefore.net\/fr\/wp-json\/wp\/v2\/pages\/3529\/revisions"}],"predecessor-version":[{"id":3530,"href":"https:\/\/therefore.net\/fr\/wp-json\/wp\/v2\/pages\/3529\/revisions\/3530"}],"wp:attachment":[{"href":"https:\/\/therefore.net\/fr\/wp-json\/wp\/v2\/media?parent=3529"}],"curies":[{"name":"wp","href":"https:\/\/api.w.org\/{rel}","templated":true}]}}