{"id":3711,"date":"2022-05-19T10:49:23","date_gmt":"2022-05-19T08:49:23","guid":{"rendered":"https:\/\/therefore.net\/solutions\/"},"modified":"2023-06-03T16:00:16","modified_gmt":"2023-06-03T14:00:16","slug":"solutions","status":"publish","type":"page","link":"https:\/\/therefore.net\/fr\/solutions\/","title":{"rendered":"Solutions"},"content":{"rendered":"\n<section class=\"custom-block listing-block\">\n    <div class=\"container listing-block__container\">\n                    <div class=\"listing-block__tiles\">\n                                                        <div class=\"tile-item\">\n                        <div class=\"listing-block__tile tile-item__wrapper\">\n                            <div class=\"tile-item__content\">\n                                <h3 class=\"tile-item__title\" title=\"Construction\">\n                                    Construction\n                                <\/h3>\n                                <p class=\"tile-item__text\">Le succ\u00e8s de vos constructions d\u00e9pend de nombreuses \u00e9quipes et personnes, qui ont&hellip;<\/p>\n                            <\/div>\n                            <div class=\"tile-item__cta\">\n                                                                            <a href=\"https:\/\/therefore.net\/fr\/solutions\/construction\/\" target=\"_self\"\n                                           class=\"tile-item__link arrow-link link-accent\">En savoir plus<\/a>\n                                                                <\/div>\n                        <\/div>\n                    <\/div>\n                                                        <div class=\"tile-item\">\n                        <div class=\"listing-block__tile tile-item__wrapper\">\n                            <div class=\"tile-item__content\">\n                                <h3 class=\"tile-item__title\" title=\"Assurance\">\n                                    Assurance\n                                <\/h3>\n                                <p class=\"tile-item__text\">Sans un bon acc\u00e8s \u00e0 l&#8217;information, le traitement d&#8217;une demande d&#8217;indemnisation, la prise&hellip;<\/p>\n                            <\/div>\n                            <div class=\"tile-item__cta\">\n                                                                            <a href=\"https:\/\/therefore.net\/fr\/solutions\/assurance\/\" target=\"_self\"\n                                           class=\"tile-item__link arrow-link link-accent\">En savoir plus<\/a>\n                                                                <\/div>\n                        <\/div>\n                    <\/div>\n                                                        <div class=\"tile-item\">\n                        <div class=\"listing-block__tile tile-item__wrapper\">\n                            <div class=\"tile-item__content\">\n                                <h3 class=\"tile-item__title\" title=\"Comptabilit\u00e9\">\n                                    Comptabilit\u00e9\n                                <\/h3>\n                                <p class=\"tile-item__text\">Le secteur de la comptabilit\u00e9 est soumis \u00e0 des r\u00e9glementations strictes, \u00e0 une&hellip;<\/p>\n                            <\/div>\n                            <div class=\"tile-item__cta\">\n                                                                            <a href=\"https:\/\/therefore.net\/fr\/solutions\/comptabilite\/\" target=\"_self\"\n                                           class=\"tile-item__link arrow-link link-accent\">En savoir plus<\/a>\n                                                                <\/div>\n                        <\/div>\n                    <\/div>\n                                                        <div class=\"tile-item\">\n                        <div class=\"listing-block__tile tile-item__wrapper\">\n                            <div class=\"tile-item__content\">\n                                <h3 class=\"tile-item__title\" title=\"\u00c9ducation\">\n                                    \u00c9ducation\n                                <\/h3>\n                                <p class=\"tile-item__text\">Chaque \u00e9cole, quelle que soit sa taille, a besoin de g\u00e9rer divers dossiers&hellip;<\/p>\n                            <\/div>\n                            <div class=\"tile-item__cta\">\n                                                                            <a href=\"https:\/\/therefore.net\/fr\/solutions\/education\/\" target=\"_self\"\n                                           class=\"tile-item__link arrow-link link-accent\">En savoir plus<\/a>\n                                                                <\/div>\n                        <\/div>\n                    <\/div>\n                                                        <div class=\"tile-item\">\n                        <div class=\"listing-block__tile tile-item__wrapper\">\n                            <div class=\"tile-item__content\">\n                                <h3 class=\"tile-item__title\" title=\"Sant\u00e9\">\n                                    Sant\u00e9\n                                <\/h3>\n                                <p class=\"tile-item__text\">L&#8217;\u00e9norme charge administrative qui p\u00e8se sur les h\u00f4pitaux pour g\u00e9rer toutes sortes de&hellip;<\/p>\n                            <\/div>\n                            <div class=\"tile-item__cta\">\n                                                                            <a href=\"https:\/\/therefore.net\/fr\/solutions\/sante\/\" target=\"_self\"\n                                           class=\"tile-item__link arrow-link link-accent\">En savoir plus<\/a>\n                                                                <\/div>\n                        <\/div>\n                    <\/div>\n                                                        <div class=\"tile-item\">\n                        <div class=\"listing-block__tile tile-item__wrapper\">\n                            <div class=\"tile-item__content\">\n                                <h3 class=\"tile-item__title\" title=\"Ressources humaines\">\n                                    Ressources humaines\n                                <\/h3>\n                                <p class=\"tile-item__text\">Les logiciels de gestion de l&#8217;information sont devenus un outil essentiel pour les&hellip;<\/p>\n                            <\/div>\n                            <div class=\"tile-item__cta\">\n                                                                            <a href=\"https:\/\/therefore.net\/fr\/solutions\/ressources-humaines\/\" target=\"_self\"\n                                           class=\"tile-item__link arrow-link link-accent\">En savoir plus<\/a>\n                                                                <\/div>\n                        <\/div>\n                    <\/div>\n                                                        <div class=\"tile-item\">\n                        <div class=\"listing-block__tile tile-item__wrapper\">\n                            <div class=\"tile-item__content\">\n                                <h3 class=\"tile-item__title\" title=\"Fabrication\">\n                                    Fabrication\n                                <\/h3>\n                                <p class=\"tile-item__text\">Les logiciels de gestion de l&#8217;information sont devenus un outil essentiel pour l&#8217;industrie&hellip;<\/p>\n                            <\/div>\n                            <div class=\"tile-item__cta\">\n                                                                            <a href=\"https:\/\/therefore.net\/fr\/solutions\/fabrication\/\" target=\"_self\"\n                                           class=\"tile-item__link arrow-link link-accent\">En savoir plus<\/a>\n                                                                <\/div>\n                        <\/div>\n                    <\/div>\n                                                        <div class=\"tile-item\">\n                        <div class=\"listing-block__tile tile-item__wrapper\">\n                            <div class=\"tile-item__content\">\n                                <h3 class=\"tile-item__title\" title=\"Finances\">\n                                    Finances\n                                <\/h3>\n                                <p class=\"tile-item__text\">Les logiciels de gestion de l&#8217;information sont devenus un outil essentiel pour le&hellip;<\/p>\n                            <\/div>\n                            <div class=\"tile-item__cta\">\n                                                                            <a href=\"https:\/\/therefore.net\/fr\/solutions\/finances\/\" target=\"_self\"\n                                           class=\"tile-item__link arrow-link link-accent\">En savoir plus<\/a>\n                                                                <\/div>\n                        <\/div>\n                    <\/div>\n                                                        <div class=\"tile-item\">\n                        <div class=\"listing-block__tile tile-item__wrapper\">\n                            <div class=\"tile-item__content\">\n                                <h3 class=\"tile-item__title\" title=\"Gestion immobili\u00e8re\">\n                                    Gestion immobili\u00e8re\n                                <\/h3>\n                                <p class=\"tile-item__text\">Les logiciels de gestion de l&#8217;information peuvent apporter des avantages significatifs au secteur&hellip;<\/p>\n                            <\/div>\n                            <div class=\"tile-item__cta\">\n                                                                            <a href=\"https:\/\/therefore.net\/fr\/solutions\/gestion-immobiliere\/\" target=\"_self\"\n                                           class=\"tile-item__link arrow-link link-accent\">En savoir plus<\/a>\n                                                                <\/div>\n                        <\/div>\n                    <\/div>\n                                                        <div class=\"tile-item\">\n                        <div class=\"listing-block__tile tile-item__wrapper\">\n                            <div class=\"tile-item__content\">\n                                <h3 class=\"tile-item__title\" title=\"Juridique\">\n                                    Juridique\n                                <\/h3>\n                                <p class=\"tile-item__text\">Les logiciels de gestion de l&#8217;information ont r\u00e9volutionn\u00e9 le fonctionnement du secteur juridique.<\/p>\n                            <\/div>\n                            <div class=\"tile-item__cta\">\n                                                                            <a href=\"https:\/\/therefore.net\/fr\/solutions\/juridique\/\" target=\"_self\"\n                                           class=\"tile-item__link arrow-link link-accent\">En savoir plus<\/a>\n                                                                <\/div>\n                        <\/div>\n                    <\/div>\n                                                        <div class=\"tile-item\">\n                        <div class=\"listing-block__tile tile-item__wrapper\">\n                            <div class=\"tile-item__content\">\n                                <h3 class=\"tile-item__title\" title=\"Logistique\">\n                                    Logistique\n                                <\/h3>\n                                <p class=\"tile-item__text\">La gestion des documents des clients &#8211; commandes, livraisons, formulaires de douane, notes&hellip;<\/p>\n                            <\/div>\n                            <div class=\"tile-item__cta\">\n                                                                            <a href=\"https:\/\/therefore.net\/fr\/solutions\/logistique\/\" target=\"_self\"\n                                           class=\"tile-item__link arrow-link link-accent\">En savoir plus<\/a>\n                                                                <\/div>\n                        <\/div>\n                    <\/div>\n                                                        <div class=\"tile-item\">\n                        <div class=\"listing-block__tile tile-item__wrapper\">\n                            <div class=\"tile-item__content\">\n                                <h3 class=\"tile-item__title\" title=\"Administration publique\">\n                                    Administration publique\n                                <\/h3>\n                                <p class=\"tile-item__text\">Les logiciels de gestion de l&#8217;information peuvent offrir des avantages significatifs au service&hellip;<\/p>\n                            <\/div>\n                            <div class=\"tile-item__cta\">\n                                                                            <a href=\"https:\/\/therefore.net\/fr\/solutions\/administration-publique\/\" target=\"_self\"\n                                           class=\"tile-item__link arrow-link link-accent\">En savoir plus<\/a>\n                                                                <\/div>\n                        <\/div>\n                    <\/div>\n                                <div class=\"tile-item tile-item--svg\">\n                    <svg width=\"255\" height=\"288\" viewBox=\"0 0 255 288\" fill=\"none\" xmlns=\"http:\/\/www.w3.org\/2000\/svg\">\n<g clip-path=\"url(#clip0_390_80369)\">\n<path d=\"M255 88C255 198.457 165.457 288 55 288L-3.05176e-05 288L-5.33982e-06 8.22477e-06L255 3.05176e-05L255 88Z\" fill=\"#1E5BFA\"\/>\n<g filter=\"url(#filter0_f_390_80369)\">\n<circle cx=\"-51\" cy=\"262\" r=\"218\" fill=\"#44EDF8\" fill-opacity=\"0.56\"\/>\n<\/g>\n<\/g>\n<defs>\n<filter id=\"filter0_f_390_80369\" x=\"-569\" y=\"-256\" width=\"1036\" height=\"1036\" filterUnits=\"userSpaceOnUse\" color-interpolation-filters=\"sRGB\">\n<feFlood flood-opacity=\"0\" result=\"BackgroundImageFix\"\/>\n<feBlend mode=\"normal\" in=\"SourceGraphic\" in2=\"BackgroundImageFix\" result=\"shape\"\/>\n<feGaussianBlur stdDeviation=\"150\" result=\"effect1_foregroundBlur_390_80369\"\/>\n<\/filter>\n<clipPath id=\"clip0_390_80369\">\n<path d=\"M255 88C255 198.457 165.457 288 55 288L-3.05176e-05 288L-5.33982e-06 8.22477e-06L255 3.05176e-05L255 88Z\" fill=\"white\"\/>\n<\/clipPath>\n<\/defs>\n<\/svg>\n\n                <\/div>\n            <\/div>\n            <\/div>\n<\/section>\n","protected":false},"excerpt":{"rendered":"","protected":false},"author":1,"featured_media":0,"parent":0,"menu_order":0,"comment_status":"closed","ping_status":"closed","template":"","meta":{"_acf_changed":false,"inline_featured_image":false,"footnotes":""},"class_list":["post-3711","page","type-page","status-publish","hentry"],"acf":[],"yoast_head":"<!-- This site is optimized with the Yoast SEO plugin v27.3 - https:\/\/yoast.com\/product\/yoast-seo-wordpress\/ -->\n<title>Solutions Therefore\u2122<\/title>\n<meta name=\"description\" content=\"Les solutions Therefore\u2122 sont disponibles pour de nombreuses applications commerciales verticales et horizontales.\" \/>\n<meta name=\"robots\" content=\"index, follow, max-snippet:-1, max-image-preview:large, max-video-preview:-1\" \/>\n<link rel=\"canonical\" href=\"https:\/\/therefore.net\/fr\/solutions\/\" \/>\n<script type=\"application\/ld+json\" class=\"yoast-schema-graph\">{\"@context\":\"https:\\\/\\\/schema.org\",\"@graph\":[{\"@type\":\"WebPage\",\"@id\":\"https:\\\/\\\/therefore.net\\\/fr\\\/solutions\\\/\",\"url\":\"https:\\\/\\\/therefore.net\\\/fr\\\/solutions\\\/\",\"name\":\"Solutions Therefore\u2122\",\"isPartOf\":{\"@id\":\"https:\\\/\\\/therefore.net\\\/fr\\\/#website\"},\"datePublished\":\"2022-05-19T08:49:23+00:00\",\"dateModified\":\"2023-06-03T14:00:16+00:00\",\"description\":\"Les solutions Therefore\u2122 sont disponibles pour de nombreuses applications commerciales verticales et horizontales.\",\"breadcrumb\":{\"@id\":\"https:\\\/\\\/therefore.net\\\/fr\\\/solutions\\\/#breadcrumb\"},\"inLanguage\":\"fr-FR\",\"potentialAction\":[{\"@type\":\"ReadAction\",\"target\":[\"https:\\\/\\\/therefore.net\\\/fr\\\/solutions\\\/\"]}]},{\"@type\":\"BreadcrumbList\",\"@id\":\"https:\\\/\\\/therefore.net\\\/fr\\\/solutions\\\/#breadcrumb\",\"itemListElement\":[{\"@type\":\"ListItem\",\"position\":1,\"name\":\"Home\",\"item\":\"https:\\\/\\\/therefore.net\\\/fr\\\/\"},{\"@type\":\"ListItem\",\"position\":2,\"name\":\"Solutions\"}]},{\"@type\":\"WebSite\",\"@id\":\"https:\\\/\\\/therefore.net\\\/fr\\\/#website\",\"url\":\"https:\\\/\\\/therefore.net\\\/fr\\\/\",\"name\":\"Therefore\",\"description\":\"\",\"publisher\":{\"@id\":\"https:\\\/\\\/therefore.net\\\/fr\\\/#organization\"},\"potentialAction\":[{\"@type\":\"SearchAction\",\"target\":{\"@type\":\"EntryPoint\",\"urlTemplate\":\"https:\\\/\\\/therefore.net\\\/fr\\\/?s={search_term_string}\"},\"query-input\":{\"@type\":\"PropertyValueSpecification\",\"valueRequired\":true,\"valueName\":\"search_term_string\"}}],\"inLanguage\":\"fr-FR\"},{\"@type\":\"Organization\",\"@id\":\"https:\\\/\\\/therefore.net\\\/fr\\\/#organization\",\"name\":\"Therefore\",\"url\":\"https:\\\/\\\/therefore.net\\\/fr\\\/\",\"logo\":{\"@type\":\"ImageObject\",\"inLanguage\":\"fr-FR\",\"@id\":\"https:\\\/\\\/therefore.net\\\/fr\\\/#\\\/schema\\\/logo\\\/image\\\/\",\"url\":\"https:\\\/\\\/therefore.net\\\/wp\\\/..\\\/app\\\/uploads\\\/2022\\\/04\\\/logo.png\",\"contentUrl\":\"https:\\\/\\\/therefore.net\\\/wp\\\/..\\\/app\\\/uploads\\\/2022\\\/04\\\/logo.png\",\"width\":176,\"height\":48,\"caption\":\"Therefore\"},\"image\":{\"@id\":\"https:\\\/\\\/therefore.net\\\/fr\\\/#\\\/schema\\\/logo\\\/image\\\/\"},\"sameAs\":[\"https:\\\/\\\/www.linkedin.com\\\/company\\\/therefore-corporation\\\/\",\"https:\\\/\\\/www.youtube.com\\\/user\\\/ThereforeTV\"]}]}<\/script>\n<!-- \/ Yoast SEO plugin. -->","yoast_head_json":{"title":"Solutions Therefore\u2122","description":"Les solutions Therefore\u2122 sont disponibles pour de nombreuses applications commerciales verticales et horizontales.","robots":{"index":"index","follow":"follow","max-snippet":"max-snippet:-1","max-image-preview":"max-image-preview:large","max-video-preview":"max-video-preview:-1"},"canonical":"https:\/\/therefore.net\/fr\/solutions\/","schema":{"@context":"https:\/\/schema.org","@graph":[{"@type":"WebPage","@id":"https:\/\/therefore.net\/fr\/solutions\/","url":"https:\/\/therefore.net\/fr\/solutions\/","name":"Solutions Therefore\u2122","isPartOf":{"@id":"https:\/\/therefore.net\/fr\/#website"},"datePublished":"2022-05-19T08:49:23+00:00","dateModified":"2023-06-03T14:00:16+00:00","description":"Les solutions Therefore\u2122 sont disponibles pour de nombreuses applications commerciales verticales et horizontales.","breadcrumb":{"@id":"https:\/\/therefore.net\/fr\/solutions\/#breadcrumb"},"inLanguage":"fr-FR","potentialAction":[{"@type":"ReadAction","target":["https:\/\/therefore.net\/fr\/solutions\/"]}]},{"@type":"BreadcrumbList","@id":"https:\/\/therefore.net\/fr\/solutions\/#breadcrumb","itemListElement":[{"@type":"ListItem","position":1,"name":"Home","item":"https:\/\/therefore.net\/fr\/"},{"@type":"ListItem","position":2,"name":"Solutions"}]},{"@type":"WebSite","@id":"https:\/\/therefore.net\/fr\/#website","url":"https:\/\/therefore.net\/fr\/","name":"Therefore","description":"","publisher":{"@id":"https:\/\/therefore.net\/fr\/#organization"},"potentialAction":[{"@type":"SearchAction","target":{"@type":"EntryPoint","urlTemplate":"https:\/\/therefore.net\/fr\/?s={search_term_string}"},"query-input":{"@type":"PropertyValueSpecification","valueRequired":true,"valueName":"search_term_string"}}],"inLanguage":"fr-FR"},{"@type":"Organization","@id":"https:\/\/therefore.net\/fr\/#organization","name":"Therefore","url":"https:\/\/therefore.net\/fr\/","logo":{"@type":"ImageObject","inLanguage":"fr-FR","@id":"https:\/\/therefore.net\/fr\/#\/schema\/logo\/image\/","url":"https:\/\/therefore.net\/wp\/..\/app\/uploads\/2022\/04\/logo.png","contentUrl":"https:\/\/therefore.net\/wp\/..\/app\/uploads\/2022\/04\/logo.png","width":176,"height":48,"caption":"Therefore"},"image":{"@id":"https:\/\/therefore.net\/fr\/#\/schema\/logo\/image\/"},"sameAs":["https:\/\/www.linkedin.com\/company\/therefore-corporation\/","https:\/\/www.youtube.com\/user\/ThereforeTV"]}]}},"_links":{"self":[{"href":"https:\/\/therefore.net\/fr\/wp-json\/wp\/v2\/pages\/3711","targetHints":{"allow":["GET"]}}],"collection":[{"href":"https:\/\/therefore.net\/fr\/wp-json\/wp\/v2\/pages"}],"about":[{"href":"https:\/\/therefore.net\/fr\/wp-json\/wp\/v2\/types\/page"}],"author":[{"embeddable":true,"href":"https:\/\/therefore.net\/fr\/wp-json\/wp\/v2\/users\/1"}],"replies":[{"embeddable":true,"href":"https:\/\/therefore.net\/fr\/wp-json\/wp\/v2\/comments?post=3711"}],"version-history":[{"count":1,"href":"https:\/\/therefore.net\/fr\/wp-json\/wp\/v2\/pages\/3711\/revisions"}],"predecessor-version":[{"id":3712,"href":"https:\/\/therefore.net\/fr\/wp-json\/wp\/v2\/pages\/3711\/revisions\/3712"}],"wp:attachment":[{"href":"https:\/\/therefore.net\/fr\/wp-json\/wp\/v2\/media?parent=3711"}],"curies":[{"name":"wp","href":"https:\/\/api.w.org\/{rel}","templated":true}]}}