{"id":5123,"date":"2023-05-05T20:29:42","date_gmt":"2023-05-05T18:29:42","guid":{"rendered":"https:\/\/therefore.net\/prix-et-certifications\/software-review-awards-2022\/"},"modified":"2025-12-23T22:42:59","modified_gmt":"2025-12-23T21:42:59","slug":"software-review-awards","status":"publish","type":"page","link":"https:\/\/therefore.net\/fr\/prix-et-certifications\/software-review-awards\/","title":{"rendered":"Software Review Awards"},"content":{"rendered":"<section class=\"custom-block left-image-right-text-long\">\n    <div class=\"container  left-image-right-text-long__container\">\n        <div class=\"left-image-right-text-long__inner\">\n            <div class=\"left-image-right-text-long__image-wrapper\">\n                                    <img decoding=\"async\" width=\"1410\" height=\"1030\" src=\"https:\/\/therefore.net\/wp\/..\/app\/uploads\/2025\/12\/2025-ITRG-Big-Banner-2.png\" class=\"attachment-full size-full\" alt=\"Logo pour Therefore\u2122, une entreprise ax\u00e9e sur les personnes, les processus et l&#039;information, aux c\u00f4t\u00e9s de 15 badges de prix bleus d&#039;Info-Tech. Therefore\u2122 a remport\u00e9 de nombreux prix de l&#039;industrie, dont deux badges &quot;Champion&quot; 2025 pour Data Quadrant et Emotional Footprint.\" srcset=\"https:\/\/therefore.net\/wp\/..\/app\/uploads\/2025\/12\/2025-ITRG-Big-Banner-2.png 1410w, https:\/\/therefore.net\/wp\/..\/app\/uploads\/2025\/12\/2025-ITRG-Big-Banner-2-300x219.png 300w, https:\/\/therefore.net\/wp\/..\/app\/uploads\/2025\/12\/2025-ITRG-Big-Banner-2-1024x748.png 1024w, https:\/\/therefore.net\/wp\/..\/app\/uploads\/2025\/12\/2025-ITRG-Big-Banner-2-768x561.png 768w\" sizes=\"(max-width: 1410px) 100vw, 1410px\" \/>\n                            <\/div>\n            <div class=\"left-image-right-text-long__text-wrapper\">\n                <h2 class=\"left-image-right-text-long__title\">\n                    Therefore\u2122 remporte de nombreux prix ECM d\u00e9cern\u00e9s par SoftwareReviews\n                <\/h2>\n                <div class=\"left-image-right-text-long__text\">\n                    <p>Therefore\u2122 est un leader du march\u00e9 de l&#8217;ECM (GED), le num\u00e9ro 1 de l&#8217;automatisation des workflows, et comprend 12 fonctionnalit\u00e9s de premier plan.<\/p>\n\n                <\/div>\n                                <a class=\"main-button main-button--secondary\" target=\"_blank\"\n                    href=\"https:\/\/www.softwarereviews.com\/products\/canon-therefore\">D\u00e9couvrez notre classement (en anglais)<\/a>\n                            <\/div>\n        <\/div>\n    <\/div>\n<\/section>\n\n\n\n<section class=\"custom-block video-img-section video-img-section--shape \">\n    <div class=\"container video-img-section__container\">\n\n        <div class=\"video-img-section__row\">\n            <div class=\"video-img-section__media video-img-section__media\">\n                                <div class=\"video-img-section__media__item video-img-section__media__item--image\">\n                                            <img decoding=\"async\" width=\"635\" height=\"317\" src=\"https:\/\/therefore.net\/wp\/..\/app\/uploads\/2025\/12\/2025-Champion-1.png\" class=\"attachment-full size-full\" alt=\"Un badge bleu et or \u00e9tiquet\u00e9 &quot;2025 Data Quadrant Champion&quot; d\u00e9cern\u00e9 par Info-Tech Research Group pour Enterprise Content Management - Enterprise, soulignant que Therefore\u2122 remporte de nombreux prix de l&#039;industrie.\" srcset=\"https:\/\/therefore.net\/wp\/..\/app\/uploads\/2025\/12\/2025-Champion-1.png 635w, https:\/\/therefore.net\/wp\/..\/app\/uploads\/2025\/12\/2025-Champion-1-300x150.png 300w\" sizes=\"(max-width: 635px) 100vw, 635px\" \/>\n                                    <\/div>\n                            <\/div>\n\n            <div class=\"video-img-section__content\">\n                                                        <h2 class=\"video-img-section__title\">Champion du Data Quadrant<\/h2>\n                \n                                    <div class=\"video-img-section__text\"><p>Therefore\u2122 figure parmi les fournisseurs de solutions de gestion de contenu \u00e9lectronique les mieux class\u00e9s, ayant obtenu le label tr\u00e8s convoit\u00e9 de \u00ab Champion \u00bb en 2025.<\/p>\n<\/div>\n                            <\/div>\n        <\/div>\n\n\n    <\/div>\n\n<\/section>\n\n\n\n<section class=\"custom-block video-img-section video-img-section--shape video-img-section--reversed\">\n    <div class=\"container video-img-section__container\">\n\n        <div class=\"video-img-section__row\">\n            <div class=\"video-img-section__media video-img-section__media\">\n                                <div class=\"video-img-section__media__item video-img-section__media__item--image\">\n                                            <img decoding=\"async\" width=\"635\" height=\"317\" src=\"https:\/\/therefore.net\/wp\/..\/app\/uploads\/2025\/01\/Gold-Medal-2-Years-635.png\" class=\"attachment-full size-full\" alt=\"Un insigne de m\u00e9daille d&#039;or avec &quot;Software Reviews&quot; en haut, un ruban bleu indiquant &quot;Gold Medal 2 Years&quot;, et &quot;2023-2024&quot; en bas, soulignant que Therefore\u2122 remporte de nombreux prix de l&#039;industrie.\" srcset=\"https:\/\/therefore.net\/wp\/..\/app\/uploads\/2025\/01\/Gold-Medal-2-Years-635.png 635w, https:\/\/therefore.net\/wp\/..\/app\/uploads\/2025\/01\/Gold-Medal-2-Years-635-300x150.png 300w\" sizes=\"(max-width: 635px) 100vw, 635px\" \/>\n                                    <\/div>\n                            <\/div>\n\n            <div class=\"video-img-section__content\">\n                                                        <h2 class=\"video-img-section__title\">M\u00e9daill\u00e9 d&#8217;or ECM (GED) 2023-2024<\/h2>\n                \n                                    <div class=\"video-img-section__text\"><p>Le logiciel de gestion de l&#8217;information Therefore\u2122 a obtenu une m\u00e9daille d&#8217;or et une place de &#8220;Leader&#8221; dans le Quadrant Data de SoftwareReviews, indiquant que Therefore\u2122 excelle \u00e0 fournir \u00e0 la fois les caract\u00e9ristiques et la satisfaction du produit ET la qualit\u00e9 de l&#8217;exp\u00e9rience et des capacit\u00e9s du vendeur.<\/p>\n<\/div>\n                            <\/div>\n        <\/div>\n\n\n    <\/div>\n\n<\/section>\n\n\n\n<section class=\"custom-block video-img-section video-img-section--shape \">\n    <div class=\"container video-img-section__container\">\n\n        <div class=\"video-img-section__row\">\n            <div class=\"video-img-section__media video-img-section__media\">\n                                <div class=\"video-img-section__media__item video-img-section__media__item--image\">\n                                            <img decoding=\"async\" width=\"635\" height=\"317\" src=\"https:\/\/therefore.net\/wp\/..\/app\/uploads\/2023\/05\/ECM-Leader-635x317-1.png\" class=\"attachment-full size-full\" alt=\"Un badge bleu et blanc indiquant &quot;Software Reviews Leader 2022&quot; avec un ruban en dessous indiquant &quot;Enterprise Content Management - Enterprise&quot;, montrant que Therefore\u2122 remporte de nombreux prix de l&#039;industrie.\" srcset=\"https:\/\/therefore.net\/wp\/..\/app\/uploads\/2023\/05\/ECM-Leader-635x317-1.png 635w, https:\/\/therefore.net\/wp\/..\/app\/uploads\/2023\/05\/ECM-Leader-635x317-1-300x150.png 300w\" sizes=\"(max-width: 635px) 100vw, 635px\" \/>\n                                    <\/div>\n                            <\/div>\n\n            <div class=\"video-img-section__content\">\n                                                        <h2 class=\"video-img-section__title\">Leader du march\u00e9 ECM (GED) 2022-2025<\/h2>\n                \n                                    <div class=\"video-img-section__text\"><p>Le logiciel de gestion de l&#8217;information Therefore\u2122 a obtenu une place de &#8220;Leader&#8221; dans le Quadrant Data de SoftwareReviews, indiquant que Therefore\u2122 excelle \u00e0 fournir \u00e0 la fois les caract\u00e9ristiques et la satisfaction du produit ET l&#8217;exp\u00e9rience et les capacit\u00e9s du vendeur de qualit\u00e9.<\/p>\n<\/div>\n                            <\/div>\n        <\/div>\n\n\n    <\/div>\n\n<\/section>\n\n\n\n<section class=\"custom-block video-img-section video-img-section--shape video-img-section--reversed\">\n    <div class=\"container video-img-section__container\">\n\n        <div class=\"video-img-section__row\">\n            <div class=\"video-img-section__media video-img-section__media\">\n                                <div class=\"video-img-section__media__item video-img-section__media__item--image\">\n                                            <img decoding=\"async\" width=\"635\" height=\"317\" src=\"https:\/\/therefore.net\/wp\/..\/app\/uploads\/2025\/12\/WFPA-635x317-1.png\" class=\"attachment-full size-full\" alt=\"Un badge bleu et vert d&#039;Info-Tech Research Group \u00e9tiquet\u00e9 &quot;2025 Top Feature&quot; pour Workflow Process Automation, soulignant que Therefore\u2122 remporte de nombreux prix de l&#039;industrie.\" srcset=\"https:\/\/therefore.net\/wp\/..\/app\/uploads\/2025\/12\/WFPA-635x317-1.png 635w, https:\/\/therefore.net\/wp\/..\/app\/uploads\/2025\/12\/WFPA-635x317-1-300x150.png 300w\" sizes=\"(max-width: 635px) 100vw, 635px\" \/>\n                                    <\/div>\n                            <\/div>\n\n            <div class=\"video-img-section__content\">\n                                                        <h2 class=\"video-img-section__title\">N\u00b0 1 dans l&#8217;automatisation des flux de travail 2022-2025<\/h2>\n                \n                                    <div class=\"video-img-section__text\"><p>Therefore\u2122 s&#8217;est \u00e9galement class\u00e9 au premier rang en mati\u00e8re d&#8217;automatisation du workflow, ou &#8220;la mesure dans laquelle et la facilit\u00e9 avec laquelle les actions au sein du syst\u00e8me peuvent \u00eatre configur\u00e9es pour \u00eatre ex\u00e9cut\u00e9es automatiquement.&#8221; Il s&#8217;agit d&#8217;une belle reconnaissance des efforts de notre \u00e9quipe de d\u00e9veloppement. L&#8217;automatisation du flux de travail continue d&#8217;\u00eatre un outil incroyablement utile \u00e0 travers les industries et les d\u00e9partements, et nous sommes fiers de continuer \u00e0 vous offrir les workflows automatis\u00e9s n\u00b01 sur le march\u00e9.<\/p>\n<\/div>\n                            <\/div>\n        <\/div>\n\n\n    <\/div>\n\n<\/section>\n\n\n<section class=\"custom-block whats-new-image-section\">\n    <div class=\"container whats-new-image-section__container\">\n        <div class=\"whats-new-image-section__image\">\n            <div class=\"whats-new-image-section__image-wrapper\">\n                                    <img decoding=\"async\" width=\"730\" height=\"376\" src=\"https:\/\/therefore.net\/wp\/..\/app\/uploads\/2025\/12\/2025-Features.png\" class=\"attachment-full size-full\" alt=\"Cinq badges bleus et verts d\u00e9cern\u00e9s par Info-Tech Research Group pour 2025 montrent que Therefore\u2122 remporte de nombreux prix de l&#039;industrie, mettant en avant des fonctionnalit\u00e9s de premier plan telles que la cr\u00e9ation de formulaires web, les approbations de fichiers, la gestion de documents, la collaboration et la gestion de cas.\" srcset=\"https:\/\/therefore.net\/wp\/..\/app\/uploads\/2025\/12\/2025-Features.png 730w, https:\/\/therefore.net\/wp\/..\/app\/uploads\/2025\/12\/2025-Features-300x155.png 300w\" sizes=\"(max-width: 730px) 100vw, 730px\" \/>\n                            <\/div>\n\n                                            <h2 class=\"whats-new-image-section__image__title\">Fonctionnalit\u00e9s les mieux not\u00e9es<\/h2>\n                    <\/div>\n                    <div class=\"whats-new-image-section__text\">\u2022 Automatisation des processus de travail<br \/>\r\n\u2022 Traitement automatique des factures sans mod\u00e8le<br \/>\r\n\u2022 Gestion des dossiers<br \/>\r\n\u2022 Fonctions de recherche<br \/>\r\n\u2022 Cr\u00e9ateur de formulaires Web<br \/>\r\n\u2022 Collaboration<br \/>\r\n\u2022 Approbation de fichiers\/signatures \u00e9lectroniques<br \/>\r\n\u2022 Gestion des documents ECM<\/div>\n            <\/div>\n<\/section>\n\n\n\n<section class=\"custom-block whats-new-image-section\">\n    <div class=\"container whats-new-image-section__container\">\n        <div class=\"whats-new-image-section__image\">\n            <div class=\"whats-new-image-section__image-wrapper\">\n                                    <img decoding=\"async\" width=\"730\" height=\"376\" src=\"https:\/\/therefore.net\/wp\/..\/app\/uploads\/2025\/12\/2025-Capabilities.png\" class=\"attachment-full size-full\" alt=\"Huit badges hexagonaux affichent les prix Info-Tech Research Group 2025, montrant comment Therefore\u2122 remporte de nombreux prix de l&#039;industrie pour la meilleure valeur commerciale, la meilleure assistance, la meilleure formation, l&#039;\u00e9tendue des fonctionnalit\u00e9s, l&#039;int\u00e9gration, la gestion, la personnalisation et la mise en \u0153uvre.\" srcset=\"https:\/\/therefore.net\/wp\/..\/app\/uploads\/2025\/12\/2025-Capabilities.png 730w, https:\/\/therefore.net\/wp\/..\/app\/uploads\/2025\/12\/2025-Capabilities-300x155.png 300w\" sizes=\"(max-width: 730px) 100vw, 730px\" \/>\n                            <\/div>\n\n                                            <h2 class=\"whats-new-image-section__image__title\">Capacit\u00e9s les mieux not\u00e9es<\/h2>\n                    <\/div>\n                    <div class=\"whats-new-image-section__text\">\u2022 Meilleur rapport qualit\u00e9-prix<br \/>\r\n\u2022 Meilleur support technique<br \/>\r\n\u2022 Meilleure formation<br \/>\r\n\u2022 Meilleure gamme de fonctionnalit\u00e9s<br \/>\r\n\u2022 Meilleure mise en \u0153uvre<br \/>\r\n\u2022 Le plus facile \u00e0 int\u00e9grer<br \/>\r\n\u2022 Le plus facile \u00e0 g\u00e9rer<br \/>\r\n\u2022 Le plus facile \u00e0 personnaliser<\/div>\n            <\/div>\n<\/section>\n\n\n\n<div class=\"custom-block simple-paragraph\">\n    <div class=\"container\">\n        <div class=\"blog-post__content blog-post__content--wide\">\n            <h1 style=\"text-align: center;\">92% de clients satisfaits<img decoding=\"async\" class=\"size-full wp-image-1722 aligncenter\" src=\"https:\/\/therefore.net\/app\/uploads\/2022\/11\/WORKFLOW-768x432-1.png\" alt=\"\" width=\"768\" height=\"432\" srcset=\"https:\/\/therefore.net\/wp\/..\/app\/uploads\/2022\/11\/WORKFLOW-768x432-1.png 768w, https:\/\/therefore.net\/wp\/..\/app\/uploads\/2022\/11\/WORKFLOW-768x432-1-300x169.png 300w\" sizes=\"(max-width: 768px) 100vw, 768px\" \/><\/h1>\n<p>&nbsp;<\/p>\n<h1 style=\"text-align: center;\">94% des clients pr\u00e9voient de renouveler leur contrat<\/h1>\n<p><img decoding=\"async\" class=\"size-full wp-image-1723 aligncenter\" src=\"https:\/\/therefore.net\/app\/uploads\/2022\/11\/PLAN-TO-RENEW-768x432-1.png\" alt=\"\" width=\"768\" height=\"432\" srcset=\"https:\/\/therefore.net\/wp\/..\/app\/uploads\/2022\/11\/PLAN-TO-RENEW-768x432-1.png 768w, https:\/\/therefore.net\/wp\/..\/app\/uploads\/2022\/11\/PLAN-TO-RENEW-768x432-1-300x169.png 300w\" sizes=\"(max-width: 768px) 100vw, 768px\" \/><\/p>\n<h1 style=\"text-align: center;\"><\/h1>\n\n        <\/div>\n\n            <\/div>\n<\/div>\n\n\n\n<div class=\"custom-block simple-paragraph\">\n    <div class=\"container\">\n        <div class=\"blog-post__content blog-post__content--wide\">\n            <h2>A propos de SoftwareReviews<\/h2>\n<p>SoftwareReviews, une division d&#8217;Info-Tech Research Group, a publi\u00e9 sa tr\u00e8s attendue \u00e9tude 2022 sur les offres de produits de l&#8217;industrie ECM. Ils ont examin\u00e9 plus de 14 syst\u00e8mes ECM diff\u00e9rents sur le march\u00e9 aujourd&#8217;hui et ont rigoureusement recueilli des donn\u00e9es qualitatives et quantitatives aupr\u00e8s d&#8217;utilisateurs finaux r\u00e9els, d&#8217;entreprises et de professionnels de l&#8217;informatique.<\/p>\n<p>Les \u00e9tudes compl\u00e8tes de SoftwareReviews constituent la source la plus approfondie de donn\u00e9es et d&#8217;informations sur le march\u00e9 des logiciels d&#8217;entreprise.<\/p>\n<p>&nbsp;<\/p>\n\n        <\/div>\n\n            <\/div>\n<\/div>\n\n","protected":false},"excerpt":{"rendered":"","protected":false},"author":5,"featured_media":0,"parent":3496,"menu_order":0,"comment_status":"closed","ping_status":"closed","template":"","meta":{"_acf_changed":false,"inline_featured_image":false,"footnotes":""},"class_list":["post-5123","page","type-page","status-publish","hentry"],"acf":[],"yoast_head":"<!-- This site is optimized with the Yoast SEO plugin v27.2 - https:\/\/yoast.com\/product\/yoast-seo-wordpress\/ -->\n<title>Therefore\u2122 remporte de nombreux prix de l&#039;industrie<\/title>\n<meta name=\"description\" content=\"Therefore\u2122 remporte de nombreux prix de l&#039;industrie d\u00e9cern\u00e9s par SoftwareReviews : Leader du march\u00e9 ECM, n\u00b01 de l&#039;automatisation des workflows, et 12 fonctionnalit\u00e9s les mieux not\u00e9es.\" \/>\n<meta name=\"robots\" content=\"index, follow, max-snippet:-1, max-image-preview:large, max-video-preview:-1\" \/>\n<link rel=\"canonical\" href=\"https:\/\/therefore.net\/fr\/prix-et-certifications\/software-review-awards\/\" \/>\n<script type=\"application\/ld+json\" class=\"yoast-schema-graph\">{\"@context\":\"https:\/\/schema.org\",\"@graph\":[{\"@type\":\"WebPage\",\"@id\":\"https:\/\/therefore.net\/fr\/prix-et-certifications\/software-review-awards\/\",\"url\":\"https:\/\/therefore.net\/fr\/prix-et-certifications\/software-review-awards\/\",\"name\":\"Therefore\u2122 remporte de nombreux prix de l'industrie\",\"isPartOf\":{\"@id\":\"https:\/\/therefore.net\/fr\/#website\"},\"datePublished\":\"2023-05-05T18:29:42+00:00\",\"dateModified\":\"2025-12-23T21:42:59+00:00\",\"description\":\"Therefore\u2122 remporte de nombreux prix de l'industrie d\u00e9cern\u00e9s par SoftwareReviews : Leader du march\u00e9 ECM, n\u00b01 de l'automatisation des workflows, et 12 fonctionnalit\u00e9s les mieux not\u00e9es.\",\"breadcrumb\":{\"@id\":\"https:\/\/therefore.net\/fr\/prix-et-certifications\/software-review-awards\/#breadcrumb\"},\"inLanguage\":\"fr-FR\",\"potentialAction\":[{\"@type\":\"ReadAction\",\"target\":[\"https:\/\/therefore.net\/fr\/prix-et-certifications\/software-review-awards\/\"]}]},{\"@type\":\"BreadcrumbList\",\"@id\":\"https:\/\/therefore.net\/fr\/prix-et-certifications\/software-review-awards\/#breadcrumb\",\"itemListElement\":[{\"@type\":\"ListItem\",\"position\":1,\"name\":\"Home\",\"item\":\"https:\/\/therefore.net\/fr\/\"},{\"@type\":\"ListItem\",\"position\":2,\"name\":\"Prix et certifications\",\"item\":\"https:\/\/therefore.net\/fr\/prix-et-certifications\/\"},{\"@type\":\"ListItem\",\"position\":3,\"name\":\"Software Review Awards\"}]},{\"@type\":\"WebSite\",\"@id\":\"https:\/\/therefore.net\/fr\/#website\",\"url\":\"https:\/\/therefore.net\/fr\/\",\"name\":\"Therefore\",\"description\":\"\",\"publisher\":{\"@id\":\"https:\/\/therefore.net\/fr\/#organization\"},\"potentialAction\":[{\"@type\":\"SearchAction\",\"target\":{\"@type\":\"EntryPoint\",\"urlTemplate\":\"https:\/\/therefore.net\/fr\/?s={search_term_string}\"},\"query-input\":{\"@type\":\"PropertyValueSpecification\",\"valueRequired\":true,\"valueName\":\"search_term_string\"}}],\"inLanguage\":\"fr-FR\"},{\"@type\":\"Organization\",\"@id\":\"https:\/\/therefore.net\/fr\/#organization\",\"name\":\"Therefore\",\"url\":\"https:\/\/therefore.net\/fr\/\",\"logo\":{\"@type\":\"ImageObject\",\"inLanguage\":\"fr-FR\",\"@id\":\"https:\/\/therefore.net\/fr\/#\/schema\/logo\/image\/\",\"url\":\"https:\/\/therefore.net\/wp\/..\/app\/uploads\/2022\/04\/logo.png\",\"contentUrl\":\"https:\/\/therefore.net\/wp\/..\/app\/uploads\/2022\/04\/logo.png\",\"width\":176,\"height\":48,\"caption\":\"Therefore\"},\"image\":{\"@id\":\"https:\/\/therefore.net\/fr\/#\/schema\/logo\/image\/\"},\"sameAs\":[\"https:\/\/www.linkedin.com\/company\/therefore-corporation\/\",\"https:\/\/www.youtube.com\/user\/ThereforeTV\"]}]}<\/script>\n<!-- \/ Yoast SEO plugin. -->","yoast_head_json":{"title":"Therefore\u2122 remporte de nombreux prix de l'industrie","description":"Therefore\u2122 remporte de nombreux prix de l'industrie d\u00e9cern\u00e9s par SoftwareReviews : Leader du march\u00e9 ECM, n\u00b01 de l'automatisation des workflows, et 12 fonctionnalit\u00e9s les mieux not\u00e9es.","robots":{"index":"index","follow":"follow","max-snippet":"max-snippet:-1","max-image-preview":"max-image-preview:large","max-video-preview":"max-video-preview:-1"},"canonical":"https:\/\/therefore.net\/fr\/prix-et-certifications\/software-review-awards\/","schema":{"@context":"https:\/\/schema.org","@graph":[{"@type":"WebPage","@id":"https:\/\/therefore.net\/fr\/prix-et-certifications\/software-review-awards\/","url":"https:\/\/therefore.net\/fr\/prix-et-certifications\/software-review-awards\/","name":"Therefore\u2122 remporte de nombreux prix de l'industrie","isPartOf":{"@id":"https:\/\/therefore.net\/fr\/#website"},"datePublished":"2023-05-05T18:29:42+00:00","dateModified":"2025-12-23T21:42:59+00:00","description":"Therefore\u2122 remporte de nombreux prix de l'industrie d\u00e9cern\u00e9s par SoftwareReviews : Leader du march\u00e9 ECM, n\u00b01 de l'automatisation des workflows, et 12 fonctionnalit\u00e9s les mieux not\u00e9es.","breadcrumb":{"@id":"https:\/\/therefore.net\/fr\/prix-et-certifications\/software-review-awards\/#breadcrumb"},"inLanguage":"fr-FR","potentialAction":[{"@type":"ReadAction","target":["https:\/\/therefore.net\/fr\/prix-et-certifications\/software-review-awards\/"]}]},{"@type":"BreadcrumbList","@id":"https:\/\/therefore.net\/fr\/prix-et-certifications\/software-review-awards\/#breadcrumb","itemListElement":[{"@type":"ListItem","position":1,"name":"Home","item":"https:\/\/therefore.net\/fr\/"},{"@type":"ListItem","position":2,"name":"Prix et certifications","item":"https:\/\/therefore.net\/fr\/prix-et-certifications\/"},{"@type":"ListItem","position":3,"name":"Software Review Awards"}]},{"@type":"WebSite","@id":"https:\/\/therefore.net\/fr\/#website","url":"https:\/\/therefore.net\/fr\/","name":"Therefore","description":"","publisher":{"@id":"https:\/\/therefore.net\/fr\/#organization"},"potentialAction":[{"@type":"SearchAction","target":{"@type":"EntryPoint","urlTemplate":"https:\/\/therefore.net\/fr\/?s={search_term_string}"},"query-input":{"@type":"PropertyValueSpecification","valueRequired":true,"valueName":"search_term_string"}}],"inLanguage":"fr-FR"},{"@type":"Organization","@id":"https:\/\/therefore.net\/fr\/#organization","name":"Therefore","url":"https:\/\/therefore.net\/fr\/","logo":{"@type":"ImageObject","inLanguage":"fr-FR","@id":"https:\/\/therefore.net\/fr\/#\/schema\/logo\/image\/","url":"https:\/\/therefore.net\/wp\/..\/app\/uploads\/2022\/04\/logo.png","contentUrl":"https:\/\/therefore.net\/wp\/..\/app\/uploads\/2022\/04\/logo.png","width":176,"height":48,"caption":"Therefore"},"image":{"@id":"https:\/\/therefore.net\/fr\/#\/schema\/logo\/image\/"},"sameAs":["https:\/\/www.linkedin.com\/company\/therefore-corporation\/","https:\/\/www.youtube.com\/user\/ThereforeTV"]}]}},"_links":{"self":[{"href":"https:\/\/therefore.net\/fr\/wp-json\/wp\/v2\/pages\/5123","targetHints":{"allow":["GET"]}}],"collection":[{"href":"https:\/\/therefore.net\/fr\/wp-json\/wp\/v2\/pages"}],"about":[{"href":"https:\/\/therefore.net\/fr\/wp-json\/wp\/v2\/types\/page"}],"author":[{"embeddable":true,"href":"https:\/\/therefore.net\/fr\/wp-json\/wp\/v2\/users\/5"}],"replies":[{"embeddable":true,"href":"https:\/\/therefore.net\/fr\/wp-json\/wp\/v2\/comments?post=5123"}],"version-history":[{"count":14,"href":"https:\/\/therefore.net\/fr\/wp-json\/wp\/v2\/pages\/5123\/revisions"}],"predecessor-version":[{"id":10504,"href":"https:\/\/therefore.net\/fr\/wp-json\/wp\/v2\/pages\/5123\/revisions\/10504"}],"up":[{"embeddable":true,"href":"https:\/\/therefore.net\/fr\/wp-json\/wp\/v2\/pages\/3496"}],"wp:attachment":[{"href":"https:\/\/therefore.net\/fr\/wp-json\/wp\/v2\/media?parent=5123"}],"curies":[{"name":"wp","href":"https:\/\/api.w.org\/{rel}","templated":true}]}}