{"id":5146,"date":"2023-05-05T20:57:30","date_gmt":"2023-05-05T18:57:30","guid":{"rendered":"https:\/\/therefore.net\/prix-et-certifications\/datamaster-awards\/"},"modified":"2023-06-07T04:40:58","modified_gmt":"2023-06-07T02:40:58","slug":"datamaster-awards","status":"publish","type":"page","link":"https:\/\/therefore.net\/fr\/prix-et-certifications\/datamaster-awards\/","title":{"rendered":"DataMaster Awards"},"content":{"rendered":"<section class=\"custom-block left-image-right-text-long\">\n    <div class=\"container  left-image-right-text-long__container\">\n        <div class=\"left-image-right-text-long__inner\">\n            <div class=\"left-image-right-text-long__image-wrapper\">\n                                    <img decoding=\"async\" width=\"1030\" height=\"687\" src=\"https:\/\/therefore.net\/wp\/..\/app\/uploads\/2022\/07\/GED-Award.png\" class=\"attachment-full size-full\" alt=\"Therefore\u2122 has won two awards by DataMaster Lab: The left gold badge honors &quot;Best Solution for HR Department Administration and Management,&quot; while the right silver and blue badge recognizes &quot;Outstanding ECM 2022 for SMB and Mid-sized.\" srcset=\"https:\/\/therefore.net\/wp\/..\/app\/uploads\/2022\/07\/GED-Award.png 1030w, https:\/\/therefore.net\/wp\/..\/app\/uploads\/2022\/07\/GED-Award-300x200.png 300w, https:\/\/therefore.net\/wp\/..\/app\/uploads\/2022\/07\/GED-Award-1024x683.png 1024w, https:\/\/therefore.net\/wp\/..\/app\/uploads\/2022\/07\/GED-Award-768x512.png 768w\" sizes=\"(max-width: 1030px) 100vw, 1030px\" \/>\n                            <\/div>\n            <div class=\"left-image-right-text-long__text-wrapper\">\n                <h2 class=\"left-image-right-text-long__title\">\n                    Therefore\u2122 remporte les prix DataMaster de la meilleure solution RH et de la meilleure solution GED.\n                <\/h2>\n                <div class=\"left-image-right-text-long__text\">\n                    <p>Therefore\u2122 a remport\u00e9 deux prix d\u00e9cern\u00e9s par DataMaster Lab, un laboratoire de test fran\u00e7ais ind\u00e9pendant pour les machines de bureau et les solutions logicielles. Les solutions Therefore\u2122 ont fait l&#8217;objet d&#8217;une analyse approfondie comprenant des tests pratiques effectu\u00e9s pendant plusieurs jours par des consultants de DataMaster form\u00e9s \u00e0 l&#8217;\u00e9valuation des solutions GED.<\/p>\n\n                <\/div>\n                            <\/div>\n        <\/div>\n    <\/div>\n<\/section>\n\n<section class=\"custom-block video-img-section video-img-section--shape \">\n    <div class=\"container video-img-section__container\">\n\n        <div class=\"video-img-section__row\">\n            <div class=\"video-img-section__media video-img-section__media\">\n                                <div class=\"video-img-section__media__item video-img-section__media__item--image\">\n                                            <img decoding=\"async\" width=\"635\" height=\"317\" src=\"https:\/\/therefore.net\/wp\/..\/app\/uploads\/2023\/05\/GED-Award-635x317-1.png\" class=\"attachment-full size-full\" alt=\"Un badge circulaire dor\u00e9 avec le texte &quot;DataMaster GED Award&quot; au centre. Sur le pourtour, on peut lire &quot;Meilleure solution pour l&#039;administration et la gestion du d\u00e9partement des ressources humaines&quot;. Therefore\u2122 remporte les prix DataMaster. Le badge est plac\u00e9 sur un fond clair.\" srcset=\"https:\/\/therefore.net\/wp\/..\/app\/uploads\/2023\/05\/GED-Award-635x317-1.png 635w, https:\/\/therefore.net\/wp\/..\/app\/uploads\/2023\/05\/GED-Award-635x317-1-300x150.png 300w\" sizes=\"(max-width: 635px) 100vw, 635px\" \/>\n                                    <\/div>\n                            <\/div>\n\n            <div class=\"video-img-section__content\">\n                                                        <h2 class=\"video-img-section__title\">Meilleure solution pour l&#8217;administration et la gestion des ressources humaines<\/h2>\n                \n                                    <div class=\"video-img-section__text\"><p>Therefore\u2122 a remport\u00e9 le prix DataMaster GED de la <strong>meilleure solution pour l&#8217;administration et la gestion du d\u00e9partement RH<\/strong>. Les experts de DataMaster Lab sont tous d&#8217;accord : Therefore\u2122 est la solution ECM n\u00b01 du march\u00e9 pour les RH.<\/p>\n<\/div>\n                            <\/div>\n        <\/div>\n\n\n    <\/div>\n\n<\/section>\n\n<section class=\"custom-block video-img-section video-img-section--shape video-img-section--reversed\">\n    <div class=\"container video-img-section__container\">\n\n        <div class=\"video-img-section__row\">\n            <div class=\"video-img-section__media video-img-section__media\">\n                                <div class=\"video-img-section__media__item video-img-section__media__item--image\">\n                                            <img decoding=\"async\" width=\"635\" height=\"317\" src=\"https:\/\/therefore.net\/wp\/..\/app\/uploads\/2023\/05\/GED-Award-2-635x317-1.png\" class=\"attachment-full size-full\" alt=\"Un badge circulaire avec un centre bleu indique &quot;DataMaster GED Award&quot;, entour\u00e9 de bords verts indiquant &quot;Outstanding ECM 2022 for SMB and Mid-Sized&quot;. Therefore\u2122 remporte les prix DataMaster, reconnaissant une r\u00e9alisation exceptionnelle.\" srcset=\"https:\/\/therefore.net\/wp\/..\/app\/uploads\/2023\/05\/GED-Award-2-635x317-1.png 635w, https:\/\/therefore.net\/wp\/..\/app\/uploads\/2023\/05\/GED-Award-2-635x317-1-300x150.png 300w\" sizes=\"(max-width: 635px) 100vw, 635px\" \/>\n                                    <\/div>\n                            <\/div>\n\n            <div class=\"video-img-section__content\">\n                                                        <h2 class=\"video-img-section__title\">Meilleure solution pour l&#8217;administration et la gestion des ressources humaines<\/h2>\n                \n                                    <div class=\"video-img-section__text\"><p>Therefore\u2122 a \u00e9galement remport\u00e9 le DataMaster GED Award pour<strong> l&#8217;excellence de GED 2022 pour les petites et moyennes entreprises<\/strong>.<\/p>\n<\/div>\n                            <\/div>\n        <\/div>\n\n\n    <\/div>\n\n<\/section>\n<div class=\"custom-block simple-paragraph\">\n    <div class=\"container\">\n        <div class=\"blog-post__content blog-post__content--wide\">\n            <p><img decoding=\"async\" class=\"size-large wp-image-2952 aligncenter\" src=\"https:\/\/therefore.net\/app\/uploads\/2023\/05\/DataMasterCertificate-1024x722.png\" alt=\"\" width=\"1024\" height=\"722\" srcset=\"https:\/\/therefore.net\/wp\/..\/app\/uploads\/2023\/05\/DataMasterCertificate-1024x722.png 1024w, https:\/\/therefore.net\/wp\/..\/app\/uploads\/2023\/05\/DataMasterCertificate-300x211.png 300w, https:\/\/therefore.net\/wp\/..\/app\/uploads\/2023\/05\/DataMasterCertificate-768x541.png 768w, https:\/\/therefore.net\/wp\/..\/app\/uploads\/2023\/05\/DataMasterCertificate.png 1237w\" sizes=\"(max-width: 1024px) 100vw, 1024px\" \/><\/p>\n\n        <\/div>\n\n            <\/div>\n<\/div>\n\n<div class=\"custom-block simple-paragraph\">\n    <div class=\"container\">\n        <div class=\"blog-post__content blog-post__content--wide\">\n            <p><strong>\u00c0 propos de DataMaster Lab<\/strong><\/p>\n<p>&nbsp;<\/p>\n<p>DataMaster Lab est un laboratoire d&#8217;essai ind\u00e9pendant bas\u00e9 pr\u00e8s de Rennes en France. Depuis 2009, nous testons des \u00e9quipements d&#8217;impression et d&#8217;imagerie de bureau et de production dans notre propre laboratoire, ou dans les locaux de fabricants ou de partenaires. Nous analysons \u00e9galement les solutions logicielles associ\u00e9es (capture de documents, services de contenu, comptabilit\u00e9 d&#8217;impression, follow me, gestion de flotte, web to print, donn\u00e9es variables, ERP d&#8217;impression &#8211; etc.) ainsi que les applications plus simples disponibles sur de nombreuses machines de bureau. Notre objectif est toujours d&#8217;identifier les principales caract\u00e9ristiques de tous ces produits et d&#8217;\u00e9valuer leurs performances dans des sc\u00e9narios professionnels r\u00e9els.<\/p>\n<p>&nbsp;<\/p>\n<div class=\"wpb_text_column wpb_content_element vc_custom_1596434695844\">\n<p>FPour en savoir plus sur le laboratoire de test de DataMaster, <a href=\"https:\/\/www.datamaster.fr\/DATAMASTER_Lab\/labo-benchmark_printer_benchmark_office_market_productivity_print_quality_production_printing_scan_speed_scan_file_size_duplex_print_speed_feature_test_ISO_print_productivity_ISO_IEC_24734_ISO_24735_FCOT_F-en.html\">cliquez ici<\/a>.<\/p>\n<\/div>\n\n        <\/div>\n\n            <\/div>\n<\/div>\n\n","protected":false},"excerpt":{"rendered":"","protected":false},"author":5,"featured_media":0,"parent":3496,"menu_order":0,"comment_status":"closed","ping_status":"closed","template":"","meta":{"_acf_changed":false,"inline_featured_image":false,"footnotes":""},"class_list":["post-5146","page","type-page","status-publish","hentry"],"acf":[],"yoast_head":"<!-- This site is optimized with the Yoast SEO plugin v27.3 - https:\/\/yoast.com\/product\/yoast-seo-wordpress\/ -->\n<title>Therefore\u2122 remporte les prix DataMaster<\/title>\n<meta name=\"description\" content=\"Therefore\u2122 remporte les prix DataMaster par DataMaster, un laboratoire de test fran\u00e7ais ind\u00e9pendant pour les machines de bureau et les solutions logicielles.\" \/>\n<meta name=\"robots\" content=\"index, follow, max-snippet:-1, max-image-preview:large, max-video-preview:-1\" \/>\n<link rel=\"canonical\" href=\"https:\/\/therefore.net\/fr\/prix-et-certifications\/datamaster-awards\/\" \/>\n<script type=\"application\/ld+json\" class=\"yoast-schema-graph\">{\"@context\":\"https:\\\/\\\/schema.org\",\"@graph\":[{\"@type\":\"WebPage\",\"@id\":\"https:\\\/\\\/therefore.net\\\/fr\\\/prix-et-certifications\\\/datamaster-awards\\\/\",\"url\":\"https:\\\/\\\/therefore.net\\\/fr\\\/prix-et-certifications\\\/datamaster-awards\\\/\",\"name\":\"Therefore\u2122 remporte les prix DataMaster\",\"isPartOf\":{\"@id\":\"https:\\\/\\\/therefore.net\\\/fr\\\/#website\"},\"datePublished\":\"2023-05-05T18:57:30+00:00\",\"dateModified\":\"2023-06-07T02:40:58+00:00\",\"description\":\"Therefore\u2122 remporte les prix DataMaster par DataMaster, un laboratoire de test fran\u00e7ais ind\u00e9pendant pour les machines de bureau et les solutions logicielles.\",\"breadcrumb\":{\"@id\":\"https:\\\/\\\/therefore.net\\\/fr\\\/prix-et-certifications\\\/datamaster-awards\\\/#breadcrumb\"},\"inLanguage\":\"fr-FR\",\"potentialAction\":[{\"@type\":\"ReadAction\",\"target\":[\"https:\\\/\\\/therefore.net\\\/fr\\\/prix-et-certifications\\\/datamaster-awards\\\/\"]}]},{\"@type\":\"BreadcrumbList\",\"@id\":\"https:\\\/\\\/therefore.net\\\/fr\\\/prix-et-certifications\\\/datamaster-awards\\\/#breadcrumb\",\"itemListElement\":[{\"@type\":\"ListItem\",\"position\":1,\"name\":\"Home\",\"item\":\"https:\\\/\\\/therefore.net\\\/fr\\\/\"},{\"@type\":\"ListItem\",\"position\":2,\"name\":\"Prix et certifications\",\"item\":\"https:\\\/\\\/therefore.net\\\/fr\\\/prix-et-certifications\\\/\"},{\"@type\":\"ListItem\",\"position\":3,\"name\":\"DataMaster Awards\"}]},{\"@type\":\"WebSite\",\"@id\":\"https:\\\/\\\/therefore.net\\\/fr\\\/#website\",\"url\":\"https:\\\/\\\/therefore.net\\\/fr\\\/\",\"name\":\"Therefore\",\"description\":\"\",\"publisher\":{\"@id\":\"https:\\\/\\\/therefore.net\\\/fr\\\/#organization\"},\"potentialAction\":[{\"@type\":\"SearchAction\",\"target\":{\"@type\":\"EntryPoint\",\"urlTemplate\":\"https:\\\/\\\/therefore.net\\\/fr\\\/?s={search_term_string}\"},\"query-input\":{\"@type\":\"PropertyValueSpecification\",\"valueRequired\":true,\"valueName\":\"search_term_string\"}}],\"inLanguage\":\"fr-FR\"},{\"@type\":\"Organization\",\"@id\":\"https:\\\/\\\/therefore.net\\\/fr\\\/#organization\",\"name\":\"Therefore\",\"url\":\"https:\\\/\\\/therefore.net\\\/fr\\\/\",\"logo\":{\"@type\":\"ImageObject\",\"inLanguage\":\"fr-FR\",\"@id\":\"https:\\\/\\\/therefore.net\\\/fr\\\/#\\\/schema\\\/logo\\\/image\\\/\",\"url\":\"https:\\\/\\\/therefore.net\\\/wp\\\/..\\\/app\\\/uploads\\\/2022\\\/04\\\/logo.png\",\"contentUrl\":\"https:\\\/\\\/therefore.net\\\/wp\\\/..\\\/app\\\/uploads\\\/2022\\\/04\\\/logo.png\",\"width\":176,\"height\":48,\"caption\":\"Therefore\"},\"image\":{\"@id\":\"https:\\\/\\\/therefore.net\\\/fr\\\/#\\\/schema\\\/logo\\\/image\\\/\"},\"sameAs\":[\"https:\\\/\\\/www.linkedin.com\\\/company\\\/therefore-corporation\\\/\",\"https:\\\/\\\/www.youtube.com\\\/user\\\/ThereforeTV\"]}]}<\/script>\n<!-- \/ Yoast SEO plugin. -->","yoast_head_json":{"title":"Therefore\u2122 remporte les prix DataMaster","description":"Therefore\u2122 remporte les prix DataMaster par DataMaster, un laboratoire de test fran\u00e7ais ind\u00e9pendant pour les machines de bureau et les solutions logicielles.","robots":{"index":"index","follow":"follow","max-snippet":"max-snippet:-1","max-image-preview":"max-image-preview:large","max-video-preview":"max-video-preview:-1"},"canonical":"https:\/\/therefore.net\/fr\/prix-et-certifications\/datamaster-awards\/","schema":{"@context":"https:\/\/schema.org","@graph":[{"@type":"WebPage","@id":"https:\/\/therefore.net\/fr\/prix-et-certifications\/datamaster-awards\/","url":"https:\/\/therefore.net\/fr\/prix-et-certifications\/datamaster-awards\/","name":"Therefore\u2122 remporte les prix DataMaster","isPartOf":{"@id":"https:\/\/therefore.net\/fr\/#website"},"datePublished":"2023-05-05T18:57:30+00:00","dateModified":"2023-06-07T02:40:58+00:00","description":"Therefore\u2122 remporte les prix DataMaster par DataMaster, un laboratoire de test fran\u00e7ais ind\u00e9pendant pour les machines de bureau et les solutions logicielles.","breadcrumb":{"@id":"https:\/\/therefore.net\/fr\/prix-et-certifications\/datamaster-awards\/#breadcrumb"},"inLanguage":"fr-FR","potentialAction":[{"@type":"ReadAction","target":["https:\/\/therefore.net\/fr\/prix-et-certifications\/datamaster-awards\/"]}]},{"@type":"BreadcrumbList","@id":"https:\/\/therefore.net\/fr\/prix-et-certifications\/datamaster-awards\/#breadcrumb","itemListElement":[{"@type":"ListItem","position":1,"name":"Home","item":"https:\/\/therefore.net\/fr\/"},{"@type":"ListItem","position":2,"name":"Prix et certifications","item":"https:\/\/therefore.net\/fr\/prix-et-certifications\/"},{"@type":"ListItem","position":3,"name":"DataMaster Awards"}]},{"@type":"WebSite","@id":"https:\/\/therefore.net\/fr\/#website","url":"https:\/\/therefore.net\/fr\/","name":"Therefore","description":"","publisher":{"@id":"https:\/\/therefore.net\/fr\/#organization"},"potentialAction":[{"@type":"SearchAction","target":{"@type":"EntryPoint","urlTemplate":"https:\/\/therefore.net\/fr\/?s={search_term_string}"},"query-input":{"@type":"PropertyValueSpecification","valueRequired":true,"valueName":"search_term_string"}}],"inLanguage":"fr-FR"},{"@type":"Organization","@id":"https:\/\/therefore.net\/fr\/#organization","name":"Therefore","url":"https:\/\/therefore.net\/fr\/","logo":{"@type":"ImageObject","inLanguage":"fr-FR","@id":"https:\/\/therefore.net\/fr\/#\/schema\/logo\/image\/","url":"https:\/\/therefore.net\/wp\/..\/app\/uploads\/2022\/04\/logo.png","contentUrl":"https:\/\/therefore.net\/wp\/..\/app\/uploads\/2022\/04\/logo.png","width":176,"height":48,"caption":"Therefore"},"image":{"@id":"https:\/\/therefore.net\/fr\/#\/schema\/logo\/image\/"},"sameAs":["https:\/\/www.linkedin.com\/company\/therefore-corporation\/","https:\/\/www.youtube.com\/user\/ThereforeTV"]}]}},"_links":{"self":[{"href":"https:\/\/therefore.net\/fr\/wp-json\/wp\/v2\/pages\/5146","targetHints":{"allow":["GET"]}}],"collection":[{"href":"https:\/\/therefore.net\/fr\/wp-json\/wp\/v2\/pages"}],"about":[{"href":"https:\/\/therefore.net\/fr\/wp-json\/wp\/v2\/types\/page"}],"author":[{"embeddable":true,"href":"https:\/\/therefore.net\/fr\/wp-json\/wp\/v2\/users\/5"}],"replies":[{"embeddable":true,"href":"https:\/\/therefore.net\/fr\/wp-json\/wp\/v2\/comments?post=5146"}],"version-history":[{"count":1,"href":"https:\/\/therefore.net\/fr\/wp-json\/wp\/v2\/pages\/5146\/revisions"}],"predecessor-version":[{"id":5147,"href":"https:\/\/therefore.net\/fr\/wp-json\/wp\/v2\/pages\/5146\/revisions\/5147"}],"up":[{"embeddable":true,"href":"https:\/\/therefore.net\/fr\/wp-json\/wp\/v2\/pages\/3496"}],"wp:attachment":[{"href":"https:\/\/therefore.net\/fr\/wp-json\/wp\/v2\/media?parent=5146"}],"curies":[{"name":"wp","href":"https:\/\/api.w.org\/{rel}","templated":true}]}}