{"id":5187,"date":"2023-04-04T19:36:17","date_gmt":"2023-04-04T17:36:17","guid":{"rendered":"https:\/\/therefore.net\/webinaires\/"},"modified":"2023-06-08T16:42:09","modified_gmt":"2023-06-08T14:42:09","slug":"webinaires","status":"publish","type":"page","link":"https:\/\/therefore.net\/fr\/webinaires\/","title":{"rendered":"Webinaires"},"content":{"rendered":"<section class=\"custom-block left-image-right-text\">\n    <div class=\"container  left-image-right-text__container\">\n        <div class=\"left-image-right-text__inner\">\n            <div class=\"left-image-right-text__image-wrapper\">\n                                    <img fetchpriority=\"high\" decoding=\"async\" width=\"1410\" height=\"880\" src=\"https:\/\/therefore.net\/wp\/..\/app\/uploads\/2023\/04\/WebinarCover2.png\" class=\"attachment-full size-full\" alt=\"Une tasse de caf\u00e9, un ordinateur portable affichant un webinaire &quot;Therefore Webinars : The Power of Therefore Workflow&quot;, et des carnets de notes empil\u00e9s sont pos\u00e9s sur un bureau dans un environnement lumineux et flou.\" loading=\"eager\" srcset=\"https:\/\/therefore.net\/wp\/..\/app\/uploads\/2023\/04\/WebinarCover2.png 1410w, https:\/\/therefore.net\/wp\/..\/app\/uploads\/2023\/04\/WebinarCover2-300x187.png 300w, https:\/\/therefore.net\/wp\/..\/app\/uploads\/2023\/04\/WebinarCover2-1024x639.png 1024w, https:\/\/therefore.net\/wp\/..\/app\/uploads\/2023\/04\/WebinarCover2-768x479.png 768w\" sizes=\"(max-width: 1410px) 100vw, 1410px\" \/>\n                            <\/div>\n            <div class=\"left-image-right-text__text-wrapper\">\n                <h2 class=\"left-image-right-text__title\">\n                    S\u00e9rie de webinaires Therefore\u2122\n                <\/h2>\n                <div class=\"left-image-right-text__text\"><strong>Vous souhaitez en savoir plus sur Therefore\u2122 ? Participez \u00e0 nos webinaires gratuits et r\u00e9guliers pour d\u00e9couvrir comment les solutions de gestion de l&#8217;information Therefore\u2122 peuvent aider votre organisation.<\/strong><\/div>\n                            <\/div>\n        <\/div>\n    <\/div>\n<\/section>\n\n\n<div class=\"custom-block simple-paragraph\">\n    <div class=\"container\">\n        <div class=\"blog-post__content blog-post__content--wide\">\n            <h1 style=\"text-align: center;\"><strong>Les prochains webinaires en fran\u00e7ais seront list\u00e9s sur cette page.<\/strong><\/h1>\n<p>&nbsp;<\/p>\n<h3 style=\"text-align: center;\"><strong>Pour consulter tous les webinaires \u00e0 venir en anglais, cliquez <a href=\"https:\/\/therefore.net\/webinars\/\" target=\"_blank\" rel=\"noopener\">ici<\/a>.<\/strong><\/h3>\n\n        <\/div>\n\n            <\/div>\n<\/div>\n\n\n\n<div class=\"custom-block simple-paragraph\">\n    <div class=\"container\">\n        <div class=\"blog-post__content blog-post__content--wide\">\n            <h1 style=\"text-align: center;\">Webinaires r\u00e9cents que vous avez peut-\u00eatre manqu\u00e9s<\/h1>\n\n        <\/div>\n\n            <\/div>\n<\/div>\n\n\n\n<section class=\"custom-block hero-slider\">\n    <div class=\"hero-slider swiper-container\" data-timer=\"5000\">\n        <div class=\"swiper-wrapper swiper-wrapper--p-t\">\n                                                        <div class=\"swiper-slide\" data-swiper-autoplay=\"5000\">\n                    <div class=\"container hero-slider__container\">\n                        <div class=\"hero-slider__slide\">\n                            <div class=\"hero-slider__slide-left\">\n                                <h2 class=\"hero-slider__title\">\n                                    REST Calls in Therefore\u2122\n                                <\/h2>\n                                <p class=\"hero-slider__text text-light\">\n                                    This webinar is a non technical, high level introduction to REST calls in Therefore\u2122. It includes an overview of REST calls as well as 4 demos of integration scenarios using REST.\n                                <\/p>\n                                                                <a class=\"main-button main-button--with-arrow\" target=\"_blank\"\n                                    href=\"https:\/\/www.youtube.com\/watch?v=LqpL6Xn-rFo\">Voir le webinaire (en anglais)<\/a>\n                                                            <\/div>\n                                                        <div class=\"hero-slider__slide-right\">\n                                <img decoding=\"async\" width=\"1410\" height=\"1060\" src=\"https:\/\/therefore.net\/wp\/..\/app\/uploads\/2023\/05\/RESTCalls2023Webinar.png\" class=\"attachment-full size-full\" alt=\"Image promotionnelle pour un webinaire Therefore intitul\u00e9 &quot;REST Calls with Therefore\u2122&quot; pr\u00e9sentant les photos de t\u00eate de Cono Fusco (responsable de l&#039;engagement num\u00e9rique) et Roman Djukic (responsable de l&#039;apprentissage) sur un fond blanc.\" loading=\"eager\" srcset=\"https:\/\/therefore.net\/wp\/..\/app\/uploads\/2023\/05\/RESTCalls2023Webinar.png 1410w, https:\/\/therefore.net\/wp\/..\/app\/uploads\/2023\/05\/RESTCalls2023Webinar-300x226.png 300w, https:\/\/therefore.net\/wp\/..\/app\/uploads\/2023\/05\/RESTCalls2023Webinar-1024x770.png 1024w, https:\/\/therefore.net\/wp\/..\/app\/uploads\/2023\/05\/RESTCalls2023Webinar-768x577.png 768w\" sizes=\"(max-width: 1410px) 100vw, 1410px\" \/>\n                            <\/div>\n                                                    <\/div>\n                    <\/div>\n                <\/div>\n                                            <div class=\"swiper-slide\" data-swiper-autoplay=\"5000\">\n                    <div class=\"container hero-slider__container\">\n                        <div class=\"hero-slider__slide\">\n                            <div class=\"hero-slider__slide-left\">\n                                <h2 class=\"hero-slider__title\">\n                                    The Power of Therefore\u2122 Workflow\n                                <\/h2>\n                                <p class=\"hero-slider__text text-light\">\n                                    Our webinar on The Power of Therefore\u2122 Workflow goes in-depth on how Therefore\u2122 Workflow can help your business.\n                                <\/p>\n                                                                <a class=\"main-button main-button--with-arrow\" target=\"_blank\"\n                                    href=\"https:\/\/www.youtube.com\/watch?v=sYQyXoDJ9Dc\">Voir le webinaire (en anglais)<\/a>\n                                                            <\/div>\n                                                        <div class=\"hero-slider__slide-right\">\n                                <img decoding=\"async\" width=\"1410\" height=\"1060\" src=\"https:\/\/therefore.net\/wp\/..\/app\/uploads\/2023\/03\/WorkflowWebinar.png\" class=\"attachment-full size-full\" alt=\"Une banni\u00e8re promotionnelle pour les webinaires Therefore intitul\u00e9e &quot;The Power of Therefore Workflow&quot;, avec les photos de Cono Fusco et Amber Swensen, et un badge &quot;2023 Software Reviews Top Rated&quot;.\" loading=\"eager\" srcset=\"https:\/\/therefore.net\/wp\/..\/app\/uploads\/2023\/03\/WorkflowWebinar.png 1410w, https:\/\/therefore.net\/wp\/..\/app\/uploads\/2023\/03\/WorkflowWebinar-300x226.png 300w, https:\/\/therefore.net\/wp\/..\/app\/uploads\/2023\/03\/WorkflowWebinar-1024x770.png 1024w, https:\/\/therefore.net\/wp\/..\/app\/uploads\/2023\/03\/WorkflowWebinar-768x577.png 768w\" sizes=\"(max-width: 1410px) 100vw, 1410px\" \/>\n                            <\/div>\n                                                    <\/div>\n                    <\/div>\n                <\/div>\n                                            <div class=\"swiper-slide\" data-swiper-autoplay=\"5000\">\n                    <div class=\"container hero-slider__container\">\n                        <div class=\"hero-slider__slide\">\n                            <div class=\"hero-slider__slide-left\">\n                                <h2 class=\"hero-slider__title\">\n                                    Intro to Therefore\u2122 Online\n                                <\/h2>\n                                <p class=\"hero-slider__text text-light\">\n                                    What is Therefore\u2122 Online and how is it different from the on-premises version?\n                                <\/p>\n                                                                <a class=\"main-button main-button--with-arrow\" target=\"_blank\"\n                                    href=\"https:\/\/www.youtube.com\/watch?v=Bi8x-oqwMaA\">Voir le webinaire (en anglais)<\/a>\n                                                            <\/div>\n                                                        <div class=\"hero-slider__slide-right\">\n                                <img decoding=\"async\" width=\"1410\" height=\"1060\" src=\"https:\/\/therefore.net\/wp\/..\/app\/uploads\/2023\/05\/IntroToTFOWebinar.png\" class=\"attachment-full size-full\" alt=\"Graphique promotionnel pour le webinaire &quot;Intro to Therefore Online&quot; avec les photos de Cono Fusco, responsable de l&#039;engagement num\u00e9rique, et d&#039;Amber Swensen, sp\u00e9cialiste de l&#039;engagement num\u00e9rique.\" loading=\"eager\" srcset=\"https:\/\/therefore.net\/wp\/..\/app\/uploads\/2023\/05\/IntroToTFOWebinar.png 1410w, https:\/\/therefore.net\/wp\/..\/app\/uploads\/2023\/05\/IntroToTFOWebinar-300x226.png 300w, https:\/\/therefore.net\/wp\/..\/app\/uploads\/2023\/05\/IntroToTFOWebinar-1024x770.png 1024w, https:\/\/therefore.net\/wp\/..\/app\/uploads\/2023\/05\/IntroToTFOWebinar-768x577.png 768w\" sizes=\"(max-width: 1410px) 100vw, 1410px\" \/>\n                            <\/div>\n                                                    <\/div>\n                    <\/div>\n                <\/div>\n                                            <div class=\"swiper-slide\" data-swiper-autoplay=\"5000\">\n                    <div class=\"container hero-slider__container\">\n                        <div class=\"hero-slider__slide\">\n                            <div class=\"hero-slider__slide-left\">\n                                <h2 class=\"hero-slider__title\">\n                                    Information Security with Therefore\u2122\n                                <\/h2>\n                                <p class=\"hero-slider__text text-light\">\n                                    Security is the cornerstone of any information management strategy. In this webinar we take a look at how Therefore\u2122 helps keep your information safe and secure. \n                                <\/p>\n                                                                <a class=\"main-button main-button--with-arrow\" target=\"_blank\"\n                                    href=\"https:\/\/www.youtube.com\/watch?v=MeHLHH4RVXo\">Voir le webinaire (en anglais)<\/a>\n                                                            <\/div>\n                                                        <div class=\"hero-slider__slide-right\">\n                                <img decoding=\"async\" width=\"1410\" height=\"1060\" src=\"https:\/\/therefore.net\/wp\/..\/app\/uploads\/2023\/05\/InformatioSecurityWebinar.png\" class=\"attachment-full size-full\" alt=\"Diapositive de webinaire intitul\u00e9e &quot;Information Security with Therefore&quot; (S\u00e9curit\u00e9 de l&#039;information avec Therefore). Elle comprend le logo de Therefore, une photo de Cono Fusco intitul\u00e9e &quot;Head of Digital Engagement&quot; et un arri\u00e8re-plan g\u00e9om\u00e9trique avec des motifs hexagonaux.\" loading=\"eager\" srcset=\"https:\/\/therefore.net\/wp\/..\/app\/uploads\/2023\/05\/InformatioSecurityWebinar.png 1410w, https:\/\/therefore.net\/wp\/..\/app\/uploads\/2023\/05\/InformatioSecurityWebinar-300x226.png 300w, https:\/\/therefore.net\/wp\/..\/app\/uploads\/2023\/05\/InformatioSecurityWebinar-1024x770.png 1024w, https:\/\/therefore.net\/wp\/..\/app\/uploads\/2023\/05\/InformatioSecurityWebinar-768x577.png 768w\" sizes=\"(max-width: 1410px) 100vw, 1410px\" \/>\n                            <\/div>\n                                                    <\/div>\n                    <\/div>\n                <\/div>\n                                <\/div>\n        <div class=\"swiper-pagination\"><\/div>\n    <\/div>\n<\/section>\n","protected":false},"excerpt":{"rendered":"","protected":false},"author":5,"featured_media":0,"parent":0,"menu_order":0,"comment_status":"closed","ping_status":"closed","template":"","meta":{"_acf_changed":false,"inline_featured_image":false,"footnotes":""},"class_list":["post-5187","page","type-page","status-publish","hentry"],"acf":[],"yoast_head":"<!-- This site is optimized with the Yoast SEO plugin v27.4 - https:\/\/yoast.com\/product\/yoast-seo-wordpress\/ -->\n<title>S\u00e9rie de webinaires Therefore\u2122<\/title>\n<meta name=\"description\" content=\"Rejoignez notre s\u00e9rie de webinaires gratuits et r\u00e9guliers pour d\u00e9couvrir comment les solutions de gestion de l&#039;information Therefore\u2122 peuvent aider votre organisation.\" \/>\n<meta name=\"robots\" content=\"index, follow, max-snippet:-1, max-image-preview:large, max-video-preview:-1\" \/>\n<link rel=\"canonical\" href=\"https:\/\/therefore.net\/fr\/webinaires\/\" \/>\n<script type=\"application\/ld+json\" class=\"yoast-schema-graph\">{\"@context\":\"https:\\\/\\\/schema.org\",\"@graph\":[{\"@type\":\"WebPage\",\"@id\":\"https:\\\/\\\/therefore.net\\\/fr\\\/webinaires\\\/\",\"url\":\"https:\\\/\\\/therefore.net\\\/fr\\\/webinaires\\\/\",\"name\":\"S\u00e9rie de webinaires Therefore\u2122\",\"isPartOf\":{\"@id\":\"https:\\\/\\\/therefore.net\\\/fr\\\/#website\"},\"datePublished\":\"2023-04-04T17:36:17+00:00\",\"dateModified\":\"2023-06-08T14:42:09+00:00\",\"description\":\"Rejoignez notre s\u00e9rie de webinaires gratuits et r\u00e9guliers pour d\u00e9couvrir comment les solutions de gestion de l'information Therefore\u2122 peuvent aider votre organisation.\",\"breadcrumb\":{\"@id\":\"https:\\\/\\\/therefore.net\\\/fr\\\/webinaires\\\/#breadcrumb\"},\"inLanguage\":\"fr-FR\",\"potentialAction\":[{\"@type\":\"ReadAction\",\"target\":[\"https:\\\/\\\/therefore.net\\\/fr\\\/webinaires\\\/\"]}]},{\"@type\":\"BreadcrumbList\",\"@id\":\"https:\\\/\\\/therefore.net\\\/fr\\\/webinaires\\\/#breadcrumb\",\"itemListElement\":[{\"@type\":\"ListItem\",\"position\":1,\"name\":\"Home\",\"item\":\"https:\\\/\\\/therefore.net\\\/fr\\\/\"},{\"@type\":\"ListItem\",\"position\":2,\"name\":\"Webinaires\"}]},{\"@type\":\"WebSite\",\"@id\":\"https:\\\/\\\/therefore.net\\\/fr\\\/#website\",\"url\":\"https:\\\/\\\/therefore.net\\\/fr\\\/\",\"name\":\"Therefore\",\"description\":\"\",\"publisher\":{\"@id\":\"https:\\\/\\\/therefore.net\\\/fr\\\/#organization\"},\"potentialAction\":[{\"@type\":\"SearchAction\",\"target\":{\"@type\":\"EntryPoint\",\"urlTemplate\":\"https:\\\/\\\/therefore.net\\\/fr\\\/?s={search_term_string}\"},\"query-input\":{\"@type\":\"PropertyValueSpecification\",\"valueRequired\":true,\"valueName\":\"search_term_string\"}}],\"inLanguage\":\"fr-FR\"},{\"@type\":\"Organization\",\"@id\":\"https:\\\/\\\/therefore.net\\\/fr\\\/#organization\",\"name\":\"Therefore\",\"url\":\"https:\\\/\\\/therefore.net\\\/fr\\\/\",\"logo\":{\"@type\":\"ImageObject\",\"inLanguage\":\"fr-FR\",\"@id\":\"https:\\\/\\\/therefore.net\\\/fr\\\/#\\\/schema\\\/logo\\\/image\\\/\",\"url\":\"https:\\\/\\\/therefore.net\\\/wp\\\/..\\\/app\\\/uploads\\\/2022\\\/04\\\/logo.png\",\"contentUrl\":\"https:\\\/\\\/therefore.net\\\/wp\\\/..\\\/app\\\/uploads\\\/2022\\\/04\\\/logo.png\",\"width\":176,\"height\":48,\"caption\":\"Therefore\"},\"image\":{\"@id\":\"https:\\\/\\\/therefore.net\\\/fr\\\/#\\\/schema\\\/logo\\\/image\\\/\"},\"sameAs\":[\"https:\\\/\\\/www.linkedin.com\\\/company\\\/therefore-corporation\\\/\",\"https:\\\/\\\/www.youtube.com\\\/user\\\/ThereforeTV\"]}]}<\/script>\n<!-- \/ Yoast SEO plugin. -->","yoast_head_json":{"title":"S\u00e9rie de webinaires Therefore\u2122","description":"Rejoignez notre s\u00e9rie de webinaires gratuits et r\u00e9guliers pour d\u00e9couvrir comment les solutions de gestion de l'information Therefore\u2122 peuvent aider votre organisation.","robots":{"index":"index","follow":"follow","max-snippet":"max-snippet:-1","max-image-preview":"max-image-preview:large","max-video-preview":"max-video-preview:-1"},"canonical":"https:\/\/therefore.net\/fr\/webinaires\/","schema":{"@context":"https:\/\/schema.org","@graph":[{"@type":"WebPage","@id":"https:\/\/therefore.net\/fr\/webinaires\/","url":"https:\/\/therefore.net\/fr\/webinaires\/","name":"S\u00e9rie de webinaires Therefore\u2122","isPartOf":{"@id":"https:\/\/therefore.net\/fr\/#website"},"datePublished":"2023-04-04T17:36:17+00:00","dateModified":"2023-06-08T14:42:09+00:00","description":"Rejoignez notre s\u00e9rie de webinaires gratuits et r\u00e9guliers pour d\u00e9couvrir comment les solutions de gestion de l'information Therefore\u2122 peuvent aider votre organisation.","breadcrumb":{"@id":"https:\/\/therefore.net\/fr\/webinaires\/#breadcrumb"},"inLanguage":"fr-FR","potentialAction":[{"@type":"ReadAction","target":["https:\/\/therefore.net\/fr\/webinaires\/"]}]},{"@type":"BreadcrumbList","@id":"https:\/\/therefore.net\/fr\/webinaires\/#breadcrumb","itemListElement":[{"@type":"ListItem","position":1,"name":"Home","item":"https:\/\/therefore.net\/fr\/"},{"@type":"ListItem","position":2,"name":"Webinaires"}]},{"@type":"WebSite","@id":"https:\/\/therefore.net\/fr\/#website","url":"https:\/\/therefore.net\/fr\/","name":"Therefore","description":"","publisher":{"@id":"https:\/\/therefore.net\/fr\/#organization"},"potentialAction":[{"@type":"SearchAction","target":{"@type":"EntryPoint","urlTemplate":"https:\/\/therefore.net\/fr\/?s={search_term_string}"},"query-input":{"@type":"PropertyValueSpecification","valueRequired":true,"valueName":"search_term_string"}}],"inLanguage":"fr-FR"},{"@type":"Organization","@id":"https:\/\/therefore.net\/fr\/#organization","name":"Therefore","url":"https:\/\/therefore.net\/fr\/","logo":{"@type":"ImageObject","inLanguage":"fr-FR","@id":"https:\/\/therefore.net\/fr\/#\/schema\/logo\/image\/","url":"https:\/\/therefore.net\/wp\/..\/app\/uploads\/2022\/04\/logo.png","contentUrl":"https:\/\/therefore.net\/wp\/..\/app\/uploads\/2022\/04\/logo.png","width":176,"height":48,"caption":"Therefore"},"image":{"@id":"https:\/\/therefore.net\/fr\/#\/schema\/logo\/image\/"},"sameAs":["https:\/\/www.linkedin.com\/company\/therefore-corporation\/","https:\/\/www.youtube.com\/user\/ThereforeTV"]}]}},"_links":{"self":[{"href":"https:\/\/therefore.net\/fr\/wp-json\/wp\/v2\/pages\/5187","targetHints":{"allow":["GET"]}}],"collection":[{"href":"https:\/\/therefore.net\/fr\/wp-json\/wp\/v2\/pages"}],"about":[{"href":"https:\/\/therefore.net\/fr\/wp-json\/wp\/v2\/types\/page"}],"author":[{"embeddable":true,"href":"https:\/\/therefore.net\/fr\/wp-json\/wp\/v2\/users\/5"}],"replies":[{"embeddable":true,"href":"https:\/\/therefore.net\/fr\/wp-json\/wp\/v2\/comments?post=5187"}],"version-history":[{"count":8,"href":"https:\/\/therefore.net\/fr\/wp-json\/wp\/v2\/pages\/5187\/revisions"}],"predecessor-version":[{"id":9290,"href":"https:\/\/therefore.net\/fr\/wp-json\/wp\/v2\/pages\/5187\/revisions\/9290"}],"wp:attachment":[{"href":"https:\/\/therefore.net\/fr\/wp-json\/wp\/v2\/media?parent=5187"}],"curies":[{"name":"wp","href":"https:\/\/api.w.org\/{rel}","templated":true}]}}