{"id":5239,"date":"2022-08-03T23:04:47","date_gmt":"2022-08-03T21:04:47","guid":{"rendered":"https:\/\/therefore.net\/derniere-version-en-ligne\/"},"modified":"2023-06-08T02:52:49","modified_gmt":"2023-06-08T00:52:49","slug":"derniere-version-en-ligne","status":"publish","type":"page","link":"https:\/\/therefore.net\/fr\/derniere-version-en-ligne\/","title":{"rendered":"Derni\u00e8re version en ligne"},"content":{"rendered":"<div class=\"custom-block simple-paragraph\">\n    <div class=\"container\">\n        <div class=\"blog-post__content blog-post__content--wide\">\n            <div class=\"wpb_text_column wpb_content_element margin_bottom_35\">\n<div class=\"wpb_wrapper\">\n<h1>Therefore\u2122 Online &#8211; Le moyen le plus rapide d&#8217;acc\u00e9der aux nouvelles fonctionnalit\u00e9s !<\/h1>\n<\/div>\n<\/div>\n<div class=\"wpb_text_column wpb_content_element vc_custom_1544809402324\">\n<div class=\"wpb_wrapper\">\n<p>Les clients de Therefore\u2122 Online sont les premiers \u00e0 recevoir les nouvelles fonctionnalit\u00e9s et les mises \u00e0 jour de leur syst\u00e8me Therefore\u2122. Des mises \u00e0 jour sont r\u00e9guli\u00e8rement publi\u00e9es pour apporter de nouvelles fonctionnalit\u00e9s et des ajustements utiles qui rendent votre exp\u00e9rience Therefore\u2122 encore meilleure.<\/p>\n<p>&nbsp;<\/p>\n<\/div>\n<\/div>\n<div class=\"wpb_text_column wpb_content_element margin_bottom_35\">\n<div class=\"wpb_wrapper\">\n<h3>Les utilisateurs de Therefore\u2122 Online peuvent s&#8217;attendre \u00e0 des mises \u00e0 jour r\u00e9guli\u00e8res telles que :<\/h3>\n<\/div>\n<\/div>\n<div class=\"wpb_text_column wpb_content_element vc_custom_1544809891658\">\n<div class=\"wpb_wrapper\">\n<ul>\n<li>Des nouvelles fonctionnalit\u00e9s bas\u00e9es sur votre contribution \u00e0 partir de notre \u00a0<a href=\"https:\/\/therefore.ideas.aha.io\/\" target=\"_blank\" rel=\"noopener noreferrer\">portail IDEAS.<\/a><\/li>\n<li>Des ajouts utiles qui rendent les fonctionnalit\u00e9s existantes plus puissantes.<\/li>\n<li>UAm\u00e9liorations de la convivialit\u00e9 et de l&#8217;interface utilisateur.<\/li>\n<\/ul>\n<p>&nbsp;<\/p>\n<p>En tant qu&#8217;utilisateur de Therefore\u2122 Online, vous b\u00e9n\u00e9ficiez de toutes ces am\u00e9liorations d\u00e8s qu&#8217;elles sont pr\u00eates. Vous n&#8217;avez pas besoin d&#8217;attendre la prochaine version du produit !<\/p>\n<\/div>\n<\/div>\n\n        <\/div>\n\n            <\/div>\n<\/div>\n\n\n\n\n<section class=\"custom-block video-img-section  \">\n    <div class=\"container video-img-section__container\">\n\n        <div class=\"video-img-section__row\">\n            <div class=\"video-img-section__media video-img-section__media\">\n                                <div class=\"video-img-section__media__item video-img-section__media__item--video\">\n                                            <video src=\"https:\/\/therefore.net\/wp\/..\/app\/uploads\/2022\/08\/Therefore-Online-Latest-and-Greatest.mp4\" name=\"therefore-online-latest-and-greatest-2\" controls><\/video>\n                                    <\/div>\n                            <\/div>\n\n            <div class=\"video-img-section__content\">\n                                                        <h2 class=\"video-img-section__title\">Therefore\u2122 Online &#8211; Latest and Greatest<\/h2>\n                \n                                    <div class=\"video-img-section__text\"><p>D\u00e9couvrez les avantages de Therefore\u2122 Online !<\/p>\n<\/div>\n                            <\/div>\n        <\/div>\n\n\n    <\/div>\n\n<\/section>\n","protected":false},"excerpt":{"rendered":"","protected":false},"author":5,"featured_media":0,"parent":0,"menu_order":0,"comment_status":"closed","ping_status":"closed","template":"","meta":{"_acf_changed":false,"inline_featured_image":false,"footnotes":""},"class_list":["post-5239","page","type-page","status-publish","hentry"],"acf":[],"yoast_head":"<!-- This site is optimized with the Yoast SEO plugin v27.4 - https:\/\/yoast.com\/product\/yoast-seo-wordpress\/ -->\n<title>Derni\u00e8re version de Therefore\u2122 Online<\/title>\n<meta name=\"description\" content=\"Derni\u00e8re version de Therefore\u2122 Online - Les clients Therefore\u2122 Online sont les premiers \u00e0 recevoir les nouvelles fonctionnalit\u00e9s et les mises \u00e0 jour de leur syst\u00e8me Therefore\u2122.\" \/>\n<meta name=\"robots\" content=\"index, follow, max-snippet:-1, max-image-preview:large, max-video-preview:-1\" \/>\n<link rel=\"canonical\" href=\"https:\/\/therefore.net\/fr\/derniere-version-en-ligne\/\" \/>\n<script type=\"application\/ld+json\" class=\"yoast-schema-graph\">{\"@context\":\"https:\\\/\\\/schema.org\",\"@graph\":[{\"@type\":\"WebPage\",\"@id\":\"https:\\\/\\\/therefore.net\\\/fr\\\/derniere-version-en-ligne\\\/\",\"url\":\"https:\\\/\\\/therefore.net\\\/fr\\\/derniere-version-en-ligne\\\/\",\"name\":\"Derni\u00e8re version de Therefore\u2122 Online\",\"isPartOf\":{\"@id\":\"https:\\\/\\\/therefore.net\\\/fr\\\/#website\"},\"datePublished\":\"2022-08-03T21:04:47+00:00\",\"dateModified\":\"2023-06-08T00:52:49+00:00\",\"description\":\"Derni\u00e8re version de Therefore\u2122 Online - Les clients Therefore\u2122 Online sont les premiers \u00e0 recevoir les nouvelles fonctionnalit\u00e9s et les mises \u00e0 jour de leur syst\u00e8me Therefore\u2122.\",\"breadcrumb\":{\"@id\":\"https:\\\/\\\/therefore.net\\\/fr\\\/derniere-version-en-ligne\\\/#breadcrumb\"},\"inLanguage\":\"fr-FR\",\"potentialAction\":[{\"@type\":\"ReadAction\",\"target\":[\"https:\\\/\\\/therefore.net\\\/fr\\\/derniere-version-en-ligne\\\/\"]}]},{\"@type\":\"BreadcrumbList\",\"@id\":\"https:\\\/\\\/therefore.net\\\/fr\\\/derniere-version-en-ligne\\\/#breadcrumb\",\"itemListElement\":[{\"@type\":\"ListItem\",\"position\":1,\"name\":\"Home\",\"item\":\"https:\\\/\\\/therefore.net\\\/fr\\\/\"},{\"@type\":\"ListItem\",\"position\":2,\"name\":\"Derni\u00e8re version en ligne\"}]},{\"@type\":\"WebSite\",\"@id\":\"https:\\\/\\\/therefore.net\\\/fr\\\/#website\",\"url\":\"https:\\\/\\\/therefore.net\\\/fr\\\/\",\"name\":\"Therefore\",\"description\":\"\",\"publisher\":{\"@id\":\"https:\\\/\\\/therefore.net\\\/fr\\\/#organization\"},\"potentialAction\":[{\"@type\":\"SearchAction\",\"target\":{\"@type\":\"EntryPoint\",\"urlTemplate\":\"https:\\\/\\\/therefore.net\\\/fr\\\/?s={search_term_string}\"},\"query-input\":{\"@type\":\"PropertyValueSpecification\",\"valueRequired\":true,\"valueName\":\"search_term_string\"}}],\"inLanguage\":\"fr-FR\"},{\"@type\":\"Organization\",\"@id\":\"https:\\\/\\\/therefore.net\\\/fr\\\/#organization\",\"name\":\"Therefore\",\"url\":\"https:\\\/\\\/therefore.net\\\/fr\\\/\",\"logo\":{\"@type\":\"ImageObject\",\"inLanguage\":\"fr-FR\",\"@id\":\"https:\\\/\\\/therefore.net\\\/fr\\\/#\\\/schema\\\/logo\\\/image\\\/\",\"url\":\"https:\\\/\\\/therefore.net\\\/wp\\\/..\\\/app\\\/uploads\\\/2022\\\/04\\\/logo.png\",\"contentUrl\":\"https:\\\/\\\/therefore.net\\\/wp\\\/..\\\/app\\\/uploads\\\/2022\\\/04\\\/logo.png\",\"width\":176,\"height\":48,\"caption\":\"Therefore\"},\"image\":{\"@id\":\"https:\\\/\\\/therefore.net\\\/fr\\\/#\\\/schema\\\/logo\\\/image\\\/\"},\"sameAs\":[\"https:\\\/\\\/www.linkedin.com\\\/company\\\/therefore-corporation\\\/\",\"https:\\\/\\\/www.youtube.com\\\/user\\\/ThereforeTV\"]}]}<\/script>\n<!-- \/ Yoast SEO plugin. -->","yoast_head_json":{"title":"Derni\u00e8re version de Therefore\u2122 Online","description":"Derni\u00e8re version de Therefore\u2122 Online - Les clients Therefore\u2122 Online sont les premiers \u00e0 recevoir les nouvelles fonctionnalit\u00e9s et les mises \u00e0 jour de leur syst\u00e8me Therefore\u2122.","robots":{"index":"index","follow":"follow","max-snippet":"max-snippet:-1","max-image-preview":"max-image-preview:large","max-video-preview":"max-video-preview:-1"},"canonical":"https:\/\/therefore.net\/fr\/derniere-version-en-ligne\/","schema":{"@context":"https:\/\/schema.org","@graph":[{"@type":"WebPage","@id":"https:\/\/therefore.net\/fr\/derniere-version-en-ligne\/","url":"https:\/\/therefore.net\/fr\/derniere-version-en-ligne\/","name":"Derni\u00e8re version de Therefore\u2122 Online","isPartOf":{"@id":"https:\/\/therefore.net\/fr\/#website"},"datePublished":"2022-08-03T21:04:47+00:00","dateModified":"2023-06-08T00:52:49+00:00","description":"Derni\u00e8re version de Therefore\u2122 Online - Les clients Therefore\u2122 Online sont les premiers \u00e0 recevoir les nouvelles fonctionnalit\u00e9s et les mises \u00e0 jour de leur syst\u00e8me Therefore\u2122.","breadcrumb":{"@id":"https:\/\/therefore.net\/fr\/derniere-version-en-ligne\/#breadcrumb"},"inLanguage":"fr-FR","potentialAction":[{"@type":"ReadAction","target":["https:\/\/therefore.net\/fr\/derniere-version-en-ligne\/"]}]},{"@type":"BreadcrumbList","@id":"https:\/\/therefore.net\/fr\/derniere-version-en-ligne\/#breadcrumb","itemListElement":[{"@type":"ListItem","position":1,"name":"Home","item":"https:\/\/therefore.net\/fr\/"},{"@type":"ListItem","position":2,"name":"Derni\u00e8re version en ligne"}]},{"@type":"WebSite","@id":"https:\/\/therefore.net\/fr\/#website","url":"https:\/\/therefore.net\/fr\/","name":"Therefore","description":"","publisher":{"@id":"https:\/\/therefore.net\/fr\/#organization"},"potentialAction":[{"@type":"SearchAction","target":{"@type":"EntryPoint","urlTemplate":"https:\/\/therefore.net\/fr\/?s={search_term_string}"},"query-input":{"@type":"PropertyValueSpecification","valueRequired":true,"valueName":"search_term_string"}}],"inLanguage":"fr-FR"},{"@type":"Organization","@id":"https:\/\/therefore.net\/fr\/#organization","name":"Therefore","url":"https:\/\/therefore.net\/fr\/","logo":{"@type":"ImageObject","inLanguage":"fr-FR","@id":"https:\/\/therefore.net\/fr\/#\/schema\/logo\/image\/","url":"https:\/\/therefore.net\/wp\/..\/app\/uploads\/2022\/04\/logo.png","contentUrl":"https:\/\/therefore.net\/wp\/..\/app\/uploads\/2022\/04\/logo.png","width":176,"height":48,"caption":"Therefore"},"image":{"@id":"https:\/\/therefore.net\/fr\/#\/schema\/logo\/image\/"},"sameAs":["https:\/\/www.linkedin.com\/company\/therefore-corporation\/","https:\/\/www.youtube.com\/user\/ThereforeTV"]}]}},"_links":{"self":[{"href":"https:\/\/therefore.net\/fr\/wp-json\/wp\/v2\/pages\/5239","targetHints":{"allow":["GET"]}}],"collection":[{"href":"https:\/\/therefore.net\/fr\/wp-json\/wp\/v2\/pages"}],"about":[{"href":"https:\/\/therefore.net\/fr\/wp-json\/wp\/v2\/types\/page"}],"author":[{"embeddable":true,"href":"https:\/\/therefore.net\/fr\/wp-json\/wp\/v2\/users\/5"}],"replies":[{"embeddable":true,"href":"https:\/\/therefore.net\/fr\/wp-json\/wp\/v2\/comments?post=5239"}],"version-history":[{"count":3,"href":"https:\/\/therefore.net\/fr\/wp-json\/wp\/v2\/pages\/5239\/revisions"}],"predecessor-version":[{"id":5242,"href":"https:\/\/therefore.net\/fr\/wp-json\/wp\/v2\/pages\/5239\/revisions\/5242"}],"wp:attachment":[{"href":"https:\/\/therefore.net\/fr\/wp-json\/wp\/v2\/media?parent=5239"}],"curies":[{"name":"wp","href":"https:\/\/api.w.org\/{rel}","templated":true}]}}