{"id":5245,"date":"2022-08-03T22:12:36","date_gmt":"2022-08-03T20:12:36","guid":{"rendered":"https:\/\/therefore.net\/prix-et-certifications\/bli-pick-award\/"},"modified":"2023-06-08T03:09:25","modified_gmt":"2023-06-08T01:09:25","slug":"bli-pick-award","status":"publish","type":"page","link":"https:\/\/therefore.net\/fr\/prix-et-certifications\/bli-pick-award\/","title":{"rendered":"BLI Pick Award"},"content":{"rendered":"\n<section class=\"custom-block video-img-section video-img-section--shape \">\n    <div class=\"container video-img-section__container\">\n\n        <div class=\"video-img-section__row\">\n            <div class=\"video-img-section__media video-img-section__media\">\n                                <div class=\"video-img-section__media__item video-img-section__media__item--image\">\n                                            <img decoding=\"async\" width=\"920\" height=\"488\" src=\"https:\/\/therefore.net\/wp\/..\/app\/uploads\/2022\/07\/about-opt.jpg\" class=\"attachment-full size-full\" alt=\"Deux personnes sont assises \u00e0 une grande table couverte d&#039;\u00e9chantillons de tissus et de papiers, travaillant ensemble sur un ordinateur portable dans un bureau moderne avec de grandes fen\u00eatres et une vue urbaine \u00e0 l&#039;ext\u00e9rieur.\" srcset=\"https:\/\/therefore.net\/wp\/..\/app\/uploads\/2022\/07\/about-opt.jpg 920w, https:\/\/therefore.net\/wp\/..\/app\/uploads\/2022\/07\/about-opt-300x159.jpg 300w, https:\/\/therefore.net\/wp\/..\/app\/uploads\/2022\/07\/about-opt-768x407.jpg 768w\" sizes=\"(max-width: 920px) 100vw, 920px\" \/>\n                                    <\/div>\n                            <\/div>\n\n            <div class=\"video-img-section__content\">\n                                                        <h2 class=\"video-img-section__title\">Therefore\u2122 a remport\u00e9 de nombreux BLI Pick Awards.<\/h2>\n                \n                            <\/div>\n        <\/div>\n\n\n    <\/div>\n\n<\/section>\n<div class=\"custom-block simple-paragraph\">\n    <div class=\"container\">\n        <div class=\"blog-post__content blog-post__content--wide\">\n            <div class=\"wpb_text_column wpb_content_element margin_bottom_35\">\n<div class=\"wpb_wrapper\">\n<h1><strong>\u00c0 propos des BLI Pick Awards<\/strong><\/h1>\n<p>&nbsp;<\/p>\n<\/div>\n<\/div>\n<div class=\"wpb_text_column wpb_content_element vc_custom_1520324586771\">\n<div class=\"wpb_wrapper\">\n<p><strong>Avec ses Pick Awards annuels pour les solutions d&#8217;imagerie documentaire, BLI accorde une reconnaissance sp\u00e9ciale aux produits logiciels qui ont fourni les performances les plus remarquables dans les \u00e9valuations uniques de BLI.<\/strong><\/p>\n<\/div>\n<\/div>\n<div class=\"wpb_text_column wpb_content_element vc_custom_1520324702570\">\n<div class=\"wpb_wrapper\">\n<p>Les produits logiciels soumis \u00e0 des tests font l&#8217;objet d&#8217;un examen pratique approfondi qui se concentre sur les attributs cl\u00e9s pour le march\u00e9 cible d&#8217;une solution et compare le produit \u00e0 ses principaux concurrents. Les produits s\u00e9lectionn\u00e9s se d\u00e9marquent de la concurrence dans des domaines cl\u00e9s tels que l&#8217;ensemble des fonctionnalit\u00e9s, la facilit\u00e9 d&#8217;utilisation, la facilit\u00e9 d&#8217;administration, l&#8217;int\u00e9gration logicielle et la valeur. Par cons\u00e9quent, un BLI Pick est une r\u00e9compense durement gagn\u00e9e \u00e0 laquelle les acheteurs et les directeurs informatiques peuvent se fier pour mieux les guider dans leurs d\u00e9cisions d&#8217;acquisition.<\/p>\n<\/div>\n<\/div>\n\n        <\/div>\n\n            <\/div>\n<\/div>\n\n<div class=\"custom-block simple-paragraph\">\n    <div class=\"container\">\n        <div class=\"blog-post__content blog-post__content--wide\">\n            <p><img decoding=\"async\" class=\"alignnone size-large wp-image-1121 aligncenter\" src=\"https:\/\/therefore.net\/app\/uploads\/2022\/08\/Seal-Canon-Therefore-2016-EAPICK-SEAL-W17-International-791x1024.jpg\" alt=\"\" width=\"791\" height=\"1024\" srcset=\"https:\/\/therefore.net\/wp\/..\/app\/uploads\/2022\/08\/Seal-Canon-Therefore-2016-EAPICK-SEAL-W17-International-791x1024.jpg 791w, https:\/\/therefore.net\/wp\/..\/app\/uploads\/2022\/08\/Seal-Canon-Therefore-2016-EAPICK-SEAL-W17-International-232x300.jpg 232w, https:\/\/therefore.net\/wp\/..\/app\/uploads\/2022\/08\/Seal-Canon-Therefore-2016-EAPICK-SEAL-W17-International-768x995.jpg 768w, https:\/\/therefore.net\/wp\/..\/app\/uploads\/2022\/08\/Seal-Canon-Therefore-2016-EAPICK-SEAL-W17-International-1186x1536.jpg 1186w, https:\/\/therefore.net\/wp\/..\/app\/uploads\/2022\/08\/Seal-Canon-Therefore-2016-EAPICK-SEAL-W17-International.jpg 1277w\" sizes=\"(max-width: 791px) 100vw, 791px\" \/><\/p>\n\n        <\/div>\n\n            <\/div>\n<\/div>\n\n<div class=\"custom-block simple-paragraph\">\n    <div class=\"container\">\n        <div class=\"blog-post__content blog-post__content--wide\">\n            <div class=\"wpb_text_column wpb_content_element \">\n<div class=\"wpb_wrapper\">\n<h1><strong>Therefore\u2122 a \u00e9t\u00e9 r\u00e9compens\u00e9 par un prestigieux Pick Award en tant que &#8220;Outstanding Information Management Platform&#8221; (plateforme de gestion de l&#8217;information exceptionnelle).<\/strong><\/h1>\n<p>&nbsp;<\/p>\n<\/div>\n<\/div>\n<div class=\"wpb_text_column wpb_content_element vc_custom_1520325788967\">\n<div class=\"wpb_wrapper\">\n<p>Les analystes de BLI ont accord\u00e9 \u00e0 Therefore\u2122 ce prix gr\u00e2ce \u00e0 :<\/p>\n<p>&nbsp;<\/p>\n<ul>\n<li>Automatisation puissante des processus d&#8217;entreprise<\/li>\n<li>Prise en charge pratique de la signature \u00e9lectronique gr\u00e2ce \u00e0 une int\u00e9gration avec DocuSign<\/li>\n<li>Analyse des activit\u00e9s et int\u00e9gration avec Microsoft Power BI<\/li>\n<li>Des fonctions utiles de gestion des documents, telles que l&#8217;indexation automatis\u00e9e et une multitude de fonctions de recherche<\/li>\n<li>Des fonctions de s\u00e9curit\u00e9 \u00e0 toute \u00e9preuve pour pr\u00e9server la s\u00e9curit\u00e9 des informations et la conformit\u00e9 aux r\u00e9glementations<\/li>\n<li>Des offres sur site et en nuage pour s&#8217;adapter \u00e0 la taille de l&#8217;entreprise<\/li>\n<\/ul>\n<\/div>\n<\/div>\n\n        <\/div>\n\n            <\/div>\n<\/div>\n\n\n<div style=\"height:100px\" aria-hidden=\"true\" class=\"wp-block-spacer\"><\/div>\n\n<h1 class=\"wp-block-heading has-text-align-center\">En savoir plus<\/h1>\n<div class=\"custom-block simple-paragraph\">\n    <div class=\"container\">\n        <div class=\"blog-post__content blog-post__content--wide\">\n            <div class=\"wpb_text_column wpb_content_element vc_custom_1520328038093\">\n<div class=\"wpb_wrapper\">\n<h2><strong>Le saviez-vous ? Therefore\u2122 a remport\u00e9 5 BLI Pick Awards<\/strong><\/h2>\n<p>&nbsp;<\/p>\n<\/div>\n<\/div>\n<div class=\"wpb_text_column wpb_content_element vc_custom_1594842697486\">\n<div class=\"wpb_wrapper\">\n<p>Therefore\u2122 a \u00e9t\u00e9 r\u00e9compens\u00e9 par 5 prix d\u00e9cern\u00e9s par les analystes de Buyers Lab :<\/p>\n<p>&nbsp;<\/p>\n<ul>\n<li>Winter 2020 Pick pour \u201cOutstanding Information Governance Solution\u201d<\/li>\n<li>Winter 2019 Pick pour \u201cOutstanding Information Governance Solution\u201d<\/li>\n<li>Winter 2018 Pick pour \u201cOutstanding SMB Information Management &amp; Workflow Solution\u201d<\/li>\n<li>Winter 2017 Pick pour \u201cOutstanding Information Management Platform\u201d<\/li>\n<li>Summer 2015 Pick pour \u201cOutstanding ECM Platform\u201d<\/li>\n<\/ul>\n<\/div>\n<p>&nbsp;<\/p>\n<\/div>\n\n        <\/div>\n\n            <\/div>\n<\/div>\n\n","protected":false},"excerpt":{"rendered":"<p>En savoir plus<\/p>\n","protected":false},"author":5,"featured_media":0,"parent":3496,"menu_order":0,"comment_status":"closed","ping_status":"closed","template":"","meta":{"_acf_changed":false,"inline_featured_image":false,"footnotes":""},"class_list":["post-5245","page","type-page","status-publish","hentry"],"acf":[],"yoast_head":"<!-- This site is optimized with the Yoast SEO plugin v27.3 - https:\/\/yoast.com\/product\/yoast-seo-wordpress\/ -->\n<title>BLI Pick Award - Therefore<\/title>\n<meta name=\"description\" content=\"Therefore\u2122 a remport\u00e9 de nombreux BLI Pick Awards.\" \/>\n<meta name=\"robots\" content=\"index, follow, max-snippet:-1, max-image-preview:large, max-video-preview:-1\" \/>\n<link rel=\"canonical\" href=\"https:\/\/therefore.net\/fr\/prix-et-certifications\/bli-pick-award\/\" \/>\n<script type=\"application\/ld+json\" class=\"yoast-schema-graph\">{\"@context\":\"https:\\\/\\\/schema.org\",\"@graph\":[{\"@type\":\"WebPage\",\"@id\":\"https:\\\/\\\/therefore.net\\\/fr\\\/prix-et-certifications\\\/bli-pick-award\\\/\",\"url\":\"https:\\\/\\\/therefore.net\\\/fr\\\/prix-et-certifications\\\/bli-pick-award\\\/\",\"name\":\"BLI Pick Award - Therefore\",\"isPartOf\":{\"@id\":\"https:\\\/\\\/therefore.net\\\/fr\\\/#website\"},\"datePublished\":\"2022-08-03T20:12:36+00:00\",\"dateModified\":\"2023-06-08T01:09:25+00:00\",\"description\":\"Therefore\u2122 a remport\u00e9 de nombreux BLI Pick Awards.\",\"breadcrumb\":{\"@id\":\"https:\\\/\\\/therefore.net\\\/fr\\\/prix-et-certifications\\\/bli-pick-award\\\/#breadcrumb\"},\"inLanguage\":\"fr-FR\",\"potentialAction\":[{\"@type\":\"ReadAction\",\"target\":[\"https:\\\/\\\/therefore.net\\\/fr\\\/prix-et-certifications\\\/bli-pick-award\\\/\"]}]},{\"@type\":\"BreadcrumbList\",\"@id\":\"https:\\\/\\\/therefore.net\\\/fr\\\/prix-et-certifications\\\/bli-pick-award\\\/#breadcrumb\",\"itemListElement\":[{\"@type\":\"ListItem\",\"position\":1,\"name\":\"Home\",\"item\":\"https:\\\/\\\/therefore.net\\\/fr\\\/\"},{\"@type\":\"ListItem\",\"position\":2,\"name\":\"Prix et certifications\",\"item\":\"https:\\\/\\\/therefore.net\\\/fr\\\/prix-et-certifications\\\/\"},{\"@type\":\"ListItem\",\"position\":3,\"name\":\"BLI Pick Award\"}]},{\"@type\":\"WebSite\",\"@id\":\"https:\\\/\\\/therefore.net\\\/fr\\\/#website\",\"url\":\"https:\\\/\\\/therefore.net\\\/fr\\\/\",\"name\":\"Therefore\",\"description\":\"\",\"publisher\":{\"@id\":\"https:\\\/\\\/therefore.net\\\/fr\\\/#organization\"},\"potentialAction\":[{\"@type\":\"SearchAction\",\"target\":{\"@type\":\"EntryPoint\",\"urlTemplate\":\"https:\\\/\\\/therefore.net\\\/fr\\\/?s={search_term_string}\"},\"query-input\":{\"@type\":\"PropertyValueSpecification\",\"valueRequired\":true,\"valueName\":\"search_term_string\"}}],\"inLanguage\":\"fr-FR\"},{\"@type\":\"Organization\",\"@id\":\"https:\\\/\\\/therefore.net\\\/fr\\\/#organization\",\"name\":\"Therefore\",\"url\":\"https:\\\/\\\/therefore.net\\\/fr\\\/\",\"logo\":{\"@type\":\"ImageObject\",\"inLanguage\":\"fr-FR\",\"@id\":\"https:\\\/\\\/therefore.net\\\/fr\\\/#\\\/schema\\\/logo\\\/image\\\/\",\"url\":\"https:\\\/\\\/therefore.net\\\/wp\\\/..\\\/app\\\/uploads\\\/2022\\\/04\\\/logo.png\",\"contentUrl\":\"https:\\\/\\\/therefore.net\\\/wp\\\/..\\\/app\\\/uploads\\\/2022\\\/04\\\/logo.png\",\"width\":176,\"height\":48,\"caption\":\"Therefore\"},\"image\":{\"@id\":\"https:\\\/\\\/therefore.net\\\/fr\\\/#\\\/schema\\\/logo\\\/image\\\/\"},\"sameAs\":[\"https:\\\/\\\/www.linkedin.com\\\/company\\\/therefore-corporation\\\/\",\"https:\\\/\\\/www.youtube.com\\\/user\\\/ThereforeTV\"]}]}<\/script>\n<!-- \/ Yoast SEO plugin. -->","yoast_head_json":{"title":"BLI Pick Award - Therefore","description":"Therefore\u2122 a remport\u00e9 de nombreux BLI Pick Awards.","robots":{"index":"index","follow":"follow","max-snippet":"max-snippet:-1","max-image-preview":"max-image-preview:large","max-video-preview":"max-video-preview:-1"},"canonical":"https:\/\/therefore.net\/fr\/prix-et-certifications\/bli-pick-award\/","schema":{"@context":"https:\/\/schema.org","@graph":[{"@type":"WebPage","@id":"https:\/\/therefore.net\/fr\/prix-et-certifications\/bli-pick-award\/","url":"https:\/\/therefore.net\/fr\/prix-et-certifications\/bli-pick-award\/","name":"BLI Pick Award - Therefore","isPartOf":{"@id":"https:\/\/therefore.net\/fr\/#website"},"datePublished":"2022-08-03T20:12:36+00:00","dateModified":"2023-06-08T01:09:25+00:00","description":"Therefore\u2122 a remport\u00e9 de nombreux BLI Pick Awards.","breadcrumb":{"@id":"https:\/\/therefore.net\/fr\/prix-et-certifications\/bli-pick-award\/#breadcrumb"},"inLanguage":"fr-FR","potentialAction":[{"@type":"ReadAction","target":["https:\/\/therefore.net\/fr\/prix-et-certifications\/bli-pick-award\/"]}]},{"@type":"BreadcrumbList","@id":"https:\/\/therefore.net\/fr\/prix-et-certifications\/bli-pick-award\/#breadcrumb","itemListElement":[{"@type":"ListItem","position":1,"name":"Home","item":"https:\/\/therefore.net\/fr\/"},{"@type":"ListItem","position":2,"name":"Prix et certifications","item":"https:\/\/therefore.net\/fr\/prix-et-certifications\/"},{"@type":"ListItem","position":3,"name":"BLI Pick Award"}]},{"@type":"WebSite","@id":"https:\/\/therefore.net\/fr\/#website","url":"https:\/\/therefore.net\/fr\/","name":"Therefore","description":"","publisher":{"@id":"https:\/\/therefore.net\/fr\/#organization"},"potentialAction":[{"@type":"SearchAction","target":{"@type":"EntryPoint","urlTemplate":"https:\/\/therefore.net\/fr\/?s={search_term_string}"},"query-input":{"@type":"PropertyValueSpecification","valueRequired":true,"valueName":"search_term_string"}}],"inLanguage":"fr-FR"},{"@type":"Organization","@id":"https:\/\/therefore.net\/fr\/#organization","name":"Therefore","url":"https:\/\/therefore.net\/fr\/","logo":{"@type":"ImageObject","inLanguage":"fr-FR","@id":"https:\/\/therefore.net\/fr\/#\/schema\/logo\/image\/","url":"https:\/\/therefore.net\/wp\/..\/app\/uploads\/2022\/04\/logo.png","contentUrl":"https:\/\/therefore.net\/wp\/..\/app\/uploads\/2022\/04\/logo.png","width":176,"height":48,"caption":"Therefore"},"image":{"@id":"https:\/\/therefore.net\/fr\/#\/schema\/logo\/image\/"},"sameAs":["https:\/\/www.linkedin.com\/company\/therefore-corporation\/","https:\/\/www.youtube.com\/user\/ThereforeTV"]}]}},"_links":{"self":[{"href":"https:\/\/therefore.net\/fr\/wp-json\/wp\/v2\/pages\/5245","targetHints":{"allow":["GET"]}}],"collection":[{"href":"https:\/\/therefore.net\/fr\/wp-json\/wp\/v2\/pages"}],"about":[{"href":"https:\/\/therefore.net\/fr\/wp-json\/wp\/v2\/types\/page"}],"author":[{"embeddable":true,"href":"https:\/\/therefore.net\/fr\/wp-json\/wp\/v2\/users\/5"}],"replies":[{"embeddable":true,"href":"https:\/\/therefore.net\/fr\/wp-json\/wp\/v2\/comments?post=5245"}],"version-history":[{"count":1,"href":"https:\/\/therefore.net\/fr\/wp-json\/wp\/v2\/pages\/5245\/revisions"}],"predecessor-version":[{"id":5246,"href":"https:\/\/therefore.net\/fr\/wp-json\/wp\/v2\/pages\/5245\/revisions\/5246"}],"up":[{"embeddable":true,"href":"https:\/\/therefore.net\/fr\/wp-json\/wp\/v2\/pages\/3496"}],"wp:attachment":[{"href":"https:\/\/therefore.net\/fr\/wp-json\/wp\/v2\/media?parent=5245"}],"curies":[{"name":"wp","href":"https:\/\/api.w.org\/{rel}","templated":true}]}}