{"id":5253,"date":"2022-08-03T22:06:29","date_gmt":"2022-08-03T20:06:29","guid":{"rendered":"https:\/\/therefore.net\/prix-et-certifications\/connecteur-nav-certifie\/"},"modified":"2023-06-08T03:17:56","modified_gmt":"2023-06-08T01:17:56","slug":"connecteur-nav-certifie","status":"publish","type":"page","link":"https:\/\/therefore.net\/fr\/prix-et-certifications\/connecteur-nav-certifie\/","title":{"rendered":"Connecteur NAV certifi\u00e9"},"content":{"rendered":"\n<section class=\"custom-block video-img-section video-img-section--shape \">\n    <div class=\"container video-img-section__container\">\n\n        <div class=\"video-img-section__row\">\n            <div class=\"video-img-section__media video-img-section__media\">\n                                <div class=\"video-img-section__media__item video-img-section__media__item--image\">\n                                            <img decoding=\"async\" width=\"515\" height=\"560\" src=\"https:\/\/therefore.net\/wp\/..\/app\/uploads\/2022\/04\/contact-us.png\" class=\"attachment-full size-full\" alt=\"Un groupe de personnes portant des pulls color\u00e9s place leurs mains l&#039;une contre l&#039;autre au centre, empil\u00e9es dans un geste de travail d&#039;\u00e9quipe et d&#039;unit\u00e9.\" srcset=\"https:\/\/therefore.net\/wp\/..\/app\/uploads\/2022\/04\/contact-us.png 515w, https:\/\/therefore.net\/wp\/..\/app\/uploads\/2022\/04\/contact-us-276x300.png 276w\" sizes=\"(max-width: 515px) 100vw, 515px\" \/>\n                                    <\/div>\n                            <\/div>\n\n            <div class=\"video-img-section__content\">\n                                                        <h2 class=\"video-img-section__title\">Connecteur certifi\u00e9 Therefore\u2122 pour Dynamics NAV<\/h2>\n                \n                            <\/div>\n        <\/div>\n\n\n    <\/div>\n\n<\/section>\n<div class=\"custom-block simple-paragraph\">\n    <div class=\"container\">\n        <div class=\"blog-post__content blog-post__content--wide\">\n            <div class=\"wpb_text_column wpb_content_element margin_bottom_35\">\n<div class=\"wpb_wrapper\">\n<h1><strong>A propos du Therefore\u2122 Connector pour Dynamics NAV<\/strong><\/h1>\n<p>&nbsp;<\/p>\n<\/div>\n<\/div>\n<div class=\"wpb_text_column wpb_content_element vc_custom_1537951916102\">\n<div class=\"wpb_wrapper\">\n<p><strong>Le connecteur Therefore\u2122 pour Dynamics NAV permet d&#8217;envoyer des donn\u00e9es entre les syst\u00e8mes NAV et Therefore\u2122.<\/strong><\/p>\n<\/div>\n<\/div>\n<div class=\"wpb_text_column wpb_content_element vc_custom_1537951979538\">\n<div class=\"wpb_wrapper\">\n<p>Le connecteur Therefore\u2122 pour Microsoft Dynamics NAV \u00e9tend les capacit\u00e9s d&#8217;int\u00e9gration de votre syst\u00e8me Therefore\u2122. Le connecteur permet une utilisation parall\u00e8le de Therefore\u2122 et de Dynamics NAV, ce qui vous permet de profiter des avantages des deux syst\u00e8mes. Les documents Therefore\u2122 sont incorpor\u00e9s dans la structure de donn\u00e9es de Dynamics NAV, tout comme les documents Dynamics NAV sont automatiquement sauvegard\u00e9s dans l&#8217;archive Therefore\u2122.<\/p>\n<\/div>\n<\/div>\n\n        <\/div>\n\n            <\/div>\n<\/div>\n\n<div class=\"custom-block simple-paragraph\">\n    <div class=\"container\">\n        <div class=\"blog-post__content blog-post__content--wide\">\n            <p><img decoding=\"async\" class=\"alignnone size-full wp-image-1109\" src=\"https:\/\/therefore.net\/app\/uploads\/2022\/08\/MS_Dynamics_CertifiedFor_NAV_c.png\" alt=\"\" width=\"785\" height=\"512\" srcset=\"https:\/\/therefore.net\/wp\/..\/app\/uploads\/2022\/08\/MS_Dynamics_CertifiedFor_NAV_c.png 785w, https:\/\/therefore.net\/wp\/..\/app\/uploads\/2022\/08\/MS_Dynamics_CertifiedFor_NAV_c-300x196.png 300w, https:\/\/therefore.net\/wp\/..\/app\/uploads\/2022\/08\/MS_Dynamics_CertifiedFor_NAV_c-768x501.png 768w\" sizes=\"(max-width: 785px) 100vw, 785px\" \/><\/p>\n\n        <\/div>\n\n            <\/div>\n<\/div>\n\n<div class=\"custom-block simple-paragraph\">\n    <div class=\"container\">\n        <div class=\"blog-post__content blog-post__content--wide\">\n            <div class=\"wpb_text_column wpb_content_element \">\n<div class=\"wpb_wrapper\">\n<h1><strong>La certification est valable pour l&#8217;int\u00e9gration avec Microsoft Dynamics NAV<\/strong><\/h1>\n<\/div>\n<\/div>\n<div class=\"wpb_text_column wpb_content_element vc_custom_1537952450376\">\n<div class=\"wpb_wrapper\">\n<p>Lionbridge Technologies a certifi\u00e9 le connecteur Therefore\u2122 pour Dynamics NAV avec les \u00e9ditions Therefore\u2122 Business\/Enterprise.<\/p>\n<p>&nbsp;<\/p>\n<p>La certification est valable depuis octobre 2016.<\/p>\n<\/div>\n<\/div>\n\n        <\/div>\n\n            <\/div>\n<\/div>\n\n","protected":false},"excerpt":{"rendered":"","protected":false},"author":5,"featured_media":0,"parent":3496,"menu_order":0,"comment_status":"closed","ping_status":"closed","template":"","meta":{"_acf_changed":false,"inline_featured_image":false,"footnotes":""},"class_list":["post-5253","page","type-page","status-publish","hentry"],"acf":[],"yoast_head":"<!-- This site is optimized with the Yoast SEO plugin v27.4 - https:\/\/yoast.com\/product\/yoast-seo-wordpress\/ -->\n<title>Connecteur Dynamics NAV certifi\u00e9<\/title>\n<meta name=\"description\" content=\"Le connecteur certifi\u00e9 Dynamics NAV de Therefore\u2122 permet d&#039;envoyer des donn\u00e9es entre les syst\u00e8mes NAV et Therefore\u2122.\" \/>\n<meta name=\"robots\" content=\"index, follow, max-snippet:-1, max-image-preview:large, max-video-preview:-1\" \/>\n<link rel=\"canonical\" href=\"https:\/\/therefore.net\/fr\/prix-et-certifications\/connecteur-nav-certifie\/\" \/>\n<script type=\"application\/ld+json\" class=\"yoast-schema-graph\">{\"@context\":\"https:\\\/\\\/schema.org\",\"@graph\":[{\"@type\":\"WebPage\",\"@id\":\"https:\\\/\\\/therefore.net\\\/fr\\\/prix-et-certifications\\\/connecteur-nav-certifie\\\/\",\"url\":\"https:\\\/\\\/therefore.net\\\/fr\\\/prix-et-certifications\\\/connecteur-nav-certifie\\\/\",\"name\":\"Connecteur Dynamics NAV certifi\u00e9\",\"isPartOf\":{\"@id\":\"https:\\\/\\\/therefore.net\\\/fr\\\/#website\"},\"datePublished\":\"2022-08-03T20:06:29+00:00\",\"dateModified\":\"2023-06-08T01:17:56+00:00\",\"description\":\"Le connecteur certifi\u00e9 Dynamics NAV de Therefore\u2122 permet d'envoyer des donn\u00e9es entre les syst\u00e8mes NAV et Therefore\u2122.\",\"breadcrumb\":{\"@id\":\"https:\\\/\\\/therefore.net\\\/fr\\\/prix-et-certifications\\\/connecteur-nav-certifie\\\/#breadcrumb\"},\"inLanguage\":\"fr-FR\",\"potentialAction\":[{\"@type\":\"ReadAction\",\"target\":[\"https:\\\/\\\/therefore.net\\\/fr\\\/prix-et-certifications\\\/connecteur-nav-certifie\\\/\"]}]},{\"@type\":\"BreadcrumbList\",\"@id\":\"https:\\\/\\\/therefore.net\\\/fr\\\/prix-et-certifications\\\/connecteur-nav-certifie\\\/#breadcrumb\",\"itemListElement\":[{\"@type\":\"ListItem\",\"position\":1,\"name\":\"Home\",\"item\":\"https:\\\/\\\/therefore.net\\\/fr\\\/\"},{\"@type\":\"ListItem\",\"position\":2,\"name\":\"Prix et certifications\",\"item\":\"https:\\\/\\\/therefore.net\\\/fr\\\/prix-et-certifications\\\/\"},{\"@type\":\"ListItem\",\"position\":3,\"name\":\"Connecteur NAV certifi\u00e9\"}]},{\"@type\":\"WebSite\",\"@id\":\"https:\\\/\\\/therefore.net\\\/fr\\\/#website\",\"url\":\"https:\\\/\\\/therefore.net\\\/fr\\\/\",\"name\":\"Therefore\",\"description\":\"\",\"publisher\":{\"@id\":\"https:\\\/\\\/therefore.net\\\/fr\\\/#organization\"},\"potentialAction\":[{\"@type\":\"SearchAction\",\"target\":{\"@type\":\"EntryPoint\",\"urlTemplate\":\"https:\\\/\\\/therefore.net\\\/fr\\\/?s={search_term_string}\"},\"query-input\":{\"@type\":\"PropertyValueSpecification\",\"valueRequired\":true,\"valueName\":\"search_term_string\"}}],\"inLanguage\":\"fr-FR\"},{\"@type\":\"Organization\",\"@id\":\"https:\\\/\\\/therefore.net\\\/fr\\\/#organization\",\"name\":\"Therefore\",\"url\":\"https:\\\/\\\/therefore.net\\\/fr\\\/\",\"logo\":{\"@type\":\"ImageObject\",\"inLanguage\":\"fr-FR\",\"@id\":\"https:\\\/\\\/therefore.net\\\/fr\\\/#\\\/schema\\\/logo\\\/image\\\/\",\"url\":\"https:\\\/\\\/therefore.net\\\/wp\\\/..\\\/app\\\/uploads\\\/2022\\\/04\\\/logo.png\",\"contentUrl\":\"https:\\\/\\\/therefore.net\\\/wp\\\/..\\\/app\\\/uploads\\\/2022\\\/04\\\/logo.png\",\"width\":176,\"height\":48,\"caption\":\"Therefore\"},\"image\":{\"@id\":\"https:\\\/\\\/therefore.net\\\/fr\\\/#\\\/schema\\\/logo\\\/image\\\/\"},\"sameAs\":[\"https:\\\/\\\/www.linkedin.com\\\/company\\\/therefore-corporation\\\/\",\"https:\\\/\\\/www.youtube.com\\\/user\\\/ThereforeTV\"]}]}<\/script>\n<!-- \/ Yoast SEO plugin. -->","yoast_head_json":{"title":"Connecteur Dynamics NAV certifi\u00e9","description":"Le connecteur certifi\u00e9 Dynamics NAV de Therefore\u2122 permet d'envoyer des donn\u00e9es entre les syst\u00e8mes NAV et Therefore\u2122.","robots":{"index":"index","follow":"follow","max-snippet":"max-snippet:-1","max-image-preview":"max-image-preview:large","max-video-preview":"max-video-preview:-1"},"canonical":"https:\/\/therefore.net\/fr\/prix-et-certifications\/connecteur-nav-certifie\/","schema":{"@context":"https:\/\/schema.org","@graph":[{"@type":"WebPage","@id":"https:\/\/therefore.net\/fr\/prix-et-certifications\/connecteur-nav-certifie\/","url":"https:\/\/therefore.net\/fr\/prix-et-certifications\/connecteur-nav-certifie\/","name":"Connecteur Dynamics NAV certifi\u00e9","isPartOf":{"@id":"https:\/\/therefore.net\/fr\/#website"},"datePublished":"2022-08-03T20:06:29+00:00","dateModified":"2023-06-08T01:17:56+00:00","description":"Le connecteur certifi\u00e9 Dynamics NAV de Therefore\u2122 permet d'envoyer des donn\u00e9es entre les syst\u00e8mes NAV et Therefore\u2122.","breadcrumb":{"@id":"https:\/\/therefore.net\/fr\/prix-et-certifications\/connecteur-nav-certifie\/#breadcrumb"},"inLanguage":"fr-FR","potentialAction":[{"@type":"ReadAction","target":["https:\/\/therefore.net\/fr\/prix-et-certifications\/connecteur-nav-certifie\/"]}]},{"@type":"BreadcrumbList","@id":"https:\/\/therefore.net\/fr\/prix-et-certifications\/connecteur-nav-certifie\/#breadcrumb","itemListElement":[{"@type":"ListItem","position":1,"name":"Home","item":"https:\/\/therefore.net\/fr\/"},{"@type":"ListItem","position":2,"name":"Prix et certifications","item":"https:\/\/therefore.net\/fr\/prix-et-certifications\/"},{"@type":"ListItem","position":3,"name":"Connecteur NAV certifi\u00e9"}]},{"@type":"WebSite","@id":"https:\/\/therefore.net\/fr\/#website","url":"https:\/\/therefore.net\/fr\/","name":"Therefore","description":"","publisher":{"@id":"https:\/\/therefore.net\/fr\/#organization"},"potentialAction":[{"@type":"SearchAction","target":{"@type":"EntryPoint","urlTemplate":"https:\/\/therefore.net\/fr\/?s={search_term_string}"},"query-input":{"@type":"PropertyValueSpecification","valueRequired":true,"valueName":"search_term_string"}}],"inLanguage":"fr-FR"},{"@type":"Organization","@id":"https:\/\/therefore.net\/fr\/#organization","name":"Therefore","url":"https:\/\/therefore.net\/fr\/","logo":{"@type":"ImageObject","inLanguage":"fr-FR","@id":"https:\/\/therefore.net\/fr\/#\/schema\/logo\/image\/","url":"https:\/\/therefore.net\/wp\/..\/app\/uploads\/2022\/04\/logo.png","contentUrl":"https:\/\/therefore.net\/wp\/..\/app\/uploads\/2022\/04\/logo.png","width":176,"height":48,"caption":"Therefore"},"image":{"@id":"https:\/\/therefore.net\/fr\/#\/schema\/logo\/image\/"},"sameAs":["https:\/\/www.linkedin.com\/company\/therefore-corporation\/","https:\/\/www.youtube.com\/user\/ThereforeTV"]}]}},"_links":{"self":[{"href":"https:\/\/therefore.net\/fr\/wp-json\/wp\/v2\/pages\/5253","targetHints":{"allow":["GET"]}}],"collection":[{"href":"https:\/\/therefore.net\/fr\/wp-json\/wp\/v2\/pages"}],"about":[{"href":"https:\/\/therefore.net\/fr\/wp-json\/wp\/v2\/types\/page"}],"author":[{"embeddable":true,"href":"https:\/\/therefore.net\/fr\/wp-json\/wp\/v2\/users\/5"}],"replies":[{"embeddable":true,"href":"https:\/\/therefore.net\/fr\/wp-json\/wp\/v2\/comments?post=5253"}],"version-history":[{"count":1,"href":"https:\/\/therefore.net\/fr\/wp-json\/wp\/v2\/pages\/5253\/revisions"}],"predecessor-version":[{"id":5254,"href":"https:\/\/therefore.net\/fr\/wp-json\/wp\/v2\/pages\/5253\/revisions\/5254"}],"up":[{"embeddable":true,"href":"https:\/\/therefore.net\/fr\/wp-json\/wp\/v2\/pages\/3496"}],"wp:attachment":[{"href":"https:\/\/therefore.net\/fr\/wp-json\/wp\/v2\/media?parent=5253"}],"curies":[{"name":"wp","href":"https:\/\/api.w.org\/{rel}","templated":true}]}}