{"id":5257,"date":"2022-08-03T21:58:02","date_gmt":"2022-08-03T19:58:02","guid":{"rendered":"https:\/\/therefore.net\/prix-et-certifications\/connecteur-sap-certifie\/"},"modified":"2023-06-08T03:29:34","modified_gmt":"2023-06-08T01:29:34","slug":"connecteur-sap-certifie","status":"publish","type":"page","link":"https:\/\/therefore.net\/fr\/prix-et-certifications\/connecteur-sap-certifie\/","title":{"rendered":"Connecteur SAP certifi\u00e9"},"content":{"rendered":"\n<section class=\"custom-block video-img-section video-img-section--shape \">\n    <div class=\"container video-img-section__container\">\n\n        <div class=\"video-img-section__row\">\n            <div class=\"video-img-section__media video-img-section__media\">\n                                <div class=\"video-img-section__media__item video-img-section__media__item--image\">\n                                            <img decoding=\"async\" width=\"515\" height=\"560\" src=\"https:\/\/therefore.net\/wp\/..\/app\/uploads\/2022\/04\/contact-us.png\" class=\"attachment-full size-full\" alt=\"Un groupe de personnes portant des pulls color\u00e9s place leurs mains l&#039;une contre l&#039;autre au centre, empil\u00e9es dans un geste de travail d&#039;\u00e9quipe et d&#039;unit\u00e9.\" srcset=\"https:\/\/therefore.net\/wp\/..\/app\/uploads\/2022\/04\/contact-us.png 515w, https:\/\/therefore.net\/wp\/..\/app\/uploads\/2022\/04\/contact-us-276x300.png 276w\" sizes=\"(max-width: 515px) 100vw, 515px\" \/>\n                                    <\/div>\n                            <\/div>\n\n            <div class=\"video-img-section__content\">\n                                                        <h2 class=\"video-img-section__title\">Connecteur certifi\u00e9 Therefore\u2122 pour SAP<\/h2>\n                \n                            <\/div>\n        <\/div>\n\n\n    <\/div>\n\n<\/section>\n<div class=\"custom-block simple-paragraph\">\n    <div class=\"container\">\n        <div class=\"blog-post__content blog-post__content--wide\">\n            <div class=\"wpb_text_column wpb_content_element margin_bottom_35\">\n<div class=\"wpb_wrapper\">\n<h1><strong>A propos du Therefore\u2122 Connector pour SAP<\/strong><\/h1>\n<p>&nbsp;<\/p>\n<\/div>\n<\/div>\n<div class=\"wpb_text_column wpb_content_element vc_custom_1537950198520\">\n<div class=\"wpb_wrapper\">\n<p><strong>Le Therefore\u2122 Connector pour SAP permet d&#8217;envoyer des donn\u00e9es entre les syst\u00e8mes SAP et Therefore\u2122.<\/strong><\/p>\n<\/div>\n<\/div>\n<div class=\"wpb_text_column wpb_content_element vc_custom_1537943461935\">\n<div class=\"wpb_wrapper\">\n<p>Le connecteur est bas\u00e9 sur ArchiveLink, et est certifi\u00e9 par SAP. En utilisant le syst\u00e8me Therefore\u2122 en conjonction avec SAP, il est possible de maximiser l&#8217;utilisation des deux syst\u00e8mes, d&#8217;augmenter la visibilit\u00e9 et l&#8217;accessibilit\u00e9 des donn\u00e9es cl\u00e9s de l&#8217;entreprise, et d&#8217;assurer la performance \u00e0 long terme de votre syst\u00e8me SAP.<\/p>\n<\/div>\n<\/div>\n\n        <\/div>\n\n            <\/div>\n<\/div>\n\n<div class=\"custom-block simple-paragraph\">\n    <div class=\"container\">\n        <div class=\"blog-post__content blog-post__content--wide\">\n            <p><img decoding=\"async\" class=\"alignnone size-large wp-image-1096\" src=\"https:\/\/therefore.net\/app\/uploads\/2022\/08\/SAP_Certi_Integration_SAPS4HANA_R-1024x203.jpg\" alt=\"\" width=\"1024\" height=\"203\" srcset=\"https:\/\/therefore.net\/wp\/..\/app\/uploads\/2022\/08\/SAP_Certi_Integration_SAPS4HANA_R-1024x203.jpg 1024w, https:\/\/therefore.net\/wp\/..\/app\/uploads\/2022\/08\/SAP_Certi_Integration_SAPS4HANA_R-300x59.jpg 300w, https:\/\/therefore.net\/wp\/..\/app\/uploads\/2022\/08\/SAP_Certi_Integration_SAPS4HANA_R-768x152.jpg 768w, https:\/\/therefore.net\/wp\/..\/app\/uploads\/2022\/08\/SAP_Certi_Integration_SAPS4HANA_R.jpg 1227w\" sizes=\"(max-width: 1024px) 100vw, 1024px\" \/><\/p>\n<p>&nbsp;<\/p>\n<p>&nbsp;<\/p>\n<p><img decoding=\"async\" class=\"size-full wp-image-1092 aligncenter\" src=\"https:\/\/therefore.net\/app\/uploads\/2022\/08\/SAPCerti_Int_SAPNetW_CG10_R_pos-1024x195-1.jpg\" alt=\"\" width=\"1024\" height=\"195\" srcset=\"https:\/\/therefore.net\/wp\/..\/app\/uploads\/2022\/08\/SAPCerti_Int_SAPNetW_CG10_R_pos-1024x195-1.jpg 1024w, https:\/\/therefore.net\/wp\/..\/app\/uploads\/2022\/08\/SAPCerti_Int_SAPNetW_CG10_R_pos-1024x195-1-300x57.jpg 300w, https:\/\/therefore.net\/wp\/..\/app\/uploads\/2022\/08\/SAPCerti_Int_SAPNetW_CG10_R_pos-1024x195-1-768x146.jpg 768w\" sizes=\"(max-width: 1024px) 100vw, 1024px\" \/><\/p>\n\n        <\/div>\n\n            <\/div>\n<\/div>\n\n<div class=\"custom-block simple-paragraph\">\n    <div class=\"container\">\n        <div class=\"blog-post__content blog-post__content--wide\">\n            <div class=\"wpb_text_column wpb_content_element \">\n<div class=\"wpb_wrapper\">\n<h1><strong>La certification est valable pour l&#8217;int\u00e9gration avec SAP NetWeaver\u00ae et SAP S\/4 HANA.<\/strong><\/h1>\n<p>&nbsp;<\/p>\n<\/div>\n<\/div>\n<div class=\"wpb_text_column wpb_content_element vc_custom_1537951021912\">\n<div class=\"wpb_wrapper\">\n<p>SAP SE a certifi\u00e9 le Therefore\u2122 connecteur pour SAP avec Therefore\u2122 Business\/Enterprise Editions via le sc\u00e9nario d&#8217;int\u00e9gration SAP BC-AL 7.20 et S\/4-BC-AL 7.20.<\/p>\n<p>Les fonctions certifi\u00e9es comprennent :<\/p>\n<ul>\n<li>HTTP Content Server Functionality<\/li>\n<li>OLE Frontend Functionality<\/li>\n<li>Barcode BAPI<\/li>\n<\/ul>\n<\/div>\n<\/div>\n\n        <\/div>\n\n            <\/div>\n<\/div>\n\n\n<div style=\"height:100px\" aria-hidden=\"true\" class=\"wp-block-spacer\"><\/div>\n\n<h1 class=\"wp-block-heading has-text-align-center\">En savoir plus<\/h1>\n<div class=\"custom-block simple-paragraph\">\n    <div class=\"container\">\n        <div class=\"blog-post__content blog-post__content--wide\">\n            <div class=\"wpb_text_column wpb_content_element vc_custom_1537950666669\">\n<div class=\"wpb_wrapper\">\n<h3>Le saviez-vous ? Le Therefore\u2122 Connector for SAP a \u00e9t\u00e9 certifi\u00e9 en continu par SAP SE depuis 2012.<\/h3>\n<p><strong>\u00a0<\/strong><\/p>\n<\/div>\n<\/div>\n<div class=\"wpb_text_column wpb_content_element vc_custom_1537950961101\">\n<div class=\"wpb_wrapper\">\n<p>Le connecteur Therefore\u2122 pour SAP est certifi\u00e9 depuis 2012. Les certificats sont valables 3 ans et sont continuellement renouvel\u00e9s. Chaque \u00e9dition de Therefore\u2122 dans la p\u00e9riode de 3 ans de la certification est certifi\u00e9e.<\/p>\n<p>&nbsp;<\/p>\n<p>Derni\u00e8res certifications :<\/p>\n<p>&nbsp;<\/p>\n<ul>\n<li>Juillet 2021 Certification pour l&#8217;int\u00e9gration avec SAP S\/4 HANA.<\/li>\n<li>Ao\u00fbt 2018 Certification pour l&#8217;int\u00e9gration avec SAP S\/4 HANA<\/li>\n<li>Mars 2016 Certification pour l&#8217;int\u00e9gration de SAP NetWeaver<\/li>\n<li>D\u00e9cembre 2012 Certification pour l&#8217;int\u00e9gration de SAP NetWeaver<\/li>\n<\/ul>\n<\/div>\n<\/div>\n\n        <\/div>\n\n            <\/div>\n<\/div>\n\n","protected":false},"excerpt":{"rendered":"<p>En savoir plus<\/p>\n","protected":false},"author":5,"featured_media":0,"parent":3496,"menu_order":0,"comment_status":"closed","ping_status":"closed","template":"","meta":{"_acf_changed":false,"inline_featured_image":false,"footnotes":""},"class_list":["post-5257","page","type-page","status-publish","hentry"],"acf":[],"yoast_head":"<!-- This site is optimized with the Yoast SEO plugin v27.3 - https:\/\/yoast.com\/product\/yoast-seo-wordpress\/ -->\n<title>Connecteur certifi\u00e9 Therefore\u2122 pour SAP<\/title>\n<meta name=\"description\" content=\"Le connecteur certifi\u00e9 de Therefore\u2122 pour SAP permet d&#039;envoyer des donn\u00e9es entre les syst\u00e8mes SAP et Therefore\u2122.\" \/>\n<meta name=\"robots\" content=\"index, follow, max-snippet:-1, max-image-preview:large, max-video-preview:-1\" \/>\n<link rel=\"canonical\" href=\"https:\/\/therefore.net\/fr\/prix-et-certifications\/connecteur-sap-certifie\/\" \/>\n<script type=\"application\/ld+json\" class=\"yoast-schema-graph\">{\"@context\":\"https:\\\/\\\/schema.org\",\"@graph\":[{\"@type\":\"WebPage\",\"@id\":\"https:\\\/\\\/therefore.net\\\/fr\\\/prix-et-certifications\\\/connecteur-sap-certifie\\\/\",\"url\":\"https:\\\/\\\/therefore.net\\\/fr\\\/prix-et-certifications\\\/connecteur-sap-certifie\\\/\",\"name\":\"Connecteur certifi\u00e9 Therefore\u2122 pour SAP\",\"isPartOf\":{\"@id\":\"https:\\\/\\\/therefore.net\\\/fr\\\/#website\"},\"datePublished\":\"2022-08-03T19:58:02+00:00\",\"dateModified\":\"2023-06-08T01:29:34+00:00\",\"description\":\"Le connecteur certifi\u00e9 de Therefore\u2122 pour SAP permet d'envoyer des donn\u00e9es entre les syst\u00e8mes SAP et Therefore\u2122.\",\"breadcrumb\":{\"@id\":\"https:\\\/\\\/therefore.net\\\/fr\\\/prix-et-certifications\\\/connecteur-sap-certifie\\\/#breadcrumb\"},\"inLanguage\":\"fr-FR\",\"potentialAction\":[{\"@type\":\"ReadAction\",\"target\":[\"https:\\\/\\\/therefore.net\\\/fr\\\/prix-et-certifications\\\/connecteur-sap-certifie\\\/\"]}]},{\"@type\":\"BreadcrumbList\",\"@id\":\"https:\\\/\\\/therefore.net\\\/fr\\\/prix-et-certifications\\\/connecteur-sap-certifie\\\/#breadcrumb\",\"itemListElement\":[{\"@type\":\"ListItem\",\"position\":1,\"name\":\"Home\",\"item\":\"https:\\\/\\\/therefore.net\\\/fr\\\/\"},{\"@type\":\"ListItem\",\"position\":2,\"name\":\"Prix et certifications\",\"item\":\"https:\\\/\\\/therefore.net\\\/fr\\\/prix-et-certifications\\\/\"},{\"@type\":\"ListItem\",\"position\":3,\"name\":\"Connecteur SAP certifi\u00e9\"}]},{\"@type\":\"WebSite\",\"@id\":\"https:\\\/\\\/therefore.net\\\/fr\\\/#website\",\"url\":\"https:\\\/\\\/therefore.net\\\/fr\\\/\",\"name\":\"Therefore\",\"description\":\"\",\"publisher\":{\"@id\":\"https:\\\/\\\/therefore.net\\\/fr\\\/#organization\"},\"potentialAction\":[{\"@type\":\"SearchAction\",\"target\":{\"@type\":\"EntryPoint\",\"urlTemplate\":\"https:\\\/\\\/therefore.net\\\/fr\\\/?s={search_term_string}\"},\"query-input\":{\"@type\":\"PropertyValueSpecification\",\"valueRequired\":true,\"valueName\":\"search_term_string\"}}],\"inLanguage\":\"fr-FR\"},{\"@type\":\"Organization\",\"@id\":\"https:\\\/\\\/therefore.net\\\/fr\\\/#organization\",\"name\":\"Therefore\",\"url\":\"https:\\\/\\\/therefore.net\\\/fr\\\/\",\"logo\":{\"@type\":\"ImageObject\",\"inLanguage\":\"fr-FR\",\"@id\":\"https:\\\/\\\/therefore.net\\\/fr\\\/#\\\/schema\\\/logo\\\/image\\\/\",\"url\":\"https:\\\/\\\/therefore.net\\\/wp\\\/..\\\/app\\\/uploads\\\/2022\\\/04\\\/logo.png\",\"contentUrl\":\"https:\\\/\\\/therefore.net\\\/wp\\\/..\\\/app\\\/uploads\\\/2022\\\/04\\\/logo.png\",\"width\":176,\"height\":48,\"caption\":\"Therefore\"},\"image\":{\"@id\":\"https:\\\/\\\/therefore.net\\\/fr\\\/#\\\/schema\\\/logo\\\/image\\\/\"},\"sameAs\":[\"https:\\\/\\\/www.linkedin.com\\\/company\\\/therefore-corporation\\\/\",\"https:\\\/\\\/www.youtube.com\\\/user\\\/ThereforeTV\"]}]}<\/script>\n<!-- \/ Yoast SEO plugin. -->","yoast_head_json":{"title":"Connecteur certifi\u00e9 Therefore\u2122 pour SAP","description":"Le connecteur certifi\u00e9 de Therefore\u2122 pour SAP permet d'envoyer des donn\u00e9es entre les syst\u00e8mes SAP et Therefore\u2122.","robots":{"index":"index","follow":"follow","max-snippet":"max-snippet:-1","max-image-preview":"max-image-preview:large","max-video-preview":"max-video-preview:-1"},"canonical":"https:\/\/therefore.net\/fr\/prix-et-certifications\/connecteur-sap-certifie\/","schema":{"@context":"https:\/\/schema.org","@graph":[{"@type":"WebPage","@id":"https:\/\/therefore.net\/fr\/prix-et-certifications\/connecteur-sap-certifie\/","url":"https:\/\/therefore.net\/fr\/prix-et-certifications\/connecteur-sap-certifie\/","name":"Connecteur certifi\u00e9 Therefore\u2122 pour SAP","isPartOf":{"@id":"https:\/\/therefore.net\/fr\/#website"},"datePublished":"2022-08-03T19:58:02+00:00","dateModified":"2023-06-08T01:29:34+00:00","description":"Le connecteur certifi\u00e9 de Therefore\u2122 pour SAP permet d'envoyer des donn\u00e9es entre les syst\u00e8mes SAP et Therefore\u2122.","breadcrumb":{"@id":"https:\/\/therefore.net\/fr\/prix-et-certifications\/connecteur-sap-certifie\/#breadcrumb"},"inLanguage":"fr-FR","potentialAction":[{"@type":"ReadAction","target":["https:\/\/therefore.net\/fr\/prix-et-certifications\/connecteur-sap-certifie\/"]}]},{"@type":"BreadcrumbList","@id":"https:\/\/therefore.net\/fr\/prix-et-certifications\/connecteur-sap-certifie\/#breadcrumb","itemListElement":[{"@type":"ListItem","position":1,"name":"Home","item":"https:\/\/therefore.net\/fr\/"},{"@type":"ListItem","position":2,"name":"Prix et certifications","item":"https:\/\/therefore.net\/fr\/prix-et-certifications\/"},{"@type":"ListItem","position":3,"name":"Connecteur SAP certifi\u00e9"}]},{"@type":"WebSite","@id":"https:\/\/therefore.net\/fr\/#website","url":"https:\/\/therefore.net\/fr\/","name":"Therefore","description":"","publisher":{"@id":"https:\/\/therefore.net\/fr\/#organization"},"potentialAction":[{"@type":"SearchAction","target":{"@type":"EntryPoint","urlTemplate":"https:\/\/therefore.net\/fr\/?s={search_term_string}"},"query-input":{"@type":"PropertyValueSpecification","valueRequired":true,"valueName":"search_term_string"}}],"inLanguage":"fr-FR"},{"@type":"Organization","@id":"https:\/\/therefore.net\/fr\/#organization","name":"Therefore","url":"https:\/\/therefore.net\/fr\/","logo":{"@type":"ImageObject","inLanguage":"fr-FR","@id":"https:\/\/therefore.net\/fr\/#\/schema\/logo\/image\/","url":"https:\/\/therefore.net\/wp\/..\/app\/uploads\/2022\/04\/logo.png","contentUrl":"https:\/\/therefore.net\/wp\/..\/app\/uploads\/2022\/04\/logo.png","width":176,"height":48,"caption":"Therefore"},"image":{"@id":"https:\/\/therefore.net\/fr\/#\/schema\/logo\/image\/"},"sameAs":["https:\/\/www.linkedin.com\/company\/therefore-corporation\/","https:\/\/www.youtube.com\/user\/ThereforeTV"]}]}},"_links":{"self":[{"href":"https:\/\/therefore.net\/fr\/wp-json\/wp\/v2\/pages\/5257","targetHints":{"allow":["GET"]}}],"collection":[{"href":"https:\/\/therefore.net\/fr\/wp-json\/wp\/v2\/pages"}],"about":[{"href":"https:\/\/therefore.net\/fr\/wp-json\/wp\/v2\/types\/page"}],"author":[{"embeddable":true,"href":"https:\/\/therefore.net\/fr\/wp-json\/wp\/v2\/users\/5"}],"replies":[{"embeddable":true,"href":"https:\/\/therefore.net\/fr\/wp-json\/wp\/v2\/comments?post=5257"}],"version-history":[{"count":1,"href":"https:\/\/therefore.net\/fr\/wp-json\/wp\/v2\/pages\/5257\/revisions"}],"predecessor-version":[{"id":5258,"href":"https:\/\/therefore.net\/fr\/wp-json\/wp\/v2\/pages\/5257\/revisions\/5258"}],"up":[{"embeddable":true,"href":"https:\/\/therefore.net\/fr\/wp-json\/wp\/v2\/pages\/3496"}],"wp:attachment":[{"href":"https:\/\/therefore.net\/fr\/wp-json\/wp\/v2\/media?parent=5257"}],"curies":[{"name":"wp","href":"https:\/\/api.w.org\/{rel}","templated":true}]}}