{"id":5261,"date":"2022-08-01T22:26:48","date_gmt":"2022-08-01T20:26:48","guid":{"rendered":"https:\/\/therefore.net\/support-du-connecteur-dynamics-nav\/"},"modified":"2023-06-08T03:57:42","modified_gmt":"2023-06-08T01:57:42","slug":"support-du-connecteur-dynamics-nav","status":"publish","type":"page","link":"https:\/\/therefore.net\/fr\/support-du-connecteur-dynamics-nav\/","title":{"rendered":"Support du connecteur Dynamics NAV"},"content":{"rendered":"<div class=\"custom-block simple-paragraph\">\n    <div class=\"container\">\n        <div class=\"blog-post__content blog-post__content--wide\">\n            <h2>Support du connecteur Dynamics NAV<\/h2>\n\n        <\/div>\n\n            <\/div>\n<\/div>\n\n<section class=\"custom-block accordion-block\">\n    <div class=\"container  accordion-block__container\">\n        <div class=\"accordion-block__accent\">\n            <svg width=\"350\" height=\"246\" viewBox=\"0 0 350 246\" fill=\"none\" xmlns=\"http:\/\/www.w3.org\/2000\/svg\">\n<g clip-path=\"url(#clip0_266_73703)\">\n<path d=\"M0 0H350V246H200C89.5431 246 0 156.457 0 46V0Z\" fill=\"#1E5BFA\"\/>\n<g filter=\"url(#filter0_f_266_73703)\">\n<circle cx=\"74\" cy=\"187\" r=\"218\" fill=\"#44EDF8\" fill-opacity=\"0.56\"\/>\n<\/g>\n<\/g>\n<defs>\n<filter id=\"filter0_f_266_73703\" x=\"-444\" y=\"-331\" width=\"1036\" height=\"1036\" filterUnits=\"userSpaceOnUse\" color-interpolation-filters=\"sRGB\">\n<feFlood flood-opacity=\"0\" result=\"BackgroundImageFix\"\/>\n<feBlend mode=\"normal\" in=\"SourceGraphic\" in2=\"BackgroundImageFix\" result=\"shape\"\/>\n<feGaussianBlur stdDeviation=\"150\" result=\"effect1_foregroundBlur_266_73703\"\/>\n<\/filter>\n<clipPath id=\"clip0_266_73703\">\n<path d=\"M0 0H350V246H200C89.5431 246 0 156.457 0 46V0Z\" fill=\"white\"\/>\n<\/clipPath>\n<\/defs>\n<\/svg>\n\n        <\/div>\n        <div class=\"accordion-block__content\">\n            <h2 class=\"accordion-block__content__heading\">\n                \n            <\/h2>\n            <div class=\"accordion-block__items\">\n                                                <div class=\"accordion-block__items__item accordion-item\">\n                    <h3 class=\"accordion-item__title\">\n                        Cycle de vie des produits\n                        <div class=\"accordion-item__toggle\">\n                            <svg width=\"24\" height=\"24\" viewBox=\"0 0 24 24\" fill=\"none\" xmlns=\"http:\/\/www.w3.org\/2000\/svg\">\n<path fill-rule=\"evenodd\" clip-rule=\"evenodd\" d=\"M13.1943 4.11509C13.1943 3.49924 12.6951 3 12.0792 3C11.4634 3 10.9642 3.49924 10.9642 4.11509L10.9642 10.8057L4.1151 10.8057C3.49925 10.8057 3 11.3049 3 11.9208C3 12.5366 3.49924 13.0358 4.11509 13.0358H10.9642L10.9642 19.8849C10.9642 20.5008 11.4634 21 12.0792 21C12.6951 21 13.1943 20.5008 13.1943 19.8849L13.1943 13.0358H19.8849C20.5008 13.0358 21 12.5366 21 11.9208C21 11.3049 20.5008 10.8057 19.8849 10.8057L13.1943 10.8057L13.1943 4.11509Z\" fill=\"black\" fill-opacity=\"0.87\"\/>\n<\/svg>\n\n                        <\/div>\n                    <\/h3>\n                    <div class=\"accordion-item__content\">\n                        <p>Therefore Corporation s&#8217;engage \u00e0 fournir et \u00e0 prendre en charge des logiciels stables. Pour en savoir plus sur la politique de cycle de vie de nos produits, cliquez\u00a0<a href=\"https:\/\/therefore.net\/fr\/cycle-de-vie\/\">ici.<\/a><\/p>\n<p>&nbsp;<\/p>\n<p>En outre, Therefore Corporation s&#8217;engage \u00e0 suivre la d\u00e9claration d&#8217;orientation pour Microsoft Dynamics NAV. Au fur et \u00e0 mesure des modifications apport\u00e9es au produit, le Therefore\u2122 Connector for Microsoft Dynamics NAV sera mis \u00e0 jour afin que les clients puissent continuer \u00e0 travailler avec la derni\u00e8re version du produit publi\u00e9e par Microsoft.<\/p>\n\n                                            <\/div>\n                <\/div>\n                                                <div class=\"accordion-block__items__item accordion-item\">\n                    <h3 class=\"accordion-item__title\">\n                        Service Level Agreement (Accord de niveau de service)\n                        <div class=\"accordion-item__toggle\">\n                            <svg width=\"24\" height=\"24\" viewBox=\"0 0 24 24\" fill=\"none\" xmlns=\"http:\/\/www.w3.org\/2000\/svg\">\n<path fill-rule=\"evenodd\" clip-rule=\"evenodd\" d=\"M13.1943 4.11509C13.1943 3.49924 12.6951 3 12.0792 3C11.4634 3 10.9642 3.49924 10.9642 4.11509L10.9642 10.8057L4.1151 10.8057C3.49925 10.8057 3 11.3049 3 11.9208C3 12.5366 3.49924 13.0358 4.11509 13.0358H10.9642L10.9642 19.8849C10.9642 20.5008 11.4634 21 12.0792 21C12.6951 21 13.1943 20.5008 13.1943 19.8849L13.1943 13.0358H19.8849C20.5008 13.0358 21 12.5366 21 11.9208C21 11.3049 20.5008 10.8057 19.8849 10.8057L13.1943 10.8057L13.1943 4.11509Z\" fill=\"black\" fill-opacity=\"0.87\"\/>\n<\/svg>\n\n                        <\/div>\n                    <\/h3>\n                    <div class=\"accordion-item__content\">\n                        <div class=\"vc_row wpb_row \">\n<div class=\"wpb_column vc_column_container vc_col-sm-9\">\n<div class=\"vc_column-inner\">\n<div class=\"wpb_wrapper\">\n<div class=\"wpb_text_column wpb_content_element \">\n<div class=\"wpb_wrapper\">\n<p>Tant que votre syst\u00e8me Therefore\u2122 est en maintenance active (CSS), vous pouvez b\u00e9n\u00e9ficier d&#8217;une assistance pour votre connecteur Therefore\u2122 pour Microsoft Dynamics NAV.<\/p>\n<p>&nbsp;<\/p>\n<p>Les termes exacts de votre accord de niveau de service sont d\u00e9crits dans le contrat de service conclu entre vous, le client, et Canon. Veuillez contacter votre organisation Canon locale pour plus d&#8217;informations sur les niveaux de support, les temps de r\u00e9ponse et les m\u00e9thodes d&#8217;escalade.<\/p>\n<\/div>\n<\/div>\n<\/div>\n<\/div>\n<\/div>\n<\/div>\n\n                                            <\/div>\n                <\/div>\n                                                <div class=\"accordion-block__items__item accordion-item\">\n                    <h3 class=\"accordion-item__title\">\n                        Comment demander une assistance technique\n                        <div class=\"accordion-item__toggle\">\n                            <svg width=\"24\" height=\"24\" viewBox=\"0 0 24 24\" fill=\"none\" xmlns=\"http:\/\/www.w3.org\/2000\/svg\">\n<path fill-rule=\"evenodd\" clip-rule=\"evenodd\" d=\"M13.1943 4.11509C13.1943 3.49924 12.6951 3 12.0792 3C11.4634 3 10.9642 3.49924 10.9642 4.11509L10.9642 10.8057L4.1151 10.8057C3.49925 10.8057 3 11.3049 3 11.9208C3 12.5366 3.49924 13.0358 4.11509 13.0358H10.9642L10.9642 19.8849C10.9642 20.5008 11.4634 21 12.0792 21C12.6951 21 13.1943 20.5008 13.1943 19.8849L13.1943 13.0358H19.8849C20.5008 13.0358 21 12.5366 21 11.9208C21 11.3049 20.5008 10.8057 19.8849 10.8057L13.1943 10.8057L13.1943 4.11509Z\" fill=\"black\" fill-opacity=\"0.87\"\/>\n<\/svg>\n\n                        <\/div>\n                    <\/h3>\n                    <div class=\"accordion-item__content\">\n                        <p>Tant que votre syst\u00e8me Therefore\u2122 est en maintenance active (CSS), vous pouvez b\u00e9n\u00e9ficier d&#8217;une assistance pour votre connecteur Therefore\u2122 pour Microsoft Dynamics NAV.<\/p>\n<p>&nbsp;<\/p>\n<p>Notre \u00e9quipe d&#8217;assistance technique s&#8217;engage \u00e0 fournir une assistance de troisi\u00e8me niveau \u00e0 tous nos clients. Nous travaillons en collaboration avec Canon et les partenaires Canon pour r\u00e9pondre aux questions et demandes techniques. Si vous avez besoin d&#8217;une assistance pour votre syst\u00e8me Therefore\u2122, la premi\u00e8re \u00e9tape consiste \u00e0 contacter votre \u00e9quipe d&#8217;assistance Canon locale.<\/p>\n<p>&nbsp;<\/p>\n<p>Si votre probl\u00e8me ne peut pas \u00eatre r\u00e9solu par votre \u00e9quipe d&#8217;assistance Canon, il sera transmis \u00e0 l&#8217;\u00e9quipe d&#8217;assistance de Therefore Corporation et trait\u00e9 conform\u00e9ment \u00e0 votre accord de niveau de service individuel.<\/p>\n<p>&nbsp;<\/p>\n<p>&nbsp;<\/p>\n<p><strong>\u00c9quipe d&#8217;assistance technique de Therefore<\/strong><\/p>\n<p>Email:\u00a0<a href=\"mailto:support@therefore.net\">support@therefore.net<\/a><\/p>\n<p>T\u00e9l\u00e9phone : +43 2236 865 300 333 (service disponible en anglais ou en allemand)<\/p>\n<p>Heures d&#8217;ouverture : Lundi-vendredi 9h &#8211; 17h CET<\/p>\n\n                                            <\/div>\n                <\/div>\n                                                <div class=\"accordion-block__items__item accordion-item\">\n                    <h3 class=\"accordion-item__title\">\n                        Connaissances en mati\u00e8re d&#8217;assistance technique\n                        <div class=\"accordion-item__toggle\">\n                            <svg width=\"24\" height=\"24\" viewBox=\"0 0 24 24\" fill=\"none\" xmlns=\"http:\/\/www.w3.org\/2000\/svg\">\n<path fill-rule=\"evenodd\" clip-rule=\"evenodd\" d=\"M13.1943 4.11509C13.1943 3.49924 12.6951 3 12.0792 3C11.4634 3 10.9642 3.49924 10.9642 4.11509L10.9642 10.8057L4.1151 10.8057C3.49925 10.8057 3 11.3049 3 11.9208C3 12.5366 3.49924 13.0358 4.11509 13.0358H10.9642L10.9642 19.8849C10.9642 20.5008 11.4634 21 12.0792 21C12.6951 21 13.1943 20.5008 13.1943 19.8849L13.1943 13.0358H19.8849C20.5008 13.0358 21 12.5366 21 11.9208C21 11.3049 20.5008 10.8057 19.8849 10.8057L13.1943 10.8057L13.1943 4.11509Z\" fill=\"black\" fill-opacity=\"0.87\"\/>\n<\/svg>\n\n                        <\/div>\n                    <\/h3>\n                    <div class=\"accordion-item__content\">\n                        <p>Vous trouverez ci-dessous les r\u00e9ponses aux questions fr\u00e9quemment pos\u00e9es sur le Therefore\u2122 Connector pour Microsoft Dynamics NAV.<\/p>\n<p>&nbsp;<\/p>\n<p><strong>Quelles sont les versions de Microsoft Dynamics NAV\/Navision support\u00e9es par le connecteur ?<\/strong><\/p>\n<p>Le Therefore\u2122 Connector est support\u00e9 pour Navision 4.0SP2 et les nouvelles versions.<\/p>\n<p>&nbsp;<\/p>\n<p><strong>O\u00f9 puis-je t\u00e9l\u00e9charger les fichiers d&#8217;installation (FOBs) pour le connecteur ?<\/strong><\/p>\n<p>Les fichiers d&#8217;installation et la documentation du connecteur peuvent \u00eatre t\u00e9l\u00e9charg\u00e9s \u00e0 partir du serveur FTP de Therefore\u2122. Un compte FTP valide est n\u00e9cessaire pour t\u00e9l\u00e9charger les fichiers ; il peut \u00eatre obtenu en contactant l&#8217;\u00e9quipe d&#8217;assistance Therefore\u2122.<\/p>\n<p>&nbsp;<\/p>\n<p><strong>Le connecteur peut-il \u00eatre utilis\u00e9 avec le client RTC 2009 ou seulement avec le client classique ?<\/strong><\/p>\n<p>Les fichiers d&#8217;installation et la documentation du connecteur peuvent \u00eatre t\u00e9l\u00e9charg\u00e9s \u00e0 partir du serveur FTP de Therefore\u2122. Un compte FTP valide est n\u00e9cessaire pour t\u00e9l\u00e9charger les fichiers ; il peut \u00eatre obtenu en contactant l&#8217;\u00e9quipe d&#8217;assistance Therefore\u2122.<\/p>\n<p>&nbsp;<\/p>\n<p><strong>Lors de l&#8217;ex\u00e9cution d&#8217;une fonction quelconque du connecteur, l&#8217;erreur &#8220;Assembly not found : Therefore.Connector.Navision&#8221; s&#8217;affiche.<\/strong><\/p>\n<p>Pour r\u00e9soudre ce probl\u00e8me, assurez-vous que :<\/p>\n<p>Un Therefore\u2122 client version 2015 ou plus r\u00e9cent est install\u00e9 sur le PC ex\u00e9cutant le connecteur.<br \/>\nLors de l&#8217;installation, l&#8217;option &#8220;Therefore\u2122 Integrate &#8211; Microsoft Navision&#8221; est s\u00e9lectionn\u00e9e pour \u00eatre install\u00e9e. Cela installe la partie .Net du connecteur et doit \u00eatre disponible sur tous les clients et serveurs utilisant le connecteur (par exemple, le service NAS).<\/p>\n<p>&nbsp;<\/p>\n<p><strong>Est-il possible d&#8217;utiliser un service NAS pour ex\u00e9cuter des t\u00e2ches r\u00e9currentes du connecteur, comme la sauvegarde de documents sortants ou la liaison automatique de documents ?<\/strong><\/p>\n<p>Le connecteur Therefore\u2122 peut \u00eatre utilis\u00e9 conjointement avec un service NAS. Reportez-vous \u00e0 notre documentation pour obtenir des instructions d&#8217;installation et de configuration d\u00e9taill\u00e9es.<\/p>\n<p>&nbsp;<\/p>\n<p><strong>Lorsque je clique sur &#8220;Synchroniser la configuration&#8221;, l&#8217;erreur &#8220;Les op\u00e9rations dynamiques ne peuvent \u00eatre effectu\u00e9es que dans un AppDomain homog\u00e8ne&#8221; s&#8217;affiche.<\/strong><\/p>\n<p>Pour r\u00e9soudre ce probl\u00e8me, ouvrez le fichier &#8220;Microsoft.Dynamics.Nav.Client.exe.config&#8221; dans le r\u00e9pertoire d&#8217;installation du client RTC. Celui-ci se trouve g\u00e9n\u00e9ralement \u00e0 &#8220;C:\\NProgram Files (x86)\\NMicrosoft Dynamics NAV\\NRoleTailored Client&#8221;. Dans ce fichier, supprimez la ligne &#8220;&lt;NetFx40_LegacySecurityPolici enabled=&#8221;true&#8221;\/&gt;&#8221; de la section &lt;runtime&gt; du fichier de configuration.<\/p>\n<p>&nbsp;<\/p>\n<p><strong>Lorsque l&#8217;on essaie d&#8217;enregistrer automatiquement des documents sortants au format PDF \u00e0 l&#8217;aide de l&#8217;imprimante Therefore\u2122 PDF Printer, le message d&#8217;erreur &#8220;The document could not be saved. Please contact the technical support!&#8221; s&#8217;affiche.<\/strong><\/p>\n<p>Dans la plupart des cas, cette erreur peut \u00eatre r\u00e9solue en mettant \u00e0 niveau vers Therefore\u2122 2016 Update 2 ou en installant un correctif qui peut \u00eatre re\u00e7u en contactant l&#8217;\u00e9quipe de support de Therefore\u2122.<\/p>\n\n                                            <\/div>\n                <\/div>\n                            <\/div>\n        <\/div>\n    <\/div>\n<\/section>\n","protected":false},"excerpt":{"rendered":"","protected":false},"author":5,"featured_media":0,"parent":0,"menu_order":0,"comment_status":"closed","ping_status":"closed","template":"","meta":{"_acf_changed":false,"inline_featured_image":false,"footnotes":""},"class_list":["post-5261","page","type-page","status-publish","hentry"],"acf":[],"yoast_head":"<!-- This site is optimized with the Yoast SEO plugin v27.4 - https:\/\/yoast.com\/product\/yoast-seo-wordpress\/ -->\n<title>Support du connecteur Dynamics NAV<\/title>\n<meta name=\"description\" content=\"Dynamics NAV Connector Support - Therefore s&#039;engage \u00e0 fournir et \u00e0 supporter des logiciels stables.\" \/>\n<meta name=\"robots\" content=\"index, follow, max-snippet:-1, max-image-preview:large, max-video-preview:-1\" \/>\n<link rel=\"canonical\" href=\"https:\/\/therefore.net\/fr\/support-du-connecteur-dynamics-nav\/\" \/>\n<script type=\"application\/ld+json\" class=\"yoast-schema-graph\">{\"@context\":\"https:\\\/\\\/schema.org\",\"@graph\":[{\"@type\":\"WebPage\",\"@id\":\"https:\\\/\\\/therefore.net\\\/fr\\\/support-du-connecteur-dynamics-nav\\\/\",\"url\":\"https:\\\/\\\/therefore.net\\\/fr\\\/support-du-connecteur-dynamics-nav\\\/\",\"name\":\"Support du connecteur Dynamics NAV\",\"isPartOf\":{\"@id\":\"https:\\\/\\\/therefore.net\\\/fr\\\/#website\"},\"datePublished\":\"2022-08-01T20:26:48+00:00\",\"dateModified\":\"2023-06-08T01:57:42+00:00\",\"description\":\"Dynamics NAV Connector Support - Therefore s'engage \u00e0 fournir et \u00e0 supporter des logiciels stables.\",\"breadcrumb\":{\"@id\":\"https:\\\/\\\/therefore.net\\\/fr\\\/support-du-connecteur-dynamics-nav\\\/#breadcrumb\"},\"inLanguage\":\"fr-FR\",\"potentialAction\":[{\"@type\":\"ReadAction\",\"target\":[\"https:\\\/\\\/therefore.net\\\/fr\\\/support-du-connecteur-dynamics-nav\\\/\"]}]},{\"@type\":\"BreadcrumbList\",\"@id\":\"https:\\\/\\\/therefore.net\\\/fr\\\/support-du-connecteur-dynamics-nav\\\/#breadcrumb\",\"itemListElement\":[{\"@type\":\"ListItem\",\"position\":1,\"name\":\"Home\",\"item\":\"https:\\\/\\\/therefore.net\\\/fr\\\/\"},{\"@type\":\"ListItem\",\"position\":2,\"name\":\"Support du connecteur Dynamics NAV\"}]},{\"@type\":\"WebSite\",\"@id\":\"https:\\\/\\\/therefore.net\\\/fr\\\/#website\",\"url\":\"https:\\\/\\\/therefore.net\\\/fr\\\/\",\"name\":\"Therefore\",\"description\":\"\",\"publisher\":{\"@id\":\"https:\\\/\\\/therefore.net\\\/fr\\\/#organization\"},\"potentialAction\":[{\"@type\":\"SearchAction\",\"target\":{\"@type\":\"EntryPoint\",\"urlTemplate\":\"https:\\\/\\\/therefore.net\\\/fr\\\/?s={search_term_string}\"},\"query-input\":{\"@type\":\"PropertyValueSpecification\",\"valueRequired\":true,\"valueName\":\"search_term_string\"}}],\"inLanguage\":\"fr-FR\"},{\"@type\":\"Organization\",\"@id\":\"https:\\\/\\\/therefore.net\\\/fr\\\/#organization\",\"name\":\"Therefore\",\"url\":\"https:\\\/\\\/therefore.net\\\/fr\\\/\",\"logo\":{\"@type\":\"ImageObject\",\"inLanguage\":\"fr-FR\",\"@id\":\"https:\\\/\\\/therefore.net\\\/fr\\\/#\\\/schema\\\/logo\\\/image\\\/\",\"url\":\"https:\\\/\\\/therefore.net\\\/wp\\\/..\\\/app\\\/uploads\\\/2022\\\/04\\\/logo.png\",\"contentUrl\":\"https:\\\/\\\/therefore.net\\\/wp\\\/..\\\/app\\\/uploads\\\/2022\\\/04\\\/logo.png\",\"width\":176,\"height\":48,\"caption\":\"Therefore\"},\"image\":{\"@id\":\"https:\\\/\\\/therefore.net\\\/fr\\\/#\\\/schema\\\/logo\\\/image\\\/\"},\"sameAs\":[\"https:\\\/\\\/www.linkedin.com\\\/company\\\/therefore-corporation\\\/\",\"https:\\\/\\\/www.youtube.com\\\/user\\\/ThereforeTV\"]}]}<\/script>\n<!-- \/ Yoast SEO plugin. -->","yoast_head_json":{"title":"Support du connecteur Dynamics NAV","description":"Dynamics NAV Connector Support - Therefore s'engage \u00e0 fournir et \u00e0 supporter des logiciels stables.","robots":{"index":"index","follow":"follow","max-snippet":"max-snippet:-1","max-image-preview":"max-image-preview:large","max-video-preview":"max-video-preview:-1"},"canonical":"https:\/\/therefore.net\/fr\/support-du-connecteur-dynamics-nav\/","schema":{"@context":"https:\/\/schema.org","@graph":[{"@type":"WebPage","@id":"https:\/\/therefore.net\/fr\/support-du-connecteur-dynamics-nav\/","url":"https:\/\/therefore.net\/fr\/support-du-connecteur-dynamics-nav\/","name":"Support du connecteur Dynamics NAV","isPartOf":{"@id":"https:\/\/therefore.net\/fr\/#website"},"datePublished":"2022-08-01T20:26:48+00:00","dateModified":"2023-06-08T01:57:42+00:00","description":"Dynamics NAV Connector Support - Therefore s'engage \u00e0 fournir et \u00e0 supporter des logiciels stables.","breadcrumb":{"@id":"https:\/\/therefore.net\/fr\/support-du-connecteur-dynamics-nav\/#breadcrumb"},"inLanguage":"fr-FR","potentialAction":[{"@type":"ReadAction","target":["https:\/\/therefore.net\/fr\/support-du-connecteur-dynamics-nav\/"]}]},{"@type":"BreadcrumbList","@id":"https:\/\/therefore.net\/fr\/support-du-connecteur-dynamics-nav\/#breadcrumb","itemListElement":[{"@type":"ListItem","position":1,"name":"Home","item":"https:\/\/therefore.net\/fr\/"},{"@type":"ListItem","position":2,"name":"Support du connecteur Dynamics NAV"}]},{"@type":"WebSite","@id":"https:\/\/therefore.net\/fr\/#website","url":"https:\/\/therefore.net\/fr\/","name":"Therefore","description":"","publisher":{"@id":"https:\/\/therefore.net\/fr\/#organization"},"potentialAction":[{"@type":"SearchAction","target":{"@type":"EntryPoint","urlTemplate":"https:\/\/therefore.net\/fr\/?s={search_term_string}"},"query-input":{"@type":"PropertyValueSpecification","valueRequired":true,"valueName":"search_term_string"}}],"inLanguage":"fr-FR"},{"@type":"Organization","@id":"https:\/\/therefore.net\/fr\/#organization","name":"Therefore","url":"https:\/\/therefore.net\/fr\/","logo":{"@type":"ImageObject","inLanguage":"fr-FR","@id":"https:\/\/therefore.net\/fr\/#\/schema\/logo\/image\/","url":"https:\/\/therefore.net\/wp\/..\/app\/uploads\/2022\/04\/logo.png","contentUrl":"https:\/\/therefore.net\/wp\/..\/app\/uploads\/2022\/04\/logo.png","width":176,"height":48,"caption":"Therefore"},"image":{"@id":"https:\/\/therefore.net\/fr\/#\/schema\/logo\/image\/"},"sameAs":["https:\/\/www.linkedin.com\/company\/therefore-corporation\/","https:\/\/www.youtube.com\/user\/ThereforeTV"]}]}},"_links":{"self":[{"href":"https:\/\/therefore.net\/fr\/wp-json\/wp\/v2\/pages\/5261","targetHints":{"allow":["GET"]}}],"collection":[{"href":"https:\/\/therefore.net\/fr\/wp-json\/wp\/v2\/pages"}],"about":[{"href":"https:\/\/therefore.net\/fr\/wp-json\/wp\/v2\/types\/page"}],"author":[{"embeddable":true,"href":"https:\/\/therefore.net\/fr\/wp-json\/wp\/v2\/users\/5"}],"replies":[{"embeddable":true,"href":"https:\/\/therefore.net\/fr\/wp-json\/wp\/v2\/comments?post=5261"}],"version-history":[{"count":1,"href":"https:\/\/therefore.net\/fr\/wp-json\/wp\/v2\/pages\/5261\/revisions"}],"predecessor-version":[{"id":5262,"href":"https:\/\/therefore.net\/fr\/wp-json\/wp\/v2\/pages\/5261\/revisions\/5262"}],"wp:attachment":[{"href":"https:\/\/therefore.net\/fr\/wp-json\/wp\/v2\/media?parent=5261"}],"curies":[{"name":"wp","href":"https:\/\/api.w.org\/{rel}","templated":true}]}}