{"id":5285,"date":"2022-08-01T22:48:13","date_gmt":"2022-08-01T20:48:13","guid":{"rendered":"https:\/\/therefore.net\/new-to-therefore\/"},"modified":"2023-06-08T18:42:56","modified_gmt":"2023-06-08T16:42:56","slug":"new-to-therefore","status":"publish","type":"page","link":"https:\/\/therefore.net\/fr\/new-to-therefore\/","title":{"rendered":"New to Therefore\u2122"},"content":{"rendered":"<section class=\"custom-block accordion-block\">\n    <div class=\"container  accordion-block__container\">\n        <div class=\"accordion-block__accent\">\n            <svg width=\"350\" height=\"246\" viewBox=\"0 0 350 246\" fill=\"none\" xmlns=\"http:\/\/www.w3.org\/2000\/svg\">\n<g clip-path=\"url(#clip0_266_73703)\">\n<path d=\"M0 0H350V246H200C89.5431 246 0 156.457 0 46V0Z\" fill=\"#1E5BFA\"\/>\n<g filter=\"url(#filter0_f_266_73703)\">\n<circle cx=\"74\" cy=\"187\" r=\"218\" fill=\"#44EDF8\" fill-opacity=\"0.56\"\/>\n<\/g>\n<\/g>\n<defs>\n<filter id=\"filter0_f_266_73703\" x=\"-444\" y=\"-331\" width=\"1036\" height=\"1036\" filterUnits=\"userSpaceOnUse\" color-interpolation-filters=\"sRGB\">\n<feFlood flood-opacity=\"0\" result=\"BackgroundImageFix\"\/>\n<feBlend mode=\"normal\" in=\"SourceGraphic\" in2=\"BackgroundImageFix\" result=\"shape\"\/>\n<feGaussianBlur stdDeviation=\"150\" result=\"effect1_foregroundBlur_266_73703\"\/>\n<\/filter>\n<clipPath id=\"clip0_266_73703\">\n<path d=\"M0 0H350V246H200C89.5431 246 0 156.457 0 46V0Z\" fill=\"white\"\/>\n<\/clipPath>\n<\/defs>\n<\/svg>\n\n        <\/div>\n        <div class=\"accordion-block__content\">\n            <h2 class=\"accordion-block__content__heading\">\n                Bienvenue sur Therefore\u2122 Go\n            <\/h2>\n            <div class=\"accordion-block__items\">\n                                                <div class=\"accordion-block__items__item accordion-item\">\n                    <h3 class=\"accordion-item__title\">\n                        Comment fonctionne Therefore\u2122 Go ?\n                        <div class=\"accordion-item__toggle\">\n                            <svg width=\"24\" height=\"24\" viewBox=\"0 0 24 24\" fill=\"none\" xmlns=\"http:\/\/www.w3.org\/2000\/svg\">\n<path fill-rule=\"evenodd\" clip-rule=\"evenodd\" d=\"M13.1943 4.11509C13.1943 3.49924 12.6951 3 12.0792 3C11.4634 3 10.9642 3.49924 10.9642 4.11509L10.9642 10.8057L4.1151 10.8057C3.49925 10.8057 3 11.3049 3 11.9208C3 12.5366 3.49924 13.0358 4.11509 13.0358H10.9642L10.9642 19.8849C10.9642 20.5008 11.4634 21 12.0792 21C12.6951 21 13.1943 20.5008 13.1943 19.8849L13.1943 13.0358H19.8849C20.5008 13.0358 21 12.5366 21 11.9208C21 11.3049 20.5008 10.8057 19.8849 10.8057L13.1943 10.8057L13.1943 4.11509Z\" fill=\"black\" fill-opacity=\"0.87\"\/>\n<\/svg>\n\n                        <\/div>\n                    <\/h3>\n                    <div class=\"accordion-item__content\">\n                        <p>Therefore\u2122 Go est une application client qui se connecte \u00e0 votre Therefore\u2122 Server pour r\u00e9cup\u00e9rer les donn\u00e9es que vous y avez stock\u00e9es. Il vous suffit d&#8217;entrer vos identifiants de connexion au serveur, puis votre nom d&#8217;utilisateur et votre mot de passe, pour acc\u00e9der au syst\u00e8me.<\/p>\n\n                                            <\/div>\n                <\/div>\n                                                <div class=\"accordion-block__items__item accordion-item\">\n                    <h3 class=\"accordion-item__title\">\n                        Je n&#8217;ai pas de serveur Therefore\u2122&#8230;\n                        <div class=\"accordion-item__toggle\">\n                            <svg width=\"24\" height=\"24\" viewBox=\"0 0 24 24\" fill=\"none\" xmlns=\"http:\/\/www.w3.org\/2000\/svg\">\n<path fill-rule=\"evenodd\" clip-rule=\"evenodd\" d=\"M13.1943 4.11509C13.1943 3.49924 12.6951 3 12.0792 3C11.4634 3 10.9642 3.49924 10.9642 4.11509L10.9642 10.8057L4.1151 10.8057C3.49925 10.8057 3 11.3049 3 11.9208C3 12.5366 3.49924 13.0358 4.11509 13.0358H10.9642L10.9642 19.8849C10.9642 20.5008 11.4634 21 12.0792 21C12.6951 21 13.1943 20.5008 13.1943 19.8849L13.1943 13.0358H19.8849C20.5008 13.0358 21 12.5366 21 11.9208C21 11.3049 20.5008 10.8057 19.8849 10.8057L13.1943 10.8057L13.1943 4.11509Z\" fill=\"black\" fill-opacity=\"0.87\"\/>\n<\/svg>\n\n                        <\/div>\n                    <\/h3>\n                    <div class=\"accordion-item__content\">\n                        <p>Therefore\u2122 Go doit se connecter \u00e0 un serveur Therefore\u2122 pour r\u00e9cup\u00e9rer des donn\u00e9es. Cela signifie que votre organisation doit disposer d&#8217;un syst\u00e8me Therefore\u2122 correctement configur\u00e9. L&#8217;appli ne fonctionnera pas si vous ne disposez pas d&#8217;un serveur auquel vous pouvez vous connecter.<\/p>\n\n                                            <\/div>\n                <\/div>\n                                                <div class=\"accordion-block__items__item accordion-item\">\n                    <h3 class=\"accordion-item__title\">\n                        Comment obtenir un syst\u00e8me Therefore\u2122 ?\n                        <div class=\"accordion-item__toggle\">\n                            <svg width=\"24\" height=\"24\" viewBox=\"0 0 24 24\" fill=\"none\" xmlns=\"http:\/\/www.w3.org\/2000\/svg\">\n<path fill-rule=\"evenodd\" clip-rule=\"evenodd\" d=\"M13.1943 4.11509C13.1943 3.49924 12.6951 3 12.0792 3C11.4634 3 10.9642 3.49924 10.9642 4.11509L10.9642 10.8057L4.1151 10.8057C3.49925 10.8057 3 11.3049 3 11.9208C3 12.5366 3.49924 13.0358 4.11509 13.0358H10.9642L10.9642 19.8849C10.9642 20.5008 11.4634 21 12.0792 21C12.6951 21 13.1943 20.5008 13.1943 19.8849L13.1943 13.0358H19.8849C20.5008 13.0358 21 12.5366 21 11.9208C21 11.3049 20.5008 10.8057 19.8849 10.8057L13.1943 10.8057L13.1943 4.11509Z\" fill=\"black\" fill-opacity=\"0.87\"\/>\n<\/svg>\n\n                        <\/div>\n                    <\/h3>\n                    <div class=\"accordion-item__content\">\n                        <p>Therefore\u2122 est une excellente solution pour les organisations de toutes tailles \u00e0 la recherche d&#8217;une solution puissante de gestion de l&#8217;information ! Therefore\u2122 est vendu exclusivement par l&#8217;interm\u00e9diaire de notre partenaire commercial, Canon. Pour en savoir plus sur le logiciel ou les options d&#8217;achat, prenez contact avec\u00a0<a href=\"http:\/\/global.canon\/en\/support\/\" target=\"_blank\" rel=\"noopener\">votre bureau Canon local<\/a>\u00a0ou contactez-nous directement sur\u00a0<a href=\"https:\/\/therefore.net\/fr\/contactez-nous\/\" target=\"_blank\" rel=\"noopener\">notre site web.<\/a><\/p>\n\n                                            <\/div>\n                <\/div>\n                                                <div class=\"accordion-block__items__item accordion-item\">\n                    <h3 class=\"accordion-item__title\">\n                        Je veux en savoir plus sur Therefore\u2122 !\n                        <div class=\"accordion-item__toggle\">\n                            <svg width=\"24\" height=\"24\" viewBox=\"0 0 24 24\" fill=\"none\" xmlns=\"http:\/\/www.w3.org\/2000\/svg\">\n<path fill-rule=\"evenodd\" clip-rule=\"evenodd\" d=\"M13.1943 4.11509C13.1943 3.49924 12.6951 3 12.0792 3C11.4634 3 10.9642 3.49924 10.9642 4.11509L10.9642 10.8057L4.1151 10.8057C3.49925 10.8057 3 11.3049 3 11.9208C3 12.5366 3.49924 13.0358 4.11509 13.0358H10.9642L10.9642 19.8849C10.9642 20.5008 11.4634 21 12.0792 21C12.6951 21 13.1943 20.5008 13.1943 19.8849L13.1943 13.0358H19.8849C20.5008 13.0358 21 12.5366 21 11.9208C21 11.3049 20.5008 10.8057 19.8849 10.8057L13.1943 10.8057L13.1943 4.11509Z\" fill=\"black\" fill-opacity=\"0.87\"\/>\n<\/svg>\n\n                        <\/div>\n                    <\/h3>\n                    <div class=\"accordion-item__content\">\n                        <p>Rendez-vous sur\u00a0<a href=\"https:\/\/therefore.net\/fr\/\">www.therefore.net<\/a>\u00a0pour en savoir plus sur les solutions Therefore\u2122, et consultez notre\u00a0<a href=\"https:\/\/therefore.net\/therefore-news-blog\/\" target=\"_blank\" rel=\"noopener\">blog<\/a>\u00a0pour conna\u00eetre les derni\u00e8res nouvelles sur la gestion de l&#8217;information, les tendances du march\u00e9 et bien d&#8217;autres sujets int\u00e9ressants et instructifs !<\/p>\n\n                                            <\/div>\n                <\/div>\n                            <\/div>\n        <\/div>\n    <\/div>\n<\/section>\n","protected":false},"excerpt":{"rendered":"","protected":false},"author":5,"featured_media":0,"parent":0,"menu_order":0,"comment_status":"closed","ping_status":"closed","template":"","meta":{"_acf_changed":false,"inline_featured_image":false,"footnotes":""},"class_list":["post-5285","page","type-page","status-publish","hentry"],"acf":[],"yoast_head":"<!-- This site is optimized with the Yoast SEO plugin v27.3 - https:\/\/yoast.com\/product\/yoast-seo-wordpress\/ -->\n<title>New to Therefore\u2122<\/title>\n<meta name=\"description\" content=\"Bienvenue sur Therefore\u2122 Go - Cette page pr\u00e9sente l&#039;application Therefore\u2122 Go aux utilisateurs qui se connectent pour la premi\u00e8re fois.\" \/>\n<meta name=\"robots\" content=\"index, follow, max-snippet:-1, max-image-preview:large, max-video-preview:-1\" \/>\n<link rel=\"canonical\" href=\"https:\/\/therefore.net\/fr\/new-to-therefore\/\" \/>\n<script type=\"application\/ld+json\" class=\"yoast-schema-graph\">{\"@context\":\"https:\\\/\\\/schema.org\",\"@graph\":[{\"@type\":\"WebPage\",\"@id\":\"https:\\\/\\\/therefore.net\\\/fr\\\/new-to-therefore\\\/\",\"url\":\"https:\\\/\\\/therefore.net\\\/fr\\\/new-to-therefore\\\/\",\"name\":\"New to Therefore\u2122\",\"isPartOf\":{\"@id\":\"https:\\\/\\\/therefore.net\\\/fr\\\/#website\"},\"datePublished\":\"2022-08-01T20:48:13+00:00\",\"dateModified\":\"2023-06-08T16:42:56+00:00\",\"description\":\"Bienvenue sur Therefore\u2122 Go - Cette page pr\u00e9sente l'application Therefore\u2122 Go aux utilisateurs qui se connectent pour la premi\u00e8re fois.\",\"breadcrumb\":{\"@id\":\"https:\\\/\\\/therefore.net\\\/fr\\\/new-to-therefore\\\/#breadcrumb\"},\"inLanguage\":\"fr-FR\",\"potentialAction\":[{\"@type\":\"ReadAction\",\"target\":[\"https:\\\/\\\/therefore.net\\\/fr\\\/new-to-therefore\\\/\"]}]},{\"@type\":\"BreadcrumbList\",\"@id\":\"https:\\\/\\\/therefore.net\\\/fr\\\/new-to-therefore\\\/#breadcrumb\",\"itemListElement\":[{\"@type\":\"ListItem\",\"position\":1,\"name\":\"Home\",\"item\":\"https:\\\/\\\/therefore.net\\\/fr\\\/\"},{\"@type\":\"ListItem\",\"position\":2,\"name\":\"New to Therefore\u2122\"}]},{\"@type\":\"WebSite\",\"@id\":\"https:\\\/\\\/therefore.net\\\/fr\\\/#website\",\"url\":\"https:\\\/\\\/therefore.net\\\/fr\\\/\",\"name\":\"Therefore\",\"description\":\"\",\"publisher\":{\"@id\":\"https:\\\/\\\/therefore.net\\\/fr\\\/#organization\"},\"potentialAction\":[{\"@type\":\"SearchAction\",\"target\":{\"@type\":\"EntryPoint\",\"urlTemplate\":\"https:\\\/\\\/therefore.net\\\/fr\\\/?s={search_term_string}\"},\"query-input\":{\"@type\":\"PropertyValueSpecification\",\"valueRequired\":true,\"valueName\":\"search_term_string\"}}],\"inLanguage\":\"fr-FR\"},{\"@type\":\"Organization\",\"@id\":\"https:\\\/\\\/therefore.net\\\/fr\\\/#organization\",\"name\":\"Therefore\",\"url\":\"https:\\\/\\\/therefore.net\\\/fr\\\/\",\"logo\":{\"@type\":\"ImageObject\",\"inLanguage\":\"fr-FR\",\"@id\":\"https:\\\/\\\/therefore.net\\\/fr\\\/#\\\/schema\\\/logo\\\/image\\\/\",\"url\":\"https:\\\/\\\/therefore.net\\\/wp\\\/..\\\/app\\\/uploads\\\/2022\\\/04\\\/logo.png\",\"contentUrl\":\"https:\\\/\\\/therefore.net\\\/wp\\\/..\\\/app\\\/uploads\\\/2022\\\/04\\\/logo.png\",\"width\":176,\"height\":48,\"caption\":\"Therefore\"},\"image\":{\"@id\":\"https:\\\/\\\/therefore.net\\\/fr\\\/#\\\/schema\\\/logo\\\/image\\\/\"},\"sameAs\":[\"https:\\\/\\\/www.linkedin.com\\\/company\\\/therefore-corporation\\\/\",\"https:\\\/\\\/www.youtube.com\\\/user\\\/ThereforeTV\"]}]}<\/script>\n<!-- \/ Yoast SEO plugin. -->","yoast_head_json":{"title":"New to Therefore\u2122","description":"Bienvenue sur Therefore\u2122 Go - Cette page pr\u00e9sente l'application Therefore\u2122 Go aux utilisateurs qui se connectent pour la premi\u00e8re fois.","robots":{"index":"index","follow":"follow","max-snippet":"max-snippet:-1","max-image-preview":"max-image-preview:large","max-video-preview":"max-video-preview:-1"},"canonical":"https:\/\/therefore.net\/fr\/new-to-therefore\/","schema":{"@context":"https:\/\/schema.org","@graph":[{"@type":"WebPage","@id":"https:\/\/therefore.net\/fr\/new-to-therefore\/","url":"https:\/\/therefore.net\/fr\/new-to-therefore\/","name":"New to Therefore\u2122","isPartOf":{"@id":"https:\/\/therefore.net\/fr\/#website"},"datePublished":"2022-08-01T20:48:13+00:00","dateModified":"2023-06-08T16:42:56+00:00","description":"Bienvenue sur Therefore\u2122 Go - Cette page pr\u00e9sente l'application Therefore\u2122 Go aux utilisateurs qui se connectent pour la premi\u00e8re fois.","breadcrumb":{"@id":"https:\/\/therefore.net\/fr\/new-to-therefore\/#breadcrumb"},"inLanguage":"fr-FR","potentialAction":[{"@type":"ReadAction","target":["https:\/\/therefore.net\/fr\/new-to-therefore\/"]}]},{"@type":"BreadcrumbList","@id":"https:\/\/therefore.net\/fr\/new-to-therefore\/#breadcrumb","itemListElement":[{"@type":"ListItem","position":1,"name":"Home","item":"https:\/\/therefore.net\/fr\/"},{"@type":"ListItem","position":2,"name":"New to Therefore\u2122"}]},{"@type":"WebSite","@id":"https:\/\/therefore.net\/fr\/#website","url":"https:\/\/therefore.net\/fr\/","name":"Therefore","description":"","publisher":{"@id":"https:\/\/therefore.net\/fr\/#organization"},"potentialAction":[{"@type":"SearchAction","target":{"@type":"EntryPoint","urlTemplate":"https:\/\/therefore.net\/fr\/?s={search_term_string}"},"query-input":{"@type":"PropertyValueSpecification","valueRequired":true,"valueName":"search_term_string"}}],"inLanguage":"fr-FR"},{"@type":"Organization","@id":"https:\/\/therefore.net\/fr\/#organization","name":"Therefore","url":"https:\/\/therefore.net\/fr\/","logo":{"@type":"ImageObject","inLanguage":"fr-FR","@id":"https:\/\/therefore.net\/fr\/#\/schema\/logo\/image\/","url":"https:\/\/therefore.net\/wp\/..\/app\/uploads\/2022\/04\/logo.png","contentUrl":"https:\/\/therefore.net\/wp\/..\/app\/uploads\/2022\/04\/logo.png","width":176,"height":48,"caption":"Therefore"},"image":{"@id":"https:\/\/therefore.net\/fr\/#\/schema\/logo\/image\/"},"sameAs":["https:\/\/www.linkedin.com\/company\/therefore-corporation\/","https:\/\/www.youtube.com\/user\/ThereforeTV"]}]}},"_links":{"self":[{"href":"https:\/\/therefore.net\/fr\/wp-json\/wp\/v2\/pages\/5285","targetHints":{"allow":["GET"]}}],"collection":[{"href":"https:\/\/therefore.net\/fr\/wp-json\/wp\/v2\/pages"}],"about":[{"href":"https:\/\/therefore.net\/fr\/wp-json\/wp\/v2\/types\/page"}],"author":[{"embeddable":true,"href":"https:\/\/therefore.net\/fr\/wp-json\/wp\/v2\/users\/5"}],"replies":[{"embeddable":true,"href":"https:\/\/therefore.net\/fr\/wp-json\/wp\/v2\/comments?post=5285"}],"version-history":[{"count":1,"href":"https:\/\/therefore.net\/fr\/wp-json\/wp\/v2\/pages\/5285\/revisions"}],"predecessor-version":[{"id":5286,"href":"https:\/\/therefore.net\/fr\/wp-json\/wp\/v2\/pages\/5285\/revisions\/5286"}],"wp:attachment":[{"href":"https:\/\/therefore.net\/fr\/wp-json\/wp\/v2\/media?parent=5285"}],"curies":[{"name":"wp","href":"https:\/\/api.w.org\/{rel}","templated":true}]}}