{"id":5289,"date":"2022-08-01T22:49:37","date_gmt":"2022-08-01T20:49:37","guid":{"rendered":"https:\/\/therefore.net\/support-technique\/"},"modified":"2023-06-20T06:21:45","modified_gmt":"2023-06-20T04:21:45","slug":"bc-support","status":"publish","type":"page","link":"https:\/\/therefore.net\/fr\/bc-support\/","title":{"rendered":"Support technique"},"content":{"rendered":"<div class=\"custom-block simple-paragraph\">\n    <div class=\"container\">\n        <div class=\"blog-post__content blog-post__content--wide\">\n            <div class=\"wpb_text_column wpb_content_element margin_bottom_35\">\n<div class=\"wpb_wrapper\">\n<h3>Support technique<\/h3>\n<\/div>\n<\/div>\n<div class=\"wpb_text_column wpb_content_element vc_custom_1617047823140\">\n<div class=\"wpb_wrapper\">\n<p><strong>Notre \u00e9quipe de support technique s\u2019engage \u00e0 fournir une assistance \u00e0 tous nos clients. Nous travaillons en collaboration avec Canon et les partenaires Canon pour r\u00e9pondre aux questions et demandes techniques.<\/strong><\/p>\n<p>&nbsp;<\/p>\n<p>Vous pouvez contacter l\u2019\u00e9quipe d\u2019assistance Therefore \u00e0 l\u2019adresse suivante :<\/p>\n<p>&nbsp;<\/p>\n<p>Europe : +43 2236 865300 333 \u2013 9h-17h CET (service disponible en anglais ou en allemand)<br \/>\n\u00c9tats-Unis et Canada : +1 941 358 0335 \u2013 9H-17H EST (service disponible seulement en anglais)<br \/>\nAsie et Australie : +613 9999 9029 \u2013 8H-18H PHT (service disponible seulement en anglais)<br \/>\nGestion des billets : <a href=\"https:\/\/support.therefore.net\">https:\/\/support.therefore.net<\/a><\/p>\n<p>&nbsp;<\/p>\n<p>Email : <a href=\"mailto:support@therefore.net\">support@therefore.net<\/a><\/p>\n<p>&nbsp;<\/p>\n<p>D\u00e9lai de r\u00e9ponse habituel : 2-3 jours ouvrables. Veuillez noter que vous devez \u00eatre sous maintenance active pour recevoir de l\u2019aide.<\/p>\n<p>&nbsp;<\/p>\n<p>Vous trouverez des ressources suppl\u00e9mentaires et des informations techniques sur Therefore\u2122 sur nos pages d\u2019aide : <a href=\"http:\/\/therefore.net\/help\">www.therefore.net\/help<\/a><\/p>\n<\/div>\n<\/div>\n\n        <\/div>\n\n            <\/div>\n<\/div>\n\n","protected":false},"excerpt":{"rendered":"","protected":false},"author":5,"featured_media":0,"parent":0,"menu_order":0,"comment_status":"closed","ping_status":"closed","template":"","meta":{"_acf_changed":false,"inline_featured_image":false,"footnotes":""},"class_list":["post-5289","page","type-page","status-publish","hentry"],"acf":[],"yoast_head":"<!-- This site is optimized with the Yoast SEO plugin v27.4 - https:\/\/yoast.com\/product\/yoast-seo-wordpress\/ -->\n<title>Therefore\u2122 Support<\/title>\n<meta name=\"description\" content=\"Our technical support team is committed to providing support to all our customers. We work with Canon Partners to answer technical questions.\" \/>\n<meta name=\"robots\" content=\"index, follow, max-snippet:-1, max-image-preview:large, max-video-preview:-1\" \/>\n<link rel=\"canonical\" href=\"https:\/\/therefore.net\/fr\/bc-support\/\" \/>\n<script type=\"application\/ld+json\" class=\"yoast-schema-graph\">{\"@context\":\"https:\\\/\\\/schema.org\",\"@graph\":[{\"@type\":\"WebPage\",\"@id\":\"https:\\\/\\\/therefore.net\\\/fr\\\/bc-support\\\/\",\"url\":\"https:\\\/\\\/therefore.net\\\/fr\\\/bc-support\\\/\",\"name\":\"Therefore\u2122 Support\",\"isPartOf\":{\"@id\":\"https:\\\/\\\/therefore.net\\\/fr\\\/#website\"},\"datePublished\":\"2022-08-01T20:49:37+00:00\",\"dateModified\":\"2023-06-20T04:21:45+00:00\",\"description\":\"Our technical support team is committed to providing support to all our customers. We work with Canon Partners to answer technical questions.\",\"breadcrumb\":{\"@id\":\"https:\\\/\\\/therefore.net\\\/fr\\\/bc-support\\\/#breadcrumb\"},\"inLanguage\":\"fr-FR\",\"potentialAction\":[{\"@type\":\"ReadAction\",\"target\":[\"https:\\\/\\\/therefore.net\\\/fr\\\/bc-support\\\/\"]}]},{\"@type\":\"BreadcrumbList\",\"@id\":\"https:\\\/\\\/therefore.net\\\/fr\\\/bc-support\\\/#breadcrumb\",\"itemListElement\":[{\"@type\":\"ListItem\",\"position\":1,\"name\":\"Home\",\"item\":\"https:\\\/\\\/therefore.net\\\/fr\\\/\"},{\"@type\":\"ListItem\",\"position\":2,\"name\":\"Support technique\"}]},{\"@type\":\"WebSite\",\"@id\":\"https:\\\/\\\/therefore.net\\\/fr\\\/#website\",\"url\":\"https:\\\/\\\/therefore.net\\\/fr\\\/\",\"name\":\"Therefore\",\"description\":\"\",\"publisher\":{\"@id\":\"https:\\\/\\\/therefore.net\\\/fr\\\/#organization\"},\"potentialAction\":[{\"@type\":\"SearchAction\",\"target\":{\"@type\":\"EntryPoint\",\"urlTemplate\":\"https:\\\/\\\/therefore.net\\\/fr\\\/?s={search_term_string}\"},\"query-input\":{\"@type\":\"PropertyValueSpecification\",\"valueRequired\":true,\"valueName\":\"search_term_string\"}}],\"inLanguage\":\"fr-FR\"},{\"@type\":\"Organization\",\"@id\":\"https:\\\/\\\/therefore.net\\\/fr\\\/#organization\",\"name\":\"Therefore\",\"url\":\"https:\\\/\\\/therefore.net\\\/fr\\\/\",\"logo\":{\"@type\":\"ImageObject\",\"inLanguage\":\"fr-FR\",\"@id\":\"https:\\\/\\\/therefore.net\\\/fr\\\/#\\\/schema\\\/logo\\\/image\\\/\",\"url\":\"https:\\\/\\\/therefore.net\\\/wp\\\/..\\\/app\\\/uploads\\\/2022\\\/04\\\/logo.png\",\"contentUrl\":\"https:\\\/\\\/therefore.net\\\/wp\\\/..\\\/app\\\/uploads\\\/2022\\\/04\\\/logo.png\",\"width\":176,\"height\":48,\"caption\":\"Therefore\"},\"image\":{\"@id\":\"https:\\\/\\\/therefore.net\\\/fr\\\/#\\\/schema\\\/logo\\\/image\\\/\"},\"sameAs\":[\"https:\\\/\\\/www.linkedin.com\\\/company\\\/therefore-corporation\\\/\",\"https:\\\/\\\/www.youtube.com\\\/user\\\/ThereforeTV\"]}]}<\/script>\n<!-- \/ Yoast SEO plugin. -->","yoast_head_json":{"title":"Therefore\u2122 Support","description":"Our technical support team is committed to providing support to all our customers. We work with Canon Partners to answer technical questions.","robots":{"index":"index","follow":"follow","max-snippet":"max-snippet:-1","max-image-preview":"max-image-preview:large","max-video-preview":"max-video-preview:-1"},"canonical":"https:\/\/therefore.net\/fr\/bc-support\/","schema":{"@context":"https:\/\/schema.org","@graph":[{"@type":"WebPage","@id":"https:\/\/therefore.net\/fr\/bc-support\/","url":"https:\/\/therefore.net\/fr\/bc-support\/","name":"Therefore\u2122 Support","isPartOf":{"@id":"https:\/\/therefore.net\/fr\/#website"},"datePublished":"2022-08-01T20:49:37+00:00","dateModified":"2023-06-20T04:21:45+00:00","description":"Our technical support team is committed to providing support to all our customers. We work with Canon Partners to answer technical questions.","breadcrumb":{"@id":"https:\/\/therefore.net\/fr\/bc-support\/#breadcrumb"},"inLanguage":"fr-FR","potentialAction":[{"@type":"ReadAction","target":["https:\/\/therefore.net\/fr\/bc-support\/"]}]},{"@type":"BreadcrumbList","@id":"https:\/\/therefore.net\/fr\/bc-support\/#breadcrumb","itemListElement":[{"@type":"ListItem","position":1,"name":"Home","item":"https:\/\/therefore.net\/fr\/"},{"@type":"ListItem","position":2,"name":"Support technique"}]},{"@type":"WebSite","@id":"https:\/\/therefore.net\/fr\/#website","url":"https:\/\/therefore.net\/fr\/","name":"Therefore","description":"","publisher":{"@id":"https:\/\/therefore.net\/fr\/#organization"},"potentialAction":[{"@type":"SearchAction","target":{"@type":"EntryPoint","urlTemplate":"https:\/\/therefore.net\/fr\/?s={search_term_string}"},"query-input":{"@type":"PropertyValueSpecification","valueRequired":true,"valueName":"search_term_string"}}],"inLanguage":"fr-FR"},{"@type":"Organization","@id":"https:\/\/therefore.net\/fr\/#organization","name":"Therefore","url":"https:\/\/therefore.net\/fr\/","logo":{"@type":"ImageObject","inLanguage":"fr-FR","@id":"https:\/\/therefore.net\/fr\/#\/schema\/logo\/image\/","url":"https:\/\/therefore.net\/wp\/..\/app\/uploads\/2022\/04\/logo.png","contentUrl":"https:\/\/therefore.net\/wp\/..\/app\/uploads\/2022\/04\/logo.png","width":176,"height":48,"caption":"Therefore"},"image":{"@id":"https:\/\/therefore.net\/fr\/#\/schema\/logo\/image\/"},"sameAs":["https:\/\/www.linkedin.com\/company\/therefore-corporation\/","https:\/\/www.youtube.com\/user\/ThereforeTV"]}]}},"_links":{"self":[{"href":"https:\/\/therefore.net\/fr\/wp-json\/wp\/v2\/pages\/5289","targetHints":{"allow":["GET"]}}],"collection":[{"href":"https:\/\/therefore.net\/fr\/wp-json\/wp\/v2\/pages"}],"about":[{"href":"https:\/\/therefore.net\/fr\/wp-json\/wp\/v2\/types\/page"}],"author":[{"embeddable":true,"href":"https:\/\/therefore.net\/fr\/wp-json\/wp\/v2\/users\/5"}],"replies":[{"embeddable":true,"href":"https:\/\/therefore.net\/fr\/wp-json\/wp\/v2\/comments?post=5289"}],"version-history":[{"count":3,"href":"https:\/\/therefore.net\/fr\/wp-json\/wp\/v2\/pages\/5289\/revisions"}],"predecessor-version":[{"id":5292,"href":"https:\/\/therefore.net\/fr\/wp-json\/wp\/v2\/pages\/5289\/revisions\/5292"}],"wp:attachment":[{"href":"https:\/\/therefore.net\/fr\/wp-json\/wp\/v2\/media?parent=5289"}],"curies":[{"name":"wp","href":"https:\/\/api.w.org\/{rel}","templated":true}]}}