{"id":5322,"date":"2022-08-03T19:59:36","date_gmt":"2022-08-03T17:59:36","guid":{"rendered":"https:\/\/therefore.net\/prix-et-certifications\/vers\/"},"modified":"2023-06-08T20:24:21","modified_gmt":"2023-06-08T18:24:21","slug":"vers","status":"publish","type":"page","link":"https:\/\/therefore.net\/fr\/prix-et-certifications\/vers\/","title":{"rendered":"VERS"},"content":{"rendered":"\n<section class=\"custom-block video-img-section video-img-section--shape \">\n    <div class=\"container video-img-section__container\">\n\n        <div class=\"video-img-section__row\">\n            <div class=\"video-img-section__media video-img-section__media\">\n                                <div class=\"video-img-section__media__item video-img-section__media__item--image\">\n                                            <img decoding=\"async\" width=\"635\" height=\"317\" src=\"https:\/\/therefore.net\/wp\/..\/app\/uploads\/2023\/04\/vers.png\" class=\"attachment-full size-full\" alt=\"Une personne portant une montre et une bague VERS cherche dans les dossiers organis\u00e9s d&#039;un classeur, en utilisant ses doigts pour s\u00e9parer les dossiers et localiser un document sp\u00e9cifique.\" srcset=\"https:\/\/therefore.net\/wp\/..\/app\/uploads\/2023\/04\/vers.png 635w, https:\/\/therefore.net\/wp\/..\/app\/uploads\/2023\/04\/vers-300x150.png 300w\" sizes=\"(max-width: 635px) 100vw, 635px\" \/>\n                                    <\/div>\n                            <\/div>\n\n            <div class=\"video-img-section__content\">\n                                                        <h2 class=\"video-img-section__title\">Therefore\u2122 et VERS<\/h2>\n                \n                            <\/div>\n        <\/div>\n\n\n    <\/div>\n\n<\/section>\n<div class=\"custom-block simple-paragraph\">\n    <div class=\"container\">\n        <div class=\"blog-post__content blog-post__content--wide\">\n            <h1 style=\"text-align: center;\"><strong>Qu&#8217;est-ce que la norme Victorian Electronic Records Strategy (VERS) ?<\/strong><\/h1>\n<p>&nbsp;<\/p>\n<p><strong>Le Victorian Electronic Records Strategy (VERS) est une norme \u00e9tablie par le Public Record Office Victoria (PROV &#8211; Australie) qui traite de la capture, de la gestion et de la conservation des documents \u00e9lectroniques.<\/strong><\/p>\n<div class=\"wpb_text_column wpb_content_element vc_custom_1519383769254\">\n<div class=\"wpb_wrapper\">\n<p>Le PROV a \u00e9t\u00e9 cr\u00e9\u00e9 par le Victorian Public Records Act 1973 dans le but d&#8217;am\u00e9liorer la conservation, la gestion et l&#8217;utilisation des documents publics de l&#8217;\u00c9tat. Pour \u00eatre conforme au VERS, un produit doit \u00eatre test\u00e9 et certifi\u00e9 par le Public Records Office Victoria, mais gr\u00e2ce \u00e0 son processus de test holistique, le VERS est devenu la norme mondiale en mati\u00e8re de conservation des donn\u00e9es \u00e9lectroniques, car il stipule un format standard pour les documents \u00e9lectroniques qui se concentre sur un archivage fiable.<\/p>\n<\/div>\n<\/div>\n\n        <\/div>\n\n            <\/div>\n<\/div>\n\n<section class=\"custom-block join-therefore\">\n    <div class=\"container\">\n        <div class=\"join-therefore__inner\">\n                        <div class=\"join-therefore__title-wrapper\">\n                                <h2 class=\"join-therefore__title\">\n                    Therefore\u2122 est conforme\n                <\/h2>\n            <\/div>\n                        <div class=\"join-therefore__text-wrapper\">\n                <p class=\"join-therefore__text\">Therefore\u2122 a \u00e9t\u00e9 certifi\u00e9 conforme au VERS (PROS 99\/007).<\/p>\n                            <\/div>\n        <\/div>\n    <\/div>\n<\/section>\n<div class=\"custom-block simple-paragraph\">\n    <div class=\"container\">\n        <div class=\"blog-post__content blog-post__content--wide\">\n            <div class=\"wpb_text_column wpb_content_element \">\n<div class=\"wpb_wrapper\">\n<h1><strong>Comment Therefore\u2122 peut aider<\/strong><\/h1>\n<p>&nbsp;<\/p>\n<\/div>\n<\/div>\n<div class=\"wpb_text_column wpb_content_element vc_custom_1519383799759\">\n<div class=\"wpb_wrapper\">\n<p><strong>Le logiciel Therefore\u2122 est certifi\u00e9 conforme au VERS (PROS 99\/007) depuis 2016, r\u00e9pondant aux cinq sp\u00e9cifications des normes, notamment :<\/strong><\/p>\n<\/div>\n<\/div>\n<div class=\"wpb_text_column wpb_content_element vc_custom_1519383823667\">\n<div class=\"wpb_wrapper\">\n<ul>\n<li><strong>Sp\u00e9cification 1<\/strong> &#8211; Exigences du syst\u00e8me pour la conservation des documents \u00e9lectroniques &#8211; R\u00e9pond aux exigences qu&#8217;un syst\u00e8me d&#8217;archivage doit remplir pour conserver les documents \u00e9lectroniques pendant une longue p\u00e9riode.<\/li>\n<li><strong>Sp\u00e9cification 2<\/strong> &#8211; Sch\u00e9ma de m\u00e9tadonn\u00e9es du VERS &#8211; R\u00e9pond aux sp\u00e9cifications sur les m\u00e9tadonn\u00e9es qu&#8217;un syst\u00e8me d&#8217;archivage doit contenir pour \u00eatre conforme au VERS.<\/li>\n<li><strong>Sp\u00e9cification 3<\/strong> &#8211; Format d&#8217;enregistrement \u00e9lectronique standard du VERS &#8211; R\u00e9pond \u00e0 la d\u00e9finition technique du format d&#8217;objet encapsul\u00e9 du VERS (VEO), le format obligatoire \u00e0 long terme pour les enregistrements.<\/li>\n<li><strong>Sp\u00e9cification 4<\/strong> &#8211; Formats de conservation \u00e0 long terme du VERS &#8211; Conforme \u00e0 la liste des formats de donn\u00e9es que le PROV accepte comme convenant \u00e0 la repr\u00e9sentation de documents pendant une p\u00e9riode significative.<\/li>\n<li><strong>Sp\u00e9cification 5<\/strong> &#8211; Exportation de documents \u00e9lectroniques vers PROV &#8211; R\u00e9pond \u00e0 la liste des supports et m\u00e9canismes approuv\u00e9s par lesquels PROV acceptera une exportation de documents \u00e9lectroniques.<\/li>\n<\/ul>\n<\/div>\n<\/div>\n<p>&nbsp;<\/p>\n<div class=\"row\"><\/div>\n\n        <\/div>\n\n            <\/div>\n<\/div>\n\n<div class=\"custom-block simple-paragraph\">\n    <div class=\"container\">\n        <div class=\"blog-post__content blog-post__content--wide\">\n            <p><img decoding=\"async\" class=\"alignnone wp-image-995 size-large\" src=\"https:\/\/therefore.net\/app\/uploads\/2022\/08\/How_TF_Helps-1024x549.png\" alt=\"\" width=\"1024\" height=\"549\" srcset=\"https:\/\/therefore.net\/wp\/..\/app\/uploads\/2022\/08\/How_TF_Helps-1024x549.png 1024w, https:\/\/therefore.net\/wp\/..\/app\/uploads\/2022\/08\/How_TF_Helps-300x161.png 300w, https:\/\/therefore.net\/wp\/..\/app\/uploads\/2022\/08\/How_TF_Helps-768x412.png 768w, https:\/\/therefore.net\/wp\/..\/app\/uploads\/2022\/08\/How_TF_Helps-1536x823.png 1536w, https:\/\/therefore.net\/wp\/..\/app\/uploads\/2022\/08\/How_TF_Helps.png 1616w\" sizes=\"(max-width: 1024px) 100vw, 1024px\" \/><\/p>\n\n        <\/div>\n\n            <\/div>\n<\/div>\n\n\n<div style=\"height:100px\" aria-hidden=\"true\" class=\"wp-block-spacer\"><\/div>\n\n<h1 class=\"wp-block-heading has-text-align-center\">En savoir plus<\/h1>\n<div class=\"custom-block resources-tiles-block\">\n    <div class=\"container resources-tiles-block__container\">\n                    <div class=\"resources-tiles-block__tiles\">\n                                                        <div class=\"tile-item\">\n                        <div class=\"resources-tiles-block__tile tile-item__wrapper\">\n                            <div class=\"tile-item__content\">\n                                <h3 class=\"tile-item__title\">\n                                    Public Record Office Victoria\n                                <\/h3>\n                                <p class=\"tile-item__text\">En savoir plus sur l&#8217;histoire de la norme VERS et voir les produits conformes \u00e0 la norme VERS, notamment Therefore\u2122.<\/p>\n                            <\/div>\n                            <div class=\"tile-item__cta\">\n                                                                                                            <a href=\"https:\/\/www.prov.vic.gov.au\/recordkeeping-government\/a-z-topics\/vers\" target=\"\"\n                                           class=\"tile-item__link arrow-link link-green\">Qu&#8217;est-ce que le VERS ?<\/a>\n                                                                                                <\/div>\n                        <\/div>\n                    <\/div>\n                                                        <div class=\"tile-item\">\n                        <div class=\"resources-tiles-block__tile tile-item__wrapper\">\n                            <div class=\"tile-item__content\">\n                                <h3 class=\"tile-item__title\">\n                                    Public Record Office Victoria\n                                <\/h3>\n                                <p class=\"tile-item__text\">En savoir plus sur la norme VERS pour la gestion et la conservation \u00e0 long terme des documents num\u00e9riques.<\/p>\n                            <\/div>\n                            <div class=\"tile-item__cta\">\n                                                                                                            <a href=\"https:\/\/www.prov.vic.gov.au\/recordkeeping-government\/about-standards-framework-policies\/vers-standard\" target=\"\"\n                                           class=\"tile-item__link arrow-link link-green\">La norme VERS<\/a>\n                                                                                                <\/div>\n                        <\/div>\n                    <\/div>\n                            <\/div>\n            <\/div>\n<\/section>","protected":false},"excerpt":{"rendered":"<p>En savoir plus<\/p>\n","protected":false},"author":5,"featured_media":0,"parent":3496,"menu_order":0,"comment_status":"closed","ping_status":"closed","template":"","meta":{"_acf_changed":false,"inline_featured_image":false,"footnotes":""},"class_list":["post-5322","page","type-page","status-publish","hentry"],"acf":[],"yoast_head":"<!-- This site is optimized with the Yoast SEO plugin v27.5 - https:\/\/yoast.com\/product\/yoast-seo-wordpress\/ -->\n<title>Therefore\u2122 et la norme VERS<\/title>\n<meta name=\"description\" content=\"La Victorian Electronic Records Strategy (VERS) est une norme \u00e9tablie par le Public Record Office Victoria (PROV - Australie) qui aborde les questions de la capture, de la gestion et de la conservation des documents \u00e9lectroniques.\" \/>\n<meta name=\"robots\" content=\"index, follow, max-snippet:-1, max-image-preview:large, max-video-preview:-1\" \/>\n<link rel=\"canonical\" href=\"https:\/\/therefore.net\/fr\/prix-et-certifications\/vers\/\" \/>\n<script type=\"application\/ld+json\" class=\"yoast-schema-graph\">{\"@context\":\"https:\\\/\\\/schema.org\",\"@graph\":[{\"@type\":\"WebPage\",\"@id\":\"https:\\\/\\\/therefore.net\\\/fr\\\/prix-et-certifications\\\/vers\\\/\",\"url\":\"https:\\\/\\\/therefore.net\\\/fr\\\/prix-et-certifications\\\/vers\\\/\",\"name\":\"Therefore\u2122 et la norme VERS\",\"isPartOf\":{\"@id\":\"https:\\\/\\\/therefore.net\\\/fr\\\/#website\"},\"datePublished\":\"2022-08-03T17:59:36+00:00\",\"dateModified\":\"2023-06-08T18:24:21+00:00\",\"description\":\"La Victorian Electronic Records Strategy (VERS) est une norme \u00e9tablie par le Public Record Office Victoria (PROV - Australie) qui aborde les questions de la capture, de la gestion et de la conservation des documents \u00e9lectroniques.\",\"breadcrumb\":{\"@id\":\"https:\\\/\\\/therefore.net\\\/fr\\\/prix-et-certifications\\\/vers\\\/#breadcrumb\"},\"inLanguage\":\"fr-FR\",\"potentialAction\":[{\"@type\":\"ReadAction\",\"target\":[\"https:\\\/\\\/therefore.net\\\/fr\\\/prix-et-certifications\\\/vers\\\/\"]}]},{\"@type\":\"BreadcrumbList\",\"@id\":\"https:\\\/\\\/therefore.net\\\/fr\\\/prix-et-certifications\\\/vers\\\/#breadcrumb\",\"itemListElement\":[{\"@type\":\"ListItem\",\"position\":1,\"name\":\"Home\",\"item\":\"https:\\\/\\\/therefore.net\\\/fr\\\/\"},{\"@type\":\"ListItem\",\"position\":2,\"name\":\"Prix et certifications\",\"item\":\"https:\\\/\\\/therefore.net\\\/fr\\\/prix-et-certifications\\\/\"},{\"@type\":\"ListItem\",\"position\":3,\"name\":\"VERS\"}]},{\"@type\":\"WebSite\",\"@id\":\"https:\\\/\\\/therefore.net\\\/fr\\\/#website\",\"url\":\"https:\\\/\\\/therefore.net\\\/fr\\\/\",\"name\":\"Therefore\",\"description\":\"\",\"publisher\":{\"@id\":\"https:\\\/\\\/therefore.net\\\/fr\\\/#organization\"},\"potentialAction\":[{\"@type\":\"SearchAction\",\"target\":{\"@type\":\"EntryPoint\",\"urlTemplate\":\"https:\\\/\\\/therefore.net\\\/fr\\\/?s={search_term_string}\"},\"query-input\":{\"@type\":\"PropertyValueSpecification\",\"valueRequired\":true,\"valueName\":\"search_term_string\"}}],\"inLanguage\":\"fr-FR\"},{\"@type\":\"Organization\",\"@id\":\"https:\\\/\\\/therefore.net\\\/fr\\\/#organization\",\"name\":\"Therefore\",\"url\":\"https:\\\/\\\/therefore.net\\\/fr\\\/\",\"logo\":{\"@type\":\"ImageObject\",\"inLanguage\":\"fr-FR\",\"@id\":\"https:\\\/\\\/therefore.net\\\/fr\\\/#\\\/schema\\\/logo\\\/image\\\/\",\"url\":\"https:\\\/\\\/therefore.net\\\/wp\\\/..\\\/app\\\/uploads\\\/2022\\\/04\\\/logo.png\",\"contentUrl\":\"https:\\\/\\\/therefore.net\\\/wp\\\/..\\\/app\\\/uploads\\\/2022\\\/04\\\/logo.png\",\"width\":176,\"height\":48,\"caption\":\"Therefore\"},\"image\":{\"@id\":\"https:\\\/\\\/therefore.net\\\/fr\\\/#\\\/schema\\\/logo\\\/image\\\/\"},\"sameAs\":[\"https:\\\/\\\/www.linkedin.com\\\/company\\\/therefore-corporation\\\/\",\"https:\\\/\\\/www.youtube.com\\\/user\\\/ThereforeTV\"]}]}<\/script>\n<!-- \/ Yoast SEO plugin. -->","yoast_head_json":{"title":"Therefore\u2122 et la norme VERS","description":"La Victorian Electronic Records Strategy (VERS) est une norme \u00e9tablie par le Public Record Office Victoria (PROV - Australie) qui aborde les questions de la capture, de la gestion et de la conservation des documents \u00e9lectroniques.","robots":{"index":"index","follow":"follow","max-snippet":"max-snippet:-1","max-image-preview":"max-image-preview:large","max-video-preview":"max-video-preview:-1"},"canonical":"https:\/\/therefore.net\/fr\/prix-et-certifications\/vers\/","schema":{"@context":"https:\/\/schema.org","@graph":[{"@type":"WebPage","@id":"https:\/\/therefore.net\/fr\/prix-et-certifications\/vers\/","url":"https:\/\/therefore.net\/fr\/prix-et-certifications\/vers\/","name":"Therefore\u2122 et la norme VERS","isPartOf":{"@id":"https:\/\/therefore.net\/fr\/#website"},"datePublished":"2022-08-03T17:59:36+00:00","dateModified":"2023-06-08T18:24:21+00:00","description":"La Victorian Electronic Records Strategy (VERS) est une norme \u00e9tablie par le Public Record Office Victoria (PROV - Australie) qui aborde les questions de la capture, de la gestion et de la conservation des documents \u00e9lectroniques.","breadcrumb":{"@id":"https:\/\/therefore.net\/fr\/prix-et-certifications\/vers\/#breadcrumb"},"inLanguage":"fr-FR","potentialAction":[{"@type":"ReadAction","target":["https:\/\/therefore.net\/fr\/prix-et-certifications\/vers\/"]}]},{"@type":"BreadcrumbList","@id":"https:\/\/therefore.net\/fr\/prix-et-certifications\/vers\/#breadcrumb","itemListElement":[{"@type":"ListItem","position":1,"name":"Home","item":"https:\/\/therefore.net\/fr\/"},{"@type":"ListItem","position":2,"name":"Prix et certifications","item":"https:\/\/therefore.net\/fr\/prix-et-certifications\/"},{"@type":"ListItem","position":3,"name":"VERS"}]},{"@type":"WebSite","@id":"https:\/\/therefore.net\/fr\/#website","url":"https:\/\/therefore.net\/fr\/","name":"Therefore","description":"","publisher":{"@id":"https:\/\/therefore.net\/fr\/#organization"},"potentialAction":[{"@type":"SearchAction","target":{"@type":"EntryPoint","urlTemplate":"https:\/\/therefore.net\/fr\/?s={search_term_string}"},"query-input":{"@type":"PropertyValueSpecification","valueRequired":true,"valueName":"search_term_string"}}],"inLanguage":"fr-FR"},{"@type":"Organization","@id":"https:\/\/therefore.net\/fr\/#organization","name":"Therefore","url":"https:\/\/therefore.net\/fr\/","logo":{"@type":"ImageObject","inLanguage":"fr-FR","@id":"https:\/\/therefore.net\/fr\/#\/schema\/logo\/image\/","url":"https:\/\/therefore.net\/wp\/..\/app\/uploads\/2022\/04\/logo.png","contentUrl":"https:\/\/therefore.net\/wp\/..\/app\/uploads\/2022\/04\/logo.png","width":176,"height":48,"caption":"Therefore"},"image":{"@id":"https:\/\/therefore.net\/fr\/#\/schema\/logo\/image\/"},"sameAs":["https:\/\/www.linkedin.com\/company\/therefore-corporation\/","https:\/\/www.youtube.com\/user\/ThereforeTV"]}]}},"_links":{"self":[{"href":"https:\/\/therefore.net\/fr\/wp-json\/wp\/v2\/pages\/5322","targetHints":{"allow":["GET"]}}],"collection":[{"href":"https:\/\/therefore.net\/fr\/wp-json\/wp\/v2\/pages"}],"about":[{"href":"https:\/\/therefore.net\/fr\/wp-json\/wp\/v2\/types\/page"}],"author":[{"embeddable":true,"href":"https:\/\/therefore.net\/fr\/wp-json\/wp\/v2\/users\/5"}],"replies":[{"embeddable":true,"href":"https:\/\/therefore.net\/fr\/wp-json\/wp\/v2\/comments?post=5322"}],"version-history":[{"count":1,"href":"https:\/\/therefore.net\/fr\/wp-json\/wp\/v2\/pages\/5322\/revisions"}],"predecessor-version":[{"id":5324,"href":"https:\/\/therefore.net\/fr\/wp-json\/wp\/v2\/pages\/5322\/revisions\/5324"}],"up":[{"embeddable":true,"href":"https:\/\/therefore.net\/fr\/wp-json\/wp\/v2\/pages\/3496"}],"wp:attachment":[{"href":"https:\/\/therefore.net\/fr\/wp-json\/wp\/v2\/media?parent=5322"}],"curies":[{"name":"wp","href":"https:\/\/api.w.org\/{rel}","templated":true}]}}