{"id":5331,"date":"2022-08-03T20:10:59","date_gmt":"2022-08-03T18:10:59","guid":{"rendered":"https:\/\/therefore.net\/prix-et-certifications\/sahke2\/"},"modified":"2023-06-08T20:33:53","modified_gmt":"2023-06-08T18:33:53","slug":"sahke2","status":"publish","type":"page","link":"https:\/\/therefore.net\/fr\/prix-et-certifications\/sahke2\/","title":{"rendered":"S\u00c4HKE2"},"content":{"rendered":"<div class=\"custom-block simple-paragraph\">\n    <div class=\"container\">\n        <div class=\"blog-post__content blog-post__content--wide\">\n            <h1><strong>Qu&#8217;est-ce que la norme S\u00c4HKE2 ?<\/strong><\/h1>\n<p>&nbsp;<\/p>\n<div class=\"wpb_text_column wpb_content_element vc_custom_1519384857545\">\n<div class=\"wpb_wrapper\">\n<p><strong>S\u00c4HKE2 est la norme employ\u00e9e par le gouvernement finlandais qui \u00e9tablit un cadre uniforme pour le secteur public afin de d\u00e9velopper un syst\u00e8me efficace de gestion des documents \u00e9lectroniques.<\/strong><\/p>\n<\/div>\n<\/div>\n<div class=\"wpb_text_column wpb_content_element vc_custom_1519384880192\">\n<div class=\"wpb_wrapper\">\n<p>Les organismes publics finlandais sont tenus d&#8217;utiliser des syst\u00e8mes de gestion des documents \u00e9lectroniques compatibles avec S\u00c4HKE s&#8217;ils ont l&#8217;intention de transf\u00e9rer des documents \u00e9lectroniques permanents aux Archives nationales de Finlande. Les exigences de S\u00c4HKE concernent les fonctionnalit\u00e9s de gestion des documents telles que :<\/p>\n<ul>\n<li>la gestion du cycle de vie<\/li>\n<li>le contr\u00f4le des m\u00e9tadonn\u00e9es<\/li>\n<li>les droits d&#8217;acc\u00e8s<\/li>\n<li>la conservation et l&#8217;\u00e9limination<\/li>\n<li>transfert aux Archives nationales de Finlande<\/li>\n<\/ul>\n<\/div>\n<\/div>\n\n        <\/div>\n\n            <\/div>\n<\/div>\n\n<section class=\"custom-block join-therefore\">\n    <div class=\"container\">\n        <div class=\"join-therefore__inner\">\n                        <div class=\"join-therefore__title-wrapper\">\n                                <h2 class=\"join-therefore__title\">\n                    Therefore\u2122 est conforme\n                <\/h2>\n            <\/div>\n                        <div class=\"join-therefore__text-wrapper\">\n                <p class=\"join-therefore__text\">Le logiciel ADOS\u2122 a \u00e9t\u00e9 certifi\u00e9 conforme \u00e0 la norme S\u00c4HKE2.<\/p>\n                            <\/div>\n        <\/div>\n    <\/div>\n<\/section>\n<div class=\"custom-block simple-paragraph\">\n    <div class=\"container\">\n        <div class=\"blog-post__content blog-post__content--wide\">\n            <div class=\"wpb_text_column wpb_content_element \">\n<div class=\"wpb_wrapper\">\n<h1><strong>Comment Therefore\u2122 peut aider<\/strong><\/h1>\n<p>&nbsp;<\/p>\n<\/div>\n<\/div>\n<div class=\"wpb_text_column wpb_content_element vc_custom_1519386933198\">\n<div class=\"wpb_wrapper\">\n<p>Les organisations publiques finlandaises peuvent \u00eatre assur\u00e9es que la solution de gestion de l&#8217;information de Therefore a \u00e9t\u00e9 certifi\u00e9e par Inspecta pour r\u00e9pondre \u00e0 la norme S\u00c4HKE2 en fournissant les fonctions et les installations qui leur permettront de remplir leurs obligations dans le respect des r\u00e9glementations \u00e9tablies par le gouvernement finlandais. Le logiciel Therefore\u2122 r\u00e9pond aux exigences de la norme S\u00c4HKE2 en permettant aux utilisateurs de contr\u00f4ler leurs donn\u00e9es dans un r\u00e9f\u00e9rentiel s\u00e9curis\u00e9 et en autorisant l&#8217;exportation en toute s\u00e9curit\u00e9 des m\u00e9tadonn\u00e9es dans un fichier XML, ainsi qu&#8217;en permettant aux utilisateurs de programmer la conservation de certains documents et de configurer leur accessibilit\u00e9 au personnel d\u00e9sign\u00e9.<\/p>\n<\/div>\n<\/div>\n\n        <\/div>\n\n            <\/div>\n<\/div>\n\n<div class=\"custom-block simple-paragraph\">\n    <div class=\"container\">\n        <div class=\"blog-post__content blog-post__content--wide\">\n            <p><img decoding=\"async\" class=\"alignnone wp-image-1013 size-large\" src=\"https:\/\/therefore.net\/app\/uploads\/2022\/08\/SAHKE2-1024x198.png\" alt=\"\" width=\"1024\" height=\"198\" srcset=\"https:\/\/therefore.net\/wp\/..\/app\/uploads\/2022\/08\/SAHKE2-1024x198.png 1024w, https:\/\/therefore.net\/wp\/..\/app\/uploads\/2022\/08\/SAHKE2-300x58.png 300w, https:\/\/therefore.net\/wp\/..\/app\/uploads\/2022\/08\/SAHKE2-768x149.png 768w, https:\/\/therefore.net\/wp\/..\/app\/uploads\/2022\/08\/SAHKE2.png 1277w\" sizes=\"(max-width: 1024px) 100vw, 1024px\" \/><\/p>\n\n        <\/div>\n\n            <\/div>\n<\/div>\n\n\n<div style=\"height:100px\" aria-hidden=\"true\" class=\"wp-block-spacer\"><\/div>\n\n<h1 class=\"wp-block-heading has-text-align-center\">En savoir plus<\/h1>\n<div class=\"custom-block resources-tiles-block\">\n    <div class=\"container resources-tiles-block__container\">\n                    <div class=\"resources-tiles-block__tiles\">\n                                                        <div class=\"tile-item\">\n                        <div class=\"resources-tiles-block__tile tile-item__wrapper\">\n                            <div class=\"tile-item__content\">\n                                <h3 class=\"tile-item__title\">\n                                    Certifi\u00e9 par Inspecta\n                                <\/h3>\n                                <p class=\"tile-item__text\">T\u00e9l\u00e9chargez le certificat d\u00e9livr\u00e9 par Inspecta Sertifiointi Oy pour prouver que la solution r\u00e9pond aux exigences de S\u00c4HKE2.<\/p>\n                            <\/div>\n                            <div class=\"tile-item__cta\">\n                                                                                                            <a href=\"https:\/\/therefore.net\/app\/uploads\/2023\/04\/SAHKE2_Certification_9625-01en.pdf\" target=\"_blank\"\n                                           class=\"tile-item__link arrow-link link-green\">Certificat de conformit\u00e9<\/a>\n                                                                                                <\/div>\n                        <\/div>\n                    <\/div>\n                                                        <div class=\"tile-item\">\n                        <div class=\"resources-tiles-block__tile tile-item__wrapper\">\n                            <div class=\"tile-item__content\">\n                                <h3 class=\"tile-item__title\">\n                                    Archives nationales de Finlande\n                                <\/h3>\n                                <p class=\"tile-item__text\">En savoir plus sur l&#8217;histoire de la norme S\u00c4HKE2 et le r\u00f4le des Archives nationales de Finlande.<\/p>\n                            <\/div>\n                            <div class=\"tile-item__cta\">\n                                                                                                            <a href=\"https:\/\/www.arkisto.fi\/fi\/viranomaisille\/julkishallinnon-sahkoisen-sailyttamisen-ja-asiakirjahallinnan-neuvonta-ja-konsultointipalvelu\/s%C3%A4hke2-sertifiointi\" target=\"\"\n                                           class=\"tile-item__link arrow-link link-green\">Certification S\u00c4HKE2<\/a>\n                                                                                                <\/div>\n                        <\/div>\n                    <\/div>\n                            <\/div>\n            <\/div>\n<\/section>","protected":false},"excerpt":{"rendered":"<p>En savoir plus<\/p>\n","protected":false},"author":5,"featured_media":0,"parent":3496,"menu_order":0,"comment_status":"closed","ping_status":"closed","template":"","meta":{"_acf_changed":false,"inline_featured_image":false,"footnotes":""},"class_list":["post-5331","page","type-page","status-publish","hentry"],"acf":[],"yoast_head":"<!-- This site is optimized with the Yoast SEO plugin v27.4 - https:\/\/yoast.com\/product\/yoast-seo-wordpress\/ -->\n<title>S\u00c4HKE2<\/title>\n<meta name=\"description\" content=\"S\u00c4HKE2 est la norme utilis\u00e9e par le gouvernement finlandais qui \u00e9tablit un cadre uniforme pour le secteur public.\" \/>\n<meta name=\"robots\" content=\"index, follow, max-snippet:-1, max-image-preview:large, max-video-preview:-1\" \/>\n<link rel=\"canonical\" href=\"https:\/\/therefore.net\/fr\/prix-et-certifications\/sahke2\/\" \/>\n<script type=\"application\/ld+json\" class=\"yoast-schema-graph\">{\"@context\":\"https:\\\/\\\/schema.org\",\"@graph\":[{\"@type\":\"WebPage\",\"@id\":\"https:\\\/\\\/therefore.net\\\/fr\\\/prix-et-certifications\\\/sahke2\\\/\",\"url\":\"https:\\\/\\\/therefore.net\\\/fr\\\/prix-et-certifications\\\/sahke2\\\/\",\"name\":\"S\u00c4HKE2\",\"isPartOf\":{\"@id\":\"https:\\\/\\\/therefore.net\\\/fr\\\/#website\"},\"datePublished\":\"2022-08-03T18:10:59+00:00\",\"dateModified\":\"2023-06-08T18:33:53+00:00\",\"description\":\"S\u00c4HKE2 est la norme utilis\u00e9e par le gouvernement finlandais qui \u00e9tablit un cadre uniforme pour le secteur public.\",\"breadcrumb\":{\"@id\":\"https:\\\/\\\/therefore.net\\\/fr\\\/prix-et-certifications\\\/sahke2\\\/#breadcrumb\"},\"inLanguage\":\"fr-FR\",\"potentialAction\":[{\"@type\":\"ReadAction\",\"target\":[\"https:\\\/\\\/therefore.net\\\/fr\\\/prix-et-certifications\\\/sahke2\\\/\"]}]},{\"@type\":\"BreadcrumbList\",\"@id\":\"https:\\\/\\\/therefore.net\\\/fr\\\/prix-et-certifications\\\/sahke2\\\/#breadcrumb\",\"itemListElement\":[{\"@type\":\"ListItem\",\"position\":1,\"name\":\"Home\",\"item\":\"https:\\\/\\\/therefore.net\\\/fr\\\/\"},{\"@type\":\"ListItem\",\"position\":2,\"name\":\"Prix et certifications\",\"item\":\"https:\\\/\\\/therefore.net\\\/fr\\\/prix-et-certifications\\\/\"},{\"@type\":\"ListItem\",\"position\":3,\"name\":\"S\u00c4HKE2\"}]},{\"@type\":\"WebSite\",\"@id\":\"https:\\\/\\\/therefore.net\\\/fr\\\/#website\",\"url\":\"https:\\\/\\\/therefore.net\\\/fr\\\/\",\"name\":\"Therefore\",\"description\":\"\",\"publisher\":{\"@id\":\"https:\\\/\\\/therefore.net\\\/fr\\\/#organization\"},\"potentialAction\":[{\"@type\":\"SearchAction\",\"target\":{\"@type\":\"EntryPoint\",\"urlTemplate\":\"https:\\\/\\\/therefore.net\\\/fr\\\/?s={search_term_string}\"},\"query-input\":{\"@type\":\"PropertyValueSpecification\",\"valueRequired\":true,\"valueName\":\"search_term_string\"}}],\"inLanguage\":\"fr-FR\"},{\"@type\":\"Organization\",\"@id\":\"https:\\\/\\\/therefore.net\\\/fr\\\/#organization\",\"name\":\"Therefore\",\"url\":\"https:\\\/\\\/therefore.net\\\/fr\\\/\",\"logo\":{\"@type\":\"ImageObject\",\"inLanguage\":\"fr-FR\",\"@id\":\"https:\\\/\\\/therefore.net\\\/fr\\\/#\\\/schema\\\/logo\\\/image\\\/\",\"url\":\"https:\\\/\\\/therefore.net\\\/wp\\\/..\\\/app\\\/uploads\\\/2022\\\/04\\\/logo.png\",\"contentUrl\":\"https:\\\/\\\/therefore.net\\\/wp\\\/..\\\/app\\\/uploads\\\/2022\\\/04\\\/logo.png\",\"width\":176,\"height\":48,\"caption\":\"Therefore\"},\"image\":{\"@id\":\"https:\\\/\\\/therefore.net\\\/fr\\\/#\\\/schema\\\/logo\\\/image\\\/\"},\"sameAs\":[\"https:\\\/\\\/www.linkedin.com\\\/company\\\/therefore-corporation\\\/\",\"https:\\\/\\\/www.youtube.com\\\/user\\\/ThereforeTV\"]}]}<\/script>\n<!-- \/ Yoast SEO plugin. -->","yoast_head_json":{"title":"S\u00c4HKE2","description":"S\u00c4HKE2 est la norme utilis\u00e9e par le gouvernement finlandais qui \u00e9tablit un cadre uniforme pour le secteur public.","robots":{"index":"index","follow":"follow","max-snippet":"max-snippet:-1","max-image-preview":"max-image-preview:large","max-video-preview":"max-video-preview:-1"},"canonical":"https:\/\/therefore.net\/fr\/prix-et-certifications\/sahke2\/","schema":{"@context":"https:\/\/schema.org","@graph":[{"@type":"WebPage","@id":"https:\/\/therefore.net\/fr\/prix-et-certifications\/sahke2\/","url":"https:\/\/therefore.net\/fr\/prix-et-certifications\/sahke2\/","name":"S\u00c4HKE2","isPartOf":{"@id":"https:\/\/therefore.net\/fr\/#website"},"datePublished":"2022-08-03T18:10:59+00:00","dateModified":"2023-06-08T18:33:53+00:00","description":"S\u00c4HKE2 est la norme utilis\u00e9e par le gouvernement finlandais qui \u00e9tablit un cadre uniforme pour le secteur public.","breadcrumb":{"@id":"https:\/\/therefore.net\/fr\/prix-et-certifications\/sahke2\/#breadcrumb"},"inLanguage":"fr-FR","potentialAction":[{"@type":"ReadAction","target":["https:\/\/therefore.net\/fr\/prix-et-certifications\/sahke2\/"]}]},{"@type":"BreadcrumbList","@id":"https:\/\/therefore.net\/fr\/prix-et-certifications\/sahke2\/#breadcrumb","itemListElement":[{"@type":"ListItem","position":1,"name":"Home","item":"https:\/\/therefore.net\/fr\/"},{"@type":"ListItem","position":2,"name":"Prix et certifications","item":"https:\/\/therefore.net\/fr\/prix-et-certifications\/"},{"@type":"ListItem","position":3,"name":"S\u00c4HKE2"}]},{"@type":"WebSite","@id":"https:\/\/therefore.net\/fr\/#website","url":"https:\/\/therefore.net\/fr\/","name":"Therefore","description":"","publisher":{"@id":"https:\/\/therefore.net\/fr\/#organization"},"potentialAction":[{"@type":"SearchAction","target":{"@type":"EntryPoint","urlTemplate":"https:\/\/therefore.net\/fr\/?s={search_term_string}"},"query-input":{"@type":"PropertyValueSpecification","valueRequired":true,"valueName":"search_term_string"}}],"inLanguage":"fr-FR"},{"@type":"Organization","@id":"https:\/\/therefore.net\/fr\/#organization","name":"Therefore","url":"https:\/\/therefore.net\/fr\/","logo":{"@type":"ImageObject","inLanguage":"fr-FR","@id":"https:\/\/therefore.net\/fr\/#\/schema\/logo\/image\/","url":"https:\/\/therefore.net\/wp\/..\/app\/uploads\/2022\/04\/logo.png","contentUrl":"https:\/\/therefore.net\/wp\/..\/app\/uploads\/2022\/04\/logo.png","width":176,"height":48,"caption":"Therefore"},"image":{"@id":"https:\/\/therefore.net\/fr\/#\/schema\/logo\/image\/"},"sameAs":["https:\/\/www.linkedin.com\/company\/therefore-corporation\/","https:\/\/www.youtube.com\/user\/ThereforeTV"]}]}},"_links":{"self":[{"href":"https:\/\/therefore.net\/fr\/wp-json\/wp\/v2\/pages\/5331","targetHints":{"allow":["GET"]}}],"collection":[{"href":"https:\/\/therefore.net\/fr\/wp-json\/wp\/v2\/pages"}],"about":[{"href":"https:\/\/therefore.net\/fr\/wp-json\/wp\/v2\/types\/page"}],"author":[{"embeddable":true,"href":"https:\/\/therefore.net\/fr\/wp-json\/wp\/v2\/users\/5"}],"replies":[{"embeddable":true,"href":"https:\/\/therefore.net\/fr\/wp-json\/wp\/v2\/comments?post=5331"}],"version-history":[{"count":1,"href":"https:\/\/therefore.net\/fr\/wp-json\/wp\/v2\/pages\/5331\/revisions"}],"predecessor-version":[{"id":5333,"href":"https:\/\/therefore.net\/fr\/wp-json\/wp\/v2\/pages\/5331\/revisions\/5333"}],"up":[{"embeddable":true,"href":"https:\/\/therefore.net\/fr\/wp-json\/wp\/v2\/pages\/3496"}],"wp:attachment":[{"href":"https:\/\/therefore.net\/fr\/wp-json\/wp\/v2\/media?parent=5331"}],"curies":[{"name":"wp","href":"https:\/\/api.w.org\/{rel}","templated":true}]}}