{"id":5337,"date":"2022-08-03T20:19:30","date_gmt":"2022-08-03T18:19:30","guid":{"rendered":"https:\/\/therefore.net\/prix-et-certifications\/privacy-amendment-notifiable-data-breaches-act-2017\/"},"modified":"2023-06-08T20:42:22","modified_gmt":"2023-06-08T18:42:22","slug":"privacy-amendment-notifiable-data-breaches-act-2017","status":"publish","type":"page","link":"https:\/\/therefore.net\/fr\/prix-et-certifications\/privacy-amendment-notifiable-data-breaches-act-2017\/","title":{"rendered":"PRIVACY AMENDMENT (NOTIFIABLE DATA BREACHES) ACT 2017"},"content":{"rendered":"\n<section class=\"custom-block video-img-section video-img-section--shape \">\n    <div class=\"container video-img-section__container\">\n\n        <div class=\"video-img-section__row\">\n            <div class=\"video-img-section__media video-img-section__media\">\n                                <div class=\"video-img-section__media__item video-img-section__media__item--image\">\n                                            <img decoding=\"async\" width=\"635\" height=\"317\" src=\"https:\/\/therefore.net\/wp\/..\/app\/uploads\/2023\/04\/australia-paa.png\" class=\"attachment-full size-full\" alt=\"L&#039;Op\u00e9ra de Sydney est illumin\u00e9 au cr\u00e9puscule, refl\u00e9tant des lumi\u00e8res color\u00e9es sur l&#039;eau, avec des b\u00e2timents urbains et des arbres visibles en arri\u00e8re-plan sous un ciel violet, m\u00ealant harmonieusement l&#039;architecture moderne et l&#039;innovation de Therefore\u2122 et le PAA.\" srcset=\"https:\/\/therefore.net\/wp\/..\/app\/uploads\/2023\/04\/australia-paa.png 635w, https:\/\/therefore.net\/wp\/..\/app\/uploads\/2023\/04\/australia-paa-300x150.png 300w\" sizes=\"(max-width: 635px) 100vw, 635px\" \/>\n                                    <\/div>\n                            <\/div>\n\n            <div class=\"video-img-section__content\">\n                                                        <h2 class=\"video-img-section__title\">Therefore\u2122 et le PAA<\/h2>\n                \n                            <\/div>\n        <\/div>\n\n\n    <\/div>\n\n<\/section>\n<div class=\"custom-block simple-paragraph\">\n    <div class=\"container\">\n        <div class=\"blog-post__content blog-post__content--wide\">\n            <h1>Qu&#8217;est-ce que la Privacy Amendment Act (loi modifiant la loi sur la protection de la vie priv\u00e9e) ?<\/h1>\n<p>&nbsp;<\/p>\n<div class=\"wpb_text_column wpb_content_element vc_custom_1519212751801\">\n<div class=\"wpb_wrapper\">\n<p><strong>Le Privacy Amendment (Notifiable Data Breaches) Act 2017 a \u00e9t\u00e9 promulgu\u00e9 par le gouvernement australien pour amender le Privacy Act 1988, la loi initiale r\u00e9glementant le traitement des informations personnelles des individus. La loi \u00e9largit le champ d&#8217;application de la confidentialit\u00e9 des donn\u00e9es personnelles pour les r\u00e9sidents australiens et s&#8217;applique pleinement \u00e0 partir du 22 f\u00e9vrier 2018.<\/strong><\/p>\n<\/div>\n<\/div>\n<div class=\"wpb_text_column wpb_content_element vc_custom_1519212778896\">\n<div class=\"wpb_wrapper\">\n<p>Le r\u00e9gime de notification des violations de donn\u00e9es (NDB) introduit l&#8217;obligation de notifier les personnes dont les informations personnelles sont impliqu\u00e9es dans une violation de donn\u00e9es susceptible d&#8217;entra\u00eener un pr\u00e9judice pour les personnes dont les donn\u00e9es ont \u00e9t\u00e9 compromises. La notification doit inclure des recommandations sur les mesures \u00e0 prendre en r\u00e9ponse \u00e0 la violation. Le commissaire australien \u00e0 l&#8217;information doit \u00e9galement \u00eatre inform\u00e9 des violations de donn\u00e9es admissibles. Les agences et les organisations sont tenues par la loi sur la protection de la vie priv\u00e9e (Privacy Act) de 1988 et son amendement de 2017 de prendre des mesures pour s\u00e9curiser certaines cat\u00e9gories d&#8217;informations personnelles qui peuvent facilement identifier un individu. Il s&#8217;agit notamment des agences du gouvernement australien, des entreprises et des organisations \u00e0 but non lucratif dont le chiffre d&#8217;affaires annuel est sup\u00e9rieur ou \u00e9gal \u00e0 3 millions de dollars, des organismes d&#8217;\u00e9valuation du cr\u00e9dit, des prestataires de services de sant\u00e9 et des b\u00e9n\u00e9ficiaires du TFN.<\/p>\n<\/div>\n<\/div>\n\n        <\/div>\n\n            <\/div>\n<\/div>\n\n<section class=\"custom-block join-therefore\">\n    <div class=\"container\">\n        <div class=\"join-therefore__inner\">\n                        <div class=\"join-therefore__title-wrapper\">\n                                <h2 class=\"join-therefore__title\">\n                    Therefore\u2122 et le PAA\n                <\/h2>\n            <\/div>\n                        <div class=\"join-therefore__text-wrapper\">\n                <p class=\"join-therefore__text\">En tant qu&#8217;organisation active au niveau mondial, Therefore Corporation salue le nouveau r\u00e8glement comme un pas dans la bonne direction vers le renforcement des droits \u00e0 la vie priv\u00e9e.<\/p>\n                            <\/div>\n        <\/div>\n    <\/div>\n<\/section>\n<div class=\"custom-block simple-paragraph\">\n    <div class=\"container\">\n        <div class=\"blog-post__content blog-post__content--wide\">\n            <div class=\"wpb_text_column wpb_content_element \">\n<div class=\"wpb_wrapper\">\n<h1><strong>Comment Therefore\u2122 peut aider<br \/>\n<\/strong><\/h1>\n<p>&nbsp;<\/p>\n<\/div>\n<\/div>\n<div class=\"wpb_text_column wpb_content_element vc_custom_1519212824539\">\n<div class=\"wpb_wrapper\">\n<p><strong>Le Privacy Amendment (Notifiable Data Breaches) Act 2017 exige des efforts et des investissements importants en mati\u00e8re de s\u00e9curit\u00e9 et de protection des donn\u00e9es de la part de toute entit\u00e9 concern\u00e9e. En s&#8217;appuyant sur les concepts de Privacy by Design et Privacy by Default, Therefore\u2122 offre une solution id\u00e9ale vers la conformit\u00e9.<\/strong><\/p>\n<\/div>\n<\/div>\n<p>Therefore Corporation s&#8217;efforce de vous aider \u00e0 atteindre la conformit\u00e9 en offrant une solution de gestion de l&#8217;information qui vous permet de stocker, de trouver et de cataloguer les donn\u00e9es personnelles conserv\u00e9es par votre organisation et de cr\u00e9er un environnement de donn\u00e9es plus s\u00fbr. En outre, Therefore\u2122 propose des ressources qui simplifient le suivi et la gestion des donn\u00e9es \u00e0 caract\u00e8re personnel que vous conservez dans le syst\u00e8me, et fournit des outils pour vous aider \u00e0 r\u00e9pondre aux exigences de la r\u00e9glementation en mati\u00e8re de rapports et d&#8217;\u00e9valuation.<\/p>\n<p>Toutefois, compte tenu de la port\u00e9e et de la nature \u00e9tendues de la loi sur la protection de la vie priv\u00e9e et du syst\u00e8me de NDB, il est important de reconna\u00eetre que la conformit\u00e9 va au-del\u00e0 des logiciels. La conformit\u00e9 est le r\u00e9sultat d&#8217;une combinaison de politiques, de proc\u00e9dures, de formations et de rapports solides en mati\u00e8re de protection des donn\u00e9es. Therefore\u2122 peut aider votre organisation \u00e0 atteindre ces r\u00e9sultats, et donc la conformit\u00e9, en fournissant des outils qui facilitent la d\u00e9couverte, la gestion, la s\u00e9curisation et le reporting des donn\u00e9es personnelles conserv\u00e9es par votre organisation.<\/p>\n<p>Un syst\u00e8me Therefore\u2122 correctement configur\u00e9, entretenu et administr\u00e9 vous aide \u00e0 g\u00e9rer en toute s\u00e9curit\u00e9 les informations personnelles et \u00e0 fournir davantage de protection contre les violations de donn\u00e9es lorsqu&#8217;il est associ\u00e9 \u00e0 des proc\u00e9dures organisationnelles, des formations et des op\u00e9rations appropri\u00e9es.<\/p>\n<p>&nbsp;<\/p>\n\n        <\/div>\n\n            <\/div>\n<\/div>\n\n<div class=\"custom-block simple-paragraph\">\n    <div class=\"container\">\n        <div class=\"blog-post__content blog-post__content--wide\">\n            <p><img decoding=\"async\" class=\"alignnone size-large wp-image-995\" src=\"https:\/\/therefore.net\/app\/uploads\/2022\/08\/How_TF_Helps-1024x549.png\" alt=\"\" width=\"1024\" height=\"549\" srcset=\"https:\/\/therefore.net\/wp\/..\/app\/uploads\/2022\/08\/How_TF_Helps-1024x549.png 1024w, https:\/\/therefore.net\/wp\/..\/app\/uploads\/2022\/08\/How_TF_Helps-300x161.png 300w, https:\/\/therefore.net\/wp\/..\/app\/uploads\/2022\/08\/How_TF_Helps-768x412.png 768w, https:\/\/therefore.net\/wp\/..\/app\/uploads\/2022\/08\/How_TF_Helps-1536x823.png 1536w, https:\/\/therefore.net\/wp\/..\/app\/uploads\/2022\/08\/How_TF_Helps.png 1616w\" sizes=\"(max-width: 1024px) 100vw, 1024px\" \/><\/p>\n\n        <\/div>\n\n            <\/div>\n<\/div>\n\n\n<div style=\"height:100px\" aria-hidden=\"true\" class=\"wp-block-spacer\"><\/div>\n\n<h1 class=\"wp-block-heading has-text-align-center\">En savoir plus<\/h1>\n<div class=\"custom-block resources-tiles-block\">\n    <div class=\"container resources-tiles-block__container\">\n                    <div class=\"resources-tiles-block__tiles\">\n                                                        <div class=\"tile-item\">\n                        <div class=\"resources-tiles-block__tile tile-item__wrapper\">\n                            <div class=\"tile-item__content\">\n                                <h3 class=\"tile-item__title\">\n                                    Notifiable Data Breaches: What You Need to Know\n                                <\/h3>\n                                <p class=\"tile-item__text\">D\u00e9couvrez ce que vous devez savoir sur la loi Privacy Amendment (Notifiable Data Breaches) Act 2017, comment Therefore\u2122 peut vous aider et comment commencer \u00e0 vous mettre en conformit\u00e9.<\/p>\n                            <\/div>\n                            <div class=\"tile-item__cta\">\n                                                                                                            <a href=\"https:\/\/therefore.net\/app\/uploads\/2022\/08\/Notifiable-Data-Breaches-What-You-Need-to-Know.pdf\" target=\"\"\n                                           class=\"tile-item__link arrow-link link-green\">T\u00e9l\u00e9charger le guide<\/a>\n                                                                                                <\/div>\n                        <\/div>\n                    <\/div>\n                            <\/div>\n            <\/div>\n<\/section>","protected":false},"excerpt":{"rendered":"<p>En savoir plus<\/p>\n","protected":false},"author":5,"featured_media":0,"parent":3496,"menu_order":0,"comment_status":"closed","ping_status":"closed","template":"","meta":{"_acf_changed":false,"inline_featured_image":false,"footnotes":""},"class_list":["post-5337","page","type-page","status-publish","hentry"],"acf":[],"yoast_head":"<!-- This site is optimized with the Yoast SEO plugin v27.4 - https:\/\/yoast.com\/product\/yoast-seo-wordpress\/ -->\n<title>Therefore\u2122 et le PAA<\/title>\n<meta name=\"description\" content=\"Therefore\u2122 et le PAA - D\u00e9couvrez comment les solutions Therefore\u2122 aident les organisations \u00e0 se conformer \u00e0 la loi australienne sur la protection de la vie priv\u00e9e (Privacy Amendment Act).\" \/>\n<meta name=\"robots\" content=\"index, follow, max-snippet:-1, max-image-preview:large, max-video-preview:-1\" \/>\n<link rel=\"canonical\" href=\"https:\/\/therefore.net\/fr\/prix-et-certifications\/privacy-amendment-notifiable-data-breaches-act-2017\/\" \/>\n<script type=\"application\/ld+json\" class=\"yoast-schema-graph\">{\"@context\":\"https:\\\/\\\/schema.org\",\"@graph\":[{\"@type\":\"WebPage\",\"@id\":\"https:\\\/\\\/therefore.net\\\/fr\\\/prix-et-certifications\\\/privacy-amendment-notifiable-data-breaches-act-2017\\\/\",\"url\":\"https:\\\/\\\/therefore.net\\\/fr\\\/prix-et-certifications\\\/privacy-amendment-notifiable-data-breaches-act-2017\\\/\",\"name\":\"Therefore\u2122 et le PAA\",\"isPartOf\":{\"@id\":\"https:\\\/\\\/therefore.net\\\/fr\\\/#website\"},\"datePublished\":\"2022-08-03T18:19:30+00:00\",\"dateModified\":\"2023-06-08T18:42:22+00:00\",\"description\":\"Therefore\u2122 et le PAA - D\u00e9couvrez comment les solutions Therefore\u2122 aident les organisations \u00e0 se conformer \u00e0 la loi australienne sur la protection de la vie priv\u00e9e (Privacy Amendment Act).\",\"breadcrumb\":{\"@id\":\"https:\\\/\\\/therefore.net\\\/fr\\\/prix-et-certifications\\\/privacy-amendment-notifiable-data-breaches-act-2017\\\/#breadcrumb\"},\"inLanguage\":\"fr-FR\",\"potentialAction\":[{\"@type\":\"ReadAction\",\"target\":[\"https:\\\/\\\/therefore.net\\\/fr\\\/prix-et-certifications\\\/privacy-amendment-notifiable-data-breaches-act-2017\\\/\"]}]},{\"@type\":\"BreadcrumbList\",\"@id\":\"https:\\\/\\\/therefore.net\\\/fr\\\/prix-et-certifications\\\/privacy-amendment-notifiable-data-breaches-act-2017\\\/#breadcrumb\",\"itemListElement\":[{\"@type\":\"ListItem\",\"position\":1,\"name\":\"Home\",\"item\":\"https:\\\/\\\/therefore.net\\\/fr\\\/\"},{\"@type\":\"ListItem\",\"position\":2,\"name\":\"Prix et certifications\",\"item\":\"https:\\\/\\\/therefore.net\\\/fr\\\/prix-et-certifications\\\/\"},{\"@type\":\"ListItem\",\"position\":3,\"name\":\"PRIVACY AMENDMENT (NOTIFIABLE DATA BREACHES) ACT 2017\"}]},{\"@type\":\"WebSite\",\"@id\":\"https:\\\/\\\/therefore.net\\\/fr\\\/#website\",\"url\":\"https:\\\/\\\/therefore.net\\\/fr\\\/\",\"name\":\"Therefore\",\"description\":\"\",\"publisher\":{\"@id\":\"https:\\\/\\\/therefore.net\\\/fr\\\/#organization\"},\"potentialAction\":[{\"@type\":\"SearchAction\",\"target\":{\"@type\":\"EntryPoint\",\"urlTemplate\":\"https:\\\/\\\/therefore.net\\\/fr\\\/?s={search_term_string}\"},\"query-input\":{\"@type\":\"PropertyValueSpecification\",\"valueRequired\":true,\"valueName\":\"search_term_string\"}}],\"inLanguage\":\"fr-FR\"},{\"@type\":\"Organization\",\"@id\":\"https:\\\/\\\/therefore.net\\\/fr\\\/#organization\",\"name\":\"Therefore\",\"url\":\"https:\\\/\\\/therefore.net\\\/fr\\\/\",\"logo\":{\"@type\":\"ImageObject\",\"inLanguage\":\"fr-FR\",\"@id\":\"https:\\\/\\\/therefore.net\\\/fr\\\/#\\\/schema\\\/logo\\\/image\\\/\",\"url\":\"https:\\\/\\\/therefore.net\\\/wp\\\/..\\\/app\\\/uploads\\\/2022\\\/04\\\/logo.png\",\"contentUrl\":\"https:\\\/\\\/therefore.net\\\/wp\\\/..\\\/app\\\/uploads\\\/2022\\\/04\\\/logo.png\",\"width\":176,\"height\":48,\"caption\":\"Therefore\"},\"image\":{\"@id\":\"https:\\\/\\\/therefore.net\\\/fr\\\/#\\\/schema\\\/logo\\\/image\\\/\"},\"sameAs\":[\"https:\\\/\\\/www.linkedin.com\\\/company\\\/therefore-corporation\\\/\",\"https:\\\/\\\/www.youtube.com\\\/user\\\/ThereforeTV\"]}]}<\/script>\n<!-- \/ Yoast SEO plugin. -->","yoast_head_json":{"title":"Therefore\u2122 et le PAA","description":"Therefore\u2122 et le PAA - D\u00e9couvrez comment les solutions Therefore\u2122 aident les organisations \u00e0 se conformer \u00e0 la loi australienne sur la protection de la vie priv\u00e9e (Privacy Amendment Act).","robots":{"index":"index","follow":"follow","max-snippet":"max-snippet:-1","max-image-preview":"max-image-preview:large","max-video-preview":"max-video-preview:-1"},"canonical":"https:\/\/therefore.net\/fr\/prix-et-certifications\/privacy-amendment-notifiable-data-breaches-act-2017\/","schema":{"@context":"https:\/\/schema.org","@graph":[{"@type":"WebPage","@id":"https:\/\/therefore.net\/fr\/prix-et-certifications\/privacy-amendment-notifiable-data-breaches-act-2017\/","url":"https:\/\/therefore.net\/fr\/prix-et-certifications\/privacy-amendment-notifiable-data-breaches-act-2017\/","name":"Therefore\u2122 et le PAA","isPartOf":{"@id":"https:\/\/therefore.net\/fr\/#website"},"datePublished":"2022-08-03T18:19:30+00:00","dateModified":"2023-06-08T18:42:22+00:00","description":"Therefore\u2122 et le PAA - D\u00e9couvrez comment les solutions Therefore\u2122 aident les organisations \u00e0 se conformer \u00e0 la loi australienne sur la protection de la vie priv\u00e9e (Privacy Amendment Act).","breadcrumb":{"@id":"https:\/\/therefore.net\/fr\/prix-et-certifications\/privacy-amendment-notifiable-data-breaches-act-2017\/#breadcrumb"},"inLanguage":"fr-FR","potentialAction":[{"@type":"ReadAction","target":["https:\/\/therefore.net\/fr\/prix-et-certifications\/privacy-amendment-notifiable-data-breaches-act-2017\/"]}]},{"@type":"BreadcrumbList","@id":"https:\/\/therefore.net\/fr\/prix-et-certifications\/privacy-amendment-notifiable-data-breaches-act-2017\/#breadcrumb","itemListElement":[{"@type":"ListItem","position":1,"name":"Home","item":"https:\/\/therefore.net\/fr\/"},{"@type":"ListItem","position":2,"name":"Prix et certifications","item":"https:\/\/therefore.net\/fr\/prix-et-certifications\/"},{"@type":"ListItem","position":3,"name":"PRIVACY AMENDMENT (NOTIFIABLE DATA BREACHES) ACT 2017"}]},{"@type":"WebSite","@id":"https:\/\/therefore.net\/fr\/#website","url":"https:\/\/therefore.net\/fr\/","name":"Therefore","description":"","publisher":{"@id":"https:\/\/therefore.net\/fr\/#organization"},"potentialAction":[{"@type":"SearchAction","target":{"@type":"EntryPoint","urlTemplate":"https:\/\/therefore.net\/fr\/?s={search_term_string}"},"query-input":{"@type":"PropertyValueSpecification","valueRequired":true,"valueName":"search_term_string"}}],"inLanguage":"fr-FR"},{"@type":"Organization","@id":"https:\/\/therefore.net\/fr\/#organization","name":"Therefore","url":"https:\/\/therefore.net\/fr\/","logo":{"@type":"ImageObject","inLanguage":"fr-FR","@id":"https:\/\/therefore.net\/fr\/#\/schema\/logo\/image\/","url":"https:\/\/therefore.net\/wp\/..\/app\/uploads\/2022\/04\/logo.png","contentUrl":"https:\/\/therefore.net\/wp\/..\/app\/uploads\/2022\/04\/logo.png","width":176,"height":48,"caption":"Therefore"},"image":{"@id":"https:\/\/therefore.net\/fr\/#\/schema\/logo\/image\/"},"sameAs":["https:\/\/www.linkedin.com\/company\/therefore-corporation\/","https:\/\/www.youtube.com\/user\/ThereforeTV"]}]}},"_links":{"self":[{"href":"https:\/\/therefore.net\/fr\/wp-json\/wp\/v2\/pages\/5337","targetHints":{"allow":["GET"]}}],"collection":[{"href":"https:\/\/therefore.net\/fr\/wp-json\/wp\/v2\/pages"}],"about":[{"href":"https:\/\/therefore.net\/fr\/wp-json\/wp\/v2\/types\/page"}],"author":[{"embeddable":true,"href":"https:\/\/therefore.net\/fr\/wp-json\/wp\/v2\/users\/5"}],"replies":[{"embeddable":true,"href":"https:\/\/therefore.net\/fr\/wp-json\/wp\/v2\/comments?post=5337"}],"version-history":[{"count":1,"href":"https:\/\/therefore.net\/fr\/wp-json\/wp\/v2\/pages\/5337\/revisions"}],"predecessor-version":[{"id":5339,"href":"https:\/\/therefore.net\/fr\/wp-json\/wp\/v2\/pages\/5337\/revisions\/5339"}],"up":[{"embeddable":true,"href":"https:\/\/therefore.net\/fr\/wp-json\/wp\/v2\/pages\/3496"}],"wp:attachment":[{"href":"https:\/\/therefore.net\/fr\/wp-json\/wp\/v2\/media?parent=5337"}],"curies":[{"name":"wp","href":"https:\/\/api.w.org\/{rel}","templated":true}]}}