{"id":5343,"date":"2022-08-03T21:47:10","date_gmt":"2022-08-03T19:47:10","guid":{"rendered":"https:\/\/therefore.net\/prix-et-certifications\/reglement-general-sur-la-protection-des-donnees\/"},"modified":"2023-06-08T23:05:25","modified_gmt":"2023-06-08T21:05:25","slug":"reglement-general-sur-la-protection-des-donnees","status":"publish","type":"page","link":"https:\/\/therefore.net\/fr\/prix-et-certifications\/reglement-general-sur-la-protection-des-donnees\/","title":{"rendered":"R\u00e8glement g\u00e9n\u00e9ral sur la protection des donn\u00e9es"},"content":{"rendered":"\n<section class=\"custom-block video-img-section video-img-section--shape \">\n    <div class=\"container video-img-section__container\">\n\n        <div class=\"video-img-section__row\">\n            <div class=\"video-img-section__media video-img-section__media\">\n                                <div class=\"video-img-section__media__item video-img-section__media__item--image\">\n                                            <img decoding=\"async\" width=\"635\" height=\"317\" src=\"https:\/\/therefore.net\/wp\/..\/app\/uploads\/2023\/04\/gdpr-photo.png\" class=\"attachment-full size-full\" alt=\"Une personne en costume tend la main avec un cadenas lumineux entour\u00e9 d&#039;\u00e9toiles jaunes, symbolisant la protection des donn\u00e9es et la r\u00e9glementation RGPD de l&#039;Union europ\u00e9enne.\" srcset=\"https:\/\/therefore.net\/wp\/..\/app\/uploads\/2023\/04\/gdpr-photo.png 635w, https:\/\/therefore.net\/wp\/..\/app\/uploads\/2023\/04\/gdpr-photo-300x150.png 300w\" sizes=\"(max-width: 635px) 100vw, 635px\" \/>\n                                    <\/div>\n                            <\/div>\n\n            <div class=\"video-img-section__content\">\n                                                        <h2 class=\"video-img-section__title\">Therefore\u2122 et le RGPD<\/h2>\n                \n                            <\/div>\n        <\/div>\n\n\n    <\/div>\n\n<\/section>\n\n\n<div class=\"custom-block simple-paragraph\">\n    <div class=\"container\">\n        <div class=\"blog-post__content blog-post__content--wide\">\n            <div class=\"wpb_text_column wpb_content_element margin_bottom_35\">\n<div class=\"wpb_wrapper\">\n<h1><strong>Qu&#8217;est-ce que le RGPD ? <\/strong><\/h1>\n<p>&nbsp;<\/p>\n<\/div>\n<\/div>\n<div class=\"wpb_text_column wpb_content_element vc_custom_1515143010772\">\n<div class=\"wpb_wrapper\">\n<p><strong>Le RGPD (R\u00e8glement g\u00e9n\u00e9ral sur la protection des donn\u00e9es) est un r\u00e8glement con\u00e7u par la Commission europ\u00e9enne pour cr\u00e9er un mandat uniforme pour chaque \u00c9tat membre de l&#8217;UE\/EEE sur la protection des donn\u00e9es personnelles d\u00e9tenues par une organisation dans le cas d&#8217;une violation de donn\u00e9es.<\/strong><\/p>\n<\/div>\n<\/div>\n<div class=\"wpb_text_column wpb_content_element vc_custom_1515143091096\">\n<div class=\"wpb_wrapper\">\n<p>L&#8217;ensemble des r\u00e9glementations actuellement en vigueur dans l&#8217;Union europ\u00e9enne (UE) et l&#8217;Espace \u00e9conomique europ\u00e9en (EEE) est d\u00e9riv\u00e9 d&#8217;une directive adopt\u00e9e en 1995 et con\u00e7ue pour \u00eatre interpr\u00e9t\u00e9e et form\u00e9e dans les contextes nationaux des diff\u00e9rents \u00c9tats membres de l&#8217;UE et de l&#8217;EEE. La nouvelle loi n&#8217;est pas une directive mais un r\u00e8glement qui impose \u00e0 tous les pays de l&#8217;UE\/EEE d&#8217;adh\u00e9rer \u00e0 la m\u00eame loi uniforme dans l&#8217;ensemble de l&#8217;Union, bien qu&#8217;un niveau minimal de variation puisse encore exister dans les contextes nationaux localis\u00e9s. Le RGPD vise \u00e0 aligner les lois sur la protection de la vie priv\u00e9e dans l&#8217;ensemble de l&#8217;Union europ\u00e9enne et \u00e0 prot\u00e9ger les donn\u00e9es personnelles de ses r\u00e9sidents dans leur pays et \u00e0 l&#8217;\u00e9tranger. En tant qu&#8217;organisation active \u00e0 l&#8217;\u00e9chelle mondiale, Therefore Corporation salue ce nouveau r\u00e8glement comme un pas dans la bonne direction vers le renforcement du droit \u00e0 la vie priv\u00e9e.<\/p>\n<\/div>\n<\/div>\n\n        <\/div>\n\n            <\/div>\n<\/div>\n\n\n\n<section class=\"custom-block join-therefore\">\n    <div class=\"container\">\n        <div class=\"join-therefore__inner\">\n                        <div class=\"join-therefore__title-wrapper\">\n                                <h2 class=\"join-therefore__title\">\n                    Therefore\u2122 et le RGPD\n                <\/h2>\n            <\/div>\n                        <div class=\"join-therefore__text-wrapper\">\n                <p class=\"join-therefore__text\">En tant qu&#8217;organisation active au niveau mondial, Therefore Corporation salue le nouveau r\u00e8glement comme un pas dans la bonne direction vers le renforcement des droits \u00e0 la vie priv\u00e9e.<\/p>\n                            <\/div>\n        <\/div>\n    <\/div>\n<\/section>\n\n\n<div class=\"custom-block simple-paragraph\">\n    <div class=\"container\">\n        <div class=\"blog-post__content blog-post__content--wide\">\n            <p><img decoding=\"async\" class=\"alignnone wp-image-1042 size-large\" src=\"https:\/\/therefore.net\/app\/uploads\/2022\/08\/GDPR_Compliant_EbnerStolz-1024x434.png\" alt=\"\" width=\"1024\" height=\"434\" srcset=\"https:\/\/therefore.net\/wp\/..\/app\/uploads\/2022\/08\/GDPR_Compliant_EbnerStolz-1024x434.png 1024w, https:\/\/therefore.net\/wp\/..\/app\/uploads\/2022\/08\/GDPR_Compliant_EbnerStolz-300x127.png 300w, https:\/\/therefore.net\/wp\/..\/app\/uploads\/2022\/08\/GDPR_Compliant_EbnerStolz-768x325.png 768w, https:\/\/therefore.net\/wp\/..\/app\/uploads\/2022\/08\/GDPR_Compliant_EbnerStolz.png 1178w\" sizes=\"(max-width: 1024px) 100vw, 1024px\" \/><\/p>\n\n        <\/div>\n\n            <\/div>\n<\/div>\n\n\n\n<div class=\"custom-block simple-paragraph\">\n    <div class=\"container\">\n        <div class=\"blog-post__content blog-post__content--wide\">\n            <h3 style=\"text-align: left;\">Le logiciel Therefore\u2122 a pass\u00e9 avec succ\u00e8s un audit rigoureux sur la protection des donn\u00e9es r\u00e9alis\u00e9 par le cabinet de conseil Ebner Stolz, l&#8217;un des plus grands cabinets de conseil ind\u00e9pendants de taille moyenne en Allemagne.<\/h3>\n<p>&nbsp;<\/p>\n<h3 style=\"text-align: left;\">Selon l&#8217;auditeur principal d&#8217;Ebner Stolz,<\/h3>\n<p>&nbsp;<\/p>\n<h2><span style=\"color: #bed500;\">&#8220;Nous avons constat\u00e9 que Therefore suit les concepts de &#8220;Privacy by Design&#8221; et &#8220;Privacy by Default&#8221; permettant ainsi aux utilisateurs de r\u00e9pondre aux exigences du RGPD en ce qui concerne la gestion des donn\u00e9es et des documents.&#8221;<\/span><\/h2>\n<p>&nbsp;<\/p>\n<h3>Les solutions logicielles Therefore\u2122 ont \u00e9t\u00e9 v\u00e9rifi\u00e9es et certifi\u00e9es pour permettre une gestion efficace des donn\u00e9es conform\u00e9ment aux r\u00e9glementations du RGPD.<\/h3>\n\n        <\/div>\n\n            <\/div>\n<\/div>\n\n\n\n\n<section class=\"custom-block video-img-section video-img-section--shape \">\n    <div class=\"container video-img-section__container\">\n\n        <div class=\"video-img-section__row\">\n            <div class=\"video-img-section__media video-img-section__media\">\n                                <div class=\"video-img-section__media__item video-img-section__media__item--video\">\n                                            <video src=\"https:\/\/therefore.net\/wp\/..\/app\/uploads\/2023\/06\/Therefore-GDPR-FR.mp4\" name=\"therefore-gdpr-fr\" controls><\/video>\n                                    <\/div>\n                            <\/div>\n\n            <div class=\"video-img-section__content\">\n                                                        <h2 class=\"video-img-section__title\">Therefore\u2122 pour la conformit\u00e9 au RGPD<\/h2>\n                \n                                    <div class=\"video-img-section__text\"><p>Le RGPD (R\u00e8glement g\u00e9n\u00e9ral sur la protection des donn\u00e9es) est un r\u00e8glement con\u00e7u par la Commission europ\u00e9enne pour cr\u00e9er un mandat uniforme pour chaque \u00c9tat membre de l&#8217;UE\/EEE sur la protection des donn\u00e9es personnelles d\u00e9tenues par une organisation en cas de violation de donn\u00e9es. Regardez cette vid\u00e9o pour d\u00e9couvrir comment Therefore\u2122 aide votre organisation \u00e0 se mettre en conformit\u00e9 avec le RGPD.<\/p>\n<\/div>\n                            <\/div>\n        <\/div>\n\n\n    <\/div>\n\n<\/section>\n\n\n<div class=\"custom-block simple-paragraph\">\n    <div class=\"container\">\n        <div class=\"blog-post__content blog-post__content--wide\">\n            <div class=\"wpb_text_column wpb_content_element \">\n<div class=\"wpb_wrapper\">\n<h1><strong>Comment Therefore\u2122 peut aider<\/strong><\/h1>\n<p>&nbsp;<\/p>\n<\/div>\n<\/div>\n<div class=\"wpb_text_column wpb_content_element vc_custom_1515143974070\">\n<div class=\"wpb_wrapper\">\n<p><strong>Le RGPD est une r\u00e9glementation complexe qui exige des efforts et des investissements importants en mati\u00e8re de s\u00e9curit\u00e9 et de protection des donn\u00e9es de la part de toute entit\u00e9 concern\u00e9e.<\/strong><\/p>\n<\/div>\n<\/div>\n<p>Therefore Corporation s&#8217;efforce de vous aider \u00e0 vous mettre en conformit\u00e9 avec le RGPD en offrant une solution de gestion de l&#8217;information qui vous permet de stocker, trouver et cataloguer les donn\u00e9es personnelles conserv\u00e9es par votre organisation et de cr\u00e9er un environnement de donn\u00e9es plus s\u00fbr. En outre, Therefore\u2122 propose des ressources qui simplifient le suivi et la gestion des donn\u00e9es \u00e0 caract\u00e8re personnel que vous conservez dans le syst\u00e8me, et fournit des outils pour vous aider \u00e0 r\u00e9pondre aux exigences du RGPD en mati\u00e8re de rapports et d&#8217;\u00e9valuation.<\/p>\n<p>Cependant, sur la base de la vaste port\u00e9e et de la nature du RGPD, il est important de reconna\u00eetre que la conformit\u00e9 au RGPD va au-del\u00e0 des logiciels. La conformit\u00e9 est le r\u00e9sultat d&#8217;une combinaison de politiques, de proc\u00e9dures, de formations et de rapports solides en mati\u00e8re de protection des donn\u00e9es. Therefore\u2122 peut aider votre organisation \u00e0 atteindre ces r\u00e9sultats, et donc la conformit\u00e9 au RGPD, en fournissant des outils qui facilitent la d\u00e9couverte, la gestion, la s\u00e9curisation et le reporting des donn\u00e9es personnelles conserv\u00e9es par votre organisation.<\/p>\n<p>Un syst\u00e8me Therefore\u2122 correctement configur\u00e9, entretenu et administr\u00e9 vous aide \u00e0 g\u00e9rer en toute s\u00e9curit\u00e9 les informations personnelles et \u00e0 fournir une plus grande protection contre les violations de donn\u00e9es lorsqu&#8217;il est associ\u00e9 \u00e0 des proc\u00e9dures organisationnelles, des formations et des op\u00e9rations appropri\u00e9es.<\/p>\n<p>&nbsp;<\/p>\n\n        <\/div>\n\n            <\/div>\n<\/div>\n\n\n\n<section class=\"custom-block benefits-save-money\">\n    <div class=\"container benefits-save-money__container\">\n        <div class=\"benefits-save-money__inner\">\n\n            <div class=\"benefits-save-money__text-wrapper\">\n                <h2 class=\"benefits-save-money__title\">\n                    Webinaire sur le RGPD\n                <\/h2>\n                                    <div class=\"benefits-save-money__text\"><p>Charline LeMarchand, responsable du d\u00e9veloppement commercial chez Therefore Corporation, \u00e9voque le GDPR et la mani\u00e8re dont Therefore\u2122 peut y contribuer.<\/p>\n<\/div>\n                \n            <\/div>\n\n            <div class=\"benefits-save-money__image-wrapper\">\n                                    <img decoding=\"async\" width=\"1410\" height=\"1060\" src=\"https:\/\/therefore.net\/wp\/..\/app\/uploads\/2023\/06\/GDPR-Webinar-FR.png\" class=\"attachment-full size-full\" alt=\"Diapositive promouvant un webinaire sur le GDPR (RGPD), avec une photo de Charline LeMarchand, Business Development Manager. Le texte fran\u00e7ais met en \u00e9vidence &quot;Le r\u00e8glement g\u00e9n\u00e9ral sur la protection des donn\u00e9es (RGPD)&quot;.\" srcset=\"https:\/\/therefore.net\/wp\/..\/app\/uploads\/2023\/06\/GDPR-Webinar-FR.png 1410w, https:\/\/therefore.net\/wp\/..\/app\/uploads\/2023\/06\/GDPR-Webinar-FR-300x226.png 300w, https:\/\/therefore.net\/wp\/..\/app\/uploads\/2023\/06\/GDPR-Webinar-FR-1024x770.png 1024w, https:\/\/therefore.net\/wp\/..\/app\/uploads\/2023\/06\/GDPR-Webinar-FR-768x577.png 768w\" sizes=\"(max-width: 1410px) 100vw, 1410px\" \/>\n                                                    <div class=\"benefits-save-money__link-wrapper\">\n                        <a class=\"main-button main-button--with-arrow\" target=\"_blank\"\n                           href=\"https:\/\/www.youtube.com\/watch?v=wNcsHa4nuFY\">Voir le webinaire (en fran\u00e7ais)<\/a>\n                    <\/div>\n\n                            <\/div>\n\n        <\/div>\n    <\/div>\n<\/section>\n\n\n<div class=\"custom-block simple-paragraph\">\n    <div class=\"container\">\n        <div class=\"blog-post__content blog-post__content--wide\">\n            <p><img decoding=\"async\" class=\"alignnone size-large wp-image-995\" src=\"https:\/\/therefore.net\/app\/uploads\/2022\/08\/How_TF_Helps-1024x549.png\" alt=\"\" width=\"1024\" height=\"549\" srcset=\"https:\/\/therefore.net\/wp\/..\/app\/uploads\/2022\/08\/How_TF_Helps-1024x549.png 1024w, https:\/\/therefore.net\/wp\/..\/app\/uploads\/2022\/08\/How_TF_Helps-300x161.png 300w, https:\/\/therefore.net\/wp\/..\/app\/uploads\/2022\/08\/How_TF_Helps-768x412.png 768w, https:\/\/therefore.net\/wp\/..\/app\/uploads\/2022\/08\/How_TF_Helps-1536x823.png 1536w, https:\/\/therefore.net\/wp\/..\/app\/uploads\/2022\/08\/How_TF_Helps.png 1616w\" sizes=\"(max-width: 1024px) 100vw, 1024px\" \/><\/p>\n\n        <\/div>\n\n            <\/div>\n<\/div>\n\n\n\n\n<div style=\"height:100px\" aria-hidden=\"true\" class=\"wp-block-spacer\"><\/div>\n\n\n\n<h1 class=\"wp-block-heading has-text-align-center\">En savoir plus<\/h1>\n\n\n<div class=\"custom-block resources-tiles-block\">\n    <div class=\"container resources-tiles-block__container\">\n                    <div class=\"resources-tiles-block__tiles\">\n                                                        <div class=\"tile-item\">\n                        <div class=\"resources-tiles-block__tile tile-item__wrapper\">\n                            <div class=\"tile-item__content\">\n                                <h3 class=\"tile-item__title\">\n                                    What the GDPR Means for You!\n                                <\/h3>\n                                <p class=\"tile-item__text\">D\u00e9couvrez ce que le RGPD signifie pour votre organisation, comment Therefore\u2122 peut vous aider et comment d\u00e9marrer sur la voie de la conformit\u00e9.<\/p>\n                            <\/div>\n                            <div class=\"tile-item__cta\">\n                                                                                                            <a href=\"https:\/\/therefore.net\/app\/uploads\/2022\/08\/GDPR-White-Paper_v02.pdf\" target=\"\"\n                                           class=\"tile-item__link arrow-link link-green\">T\u00e9l\u00e9charger le guide (en anglais)<\/a>\n                                                                                                <\/div>\n                        <\/div>\n                    <\/div>\n                                                        <div class=\"tile-item\">\n                        <div class=\"resources-tiles-block__tile tile-item__wrapper\">\n                            <div class=\"tile-item__content\">\n                                <h3 class=\"tile-item__title\">\n                                    Demading Privacy! European GDPR Takes on the World\n                                <\/h3>\n                                <p class=\"tile-item__text\">Consultez notre article de blog pour en savoir plus sur la pr\u00e9paration au RGPD !<\/p>\n                            <\/div>\n                            <div class=\"tile-item__cta\">\n                                                                                                            <a href=\"https:\/\/therefore.net\/gdpr-strengthens-privacy-laws\/\" target=\"\"\n                                           class=\"tile-item__link arrow-link link-green\">En savoir plus (en anglais)<\/a>\n                                                                                                <\/div>\n                        <\/div>\n                    <\/div>\n                                                        <div class=\"tile-item\">\n                        <div class=\"resources-tiles-block__tile tile-item__wrapper\">\n                            <div class=\"tile-item__content\">\n                                <h3 class=\"tile-item__title\">\n                                    Therefore Corporation Announces GDPR Readiness\n                                <\/h3>\n                                <p class=\"tile-item__text\">T\u00e9l\u00e9chargez le dernier communiqu\u00e9 de presse : Therefore\u2122 r\u00e9pond aux exigences du RGPD<\/p>\n                            <\/div>\n                            <div class=\"tile-item__cta\">\n                                                                                                            <a href=\"https:\/\/therefore.net\/app\/uploads\/2022\/08\/Therefore-Press-Release-GDPR.pdf\" target=\"\"\n                                           class=\"tile-item__link arrow-link link-green\">T\u00e9l\u00e9charger<\/a>\n                                                                                                <\/div>\n                        <\/div>\n                    <\/div>\n                            <\/div>\n            <\/div>\n<\/section>","protected":false},"excerpt":{"rendered":"<p>En savoir plus<\/p>\n","protected":false},"author":5,"featured_media":0,"parent":3496,"menu_order":0,"comment_status":"closed","ping_status":"closed","template":"","meta":{"_acf_changed":false,"inline_featured_image":false,"footnotes":""},"class_list":["post-5343","page","type-page","status-publish","hentry"],"acf":[],"yoast_head":"<!-- This site is optimized with the Yoast SEO plugin v27.3 - https:\/\/yoast.com\/product\/yoast-seo-wordpress\/ -->\n<title>Therefore\u2122 et le RGPD<\/title>\n<meta name=\"description\" content=\"Le logiciel Therefore\u2122 a \u00e9t\u00e9 v\u00e9rifi\u00e9 et certifi\u00e9 pour permettre une gestion efficace des donn\u00e9es conform\u00e9ment \u00e0 la r\u00e9glementation RGPD.\" \/>\n<meta name=\"robots\" content=\"index, follow, max-snippet:-1, max-image-preview:large, max-video-preview:-1\" \/>\n<link rel=\"canonical\" href=\"https:\/\/therefore.net\/fr\/prix-et-certifications\/reglement-general-sur-la-protection-des-donnees\/\" \/>\n<script type=\"application\/ld+json\" class=\"yoast-schema-graph\">{\"@context\":\"https:\\\/\\\/schema.org\",\"@graph\":[{\"@type\":\"WebPage\",\"@id\":\"https:\\\/\\\/therefore.net\\\/fr\\\/prix-et-certifications\\\/reglement-general-sur-la-protection-des-donnees\\\/\",\"url\":\"https:\\\/\\\/therefore.net\\\/fr\\\/prix-et-certifications\\\/reglement-general-sur-la-protection-des-donnees\\\/\",\"name\":\"Therefore\u2122 et le RGPD\",\"isPartOf\":{\"@id\":\"https:\\\/\\\/therefore.net\\\/fr\\\/#website\"},\"datePublished\":\"2022-08-03T19:47:10+00:00\",\"dateModified\":\"2023-06-08T21:05:25+00:00\",\"description\":\"Le logiciel Therefore\u2122 a \u00e9t\u00e9 v\u00e9rifi\u00e9 et certifi\u00e9 pour permettre une gestion efficace des donn\u00e9es conform\u00e9ment \u00e0 la r\u00e9glementation RGPD.\",\"breadcrumb\":{\"@id\":\"https:\\\/\\\/therefore.net\\\/fr\\\/prix-et-certifications\\\/reglement-general-sur-la-protection-des-donnees\\\/#breadcrumb\"},\"inLanguage\":\"fr-FR\",\"potentialAction\":[{\"@type\":\"ReadAction\",\"target\":[\"https:\\\/\\\/therefore.net\\\/fr\\\/prix-et-certifications\\\/reglement-general-sur-la-protection-des-donnees\\\/\"]}]},{\"@type\":\"BreadcrumbList\",\"@id\":\"https:\\\/\\\/therefore.net\\\/fr\\\/prix-et-certifications\\\/reglement-general-sur-la-protection-des-donnees\\\/#breadcrumb\",\"itemListElement\":[{\"@type\":\"ListItem\",\"position\":1,\"name\":\"Home\",\"item\":\"https:\\\/\\\/therefore.net\\\/fr\\\/\"},{\"@type\":\"ListItem\",\"position\":2,\"name\":\"Prix et certifications\",\"item\":\"https:\\\/\\\/therefore.net\\\/fr\\\/prix-et-certifications\\\/\"},{\"@type\":\"ListItem\",\"position\":3,\"name\":\"R\u00e8glement g\u00e9n\u00e9ral sur la protection des donn\u00e9es\"}]},{\"@type\":\"WebSite\",\"@id\":\"https:\\\/\\\/therefore.net\\\/fr\\\/#website\",\"url\":\"https:\\\/\\\/therefore.net\\\/fr\\\/\",\"name\":\"Therefore\",\"description\":\"\",\"publisher\":{\"@id\":\"https:\\\/\\\/therefore.net\\\/fr\\\/#organization\"},\"potentialAction\":[{\"@type\":\"SearchAction\",\"target\":{\"@type\":\"EntryPoint\",\"urlTemplate\":\"https:\\\/\\\/therefore.net\\\/fr\\\/?s={search_term_string}\"},\"query-input\":{\"@type\":\"PropertyValueSpecification\",\"valueRequired\":true,\"valueName\":\"search_term_string\"}}],\"inLanguage\":\"fr-FR\"},{\"@type\":\"Organization\",\"@id\":\"https:\\\/\\\/therefore.net\\\/fr\\\/#organization\",\"name\":\"Therefore\",\"url\":\"https:\\\/\\\/therefore.net\\\/fr\\\/\",\"logo\":{\"@type\":\"ImageObject\",\"inLanguage\":\"fr-FR\",\"@id\":\"https:\\\/\\\/therefore.net\\\/fr\\\/#\\\/schema\\\/logo\\\/image\\\/\",\"url\":\"https:\\\/\\\/therefore.net\\\/wp\\\/..\\\/app\\\/uploads\\\/2022\\\/04\\\/logo.png\",\"contentUrl\":\"https:\\\/\\\/therefore.net\\\/wp\\\/..\\\/app\\\/uploads\\\/2022\\\/04\\\/logo.png\",\"width\":176,\"height\":48,\"caption\":\"Therefore\"},\"image\":{\"@id\":\"https:\\\/\\\/therefore.net\\\/fr\\\/#\\\/schema\\\/logo\\\/image\\\/\"},\"sameAs\":[\"https:\\\/\\\/www.linkedin.com\\\/company\\\/therefore-corporation\\\/\",\"https:\\\/\\\/www.youtube.com\\\/user\\\/ThereforeTV\"]}]}<\/script>\n<!-- \/ Yoast SEO plugin. -->","yoast_head_json":{"title":"Therefore\u2122 et le RGPD","description":"Le logiciel Therefore\u2122 a \u00e9t\u00e9 v\u00e9rifi\u00e9 et certifi\u00e9 pour permettre une gestion efficace des donn\u00e9es conform\u00e9ment \u00e0 la r\u00e9glementation RGPD.","robots":{"index":"index","follow":"follow","max-snippet":"max-snippet:-1","max-image-preview":"max-image-preview:large","max-video-preview":"max-video-preview:-1"},"canonical":"https:\/\/therefore.net\/fr\/prix-et-certifications\/reglement-general-sur-la-protection-des-donnees\/","schema":{"@context":"https:\/\/schema.org","@graph":[{"@type":"WebPage","@id":"https:\/\/therefore.net\/fr\/prix-et-certifications\/reglement-general-sur-la-protection-des-donnees\/","url":"https:\/\/therefore.net\/fr\/prix-et-certifications\/reglement-general-sur-la-protection-des-donnees\/","name":"Therefore\u2122 et le RGPD","isPartOf":{"@id":"https:\/\/therefore.net\/fr\/#website"},"datePublished":"2022-08-03T19:47:10+00:00","dateModified":"2023-06-08T21:05:25+00:00","description":"Le logiciel Therefore\u2122 a \u00e9t\u00e9 v\u00e9rifi\u00e9 et certifi\u00e9 pour permettre une gestion efficace des donn\u00e9es conform\u00e9ment \u00e0 la r\u00e9glementation RGPD.","breadcrumb":{"@id":"https:\/\/therefore.net\/fr\/prix-et-certifications\/reglement-general-sur-la-protection-des-donnees\/#breadcrumb"},"inLanguage":"fr-FR","potentialAction":[{"@type":"ReadAction","target":["https:\/\/therefore.net\/fr\/prix-et-certifications\/reglement-general-sur-la-protection-des-donnees\/"]}]},{"@type":"BreadcrumbList","@id":"https:\/\/therefore.net\/fr\/prix-et-certifications\/reglement-general-sur-la-protection-des-donnees\/#breadcrumb","itemListElement":[{"@type":"ListItem","position":1,"name":"Home","item":"https:\/\/therefore.net\/fr\/"},{"@type":"ListItem","position":2,"name":"Prix et certifications","item":"https:\/\/therefore.net\/fr\/prix-et-certifications\/"},{"@type":"ListItem","position":3,"name":"R\u00e8glement g\u00e9n\u00e9ral sur la protection des donn\u00e9es"}]},{"@type":"WebSite","@id":"https:\/\/therefore.net\/fr\/#website","url":"https:\/\/therefore.net\/fr\/","name":"Therefore","description":"","publisher":{"@id":"https:\/\/therefore.net\/fr\/#organization"},"potentialAction":[{"@type":"SearchAction","target":{"@type":"EntryPoint","urlTemplate":"https:\/\/therefore.net\/fr\/?s={search_term_string}"},"query-input":{"@type":"PropertyValueSpecification","valueRequired":true,"valueName":"search_term_string"}}],"inLanguage":"fr-FR"},{"@type":"Organization","@id":"https:\/\/therefore.net\/fr\/#organization","name":"Therefore","url":"https:\/\/therefore.net\/fr\/","logo":{"@type":"ImageObject","inLanguage":"fr-FR","@id":"https:\/\/therefore.net\/fr\/#\/schema\/logo\/image\/","url":"https:\/\/therefore.net\/wp\/..\/app\/uploads\/2022\/04\/logo.png","contentUrl":"https:\/\/therefore.net\/wp\/..\/app\/uploads\/2022\/04\/logo.png","width":176,"height":48,"caption":"Therefore"},"image":{"@id":"https:\/\/therefore.net\/fr\/#\/schema\/logo\/image\/"},"sameAs":["https:\/\/www.linkedin.com\/company\/therefore-corporation\/","https:\/\/www.youtube.com\/user\/ThereforeTV"]}]}},"_links":{"self":[{"href":"https:\/\/therefore.net\/fr\/wp-json\/wp\/v2\/pages\/5343","targetHints":{"allow":["GET"]}}],"collection":[{"href":"https:\/\/therefore.net\/fr\/wp-json\/wp\/v2\/pages"}],"about":[{"href":"https:\/\/therefore.net\/fr\/wp-json\/wp\/v2\/types\/page"}],"author":[{"embeddable":true,"href":"https:\/\/therefore.net\/fr\/wp-json\/wp\/v2\/users\/5"}],"replies":[{"embeddable":true,"href":"https:\/\/therefore.net\/fr\/wp-json\/wp\/v2\/comments?post=5343"}],"version-history":[{"count":6,"href":"https:\/\/therefore.net\/fr\/wp-json\/wp\/v2\/pages\/5343\/revisions"}],"predecessor-version":[{"id":5373,"href":"https:\/\/therefore.net\/fr\/wp-json\/wp\/v2\/pages\/5343\/revisions\/5373"}],"up":[{"embeddable":true,"href":"https:\/\/therefore.net\/fr\/wp-json\/wp\/v2\/pages\/3496"}],"wp:attachment":[{"href":"https:\/\/therefore.net\/fr\/wp-json\/wp\/v2\/media?parent=5343"}],"curies":[{"name":"wp","href":"https:\/\/api.w.org\/{rel}","templated":true}]}}