{"id":5828,"date":"2023-06-20T05:42:05","date_gmt":"2023-06-20T03:42:05","guid":{"rendered":"https:\/\/therefore.net\/support-technique-2\/"},"modified":"2023-07-11T14:32:00","modified_gmt":"2023-07-11T12:32:00","slug":"support-technique","status":"publish","type":"page","link":"https:\/\/therefore.net\/fr\/support-technique\/","title":{"rendered":"Support technique"},"content":{"rendered":"<section class=\"custom-block benefits-left-image about-us-top-block\">\n    <div class=\"container  benefits-left-image__container\">\n        <div class=\"benefits-left-image__inner\">\n            <div class=\"benefits-left-image__image-wrapper \">\n                                    <img decoding=\"async\" width=\"1600\" height=\"1300\" src=\"https:\/\/therefore.net\/wp\/..\/app\/uploads\/2023\/06\/Technical-Support-1.png\" class=\"attachment-full size-full\" alt=\"Une femme aux cheveux boucl\u00e9s, v\u00eatue d&#039;une chemise bleue et d&#039;un casque, sourit tout en fournissant une assistance technique \u00e0 son ordinateur portable. Un badge portant la mention &quot;Therefore&quot; est \u00e9pingl\u00e9 sur sa chemise. L&#039;arri\u00e8re-plan est un espace de bureau lumineux.\" srcset=\"https:\/\/therefore.net\/wp\/..\/app\/uploads\/2023\/06\/Technical-Support-1.png 1600w, https:\/\/therefore.net\/wp\/..\/app\/uploads\/2023\/06\/Technical-Support-1-300x244.png 300w, https:\/\/therefore.net\/wp\/..\/app\/uploads\/2023\/06\/Technical-Support-1-1024x832.png 1024w, https:\/\/therefore.net\/wp\/..\/app\/uploads\/2023\/06\/Technical-Support-1-768x624.png 768w, https:\/\/therefore.net\/wp\/..\/app\/uploads\/2023\/06\/Technical-Support-1-1536x1248.png 1536w\" sizes=\"(max-width: 1600px) 100vw, 1600px\" \/>\n                            <\/div>\n            <div class=\"benefits-left-image__text-wrapper\">\n                                \n                    <div class=\"benefits-left-image__paragraph-wrapper\">\n                                                <h2 class=\"benefits-left-image__title\">\n                            Therefore\u2122 Support technique\n                        <\/h2>\n                        <div class=\"benefits-left-image__text\"><p>Notre \u00e9quipe d&#8217;assistance technique s&#8217;engage \u00e0 fournir une assistance \u00e0 nos clients. Nous collaborons avec nos partenaires revendeurs pour r\u00e9pondre aux techniques.<\/p>\n<\/div>\n                    <\/div>\n\n                \n                    <div class=\"benefits-left-image__paragraph-wrapper\">\n                                                <h2 class=\"benefits-left-image__title\">\n                            Comment obtenir de l&#8217;aide ?\n                        <\/h2>\n                        <div class=\"benefits-left-image__text\"><p>Notre \u00e9quipe d&#8217;assistance fournit une assistance de troisi\u00e8me niveau pour les solutions logicielles Therefore\u2122. Cela signifie qu&#8217;ils interviennent lorsque des probl\u00e8mes leur sont remont\u00e9s par les techniciens d&#8217;assistance des revendeurs locaux.<\/p>\n<p>&nbsp;<\/p>\n<p><strong>Veuillez consulter la FAQ ci-dessous pour en savoir plus.<\/strong><\/p>\n<\/div>\n                    <\/div>\n\n                                \n                            <\/div>\n        <\/div>\n    <\/div>\n<\/section>\n\n\n<section class=\"custom-block accordion-block\">\n    <div class=\"container  accordion-block__container\">\n        <div class=\"accordion-block__accent\">\n            <svg width=\"350\" height=\"246\" viewBox=\"0 0 350 246\" fill=\"none\" xmlns=\"http:\/\/www.w3.org\/2000\/svg\">\n<g clip-path=\"url(#clip0_266_73703)\">\n<path d=\"M0 0H350V246H200C89.5431 246 0 156.457 0 46V0Z\" fill=\"#1E5BFA\"\/>\n<g filter=\"url(#filter0_f_266_73703)\">\n<circle cx=\"74\" cy=\"187\" r=\"218\" fill=\"#44EDF8\" fill-opacity=\"0.56\"\/>\n<\/g>\n<\/g>\n<defs>\n<filter id=\"filter0_f_266_73703\" x=\"-444\" y=\"-331\" width=\"1036\" height=\"1036\" filterUnits=\"userSpaceOnUse\" color-interpolation-filters=\"sRGB\">\n<feFlood flood-opacity=\"0\" result=\"BackgroundImageFix\"\/>\n<feBlend mode=\"normal\" in=\"SourceGraphic\" in2=\"BackgroundImageFix\" result=\"shape\"\/>\n<feGaussianBlur stdDeviation=\"150\" result=\"effect1_foregroundBlur_266_73703\"\/>\n<\/filter>\n<clipPath id=\"clip0_266_73703\">\n<path d=\"M0 0H350V246H200C89.5431 246 0 156.457 0 46V0Z\" fill=\"white\"\/>\n<\/clipPath>\n<\/defs>\n<\/svg>\n\n        <\/div>\n        <div class=\"accordion-block__content\">\n            <h2 class=\"accordion-block__content__heading\">\n                FAQ sur l&#8217;assistance\n            <\/h2>\n            <div class=\"accordion-block__items\">\n                                                <div class=\"accordion-block__items__item accordion-item\">\n                    <h3 class=\"accordion-item__title\">\n                        Qui peut fournir une assistance technique pour le logiciel Therefore\u2122 ?\n                        <div class=\"accordion-item__toggle\">\n                            <svg width=\"24\" height=\"24\" viewBox=\"0 0 24 24\" fill=\"none\" xmlns=\"http:\/\/www.w3.org\/2000\/svg\">\n<path fill-rule=\"evenodd\" clip-rule=\"evenodd\" d=\"M13.1943 4.11509C13.1943 3.49924 12.6951 3 12.0792 3C11.4634 3 10.9642 3.49924 10.9642 4.11509L10.9642 10.8057L4.1151 10.8057C3.49925 10.8057 3 11.3049 3 11.9208C3 12.5366 3.49924 13.0358 4.11509 13.0358H10.9642L10.9642 19.8849C10.9642 20.5008 11.4634 21 12.0792 21C12.6951 21 13.1943 20.5008 13.1943 19.8849L13.1943 13.0358H19.8849C20.5008 13.0358 21 12.5366 21 11.9208C21 11.3049 20.5008 10.8057 19.8849 10.8057L13.1943 10.8057L13.1943 4.11509Z\" fill=\"black\" fill-opacity=\"0.87\"\/>\n<\/svg>\n\n                        <\/div>\n                    <\/h3>\n                    <div class=\"accordion-item__content\">\n                        <p>La premi\u00e8re ligne d&#8217;assistance sera votre administrateur syst\u00e8me local. Il s&#8217;agit g\u00e9n\u00e9ralement d&#8217;une personne de votre service informatique charg\u00e9e de g\u00e9rer le syst\u00e8me Therefore\u2122 de votre entreprise.<\/p>\n<p>De nombreux probl\u00e8mes simples peuvent \u00e9galement \u00eatre r\u00e9solus en consultant la documentation technique de Therefore\u2122.<\/p>\n\n                                                    <div class=\"button-wrapper\">\n                                <a class=\"main-button main-button--green main-button--with-arrow main-button--special\" target=\"_blank\"\n                                   href=\"https:\/\/therefore.net\/help\">Consulter la documentation technique<\/a>\n                            <\/div>\n                                            <\/div>\n                <\/div>\n                                                <div class=\"accordion-block__items__item accordion-item\">\n                    <h3 class=\"accordion-item__title\">\n                        Je ne sais pas qui est l&#8217;administrateur du syst\u00e8me -OU- je suis l&#8217;administrateur du syst\u00e8me mais j&#8217;ai encore besoin d&#8217;aide.\n                        <div class=\"accordion-item__toggle\">\n                            <svg width=\"24\" height=\"24\" viewBox=\"0 0 24 24\" fill=\"none\" xmlns=\"http:\/\/www.w3.org\/2000\/svg\">\n<path fill-rule=\"evenodd\" clip-rule=\"evenodd\" d=\"M13.1943 4.11509C13.1943 3.49924 12.6951 3 12.0792 3C11.4634 3 10.9642 3.49924 10.9642 4.11509L10.9642 10.8057L4.1151 10.8057C3.49925 10.8057 3 11.3049 3 11.9208C3 12.5366 3.49924 13.0358 4.11509 13.0358H10.9642L10.9642 19.8849C10.9642 20.5008 11.4634 21 12.0792 21C12.6951 21 13.1943 20.5008 13.1943 19.8849L13.1943 13.0358H19.8849C20.5008 13.0358 21 12.5366 21 11.9208C21 11.3049 20.5008 10.8057 19.8849 10.8057L13.1943 10.8057L13.1943 4.11509Z\" fill=\"black\" fill-opacity=\"0.87\"\/>\n<\/svg>\n\n                        <\/div>\n                    <\/h3>\n                    <div class=\"accordion-item__content\">\n                        <p>Si votre organisation ne dispose pas d&#8217;un administrateur syst\u00e8me interne, il est tr\u00e8s probable qu&#8217;une personne d&#8217;un revendeur Therefore\u2122 g\u00e8re votre syst\u00e8me Therefore\u2122. Veuillez prendre contact avec la personne ou l&#8217;organisation qui a vendu ou mis en \u0153uvre Therefore\u2122 dans votre organisation.<\/p>\n<p>Si vous \u00eates l&#8217;administrateur du syst\u00e8me et que vous avez besoin d&#8217;aide, votre prochain point de contact est l&#8217;\u00e9quipe d&#8217;assistance technique de l&#8217;\u00e9quipe de votre partenaire revendeur local.<\/p>\n<p>Vous ne savez pas par o\u00f9 commencer ? Cliquez sur le lien ci-dessous pour afficher la page d&#8217;assistance mondiale de Canon. S\u00e9lectionnez votre r\u00e9gion et votre pays pour obtenir des informations sur votre \u00e9quipe Canon locale.<\/p>\n\n                                                    <div class=\"button-wrapper\">\n                                <a class=\"main-button main-button--green main-button--with-arrow main-button--special\" target=\"_blank\"\n                                   href=\"https:\/\/global.canon\/en\/support\/\">Canon Global Support<\/a>\n                            <\/div>\n                                            <\/div>\n                <\/div>\n                                                <div class=\"accordion-block__items__item accordion-item\">\n                    <h3 class=\"accordion-item__title\">\n                        Je n&#8217;ai personne chez un partenaire revendeur que je puisse contacter &#8211; OU &#8211; la personne que je contacte ne r\u00e9pond pas \u00e0 mes demandes.\n                        <div class=\"accordion-item__toggle\">\n                            <svg width=\"24\" height=\"24\" viewBox=\"0 0 24 24\" fill=\"none\" xmlns=\"http:\/\/www.w3.org\/2000\/svg\">\n<path fill-rule=\"evenodd\" clip-rule=\"evenodd\" d=\"M13.1943 4.11509C13.1943 3.49924 12.6951 3 12.0792 3C11.4634 3 10.9642 3.49924 10.9642 4.11509L10.9642 10.8057L4.1151 10.8057C3.49925 10.8057 3 11.3049 3 11.9208C3 12.5366 3.49924 13.0358 4.11509 13.0358H10.9642L10.9642 19.8849C10.9642 20.5008 11.4634 21 12.0792 21C12.6951 21 13.1943 20.5008 13.1943 19.8849L13.1943 13.0358H19.8849C20.5008 13.0358 21 12.5366 21 11.9208C21 11.3049 20.5008 10.8057 19.8849 10.8057L13.1943 10.8057L13.1943 4.11509Z\" fill=\"black\" fill-opacity=\"0.87\"\/>\n<\/svg>\n\n                        <\/div>\n                    <\/h3>\n                    <div class=\"accordion-item__content\">\n                        <p>Nous sommes d\u00e9sol\u00e9s d&#8217;apprendre que vous rencontrez des difficult\u00e9s. Si vous avez des difficult\u00e9s \u00e0 obtenir une assistance technique de la part de votre revendeur local, veuillez contacter l&#8217;\u00e9quipe d&#8217;assistance Therefore. Dans ce type de situation, nous travaillerons avec vous pour vous aider \u00e0 trouver les ressources locales appropri\u00e9es qui peuvent fournir une assistance technique. Soyez assur\u00e9 que vos techniciens d&#8217;assistance locaux b\u00e9n\u00e9ficieront toujours du soutien des experts Therefore\u2122 du monde entier pour vous aider.<\/p>\n<p>Vous pouvez contacter l&#8217;\u00e9quipe d&#8217;assistance de Therefore \u00e0 l&#8217;adresse suivante :<br \/>\nsupport@therefore.net<\/p>\n\n                                            <\/div>\n                <\/div>\n                                                <div class=\"accordion-block__items__item accordion-item\">\n                    <h3 class=\"accordion-item__title\">\n                        Puis-je obtenir de l&#8217;aide directement aupr\u00e8s de l&#8217;\u00e9quipe d&#8217;assistance Therefore ?\n                        <div class=\"accordion-item__toggle\">\n                            <svg width=\"24\" height=\"24\" viewBox=\"0 0 24 24\" fill=\"none\" xmlns=\"http:\/\/www.w3.org\/2000\/svg\">\n<path fill-rule=\"evenodd\" clip-rule=\"evenodd\" d=\"M13.1943 4.11509C13.1943 3.49924 12.6951 3 12.0792 3C11.4634 3 10.9642 3.49924 10.9642 4.11509L10.9642 10.8057L4.1151 10.8057C3.49925 10.8057 3 11.3049 3 11.9208C3 12.5366 3.49924 13.0358 4.11509 13.0358H10.9642L10.9642 19.8849C10.9642 20.5008 11.4634 21 12.0792 21C12.6951 21 13.1943 20.5008 13.1943 19.8849L13.1943 13.0358H19.8849C20.5008 13.0358 21 12.5366 21 11.9208C21 11.3049 20.5008 10.8057 19.8849 10.8057L13.1943 10.8057L13.1943 4.11509Z\" fill=\"black\" fill-opacity=\"0.87\"\/>\n<\/svg>\n\n                        <\/div>\n                    <\/h3>\n                    <div class=\"accordion-item__content\">\n                        <p>L&#8217;\u00e9quipe Therefore s&#8217;engage \u00e0 fournir une assistance technique \u00e0 tous ceux qui en ont besoin. Cependant, les accords commerciaux conclus par nos clients avec leur revendeur local ou leur organisation partenaire exigent que toutes les questions d&#8217;assistance technique soient adress\u00e9es \u00e0 leur administrateur syst\u00e8me (premier niveau) ou \u00e0 l&#8217;\u00e9quipe d&#8217;assistance du revendeur (deuxi\u00e8me niveau). Les \u00e9quipes d&#8217;assistance des revendeurs peuvent transmettre \u00e0 l&#8217;\u00e9quipe d&#8217;assistance Therefore (troisi\u00e8me niveau) les probl\u00e8mes complexes n\u00e9cessitant des connaissances sp\u00e9cialis\u00e9es.<\/p>\n<p>Nous ne pouvons pas r\u00e9pondre directement aux demandes d&#8217;assistance de premier niveau des clients.<\/p>\n\n                                            <\/div>\n                <\/div>\n                            <\/div>\n        <\/div>\n    <\/div>\n<\/section>\n","protected":false},"excerpt":{"rendered":"","protected":false},"author":5,"featured_media":0,"parent":0,"menu_order":0,"comment_status":"closed","ping_status":"closed","template":"","meta":{"_acf_changed":false,"inline_featured_image":false,"footnotes":""},"class_list":["post-5828","page","type-page","status-publish","hentry"],"acf":[],"yoast_head":"<!-- This site is optimized with the Yoast SEO plugin v27.4 - https:\/\/yoast.com\/product\/yoast-seo-wordpress\/ -->\n<title>Support technique<\/title>\n<meta name=\"description\" content=\"Assistance technique pour votre syst\u00e8me Therefore\u2122. En savoir plus sur la fa\u00e7on d&#039;entrer en contact avec les experts techniques de Therefore.\" \/>\n<meta name=\"robots\" content=\"index, follow, max-snippet:-1, max-image-preview:large, max-video-preview:-1\" \/>\n<link rel=\"canonical\" href=\"https:\/\/therefore.net\/fr\/support-technique\/\" \/>\n<script type=\"application\/ld+json\" class=\"yoast-schema-graph\">{\"@context\":\"https:\\\/\\\/schema.org\",\"@graph\":[{\"@type\":\"WebPage\",\"@id\":\"https:\\\/\\\/therefore.net\\\/fr\\\/support-technique\\\/\",\"url\":\"https:\\\/\\\/therefore.net\\\/fr\\\/support-technique\\\/\",\"name\":\"Support technique\",\"isPartOf\":{\"@id\":\"https:\\\/\\\/therefore.net\\\/fr\\\/#website\"},\"datePublished\":\"2023-06-20T03:42:05+00:00\",\"dateModified\":\"2023-07-11T12:32:00+00:00\",\"description\":\"Assistance technique pour votre syst\u00e8me Therefore\u2122. En savoir plus sur la fa\u00e7on d'entrer en contact avec les experts techniques de Therefore.\",\"breadcrumb\":{\"@id\":\"https:\\\/\\\/therefore.net\\\/fr\\\/support-technique\\\/#breadcrumb\"},\"inLanguage\":\"fr-FR\",\"potentialAction\":[{\"@type\":\"ReadAction\",\"target\":[\"https:\\\/\\\/therefore.net\\\/fr\\\/support-technique\\\/\"]}]},{\"@type\":\"BreadcrumbList\",\"@id\":\"https:\\\/\\\/therefore.net\\\/fr\\\/support-technique\\\/#breadcrumb\",\"itemListElement\":[{\"@type\":\"ListItem\",\"position\":1,\"name\":\"Home\",\"item\":\"https:\\\/\\\/therefore.net\\\/fr\\\/\"},{\"@type\":\"ListItem\",\"position\":2,\"name\":\"Support technique\"}]},{\"@type\":\"WebSite\",\"@id\":\"https:\\\/\\\/therefore.net\\\/fr\\\/#website\",\"url\":\"https:\\\/\\\/therefore.net\\\/fr\\\/\",\"name\":\"Therefore\",\"description\":\"\",\"publisher\":{\"@id\":\"https:\\\/\\\/therefore.net\\\/fr\\\/#organization\"},\"potentialAction\":[{\"@type\":\"SearchAction\",\"target\":{\"@type\":\"EntryPoint\",\"urlTemplate\":\"https:\\\/\\\/therefore.net\\\/fr\\\/?s={search_term_string}\"},\"query-input\":{\"@type\":\"PropertyValueSpecification\",\"valueRequired\":true,\"valueName\":\"search_term_string\"}}],\"inLanguage\":\"fr-FR\"},{\"@type\":\"Organization\",\"@id\":\"https:\\\/\\\/therefore.net\\\/fr\\\/#organization\",\"name\":\"Therefore\",\"url\":\"https:\\\/\\\/therefore.net\\\/fr\\\/\",\"logo\":{\"@type\":\"ImageObject\",\"inLanguage\":\"fr-FR\",\"@id\":\"https:\\\/\\\/therefore.net\\\/fr\\\/#\\\/schema\\\/logo\\\/image\\\/\",\"url\":\"https:\\\/\\\/therefore.net\\\/wp\\\/..\\\/app\\\/uploads\\\/2022\\\/04\\\/logo.png\",\"contentUrl\":\"https:\\\/\\\/therefore.net\\\/wp\\\/..\\\/app\\\/uploads\\\/2022\\\/04\\\/logo.png\",\"width\":176,\"height\":48,\"caption\":\"Therefore\"},\"image\":{\"@id\":\"https:\\\/\\\/therefore.net\\\/fr\\\/#\\\/schema\\\/logo\\\/image\\\/\"},\"sameAs\":[\"https:\\\/\\\/www.linkedin.com\\\/company\\\/therefore-corporation\\\/\",\"https:\\\/\\\/www.youtube.com\\\/user\\\/ThereforeTV\"]}]}<\/script>\n<!-- \/ Yoast SEO plugin. -->","yoast_head_json":{"title":"Support technique","description":"Assistance technique pour votre syst\u00e8me Therefore\u2122. En savoir plus sur la fa\u00e7on d'entrer en contact avec les experts techniques de Therefore.","robots":{"index":"index","follow":"follow","max-snippet":"max-snippet:-1","max-image-preview":"max-image-preview:large","max-video-preview":"max-video-preview:-1"},"canonical":"https:\/\/therefore.net\/fr\/support-technique\/","schema":{"@context":"https:\/\/schema.org","@graph":[{"@type":"WebPage","@id":"https:\/\/therefore.net\/fr\/support-technique\/","url":"https:\/\/therefore.net\/fr\/support-technique\/","name":"Support technique","isPartOf":{"@id":"https:\/\/therefore.net\/fr\/#website"},"datePublished":"2023-06-20T03:42:05+00:00","dateModified":"2023-07-11T12:32:00+00:00","description":"Assistance technique pour votre syst\u00e8me Therefore\u2122. En savoir plus sur la fa\u00e7on d'entrer en contact avec les experts techniques de Therefore.","breadcrumb":{"@id":"https:\/\/therefore.net\/fr\/support-technique\/#breadcrumb"},"inLanguage":"fr-FR","potentialAction":[{"@type":"ReadAction","target":["https:\/\/therefore.net\/fr\/support-technique\/"]}]},{"@type":"BreadcrumbList","@id":"https:\/\/therefore.net\/fr\/support-technique\/#breadcrumb","itemListElement":[{"@type":"ListItem","position":1,"name":"Home","item":"https:\/\/therefore.net\/fr\/"},{"@type":"ListItem","position":2,"name":"Support technique"}]},{"@type":"WebSite","@id":"https:\/\/therefore.net\/fr\/#website","url":"https:\/\/therefore.net\/fr\/","name":"Therefore","description":"","publisher":{"@id":"https:\/\/therefore.net\/fr\/#organization"},"potentialAction":[{"@type":"SearchAction","target":{"@type":"EntryPoint","urlTemplate":"https:\/\/therefore.net\/fr\/?s={search_term_string}"},"query-input":{"@type":"PropertyValueSpecification","valueRequired":true,"valueName":"search_term_string"}}],"inLanguage":"fr-FR"},{"@type":"Organization","@id":"https:\/\/therefore.net\/fr\/#organization","name":"Therefore","url":"https:\/\/therefore.net\/fr\/","logo":{"@type":"ImageObject","inLanguage":"fr-FR","@id":"https:\/\/therefore.net\/fr\/#\/schema\/logo\/image\/","url":"https:\/\/therefore.net\/wp\/..\/app\/uploads\/2022\/04\/logo.png","contentUrl":"https:\/\/therefore.net\/wp\/..\/app\/uploads\/2022\/04\/logo.png","width":176,"height":48,"caption":"Therefore"},"image":{"@id":"https:\/\/therefore.net\/fr\/#\/schema\/logo\/image\/"},"sameAs":["https:\/\/www.linkedin.com\/company\/therefore-corporation\/","https:\/\/www.youtube.com\/user\/ThereforeTV"]}]}},"_links":{"self":[{"href":"https:\/\/therefore.net\/fr\/wp-json\/wp\/v2\/pages\/5828","targetHints":{"allow":["GET"]}}],"collection":[{"href":"https:\/\/therefore.net\/fr\/wp-json\/wp\/v2\/pages"}],"about":[{"href":"https:\/\/therefore.net\/fr\/wp-json\/wp\/v2\/types\/page"}],"author":[{"embeddable":true,"href":"https:\/\/therefore.net\/fr\/wp-json\/wp\/v2\/users\/5"}],"replies":[{"embeddable":true,"href":"https:\/\/therefore.net\/fr\/wp-json\/wp\/v2\/comments?post=5828"}],"version-history":[{"count":5,"href":"https:\/\/therefore.net\/fr\/wp-json\/wp\/v2\/pages\/5828\/revisions"}],"predecessor-version":[{"id":5935,"href":"https:\/\/therefore.net\/fr\/wp-json\/wp\/v2\/pages\/5828\/revisions\/5935"}],"wp:attachment":[{"href":"https:\/\/therefore.net\/fr\/wp-json\/wp\/v2\/media?parent=5828"}],"curies":[{"name":"wp","href":"https:\/\/api.w.org\/{rel}","templated":true}]}}