{"id":6953,"date":"2023-09-29T22:41:09","date_gmt":"2023-09-29T20:41:09","guid":{"rendered":"https:\/\/therefore.net\/nouveau-client-web\/"},"modified":"2024-02-06T00:58:24","modified_gmt":"2024-02-05T23:58:24","slug":"nouveau-client-web","status":"publish","type":"page","link":"https:\/\/therefore.net\/fr\/nouveau-client-web\/","title":{"rendered":"Nouveau client Web"},"content":{"rendered":"<section class=\"custom-block benefits-left-image about-us-top-block\">\n    <div class=\"container  benefits-left-image__container\">\n        <div class=\"benefits-left-image__inner\">\n            <div class=\"benefits-left-image__image-wrapper \">\n                                    <img decoding=\"async\" width=\"1600\" height=\"1300\" src=\"https:\/\/therefore.net\/wp\/..\/app\/uploads\/2023\/10\/New-Web-Client-1.png\" class=\"attachment-full size-full\" alt=\"Capture d&#039;\u00e9cran d&#039;un syst\u00e8me de gestion de fichiers montrant une structure de dossiers sur la gauche et des options de recherche de fichiers telles que &quot;Recherche simple&quot; et &quot;Recherche avanc\u00e9e&quot; sur la droite. Des options de recherche rapide sont \u00e9galement visibles, notamment &quot;Tous les \u00e9l\u00e9ments&quot; et &quot;Modifi\u00e9 par moi&quot;.\" srcset=\"https:\/\/therefore.net\/wp\/..\/app\/uploads\/2023\/10\/New-Web-Client-1.png 1600w, https:\/\/therefore.net\/wp\/..\/app\/uploads\/2023\/10\/New-Web-Client-1-300x244.png 300w, https:\/\/therefore.net\/wp\/..\/app\/uploads\/2023\/10\/New-Web-Client-1-1024x832.png 1024w, https:\/\/therefore.net\/wp\/..\/app\/uploads\/2023\/10\/New-Web-Client-1-768x624.png 768w, https:\/\/therefore.net\/wp\/..\/app\/uploads\/2023\/10\/New-Web-Client-1-1536x1248.png 1536w\" sizes=\"(max-width: 1600px) 100vw, 1600px\" \/>\n                            <\/div>\n            <div class=\"benefits-left-image__text-wrapper\">\n                                \n                    <div class=\"benefits-left-image__paragraph-wrapper\">\n                                                <h2 class=\"benefits-left-image__title\">\n                            Bienvenue sur le nouveau client web Therefore\u2122 !\n                        <\/h2>\n                        <div class=\"benefits-left-image__text\"><p>Le Therefore\u2122 Dynamic Web Viewer a \u00e9t\u00e9 enti\u00e8rement reconstruit, ce qui le rend plus performant, plus rapide et plus facile \u00e0 utiliser que jamais.<br \/>\nCette page contient des informations sur le nouveau client web et r\u00e9pond aux questions fr\u00e9quemment pos\u00e9es.<\/p>\n<\/div>\n                    <\/div>\n\n                \n                    <div class=\"benefits-left-image__paragraph-wrapper\">\n                                                <h2 class=\"benefits-left-image__title\">\n                            Qu&#8217;est-ce que le nouveau client web et pourquoi devrais-je le changer ?\n                        <\/h2>\n                        <div class=\"benefits-left-image__text\"><p>Le nouveau client web est une refonte du Therefore\u2122 Dynamic Web Viewer. Fonctionnellement similaire \u00e0 cette plateforme, le nouveau client web vous apporte une meilleure exp\u00e9rience utilisateur et de meilleures performances.<\/p>\n<p>Il se peut que vous utilisiez actuellement le client web classique, autrement appel\u00e9 Therefore\u2122 Web Access. Cette m\u00e9thode d&#8217;acc\u00e8s \u00e0 Therefore\u2122 est toujours prise en charge, mais sera bient\u00f4t remplac\u00e9e par notre nouvelle exp\u00e9rience web.<\/p>\n<\/div>\n                    <\/div>\n\n                                \n                            <\/div>\n        <\/div>\n    <\/div>\n<\/section>\n\n\n<div class=\"custom-block simple-paragraph\">\n    <div class=\"container\">\n        <div class=\"blog-post__content blog-post__content--wide\">\n            <h1 style=\"text-align: center;\">Qu&#8217;est-ce qui rend le nouveau client web meilleur ?<\/h1>\n\n        <\/div>\n\n            <\/div>\n<\/div>\n\n\n\n<section class=\"custom-block benefits-save-time\">\n    <div class=\"container benefits-save-time__container\">\n        <div class=\"benefits-save-time__inner\">\n            <div class=\"benefits-save-time__left\">\n                <div class=\"benefits-save-time__image-wrapper\">\n                                            <img decoding=\"async\" width=\"1030\" height=\"1120\" src=\"https:\/\/therefore.net\/wp\/..\/app\/uploads\/2023\/10\/Classic-Web-Client-vs-New.png\" class=\"attachment-full size-full\" alt=\"Un \u00e9cran partag\u00e9 montrant deux syst\u00e8mes de r\u00e9pertoires de fichiers diff\u00e9rents : \u00e0 gauche, une structure de dossiers classique intitul\u00e9e &quot;Navigation&quot; avec des sous-dossiers, et \u00e0 droite, une interface de d\u00e9p\u00f4t num\u00e9rique moderne avec des listes de dossiers extensibles.\" srcset=\"https:\/\/therefore.net\/wp\/..\/app\/uploads\/2023\/10\/Classic-Web-Client-vs-New.png 1030w, https:\/\/therefore.net\/wp\/..\/app\/uploads\/2023\/10\/Classic-Web-Client-vs-New-276x300.png 276w, https:\/\/therefore.net\/wp\/..\/app\/uploads\/2023\/10\/Classic-Web-Client-vs-New-942x1024.png 942w, https:\/\/therefore.net\/wp\/..\/app\/uploads\/2023\/10\/Classic-Web-Client-vs-New-768x835.png 768w\" sizes=\"(max-width: 1030px) 100vw, 1030px\" \/>\n                                    <\/div>\n            <\/div>\n\n            <div class=\"benefits-save-time__text-wrapper\">\n                <h2 class=\"benefits-save-time__title\">\n                    Compar\u00e9 au client web classique, notre nouveau client web :\n                <\/h2>\n                                <ul class=\"benefits-save-time__bullets\">\n                                        <li class=\"benefits-save-time__bullets__item\">il dispose d&#8217;une interface utilisateur plus moderne et plus intuitive<\/li>\n                                        <li class=\"benefits-save-time__bullets__item\">est nettement plus rapide dans toutes les actions de l&#8217;utilisateur<\/li>\n                                        <li class=\"benefits-save-time__bullets__item\">inclut des fonctions de recherche am\u00e9lior\u00e9es<\/li>\n                                        <li class=\"benefits-save-time__bullets__item\">fournit des tableaux de bord aux utilisateurs et une meilleure visibilit\u00e9 des donn\u00e9es<\/li>\n                                        <li class=\"benefits-save-time__bullets__item\">continuera \u00e0 \u00eatre d\u00e9velopp\u00e9 en tant qu&#8217;interface utilisateur principale de Therefore\u2122.<\/li>\n                                    <\/ul>\n                            <\/div>\n        <\/div>\n    <\/div>\n<\/section>\n\n\n<section class=\"custom-block accordion-block\">\n    <div class=\"container  accordion-block__container\">\n        <div class=\"accordion-block__accent\">\n            <svg width=\"350\" height=\"246\" viewBox=\"0 0 350 246\" fill=\"none\" xmlns=\"http:\/\/www.w3.org\/2000\/svg\">\n<g clip-path=\"url(#clip0_266_73703)\">\n<path d=\"M0 0H350V246H200C89.5431 246 0 156.457 0 46V0Z\" fill=\"#1E5BFA\"\/>\n<g filter=\"url(#filter0_f_266_73703)\">\n<circle cx=\"74\" cy=\"187\" r=\"218\" fill=\"#44EDF8\" fill-opacity=\"0.56\"\/>\n<\/g>\n<\/g>\n<defs>\n<filter id=\"filter0_f_266_73703\" x=\"-444\" y=\"-331\" width=\"1036\" height=\"1036\" filterUnits=\"userSpaceOnUse\" color-interpolation-filters=\"sRGB\">\n<feFlood flood-opacity=\"0\" result=\"BackgroundImageFix\"\/>\n<feBlend mode=\"normal\" in=\"SourceGraphic\" in2=\"BackgroundImageFix\" result=\"shape\"\/>\n<feGaussianBlur stdDeviation=\"150\" result=\"effect1_foregroundBlur_266_73703\"\/>\n<\/filter>\n<clipPath id=\"clip0_266_73703\">\n<path d=\"M0 0H350V246H200C89.5431 246 0 156.457 0 46V0Z\" fill=\"white\"\/>\n<\/clipPath>\n<\/defs>\n<\/svg>\n\n        <\/div>\n        <div class=\"accordion-block__content\">\n            <h2 class=\"accordion-block__content__heading\">\n                FAQ sur le nouveau client web\n            <\/h2>\n            <div class=\"accordion-block__items\">\n                                                <div class=\"accordion-block__items__item accordion-item\">\n                    <h3 class=\"accordion-item__title\">\n                        Puis-je continuer \u00e0 utiliser le client Web classique ?\n                        <div class=\"accordion-item__toggle\">\n                            <svg width=\"24\" height=\"24\" viewBox=\"0 0 24 24\" fill=\"none\" xmlns=\"http:\/\/www.w3.org\/2000\/svg\">\n<path fill-rule=\"evenodd\" clip-rule=\"evenodd\" d=\"M13.1943 4.11509C13.1943 3.49924 12.6951 3 12.0792 3C11.4634 3 10.9642 3.49924 10.9642 4.11509L10.9642 10.8057L4.1151 10.8057C3.49925 10.8057 3 11.3049 3 11.9208C3 12.5366 3.49924 13.0358 4.11509 13.0358H10.9642L10.9642 19.8849C10.9642 20.5008 11.4634 21 12.0792 21C12.6951 21 13.1943 20.5008 13.1943 19.8849L13.1943 13.0358H19.8849C20.5008 13.0358 21 12.5366 21 11.9208C21 11.3049 20.5008 10.8057 19.8849 10.8057L13.1943 10.8057L13.1943 4.11509Z\" fill=\"black\" fill-opacity=\"0.87\"\/>\n<\/svg>\n\n                        <\/div>\n                    <\/h3>\n                    <div class=\"accordion-item__content\">\n                        <p>Oui, vous pouvez continuer \u00e0 utiliser le client Web classique pour le moment. \u00c0 terme, le client web classique sera progressivement abandonn\u00e9 et supprim\u00e9 de Therefore\u2122. N\u00e9anmoins, nous recommandons de passer au nouveau client web d\u00e8s que possible en raison de l&#8217;am\u00e9lioration des performances et de l&#8217;exp\u00e9rience utilisateur.<\/p>\n\n                                            <\/div>\n                <\/div>\n                                                <div class=\"accordion-block__items__item accordion-item\">\n                    <h3 class=\"accordion-item__title\">\n                        Puis-je revenir au client web classique une fois que j&#8217;ai commenc\u00e9 \u00e0 utiliser le nouveau client web ?\n                        <div class=\"accordion-item__toggle\">\n                            <svg width=\"24\" height=\"24\" viewBox=\"0 0 24 24\" fill=\"none\" xmlns=\"http:\/\/www.w3.org\/2000\/svg\">\n<path fill-rule=\"evenodd\" clip-rule=\"evenodd\" d=\"M13.1943 4.11509C13.1943 3.49924 12.6951 3 12.0792 3C11.4634 3 10.9642 3.49924 10.9642 4.11509L10.9642 10.8057L4.1151 10.8057C3.49925 10.8057 3 11.3049 3 11.9208C3 12.5366 3.49924 13.0358 4.11509 13.0358H10.9642L10.9642 19.8849C10.9642 20.5008 11.4634 21 12.0792 21C12.6951 21 13.1943 20.5008 13.1943 19.8849L13.1943 13.0358H19.8849C20.5008 13.0358 21 12.5366 21 11.9208C21 11.3049 20.5008 10.8057 19.8849 10.8057L13.1943 10.8057L13.1943 4.11509Z\" fill=\"black\" fill-opacity=\"0.87\"\/>\n<\/svg>\n\n                        <\/div>\n                    <\/h3>\n                    <div class=\"accordion-item__content\">\n                        <p>Oui. Tant que le client Web classique est pris en charge, vous pouvez passer d&#8217;une interface utilisateur \u00e0 l&#8217;autre. Une fois que le client Web classique aura \u00e9t\u00e9 supprim\u00e9, vous ne pourrez plus passer d&#8217;une interface \u00e0 l&#8217;autre.<\/p>\n\n                                            <\/div>\n                <\/div>\n                                                <div class=\"accordion-block__items__item accordion-item\">\n                    <h3 class=\"accordion-item__title\">\n                        Quelles sont les diff\u00e9rences de fonctionnalit\u00e9s entre les deux clients web ?\n                        <div class=\"accordion-item__toggle\">\n                            <svg width=\"24\" height=\"24\" viewBox=\"0 0 24 24\" fill=\"none\" xmlns=\"http:\/\/www.w3.org\/2000\/svg\">\n<path fill-rule=\"evenodd\" clip-rule=\"evenodd\" d=\"M13.1943 4.11509C13.1943 3.49924 12.6951 3 12.0792 3C11.4634 3 10.9642 3.49924 10.9642 4.11509L10.9642 10.8057L4.1151 10.8057C3.49925 10.8057 3 11.3049 3 11.9208C3 12.5366 3.49924 13.0358 4.11509 13.0358H10.9642L10.9642 19.8849C10.9642 20.5008 11.4634 21 12.0792 21C12.6951 21 13.1943 20.5008 13.1943 19.8849L13.1943 13.0358H19.8849C20.5008 13.0358 21 12.5366 21 11.9208C21 11.3049 20.5008 10.8057 19.8849 10.8057L13.1943 10.8057L13.1943 4.11509Z\" fill=\"black\" fill-opacity=\"0.87\"\/>\n<\/svg>\n\n                        <\/div>\n                    <\/h3>\n                    <div class=\"accordion-item__content\">\n                        <p>\u00c0 compter d&#8217;octobre 2023, les caract\u00e9ristiques et fonctions suivantes du client web classique ne sont PAS disponibles dans le nouveau client web. Cette liste sera mise \u00e0 jour au fur et \u00e0 mesure que des fonctionnalit\u00e9s seront ajout\u00e9es au nouveau client web.<\/p>\n<p>&nbsp;<\/p>\n<p><strong>View &amp; Search<\/strong><\/p>\n<p>\u2022 Personal saved searches<\/p>\n<p>\u2022 Reordering files within a document<\/p>\n<p>\u2022 Changing the file name of a file within a document<\/p>\n<p>\u2022 Combined full-text and index data searches<\/p>\n<p>\u2022 Advanced search parameters for full-text search<\/p>\n<p>\u2022 Add and modify annotations<\/p>\n<p>&nbsp;<\/p>\n<p><strong>Hit-list<\/strong><\/p>\n<p>\u2022 Edit index data<\/p>\n<p>\u2022 Linking documents<\/p>\n<p>\u2022 Multiple selection<\/p>\n<p>\u2022 Copy and paste<\/p>\n<p>&nbsp;<\/p>\n<p><strong>Workflow<\/strong><\/p>\n<p>\u2022 Delegation<\/p>\n<p>\u2022 History<\/p>\n<p>\u2022 Re-routing tasks<\/p>\n<p>&nbsp;<\/p>\n<p><strong>General<\/strong><\/p>\n<p>\u2022 Managing security on categories, documents, etc.<\/p>\n<p>\u2022 Creating cases on the fly<\/p>\n<p>\u2022 Setting out-of-office<\/p>\n<p>\u2022 Collaboration with external parties<\/p>\n<p>\u2022 Auto-append<\/p>\n<p>\u2022 Document sharing<\/p>\n<p>\u2022 Recycle bin<\/p>\n<p>\u2022 Information on storage usage<\/p>\n<p>&nbsp;<\/p>\n<p><strong>Customization<\/strong><\/p>\n<p>\u2022 UI: logo, colors, etc.<\/p>\n<p>\u2022 Add-ins, callbacks<\/p>\n\n                                            <\/div>\n                <\/div>\n                            <\/div>\n        <\/div>\n    <\/div>\n<\/section>\n","protected":false},"excerpt":{"rendered":"","protected":false},"author":5,"featured_media":0,"parent":0,"menu_order":0,"comment_status":"closed","ping_status":"closed","template":"","meta":{"_acf_changed":false,"inline_featured_image":false,"footnotes":""},"class_list":["post-6953","page","type-page","status-publish","hentry"],"acf":[],"yoast_head":"<!-- This site is optimized with the Yoast SEO plugin v27.2 - https:\/\/yoast.com\/product\/yoast-seo-wordpress\/ -->\n<title>Nouveau client Web - Therefore<\/title>\n<meta name=\"robots\" content=\"index, follow, max-snippet:-1, max-image-preview:large, max-video-preview:-1\" \/>\n<link rel=\"canonical\" href=\"https:\/\/therefore.net\/fr\/nouveau-client-web\/\" \/>\n<script type=\"application\/ld+json\" class=\"yoast-schema-graph\">{\"@context\":\"https:\/\/schema.org\",\"@graph\":[{\"@type\":\"WebPage\",\"@id\":\"https:\/\/therefore.net\/fr\/nouveau-client-web\/\",\"url\":\"https:\/\/therefore.net\/fr\/nouveau-client-web\/\",\"name\":\"Nouveau client Web - Therefore\",\"isPartOf\":{\"@id\":\"https:\/\/therefore.net\/fr\/#website\"},\"datePublished\":\"2023-09-29T20:41:09+00:00\",\"dateModified\":\"2024-02-05T23:58:24+00:00\",\"breadcrumb\":{\"@id\":\"https:\/\/therefore.net\/fr\/nouveau-client-web\/#breadcrumb\"},\"inLanguage\":\"fr-FR\",\"potentialAction\":[{\"@type\":\"ReadAction\",\"target\":[\"https:\/\/therefore.net\/fr\/nouveau-client-web\/\"]}]},{\"@type\":\"BreadcrumbList\",\"@id\":\"https:\/\/therefore.net\/fr\/nouveau-client-web\/#breadcrumb\",\"itemListElement\":[{\"@type\":\"ListItem\",\"position\":1,\"name\":\"Home\",\"item\":\"https:\/\/therefore.net\/fr\/\"},{\"@type\":\"ListItem\",\"position\":2,\"name\":\"Nouveau client Web\"}]},{\"@type\":\"WebSite\",\"@id\":\"https:\/\/therefore.net\/fr\/#website\",\"url\":\"https:\/\/therefore.net\/fr\/\",\"name\":\"Therefore\",\"description\":\"\",\"publisher\":{\"@id\":\"https:\/\/therefore.net\/fr\/#organization\"},\"potentialAction\":[{\"@type\":\"SearchAction\",\"target\":{\"@type\":\"EntryPoint\",\"urlTemplate\":\"https:\/\/therefore.net\/fr\/?s={search_term_string}\"},\"query-input\":{\"@type\":\"PropertyValueSpecification\",\"valueRequired\":true,\"valueName\":\"search_term_string\"}}],\"inLanguage\":\"fr-FR\"},{\"@type\":\"Organization\",\"@id\":\"https:\/\/therefore.net\/fr\/#organization\",\"name\":\"Therefore\",\"url\":\"https:\/\/therefore.net\/fr\/\",\"logo\":{\"@type\":\"ImageObject\",\"inLanguage\":\"fr-FR\",\"@id\":\"https:\/\/therefore.net\/fr\/#\/schema\/logo\/image\/\",\"url\":\"https:\/\/therefore.net\/wp\/..\/app\/uploads\/2022\/04\/logo.png\",\"contentUrl\":\"https:\/\/therefore.net\/wp\/..\/app\/uploads\/2022\/04\/logo.png\",\"width\":176,\"height\":48,\"caption\":\"Therefore\"},\"image\":{\"@id\":\"https:\/\/therefore.net\/fr\/#\/schema\/logo\/image\/\"},\"sameAs\":[\"https:\/\/www.linkedin.com\/company\/therefore-corporation\/\",\"https:\/\/www.youtube.com\/user\/ThereforeTV\"]}]}<\/script>\n<!-- \/ Yoast SEO plugin. -->","yoast_head_json":{"title":"Nouveau client Web - Therefore","robots":{"index":"index","follow":"follow","max-snippet":"max-snippet:-1","max-image-preview":"max-image-preview:large","max-video-preview":"max-video-preview:-1"},"canonical":"https:\/\/therefore.net\/fr\/nouveau-client-web\/","schema":{"@context":"https:\/\/schema.org","@graph":[{"@type":"WebPage","@id":"https:\/\/therefore.net\/fr\/nouveau-client-web\/","url":"https:\/\/therefore.net\/fr\/nouveau-client-web\/","name":"Nouveau client Web - Therefore","isPartOf":{"@id":"https:\/\/therefore.net\/fr\/#website"},"datePublished":"2023-09-29T20:41:09+00:00","dateModified":"2024-02-05T23:58:24+00:00","breadcrumb":{"@id":"https:\/\/therefore.net\/fr\/nouveau-client-web\/#breadcrumb"},"inLanguage":"fr-FR","potentialAction":[{"@type":"ReadAction","target":["https:\/\/therefore.net\/fr\/nouveau-client-web\/"]}]},{"@type":"BreadcrumbList","@id":"https:\/\/therefore.net\/fr\/nouveau-client-web\/#breadcrumb","itemListElement":[{"@type":"ListItem","position":1,"name":"Home","item":"https:\/\/therefore.net\/fr\/"},{"@type":"ListItem","position":2,"name":"Nouveau client Web"}]},{"@type":"WebSite","@id":"https:\/\/therefore.net\/fr\/#website","url":"https:\/\/therefore.net\/fr\/","name":"Therefore","description":"","publisher":{"@id":"https:\/\/therefore.net\/fr\/#organization"},"potentialAction":[{"@type":"SearchAction","target":{"@type":"EntryPoint","urlTemplate":"https:\/\/therefore.net\/fr\/?s={search_term_string}"},"query-input":{"@type":"PropertyValueSpecification","valueRequired":true,"valueName":"search_term_string"}}],"inLanguage":"fr-FR"},{"@type":"Organization","@id":"https:\/\/therefore.net\/fr\/#organization","name":"Therefore","url":"https:\/\/therefore.net\/fr\/","logo":{"@type":"ImageObject","inLanguage":"fr-FR","@id":"https:\/\/therefore.net\/fr\/#\/schema\/logo\/image\/","url":"https:\/\/therefore.net\/wp\/..\/app\/uploads\/2022\/04\/logo.png","contentUrl":"https:\/\/therefore.net\/wp\/..\/app\/uploads\/2022\/04\/logo.png","width":176,"height":48,"caption":"Therefore"},"image":{"@id":"https:\/\/therefore.net\/fr\/#\/schema\/logo\/image\/"},"sameAs":["https:\/\/www.linkedin.com\/company\/therefore-corporation\/","https:\/\/www.youtube.com\/user\/ThereforeTV"]}]}},"_links":{"self":[{"href":"https:\/\/therefore.net\/fr\/wp-json\/wp\/v2\/pages\/6953","targetHints":{"allow":["GET"]}}],"collection":[{"href":"https:\/\/therefore.net\/fr\/wp-json\/wp\/v2\/pages"}],"about":[{"href":"https:\/\/therefore.net\/fr\/wp-json\/wp\/v2\/types\/page"}],"author":[{"embeddable":true,"href":"https:\/\/therefore.net\/fr\/wp-json\/wp\/v2\/users\/5"}],"replies":[{"embeddable":true,"href":"https:\/\/therefore.net\/fr\/wp-json\/wp\/v2\/comments?post=6953"}],"version-history":[{"count":3,"href":"https:\/\/therefore.net\/fr\/wp-json\/wp\/v2\/pages\/6953\/revisions"}],"predecessor-version":[{"id":6957,"href":"https:\/\/therefore.net\/fr\/wp-json\/wp\/v2\/pages\/6953\/revisions\/6957"}],"wp:attachment":[{"href":"https:\/\/therefore.net\/fr\/wp-json\/wp\/v2\/media?parent=6953"}],"curies":[{"name":"wp","href":"https:\/\/api.w.org\/{rel}","templated":true}]}}