{"id":9258,"date":"2025-02-14T22:20:26","date_gmt":"2025-02-14T21:20:26","guid":{"rendered":"https:\/\/therefore.net\/prepaye-expire\/"},"modified":"2025-03-05T20:22:46","modified_gmt":"2025-03-05T19:22:46","slug":"prepaye-expire","status":"publish","type":"page","link":"https:\/\/therefore.net\/fr\/prepaye-expire\/","title":{"rendered":"Pr\u00e9pay\u00e9 Expir\u00e9"},"content":{"rendered":"<div class=\"custom-block simple-paragraph\">\n    <div class=\"container\">\n        <div class=\"blog-post__content blog-post__content--wide\">\n            <h1>Restez \u00e0 jour avec votre abonnement Therefore\u2122 !<\/h1>\n<p>&nbsp;<\/p>\n<h3>Votre abonnement \u00e0 Therefore\u2122 a expir\u00e9 ? Il est temps de le renouveler !<\/h3>\n<p>&nbsp;<\/p>\n<p><strong>Comment puis-je renouveler mon abonnement \u00e0 Therefore\u2122 ?<\/strong><\/p>\n<p>Si vous souhaitez renouveler votre contrat d&#8217;assistance, veuillez contacter votre revendeur local. Il peut s&#8217;agir d&#8217;un bureau Canon ou d&#8217;un autre revendeur agr\u00e9\u00e9. Il s&#8217;agit g\u00e9n\u00e9ralement de la soci\u00e9t\u00e9 qui a vendu ou mis en \u0153uvre Therefore\u2122 dans votre organisation. Si vous ne savez pas de qui il s&#8217;agit, n&#8217;h\u00e9sitez pas \u00e0 nous contacter en utilisant notre formulaire de contact. Nous pourrons faire des recherches pour vous.<\/p>\n<p>&nbsp;<\/p>\n<p>&nbsp;<\/p>\n<p><strong>Cela signifie-t-il que mes donn\u00e9es ont \u00e9t\u00e9 supprim\u00e9es ?<\/strong><\/p>\n<p>M\u00eame si votre abonnement a expir\u00e9, vos donn\u00e9es ne sont pas supprim\u00e9es tout de suite.<\/p>\n<p>Si vous utilisez Therefore\u2122 Online, le d\u00e9lai avant que vos donn\u00e9es ne soient supprim\u00e9es de nos syst\u00e8mes est d\u00e9termin\u00e9 par votre contrat. Il y a g\u00e9n\u00e9ralement une p\u00e9riode de gr\u00e2ce pour vous permettre de renouveler\/r\u00e9activer votre abonnement.<\/p>\n<p>Si vous utilisez Therefore\u2122 On-Premises avec un abonnement, vos donn\u00e9es ne sont pas supprim\u00e9es car elles se trouvent sur votre serveur. Cependant, si vous laissez votre abonnement Therefore\u2122 expirer, votre syst\u00e8me cessera de fonctionner. Nous vous recommandons vivement de renouveler votre abonnement d\u00e8s que possible.<\/p>\n<p>&nbsp;<\/p>\n<p>&nbsp;<\/p>\n\n        <\/div>\n\n            <\/div>\n<\/div>\n\n","protected":false},"excerpt":{"rendered":"","protected":false},"author":5,"featured_media":0,"parent":0,"menu_order":0,"comment_status":"closed","ping_status":"closed","template":"","meta":{"_acf_changed":false,"inline_featured_image":false,"footnotes":""},"class_list":["post-9258","page","type-page","status-publish","hentry"],"acf":[],"yoast_head":"<!-- This site is optimized with the Yoast SEO plugin v27.3 - https:\/\/yoast.com\/product\/yoast-seo-wordpress\/ -->\n<title>Maintenance du logiciel<\/title>\n<meta name=\"description\" content=\"La maintenance du logiciel vous permet de rester au courant des derni\u00e8res mises \u00e0 jour du produit et vous donne droit \u00e0 une assistance technique.\" \/>\n<meta name=\"robots\" content=\"index, follow, max-snippet:-1, max-image-preview:large, max-video-preview:-1\" \/>\n<link rel=\"canonical\" href=\"https:\/\/therefore.net\/fr\/prepaye-expire\/\" \/>\n<script type=\"application\/ld+json\" class=\"yoast-schema-graph\">{\"@context\":\"https:\\\/\\\/schema.org\",\"@graph\":[{\"@type\":\"WebPage\",\"@id\":\"https:\\\/\\\/therefore.net\\\/fr\\\/prepaye-expire\\\/\",\"url\":\"https:\\\/\\\/therefore.net\\\/fr\\\/prepaye-expire\\\/\",\"name\":\"Maintenance du logiciel\",\"isPartOf\":{\"@id\":\"https:\\\/\\\/therefore.net\\\/fr\\\/#website\"},\"datePublished\":\"2025-02-14T21:20:26+00:00\",\"dateModified\":\"2025-03-05T19:22:46+00:00\",\"description\":\"La maintenance du logiciel vous permet de rester au courant des derni\u00e8res mises \u00e0 jour du produit et vous donne droit \u00e0 une assistance technique.\",\"breadcrumb\":{\"@id\":\"https:\\\/\\\/therefore.net\\\/fr\\\/prepaye-expire\\\/#breadcrumb\"},\"inLanguage\":\"fr-FR\",\"potentialAction\":[{\"@type\":\"ReadAction\",\"target\":[\"https:\\\/\\\/therefore.net\\\/fr\\\/prepaye-expire\\\/\"]}]},{\"@type\":\"BreadcrumbList\",\"@id\":\"https:\\\/\\\/therefore.net\\\/fr\\\/prepaye-expire\\\/#breadcrumb\",\"itemListElement\":[{\"@type\":\"ListItem\",\"position\":1,\"name\":\"Home\",\"item\":\"https:\\\/\\\/therefore.net\\\/fr\\\/\"},{\"@type\":\"ListItem\",\"position\":2,\"name\":\"Pr\u00e9pay\u00e9 Expir\u00e9\"}]},{\"@type\":\"WebSite\",\"@id\":\"https:\\\/\\\/therefore.net\\\/fr\\\/#website\",\"url\":\"https:\\\/\\\/therefore.net\\\/fr\\\/\",\"name\":\"Therefore\",\"description\":\"\",\"publisher\":{\"@id\":\"https:\\\/\\\/therefore.net\\\/fr\\\/#organization\"},\"potentialAction\":[{\"@type\":\"SearchAction\",\"target\":{\"@type\":\"EntryPoint\",\"urlTemplate\":\"https:\\\/\\\/therefore.net\\\/fr\\\/?s={search_term_string}\"},\"query-input\":{\"@type\":\"PropertyValueSpecification\",\"valueRequired\":true,\"valueName\":\"search_term_string\"}}],\"inLanguage\":\"fr-FR\"},{\"@type\":\"Organization\",\"@id\":\"https:\\\/\\\/therefore.net\\\/fr\\\/#organization\",\"name\":\"Therefore\",\"url\":\"https:\\\/\\\/therefore.net\\\/fr\\\/\",\"logo\":{\"@type\":\"ImageObject\",\"inLanguage\":\"fr-FR\",\"@id\":\"https:\\\/\\\/therefore.net\\\/fr\\\/#\\\/schema\\\/logo\\\/image\\\/\",\"url\":\"https:\\\/\\\/therefore.net\\\/wp\\\/..\\\/app\\\/uploads\\\/2022\\\/04\\\/logo.png\",\"contentUrl\":\"https:\\\/\\\/therefore.net\\\/wp\\\/..\\\/app\\\/uploads\\\/2022\\\/04\\\/logo.png\",\"width\":176,\"height\":48,\"caption\":\"Therefore\"},\"image\":{\"@id\":\"https:\\\/\\\/therefore.net\\\/fr\\\/#\\\/schema\\\/logo\\\/image\\\/\"},\"sameAs\":[\"https:\\\/\\\/www.linkedin.com\\\/company\\\/therefore-corporation\\\/\",\"https:\\\/\\\/www.youtube.com\\\/user\\\/ThereforeTV\"]}]}<\/script>\n<!-- \/ Yoast SEO plugin. -->","yoast_head_json":{"title":"Maintenance du logiciel","description":"La maintenance du logiciel vous permet de rester au courant des derni\u00e8res mises \u00e0 jour du produit et vous donne droit \u00e0 une assistance technique.","robots":{"index":"index","follow":"follow","max-snippet":"max-snippet:-1","max-image-preview":"max-image-preview:large","max-video-preview":"max-video-preview:-1"},"canonical":"https:\/\/therefore.net\/fr\/prepaye-expire\/","schema":{"@context":"https:\/\/schema.org","@graph":[{"@type":"WebPage","@id":"https:\/\/therefore.net\/fr\/prepaye-expire\/","url":"https:\/\/therefore.net\/fr\/prepaye-expire\/","name":"Maintenance du logiciel","isPartOf":{"@id":"https:\/\/therefore.net\/fr\/#website"},"datePublished":"2025-02-14T21:20:26+00:00","dateModified":"2025-03-05T19:22:46+00:00","description":"La maintenance du logiciel vous permet de rester au courant des derni\u00e8res mises \u00e0 jour du produit et vous donne droit \u00e0 une assistance technique.","breadcrumb":{"@id":"https:\/\/therefore.net\/fr\/prepaye-expire\/#breadcrumb"},"inLanguage":"fr-FR","potentialAction":[{"@type":"ReadAction","target":["https:\/\/therefore.net\/fr\/prepaye-expire\/"]}]},{"@type":"BreadcrumbList","@id":"https:\/\/therefore.net\/fr\/prepaye-expire\/#breadcrumb","itemListElement":[{"@type":"ListItem","position":1,"name":"Home","item":"https:\/\/therefore.net\/fr\/"},{"@type":"ListItem","position":2,"name":"Pr\u00e9pay\u00e9 Expir\u00e9"}]},{"@type":"WebSite","@id":"https:\/\/therefore.net\/fr\/#website","url":"https:\/\/therefore.net\/fr\/","name":"Therefore","description":"","publisher":{"@id":"https:\/\/therefore.net\/fr\/#organization"},"potentialAction":[{"@type":"SearchAction","target":{"@type":"EntryPoint","urlTemplate":"https:\/\/therefore.net\/fr\/?s={search_term_string}"},"query-input":{"@type":"PropertyValueSpecification","valueRequired":true,"valueName":"search_term_string"}}],"inLanguage":"fr-FR"},{"@type":"Organization","@id":"https:\/\/therefore.net\/fr\/#organization","name":"Therefore","url":"https:\/\/therefore.net\/fr\/","logo":{"@type":"ImageObject","inLanguage":"fr-FR","@id":"https:\/\/therefore.net\/fr\/#\/schema\/logo\/image\/","url":"https:\/\/therefore.net\/wp\/..\/app\/uploads\/2022\/04\/logo.png","contentUrl":"https:\/\/therefore.net\/wp\/..\/app\/uploads\/2022\/04\/logo.png","width":176,"height":48,"caption":"Therefore"},"image":{"@id":"https:\/\/therefore.net\/fr\/#\/schema\/logo\/image\/"},"sameAs":["https:\/\/www.linkedin.com\/company\/therefore-corporation\/","https:\/\/www.youtube.com\/user\/ThereforeTV"]}]}},"_links":{"self":[{"href":"https:\/\/therefore.net\/fr\/wp-json\/wp\/v2\/pages\/9258","targetHints":{"allow":["GET"]}}],"collection":[{"href":"https:\/\/therefore.net\/fr\/wp-json\/wp\/v2\/pages"}],"about":[{"href":"https:\/\/therefore.net\/fr\/wp-json\/wp\/v2\/types\/page"}],"author":[{"embeddable":true,"href":"https:\/\/therefore.net\/fr\/wp-json\/wp\/v2\/users\/5"}],"replies":[{"embeddable":true,"href":"https:\/\/therefore.net\/fr\/wp-json\/wp\/v2\/comments?post=9258"}],"version-history":[{"count":1,"href":"https:\/\/therefore.net\/fr\/wp-json\/wp\/v2\/pages\/9258\/revisions"}],"predecessor-version":[{"id":9259,"href":"https:\/\/therefore.net\/fr\/wp-json\/wp\/v2\/pages\/9258\/revisions\/9259"}],"wp:attachment":[{"href":"https:\/\/therefore.net\/fr\/wp-json\/wp\/v2\/media?parent=9258"}],"curies":[{"name":"wp","href":"https:\/\/api.w.org\/{rel}","templated":true}]}}