{"id":9915,"date":"2025-09-23T14:08:43","date_gmt":"2025-09-23T12:08:43","guid":{"rendered":"https:\/\/therefore.net\/summit-2025\/"},"modified":"2025-09-25T19:14:22","modified_gmt":"2025-09-25T17:14:22","slug":"summit-2025","status":"publish","type":"page","link":"https:\/\/therefore.net\/fr\/summit-2025\/","title":{"rendered":"Summit 2025"},"content":{"rendered":"<section class=\"custom-block webinars\">\n    <div class=\"container\">\n        <div class=\"webinars__inner\">\n                        <div class=\"webinars__image-wrapper\">\n                <img decoding=\"async\" width=\"680\" height=\"500\" src=\"https:\/\/therefore.net\/wp\/..\/app\/uploads\/2025\/01\/Partnership.png\" class=\"attachment-full size-full\" alt=\"Quatre hommes d&#039;affaires en costume se tiennent en cercle, chacun tenant une grande pi\u00e8ce de puzzle color\u00e9e (bleue, jaune, verte et rouge), symbolisant le travail d&#039;\u00e9quipe et la collaboration.\" srcset=\"https:\/\/therefore.net\/wp\/..\/app\/uploads\/2025\/01\/Partnership.png 680w, https:\/\/therefore.net\/wp\/..\/app\/uploads\/2025\/01\/Partnership-300x221.png 300w\" sizes=\"(max-width: 680px) 100vw, 680px\" \/>\n            <\/div>\n                        <div class=\"webinars__text-wrapper\">\n                <h2 class=\"webinars__title\">\n                    Merci de votre visite !\n                <\/h2>\n                <p class=\"webinars__text\">D\u00e9couvrez comment Therefore\u2122 peut vous aider \u00e0 fournir des solutions efficaces qui apportent de la valeur ajout\u00e9e \u00e0 vos clients.<\/p>\n                            <\/div>\n        <\/div>\n    <\/div>\n<\/section>\n\n\n\n<section class=\"custom-block video-img-section video-img-section--shape \">\n    <div class=\"container video-img-section__container\">\n\n        <div class=\"video-img-section__row\">\n            <div class=\"video-img-section__media video-img-section__media\">\n                                <div class=\"video-img-section__media__item video-img-section__media__item--video\">\n                                            <video src=\"https:\/\/therefore.net\/wp\/..\/app\/uploads\/2025\/09\/What-is-Therefore-2025-FR.mp4\" name=\"what-is-therefore-2025-fr\" controls><\/video>\n                                    <\/div>\n                            <\/div>\n\n            <div class=\"video-img-section__content\">\n                                                        <h2 class=\"video-img-section__title\">Transformez votre entreprise avec Therefore\u2122<\/h2>\n                \n                                    <div class=\"video-img-section__text\"><p>Les informations doivent vous aider, pas vous nuire. Avec Therefore\u2122, nous utilisons l&#8217;automatisation bas\u00e9e sur l&#8217;IA pour transformer des donn\u00e9es dispers\u00e9es en informations exploitables, de <span class=\"a_GcMg font-feature-liga-off font-feature-clig-off font-feature-calt-off text-decoration-none text-strikethrough-none\">l\u2019archivage<\/span><span class=\"a_GcMg font-feature-liga-off font-feature-clig-off font-feature-calt-off text-decoration-none text-strikethrough-none\"> \u00e0 <\/span><span class=\"a_GcMg font-feature-liga-off font-feature-clig-off font-feature-calt-off text-decoration-none text-strikethrough-none\">l\u2019analyse.<\/span><\/p>\n<\/div>\n                            <\/div>\n        <\/div>\n\n\n    <\/div>\n\n<\/section>\n\n\n<section class=\"custom-block view-pages-process\">\n    <div class=\"container view-pages-process__container\">\n                                <h2 class=\"view-pages-process__title\">Votre parcours avec Therefore\u2122<\/h2>\n        \n                <div class=\"view-pages-process__steps\">\n                        <div class=\"view-pages-process__step\">\n                <div class=\"view-pages-process__step__inner\">\n                    <div class=\"view-pages-process__step__content\">\n                                                                                <h3 class=\"view-pages-process__step__title\">Archivage<\/h3>\n                        \n                                                                                <h4 class=\"view-pages-process__step__subtitle\">Le point de d\u00e9part<\/h4>\n                        \n                                                    <dv class=\"view-pages-process__step__text\"><p>Capturez des documents \u00e0 la source gr\u00e2ce \u00e0 <a href=\"https:\/\/therefore.net\/fr\/fonctionnalites\/capture\/\" target=\"_blank\" rel=\"noopener\">Smart Capture<\/a>, une technologie d&#8217;extraction de donn\u00e9es bas\u00e9e sur l&#8217;intelligence artificielle.<\/p>\n<\/dv>\n                                            <\/div>\n                <\/div>\n\n            <\/div>\n                        <div class=\"view-pages-process__step\">\n                <div class=\"view-pages-process__step__inner\">\n                    <div class=\"view-pages-process__step__content\">\n                                                                                <h3 class=\"view-pages-process__step__title\">Processus<\/h3>\n                        \n                                                                                <h4 class=\"view-pages-process__step__subtitle\">Mettez vos donn\u00e9es \u00e0 votre service<\/h4>\n                        \n                                                    <dv class=\"view-pages-process__step__text\"><p>Affectez les t\u00e2ches \u00e0 l&#8217;aide de <a href=\"https:\/\/therefore.net\/fr\/fonctionnalites\/workflow\/\" target=\"_blank\" rel=\"noopener\">workflows<\/a> et de <a href=\"https:\/\/therefore.net\/fr\/fonctionnalites\/formulaires-electroniques\/\" target=\"_blank\" rel=\"noopener\">formulaires \u00e9lectroniques<\/a> pour une automatisation et une conformit\u00e9 transparentes.<\/p>\n<\/dv>\n                                            <\/div>\n                <\/div>\n\n            <\/div>\n                        <div class=\"view-pages-process__step\">\n                <div class=\"view-pages-process__step__inner\">\n                    <div class=\"view-pages-process__step__content\">\n                                                                                <h3 class=\"view-pages-process__step__title\">Analyse<\/h3>\n                        \n                                                                                <h4 class=\"view-pages-process__step__subtitle\">L\u00e0 o\u00f9 tout se rejoint<\/h4>\n                        \n                                                    <dv class=\"view-pages-process__step__text\"><p>B\u00e9n\u00e9ficiez d&#8217;une visibilit\u00e9 en temps r\u00e9el gr\u00e2ce aux <a href=\"https:\/\/therefore.net\/fr\/fonctionnalites\/rapports\/\" target=\"_blank\" rel=\"noopener\">tableaux de bord<\/a> et d\u00e9couvrez des informations intelligentes avec Copilot.<\/p>\n<\/dv>\n                                            <\/div>\n                <\/div>\n\n            <\/div>\n                    <\/div>\n        \n    <\/div>\n<\/section>\n\n\n<section class=\"custom-block join-therefore\">\n    <div class=\"container\">\n        <div class=\"join-therefore__inner\">\n                        <div class=\"join-therefore__title-wrapper\">\n                                <h2 class=\"join-therefore__title\">\n                    Que peut faire d&#8217;autre Therefore\u2122 ?\n                <\/h2>\n            <\/div>\n                        <div class=\"join-therefore__text-wrapper\">\n                <p class=\"join-therefore__text\">Therefore\u2122 est con\u00e7u pour g\u00e9rer les documents, les flux de travail et les donn\u00e9es de tous les services de mani\u00e8re s\u00e9curis\u00e9e, efficace et \u00e0 grande \u00e9chelle.<\/p>\n                                    <a href=\"https:\/\/therefore.net\/solutions\/\" class=\"main-button main-button--with-arrow main-button--white\" target=\"\">D\u00e9couvrez comment Therefore\u2122 est utilis\u00e9<\/a>\n                            <\/div>\n        <\/div>\n    <\/div>\n<\/section>\n\n\n<section class=\"custom-block our-team accordion-item\">\n    <div class=\"container our-team__container\">\n                                <h2 class=\"our-team__title\">Pourquoi c&#8217;est important<\/h2>\n        \n                <div class=\"our-team__members our-team__members--visible\">\n                            <div class=\"our-team__member\">\n    <div class=\"our-team__member__person\">\n        <div class=\"our-team__member__image-wrapper\">\n            <img decoding=\"async\" src=\"https:\/\/therefore.net\/wp\/..\/app\/uploads\/2023\/05\/ROI-150x150.png\" alt=\"&#x00C9;conomisez&#x20;temps&#x20;et&#x20;co&#x00FB;ts\" loading=\"lazy\">\n        <\/div>\n        <div class=\"our-team__member__signature\">\n                            <span class=\"our-team__member__name\">\u00c9conomisez temps et co\u00fbts<\/span>\n                                <\/div>\n    <\/div>\n    <p class=\"our-team__member__text\">\n        Travail accompli pendant le sommeil : approbations, courriels, automatisations et plus encore !\n    <\/p>\n<\/div>\n                            <div class=\"our-team__member our-team__member--reversed\">\n    <div class=\"our-team__member__person\">\n        <div class=\"our-team__member__image-wrapper\">\n            <img decoding=\"async\" src=\"https:\/\/therefore.net\/wp\/..\/app\/uploads\/2023\/05\/Operational-Agility-150x150.png\" alt=\"R&#x00E9;duisez&#x20;les&#x20;erreurs\" loading=\"lazy\">\n        <\/div>\n        <div class=\"our-team__member__signature\">\n                            <span class=\"our-team__member__name\">R\u00e9duisez les erreurs<\/span>\n                                <\/div>\n    <\/div>\n    <p class=\"our-team__member__text\">\n        Am\u00e9liorez la pr\u00e9cision des informations gr\u00e2ce \u00e0 des outils et processus propuls\u00e9s par l\u2019IA.\n    <\/p>\n<\/div>\n                    <\/div>\n                            <div class=\"our-team__members our-team__members--hidden accordion-item__content\">\n                                    <div class=\"our-team__member\">\n    <div class=\"our-team__member__person\">\n        <div class=\"our-team__member__image-wrapper\">\n            <img decoding=\"async\" src=\"https:\/\/therefore.net\/wp\/..\/app\/uploads\/2023\/05\/Accessibility-150x150.png\" alt=\"Travail&#x20;intelligent\" loading=\"lazy\">\n        <\/div>\n        <div class=\"our-team__member__signature\">\n                            <span class=\"our-team__member__name\">Travail intelligent<\/span>\n                                <\/div>\n    <\/div>\n    <p class=\"our-team__member__text\">\n        Transformez les informations stock\u00e9es en connaissances exploitables qui favorisent la croissance de votre entreprise.\n    <\/p>\n<\/div>\n                                    <div class=\"our-team__member our-team__member--reversed\">\n    <div class=\"our-team__member__person\">\n        <div class=\"our-team__member__image-wrapper\">\n            <img decoding=\"async\" src=\"https:\/\/therefore.net\/wp\/..\/app\/uploads\/2023\/05\/Compliance-150x150.png\" alt=\"Assurez&#x20;votre&#x20;conformit&#x00E9;\" loading=\"lazy\">\n        <\/div>\n        <div class=\"our-team__member__signature\">\n                            <span class=\"our-team__member__name\">Assurez votre conformit\u00e9<\/span>\n                                <\/div>\n    <\/div>\n    <p class=\"our-team__member__text\">\n        Assurez la conformit\u00e9 et la s\u00e9curit\u00e9 avanc\u00e9e de l\u2019information.\n    <\/p>\n<\/div>\n                            <\/div>\n\n            <div class=\"our-team__button-wrapper\">\n                <button class=\"main-button our-team__button accordion-item__title\"\n                   data-expand-text=\"Voir plus\"\n                   data-hide-text=\"Voir moins\"\n                   title=\"Toggle members visibility\"\n                ><\/button>\n            <\/div>\n\n        \n    <\/div>\n<\/section>\n\n\n\n<div style=\"height:0px\" aria-hidden=\"true\" id=\"contactform\" class=\"wp-block-spacer\"><\/div>\n\n\n\n<section class=\"custom-block iframe-block\">\n    <div class=\"container iframe-block__container\" data-iframe-loader>\n        <iframe width=\"100%\" height=\"100%\" frameborder=\"0\" src=\"https:\/\/extranet.thereforeonline.com\/eForms\/#\/embed\/52?allowanonymous=1\"><\/iframe>\n    <\/div>\n    <\/section>\n\n\n\n<p><\/p>\n","protected":false},"excerpt":{"rendered":"","protected":false},"author":5,"featured_media":0,"parent":0,"menu_order":0,"comment_status":"closed","ping_status":"closed","template":"","meta":{"_acf_changed":false,"inline_featured_image":false,"footnotes":""},"class_list":["post-9915","page","type-page","status-publish","hentry"],"acf":[],"yoast_head":"<!-- This site is optimized with the Yoast SEO plugin v27.4 - https:\/\/yoast.com\/product\/yoast-seo-wordpress\/ -->\n<title>Les avantages de devenir partenaire Therefore\u2122<\/title>\n<meta name=\"description\" content=\"Collaborez avec Therefore\u2122 pour proposer des solutions efficaces qui apportent de la valeur ajout\u00e9e \u00e0 vos clients. Rejoignez d\u00e8s aujourd&#039;hui le programme de partenariat Therefore\u2122 !\" \/>\n<meta name=\"robots\" content=\"index, follow, max-snippet:-1, max-image-preview:large, max-video-preview:-1\" \/>\n<link rel=\"canonical\" href=\"https:\/\/therefore.net\/fr\/summit-2025\/\" \/>\n<script type=\"application\/ld+json\" class=\"yoast-schema-graph\">{\"@context\":\"https:\\\/\\\/schema.org\",\"@graph\":[{\"@type\":\"WebPage\",\"@id\":\"https:\\\/\\\/therefore.net\\\/fr\\\/summit-2025\\\/\",\"url\":\"https:\\\/\\\/therefore.net\\\/fr\\\/summit-2025\\\/\",\"name\":\"Les avantages de devenir partenaire Therefore\u2122\",\"isPartOf\":{\"@id\":\"https:\\\/\\\/therefore.net\\\/fr\\\/#website\"},\"datePublished\":\"2025-09-23T12:08:43+00:00\",\"dateModified\":\"2025-09-25T17:14:22+00:00\",\"description\":\"Collaborez avec Therefore\u2122 pour proposer des solutions efficaces qui apportent de la valeur ajout\u00e9e \u00e0 vos clients. Rejoignez d\u00e8s aujourd'hui le programme de partenariat Therefore\u2122 !\",\"breadcrumb\":{\"@id\":\"https:\\\/\\\/therefore.net\\\/fr\\\/summit-2025\\\/#breadcrumb\"},\"inLanguage\":\"fr-FR\",\"potentialAction\":[{\"@type\":\"ReadAction\",\"target\":[\"https:\\\/\\\/therefore.net\\\/fr\\\/summit-2025\\\/\"]}]},{\"@type\":\"BreadcrumbList\",\"@id\":\"https:\\\/\\\/therefore.net\\\/fr\\\/summit-2025\\\/#breadcrumb\",\"itemListElement\":[{\"@type\":\"ListItem\",\"position\":1,\"name\":\"Home\",\"item\":\"https:\\\/\\\/therefore.net\\\/fr\\\/\"},{\"@type\":\"ListItem\",\"position\":2,\"name\":\"Summit 2025\"}]},{\"@type\":\"WebSite\",\"@id\":\"https:\\\/\\\/therefore.net\\\/fr\\\/#website\",\"url\":\"https:\\\/\\\/therefore.net\\\/fr\\\/\",\"name\":\"Therefore\",\"description\":\"\",\"publisher\":{\"@id\":\"https:\\\/\\\/therefore.net\\\/fr\\\/#organization\"},\"potentialAction\":[{\"@type\":\"SearchAction\",\"target\":{\"@type\":\"EntryPoint\",\"urlTemplate\":\"https:\\\/\\\/therefore.net\\\/fr\\\/?s={search_term_string}\"},\"query-input\":{\"@type\":\"PropertyValueSpecification\",\"valueRequired\":true,\"valueName\":\"search_term_string\"}}],\"inLanguage\":\"fr-FR\"},{\"@type\":\"Organization\",\"@id\":\"https:\\\/\\\/therefore.net\\\/fr\\\/#organization\",\"name\":\"Therefore\",\"url\":\"https:\\\/\\\/therefore.net\\\/fr\\\/\",\"logo\":{\"@type\":\"ImageObject\",\"inLanguage\":\"fr-FR\",\"@id\":\"https:\\\/\\\/therefore.net\\\/fr\\\/#\\\/schema\\\/logo\\\/image\\\/\",\"url\":\"https:\\\/\\\/therefore.net\\\/wp\\\/..\\\/app\\\/uploads\\\/2022\\\/04\\\/logo.png\",\"contentUrl\":\"https:\\\/\\\/therefore.net\\\/wp\\\/..\\\/app\\\/uploads\\\/2022\\\/04\\\/logo.png\",\"width\":176,\"height\":48,\"caption\":\"Therefore\"},\"image\":{\"@id\":\"https:\\\/\\\/therefore.net\\\/fr\\\/#\\\/schema\\\/logo\\\/image\\\/\"},\"sameAs\":[\"https:\\\/\\\/www.linkedin.com\\\/company\\\/therefore-corporation\\\/\",\"https:\\\/\\\/www.youtube.com\\\/user\\\/ThereforeTV\"]}]}<\/script>\n<!-- \/ Yoast SEO plugin. -->","yoast_head_json":{"title":"Les avantages de devenir partenaire Therefore\u2122","description":"Collaborez avec Therefore\u2122 pour proposer des solutions efficaces qui apportent de la valeur ajout\u00e9e \u00e0 vos clients. Rejoignez d\u00e8s aujourd'hui le programme de partenariat Therefore\u2122 !","robots":{"index":"index","follow":"follow","max-snippet":"max-snippet:-1","max-image-preview":"max-image-preview:large","max-video-preview":"max-video-preview:-1"},"canonical":"https:\/\/therefore.net\/fr\/summit-2025\/","schema":{"@context":"https:\/\/schema.org","@graph":[{"@type":"WebPage","@id":"https:\/\/therefore.net\/fr\/summit-2025\/","url":"https:\/\/therefore.net\/fr\/summit-2025\/","name":"Les avantages de devenir partenaire Therefore\u2122","isPartOf":{"@id":"https:\/\/therefore.net\/fr\/#website"},"datePublished":"2025-09-23T12:08:43+00:00","dateModified":"2025-09-25T17:14:22+00:00","description":"Collaborez avec Therefore\u2122 pour proposer des solutions efficaces qui apportent de la valeur ajout\u00e9e \u00e0 vos clients. Rejoignez d\u00e8s aujourd'hui le programme de partenariat Therefore\u2122 !","breadcrumb":{"@id":"https:\/\/therefore.net\/fr\/summit-2025\/#breadcrumb"},"inLanguage":"fr-FR","potentialAction":[{"@type":"ReadAction","target":["https:\/\/therefore.net\/fr\/summit-2025\/"]}]},{"@type":"BreadcrumbList","@id":"https:\/\/therefore.net\/fr\/summit-2025\/#breadcrumb","itemListElement":[{"@type":"ListItem","position":1,"name":"Home","item":"https:\/\/therefore.net\/fr\/"},{"@type":"ListItem","position":2,"name":"Summit 2025"}]},{"@type":"WebSite","@id":"https:\/\/therefore.net\/fr\/#website","url":"https:\/\/therefore.net\/fr\/","name":"Therefore","description":"","publisher":{"@id":"https:\/\/therefore.net\/fr\/#organization"},"potentialAction":[{"@type":"SearchAction","target":{"@type":"EntryPoint","urlTemplate":"https:\/\/therefore.net\/fr\/?s={search_term_string}"},"query-input":{"@type":"PropertyValueSpecification","valueRequired":true,"valueName":"search_term_string"}}],"inLanguage":"fr-FR"},{"@type":"Organization","@id":"https:\/\/therefore.net\/fr\/#organization","name":"Therefore","url":"https:\/\/therefore.net\/fr\/","logo":{"@type":"ImageObject","inLanguage":"fr-FR","@id":"https:\/\/therefore.net\/fr\/#\/schema\/logo\/image\/","url":"https:\/\/therefore.net\/wp\/..\/app\/uploads\/2022\/04\/logo.png","contentUrl":"https:\/\/therefore.net\/wp\/..\/app\/uploads\/2022\/04\/logo.png","width":176,"height":48,"caption":"Therefore"},"image":{"@id":"https:\/\/therefore.net\/fr\/#\/schema\/logo\/image\/"},"sameAs":["https:\/\/www.linkedin.com\/company\/therefore-corporation\/","https:\/\/www.youtube.com\/user\/ThereforeTV"]}]}},"_links":{"self":[{"href":"https:\/\/therefore.net\/fr\/wp-json\/wp\/v2\/pages\/9915","targetHints":{"allow":["GET"]}}],"collection":[{"href":"https:\/\/therefore.net\/fr\/wp-json\/wp\/v2\/pages"}],"about":[{"href":"https:\/\/therefore.net\/fr\/wp-json\/wp\/v2\/types\/page"}],"author":[{"embeddable":true,"href":"https:\/\/therefore.net\/fr\/wp-json\/wp\/v2\/users\/5"}],"replies":[{"embeddable":true,"href":"https:\/\/therefore.net\/fr\/wp-json\/wp\/v2\/comments?post=9915"}],"version-history":[{"count":3,"href":"https:\/\/therefore.net\/fr\/wp-json\/wp\/v2\/pages\/9915\/revisions"}],"predecessor-version":[{"id":9924,"href":"https:\/\/therefore.net\/fr\/wp-json\/wp\/v2\/pages\/9915\/revisions\/9924"}],"wp:attachment":[{"href":"https:\/\/therefore.net\/fr\/wp-json\/wp\/v2\/media?parent=9915"}],"curies":[{"name":"wp","href":"https:\/\/api.w.org\/{rel}","templated":true}]}}